{"id":45759,"date":"2015-10-01T13:28:06","date_gmt":"2015-10-01T10:28:06","guid":{"rendered":"http:\/\/perfectvenue.es\/?post_type=product&#038;p=45759"},"modified":"2024-10-18T14:47:40","modified_gmt":"2024-10-18T11:47:40","slug":"marriage-proposal-at-rosaleda-of-retiro-video","status":"publish","type":"product","link":"https:\/\/perfectvenue.es\/es\/product\/marriage-proposal-at-rosaleda-of-retiro-video\/","title":{"rendered":"Pedida de mano en la Rosaleda del Retiro de Madrid. Video"},"content":{"rendered":"<p><\/p>\n<p style=\"text-align: justify\"><span style=\"font-weight: 400\">En la <\/span><b>pedida de mano en la Rosaleda<\/b><span style=\"font-weight: 400\">, <a href=\"http:\/\/perfectvenue.es\/product\/pedida-de-mano-en-la-rosaleda-del-retiro\/\">el paquete b\u00e1sico<\/a> no incluye video, por lo que si quieres a\u00f1adir un toque a\u00fan m\u00e1s especial, \u00a1puedes a\u00f1adir un v\u00eddeo para inmortalizar cada detalle!\u00a0<\/span><\/p>\n<p style=\"text-align: justify\"><span style=\"font-weight: 400\">Este servicio extra cubre la grabaci\u00f3n completa del gran momento en el que haces la gran pregunta, capturando las emociones y la sorpresa de tu pareja en vivo.<\/span><\/p>\n<p style=\"text-align: justify\"><span style=\"font-weight: 400\">Pero no se queda ah\u00ed. Despu\u00e9s de la pedida, disfrutar\u00e9is de una rom\u00e1ntica <\/span><b>sesi\u00f3n de video engagement<\/b><span style=\"font-weight: 400\">, donde se capturar\u00e1n im\u00e1genes llenas de complicidad y amor, justo despu\u00e9s de que ella (o \u00e9l) haya dicho \u00abs\u00ed\u00bb.\u00a0<\/span><\/p>\n<p style=\"text-align: justify\"><span style=\"font-weight: 400\">Finalmente, recibir\u00e1s un v\u00eddeo editado de 2 o 3 minutos que resume toda la experiencia, con una selecci\u00f3n de los mejores momentos del d\u00eda, y lo mejor de todo: \u00a1con la canci\u00f3n que t\u00fa y tu pareja elij\u00e1is! Ser\u00e1 el recuerdo perfecto, un peque\u00f1o filme que podr\u00e9is ver una y otra vez para revivir esa ocasi\u00f3n tan m\u00e1gica y especial.<\/span><\/p>\n<p style=\"text-align: justify\"><span style=\"font-weight: 400\">Este extra no solo te permite capturar el instante, sino tambi\u00e9n revivir la emoci\u00f3n de ese d\u00eda para siempre. \u00a1Haz de tu pedida un evento inolvidable y personalizado en cada detalle!<\/span><\/p>\n<h3 style=\"text-align: justify\"><span style=\"font-weight: 400\">Lo que incluye tu v\u00eddeo en la pedida de mano en la Rosaleda:<\/span><\/h3>\n<ul style=\"text-align: justify\">\n<li style=\"font-weight: 400\"><span style=\"font-weight: 400\">Grabaci\u00f3n de la pedida de mano<\/span><\/li>\n<li style=\"font-weight: 400\"><span style=\"font-weight: 400\">Sesi\u00f3n engagement posterior<\/span><\/li>\n<li style=\"font-weight: 400\"><span style=\"font-weight: 400\">V\u00eddeo final de 2 o 3 minutos con los mejores momentos, acompa\u00f1ado de la canci\u00f3n que elija la pareja.<\/span><\/li>\n<\/ul>\n<p>&nbsp;<\/p>\n<p style=\"text-align: justify\"><b>Precio: 250\u20ac<\/b><\/p>\n<h3 style=\"text-align: justify\"><span style=\"font-weight: 400\">Facilidad de pago<\/span><\/h3>\n<p style=\"text-align: justify\">\u00a1S\u00ed! Con un solo clic, puedes realizar la reserva de tu pedida de mano y dejar todo listo al instante. La comodidad es clave, por lo que el pago se procesa de inmediato, permiti\u00e9ndote disfrutar de la emoci\u00f3n del momento sin complicaciones. As\u00ed, puedes centrarte en lo m\u00e1s importante: crear recuerdos inolvidables con tu pareja.<\/p>\n<p style=\"text-align: justify\"><span style=\"font-weight: 400\">*Las tarifas no son reembolsables si el evento se cancela por cualquier motivo.<\/span><\/p>\n<p><\/p>","protected":false},"excerpt":{"rendered":"<p><span style=\"font-weight: 400\">A\u00f1ade un toque especial a tu pedida de mano en la Rosaleda con la grabaci\u00f3n del evento, una sesi\u00f3n engagement y un emotivo v\u00eddeo final con la canci\u00f3n que elijas. <strong>Precio: 250\u20ac. Es necesario formalizar la reserva con un adelanto.<\/strong><\/span><\/p>\n","protected":false},"featured_media":43325,"comment_status":"closed","ping_status":"closed","template":"","meta":[],"class_list":["post-45759","product","type-product","status-publish","has-post-thumbnail","hentry","product_cat-marriage-proposal-packages"],"_links":{"self":[{"href":"https:\/\/perfectvenue.es\/es\/wp-json\/wp\/v2\/product\/45759","targetHints":{"allow":["GET"]}}],"collection":[{"href":"https:\/\/perfectvenue.es\/es\/wp-json\/wp\/v2\/product"}],"about":[{"href":"https:\/\/perfectvenue.es\/es\/wp-json\/wp\/v2\/types\/product"}],"replies":[{"embeddable":true,"href":"https:\/\/perfectvenue.es\/es\/wp-json\/wp\/v2\/comments?post=45759"}],"wp:featuredmedia":[{"embeddable":true,"href":"https:\/\/perfectvenue.es\/es\/wp-json\/wp\/v2\/media\/43325"}],"wp:attachment":[{"href":"https:\/\/perfectvenue.es\/es\/wp-json\/wp\/v2\/media?parent=45759"}],"curies":[{"name":"wp","href":"https:\/\/api.w.org\/{rel}","templated":true}]}}