{"id":45629,"date":"2023-11-21T18:41:50","date_gmt":"2023-11-21T15:41:50","guid":{"rendered":"http:\/\/perfectvenue.es\/?post_type=product&#038;p=45629"},"modified":"2025-03-11T21:32:09","modified_gmt":"2025-03-11T18:32:09","slug":"xxl-marry-me-letters-ibiza","status":"publish","type":"product","link":"https:\/\/perfectvenue.es\/es\/product\/xxl-marry-me-letters-ibiza\/","title":{"rendered":"Alquiler de letras \u00abMarry Me\u00bb XXL en Ibiza para una pedida de mano"},"content":{"rendered":"<p><\/p>\n<p style=\"text-align: justify\"><span style=\"font-weight: 400\">Si est\u00e1s pensando en pedir matrimonio y quieres hacerlo de una manera realmente original y grandiosa, \u00a1alquila las letras \u00abMarry Me\u00bb XXL en Ibiza! Son perfectas para crear una propuesta \u00fanica, exclusiva y a lo grande.<\/span><\/p>\n<p style=\"text-align: justify\"><span style=\"font-weight: 400\">Imag\u00ednate una pedida de mano rodeada de estas letras XXL: \u00a1ser\u00e1 un espect\u00e1culo rom\u00e1ntico incre\u00edble! Nosotros nos encargamos de todo: desde la decoraci\u00f3n floral hasta la fotograf\u00eda y la m\u00fasica de viol\u00edn.<\/span><\/p>\n<p style=\"text-align: justify\"><span style=\"font-weight: 400\">En este art\u00edculo te contamos todo lo que necesitas saber sobre las letras \u00abMarry Me\u00bb XXL: los mejores sitios en Ibiza para ponerlas, lo que incluye el alquiler, y todo lo que necesitas para hacer de tu propuesta algo inolvidable.<\/span><\/p>\n<p style=\"text-align: justify\"><span style=\"font-weight: 400\">\u00a1Prep\u00e1rate para una pedida de mano que dejar\u00e1 a tu pareja y a todos los presentes sin palabras!<\/span><\/p>\n<h2 style=\"text-align: justify\"><span style=\"font-weight: 400\">\u00bfDe qu\u00e9 trata el alquiler de letras Marry Me XXL en Ibiza?<\/span><\/h2>\n<p style=\"text-align: justify\"><span style=\"font-weight: 400\">Pues, \u00a1es mucho m\u00e1s que una simple decoraci\u00f3n! Estas letras gigantes son el toque perfecto para una pedida de mano sofisticada y memorable. Con su tama\u00f1o imponente y su iluminaci\u00f3n brillante, llaman la atenci\u00f3n y crean una atm\u00f3sfera s\u00faper rom\u00e1ntica y m\u00e1gica.<\/span><\/p>\n<p style=\"text-align: justify\"><span style=\"font-weight: 400\">Imagina el lugar ambientado con las letras \u00abMarry Me\u00bb XXL como el centro de todo, brillando y creando un ambiente de cuento de hadas. \u00a1Es dif\u00edcil que tu pareja no se sienta emocionada y no diga que s\u00ed a la gran pregunta!<\/span><\/p>\n<p style=\"text-align: justify\"><span style=\"font-weight: 400\">Esta propuesta de matrimonio se convertir\u00e1 en un recuerdo inolvidable para ambos. Si quieres sorprender y conquistar a tu pareja de una manera \u00fanica, el alquiler de estas letras gigantes es la opci\u00f3n perfecta.<\/span><\/p>\n<h2 style=\"text-align: justify\"><span style=\"font-weight: 400\">\u00bfD\u00f3nde se puede hacer una pedida de mano con las letras \u201cMarry Me\u201d XXL?<\/span><\/h2>\n<p style=\"text-align: justify\"><span style=\"font-weight: 400\">\u00bfTe preguntas d\u00f3nde puedes hacer una pedida de mano con las letras \u201cMarry Me\u201d XXL? \u00a1La respuesta es f\u00e1cil: \u00a1en el lugar que m\u00e1s te guste!<\/span><\/p>\n<p style=\"text-align: justify\"><span style=\"font-weight: 400\">Puede ser en una playa rom\u00e1ntica al atardecer, en un mirador con vistas impresionantes al mar, o en un rinc\u00f3n hist\u00f3rico con mucho encanto. Las opciones son infinitas. Solo necesitas un espacio lo suficientemente grande para que las letras luzcan en todo su esplendor y creen un ambiente m\u00e1gico. \u00a1Deja volar tu imaginaci\u00f3n!<\/span><\/p>\n<h2 style=\"text-align: justify\"><span style=\"font-weight: 400\">Transporte incluido con tus letras \u00abMarry Me\u00bb XXL en Ibiza<\/span><\/h2>\n<p style=\"text-align: justify\"><span style=\"font-weight: 400\">\u00a1Que no cunda el p\u00e1nico! \u00a1El transporte est\u00e1 incluido con tus letras \u00abMarry Me\u00bb XXL en Ibiza!<\/span><\/p>\n<p style=\"text-align: justify\"><span style=\"font-weight: 400\">No te preocupes por nada, \u00a1nosotros nos encargamos de todo! Contamos con un servicio especializado que llevar\u00e1 las letras \u00abMarry Me\u00bb XXL al lugar que elijas, asegur\u00e1ndose de que lleguen a tiempo y en perfectas condiciones para hacer tu momento inolvidable.<\/span><\/p>\n<p style=\"text-align: justify\"><span style=\"font-weight: 400\">El alquiler incluye el transporte de ida y vuelta, porque, claro, \u00a1estas letras no caben en un coche normal! Necesitamos una furgoneta grande para que lleguen sin problemas y en perfecto estado.<\/span><\/p>\n<h2 style=\"text-align: justify\"><span style=\"font-weight: 400\">Alquiler solo de las letras u organizaci\u00f3n de todo el evento<\/span><\/h2>\n<p style=\"text-align: justify\"><span style=\"font-weight: 400\">\u00bfTe interesa solo alquilar las letras \u00abMarry Me\u00bb XXL o prefieres que nos encarguemos de todo el evento? \u00a1T\u00fa decides!<\/span><\/p>\n<p style=\"text-align: justify\"><span style=\"font-weight: 400\">Si quieres hacerlo por tu cuenta, solo alquila las letras y enc\u00e1rgate del resto. Pero si prefieres relajarte y dejarlo todo en nuestras manos, \u00a1tambi\u00e9n podemos hacerlo!<\/span><\/p>\n<p style=\"text-align: justify\"><span style=\"font-weight: 400\">Nos encargamos de llevar las letras al lugar que elijas en Ibiza, y adem\u00e1s podemos a\u00f1adir la decoraci\u00f3n, la m\u00fasica y todo lo necesario para crear un ambiente rom\u00e1ntico y m\u00e1gico. \u00a1T\u00fa solo disfruta de tu pedida de mano en Ibiza!<\/span><\/p>\n<h2 style=\"text-align: justify\"><span style=\"font-weight: 400\">S\u00ed, puedes a\u00f1adir todos los extras que quieras<\/span><\/h2>\n<p style=\"text-align: justify\"><span style=\"font-weight: 400\">Adem\u00e1s de nuestras letras \u00abMarry Me\u00bb XXL en Ibiza, \u00bfquieres hacer de tu pedida de mano algo a\u00fan m\u00e1s espectacular? \u00a1A\u00f1ade los extras que prefieras!<\/span><\/p>\n<p style=\"text-align: justify\"><b>M\u00fasica en directo:<\/b><span style=\"font-weight: 400\"> Puedes elegir el instrumento que m\u00e1s os guste: un viol\u00edn, guitarra, saxof\u00f3n, \u00a1o incluso un mariachi para darle ritmo a la velada! Seguro que ten\u00e9is una canci\u00f3n especial\u2026 \u00a1Nosotros nos encargamos de hacerla realidad con m\u00fasica en directo! Tenemos varias opciones para que encuentres la que mejor se adapte a vuestro estilo y al momento \u00fanico que est\u00e1is creando.<\/span><\/p>\n<p style=\"text-align: justify\"><b>Fot\u00f3grafo y vide\u00f3grafo:<\/b><span style=\"font-weight: 400\"> Este es un momento para recordar siempre, y por eso te recomendamos contar con un fot\u00f3grafo y vide\u00f3grafo profesional. As\u00ed podr\u00e1s capturar cada detalle y revivirlo una y otra vez. Nos aseguramos de que un fot\u00f3grafo inmortalice cada instante y un vide\u00f3grafo grabe cada escena para crear un v\u00eddeo \u00fanico que os permitir\u00e1 revivir esa gran ocasi\u00f3n.<\/span><\/p>\n<p style=\"text-align: justify\"><b>Decoraci\u00f3n del espacio:<\/b><span style=\"font-weight: 400\"> La decoraci\u00f3n es clave para crear un ambiente m\u00e1gico. Globos, p\u00e9talos, velas y otros detalles decorativos transformar\u00e1n el lugar en un verdadero para\u00edso rom\u00e1ntico. \u00a1Imagina la emoci\u00f3n de tu pareja al ver todo lleno de detalles rom\u00e1nticos que har\u00e1n el momento a\u00fan m\u00e1s especial!<\/span><\/p>\n<h2 style=\"text-align: justify\"><span style=\"font-weight: 400\">\u00bfQuieres alquilar solo las letras \u00abMarry Me\u00bb XXL en Ibiza?<\/span><\/h2>\n<p style=\"text-align: justify\"><span style=\"font-weight: 400\">\u00bfQuieres alquilar solo las letras \u00abMarry Me\u00bb XXL en Ibiza? \u00a1Es muy f\u00e1cil! Primero, pagas el alquiler de las letras y el d\u00eda de la entrega, pedimos un dep\u00f3sito de seguridad. Cuando las letras est\u00e9n en su lugar y todo est\u00e9 perfecto, te devolvemos el dep\u00f3sito, garantizando que las letras est\u00e1n en las mismas condiciones en las que las recibiste.<\/span><\/p>\n<p style=\"text-align: justify\"><span style=\"font-weight: 400\">Si prefieres que nos encarguemos de todo, \u00a1tambi\u00e9n podemos hacerlo! As\u00ed solo tendr\u00e1s que disfrutar de tu pedida de mano sin preocuparte por nada m\u00e1s.<\/span><\/p>\n<p style=\"text-align: justify\"><span style=\"font-weight: 400\">Elige la opci\u00f3n que m\u00e1s te convenga y prep\u00e1rate para una pedida de mano inolvidable con nuestras letras \u00abMarry Me\u00bb XXL.<\/span><\/p>\n<p style=\"text-align: justify\"><span style=\"font-weight: 400\">Ya sabes que podemos preparar todo a vuestra medida, solo ten\u00e9is que pedirnos todo aquello que sea imprescindible para vuestro momento especial, \u00a1y vuestros deseos se har\u00e1n \u00f3rdenes!<\/span><\/p>\n<p style=\"text-align: justify\"><span style=\"font-weight: 400\">Nos gusta que todo salga perfecto, por eso <\/span><b>formamos parte de vuestra pedida de mano organizando todo con antelaci\u00f3n y coordinando todo durante ese d\u00eda.<\/b><span style=\"font-weight: 400\"> Ofrecemos el mejor servicio de organizaci\u00f3n de pedida de mano.<\/span><\/p>\n<p style=\"text-align: justify\"><b>\u00bfA qu\u00e9 esperas para contactar nos idea que tienes en mente para tu pedida de mano con letras \u201cMarry Me\u201d XXL en Ibiza?<\/b><\/p>\n<h3 style=\"text-align: justify\"><span style=\"font-weight: 400\">A lo mejor, te puede interesar tambi\u00e9n:<\/span><\/h3>\n<p style=\"text-align: justify\"><a href=\"http:\/\/perfectvenue.es\/2023\/05\/22\/pedida-mano-ibiza-lo-debes-saber-arrodillarte-la-isla-blanca\/\"><span style=\"font-weight: 400\">Pedida de mano en Ibiza <\/span><\/a><\/p>\n<p><\/p>","protected":false},"excerpt":{"rendered":"<p style=\"text-align: justify\"><span style=\"font-weight: 400\">En este art\u00edculo te contamos todo sobre las letras \u00abMarry Me\u00bb XXL en Ibiza para una pedida de mano: desde qu\u00e9 son y c\u00f3mo pueden transformar tu propuesta, hasta los mejores lugares de la isla para hacerla. Adem\u00e1s, te explicamos lo que incluye el alquiler de estas impresionantes letras.\u00a0 <\/span><b>Precio: 550\u20ac. Se solicitar\u00e1 un dep\u00f3sito el d\u00eda del evento que se devuelve tras la devoluci\u00f3n de las letras.<\/b><\/p>\n","protected":false},"featured_media":46270,"comment_status":"closed","ping_status":"closed","template":"","meta":[],"class_list":["post-45629","product","type-product","status-publish","has-post-thumbnail","hentry","product_cat-marriage-proposal-packages","product_cat-perfect-plan","product_tag-ibiza-wedding-proposal","product_tag-marry-me","product_tag-proposal-ibiza","product_tag-8012","product_tag-7989"],"_links":{"self":[{"href":"https:\/\/perfectvenue.es\/es\/wp-json\/wp\/v2\/product\/45629","targetHints":{"allow":["GET"]}}],"collection":[{"href":"https:\/\/perfectvenue.es\/es\/wp-json\/wp\/v2\/product"}],"about":[{"href":"https:\/\/perfectvenue.es\/es\/wp-json\/wp\/v2\/types\/product"}],"replies":[{"embeddable":true,"href":"https:\/\/perfectvenue.es\/es\/wp-json\/wp\/v2\/comments?post=45629"}],"wp:featuredmedia":[{"embeddable":true,"href":"https:\/\/perfectvenue.es\/es\/wp-json\/wp\/v2\/media\/46270"}],"wp:attachment":[{"href":"https:\/\/perfectvenue.es\/es\/wp-json\/wp\/v2\/media?parent=45629"}],"curies":[{"name":"wp","href":"https:\/\/api.w.org\/{rel}","templated":true}]}}