{"id":45621,"date":"2024-05-23T17:09:32","date_gmt":"2024-05-23T14:09:32","guid":{"rendered":"http:\/\/perfectvenue.es\/?post_type=product&#038;p=45621"},"modified":"2025-07-25T11:39:25","modified_gmt":"2025-07-25T08:39:25","slug":"xxl-marry-me-letters-mallorca","status":"publish","type":"product","link":"https:\/\/perfectvenue.es\/es\/product\/xxl-marry-me-letters-mallorca\/","title":{"rendered":"Alquiler de letras \u00abMarry Me\u00bb XXL en Mallorca para una pedida de mano"},"content":{"rendered":"<p><\/p>\n<p style=\"text-align: justify;\"><span style=\"font-weight: 400;\">Entre las opciones para pedir matrimonio, hay una que resalta por su originalidad y grandiosidad: el alquiler de letras \u00abMarry Me\u00bb XXL en Mallorca. Son ideales para crear propuestas de matrimonio \u00fanicas, exclusivas y a lo grande.<\/span><\/p>\n<p style=\"text-align: justify;\"><span style=\"font-weight: 400;\">Y si no, solo tienes que ver esta pedida de mano rodeada de letras XXL. \u00a1Un verdadero espect\u00e1culo rom\u00e1ntico! Nosotros nos ocupamos de toda la decoraci\u00f3n floral, la fotograf\u00eda e incluso la m\u00fasica de viol\u00edn.<\/span><\/p>\n<p style=\"text-align: justify;\"><span style=\"font-weight: 400;\">En este art\u00edculo te contamos todo sobre las letras \u00abMarry Me\u00bb XXL en Mallorca: los mejores lugares para colocarlas, lo que incluye su alquiler, y todos los detalles que necesitas conocer para realizar una propuesta inolvidable, arrodillado frente a las impresionantes letras \u00abMarry Me\u00bb XXL.<\/span><\/p>\n<p style=\"text-align: justify;\"><span style=\"font-weight: 400;\">\u00a1Prep\u00e1rate para una pedida de mano que dejar\u00e1 sin palabras a tu pareja y a todos los presentes!<\/span><\/p>\n<h2 style=\"text-align: justify;\"><span style=\"font-weight: 400;\">\u00bfDe qu\u00e9 trata el alquiler de letras \u201cMarry Me\u201d XXL en Mallorca?<\/span><\/h2>\n<p style=\"text-align: justify;\"><span style=\"font-weight: 400;\">Las letras \u201cMarry Me\u201d XXL en Mallorca son mucho m\u00e1s que un simple elemento decorativo; representan el emblema de una pedida de mano sofisticada y excepcional. Con su gran tama\u00f1o y su iluminaci\u00f3n, estas letras capturan todas las miradas y crean una atm\u00f3sfera profundamente rom\u00e1ntica y m\u00e1gica.<\/span><\/p>\n<p style=\"text-align: justify;\"><span style=\"font-weight: 400;\">En un escenario cuidadosamente ambientado, con las letras \u00abMarry Me\u00bb XXL como el centro de atenci\u00f3n y su c\u00e1lido brillo llenando el lugar, es dif\u00edcil que la novia se resista a la pregunta m\u00e1s importante de su vida.\u00a0<\/span><\/p>\n<p style=\"text-align: justify;\"><span style=\"font-weight: 400;\">Esta propuesta de matrimonio, sin duda, quedar\u00e1 grabada en la memoria de ambos para siempre. Su magnitud y luminosidad aportan una atm\u00f3sfera de cuento de hadas que hace que el momento sea a\u00fan m\u00e1s emotivo y especial.<\/span><\/p>\n<p style=\"text-align: justify;\"><span style=\"font-weight: 400;\">Si quieres sorprender y conquistar a tu pareja en el d\u00eda de la pedida de mano, el alquiler de las lletras \u201cMarry Me\u201d XXL en Mallorca es la opci\u00f3n ideal.<\/span><\/p>\n<h2 style=\"text-align: justify;\"><span style=\"font-weight: 400;\">\u00bfD\u00f3nde se puede hacer una pedida de mano con las letras \u201cMarry Me\u201d XXL?<\/span><\/h2>\n<p style=\"text-align: justify;\"><span style=\"font-weight: 400;\">\u00bfTe preguntas d\u00f3nde puedes hacer una pedida de mano con las letras \u201cMarry Me\u201d XXL en Mallorca? \u00a1La respuesta es sencilla: en el lugar que m\u00e1s te inspire!<\/span><\/p>\n<p style=\"text-align: justify;\"><span style=\"font-weight: 400;\">Puede ser en una rom\u00e1ntica playa al atardecer, en un espectacular mirador con vistas al mar, o en un lugar hist\u00f3rico lleno de encanto. Las posibilidades son ilimitadas. Lo \u00fanico que necesitas es un espacio lo suficientemente amplio para acomodar estas imponentes letras, ya que requieren de un lugar destacado para lucir en todo su esplendor y crear una atm\u00f3sfera m\u00e1gica.<\/span><\/p>\n<h2 style=\"text-align: justify;\"><span style=\"font-weight: 400;\">Transporte incluido con tus letras \u201cMarry Me\u201d XXL en Mallorca<\/span><\/h2>\n<p style=\"text-align: justify;\"><span style=\"font-weight: 400;\">\u00a1Tranquilo! No te preocupes por el transporte, \u00a1nos encargamos de todo! Tenemos un servicio especializado que llevar\u00e1 las letras \u00abMarry Me\u00bb XXL al lugar que elijas, asegur\u00e1ndose de que lleguen a tiempo y en perfectas condiciones para hacer tu momento \u00fanico e inolvidable.<\/span><\/p>\n<p style=\"text-align: justify;\"><span style=\"font-weight: 400;\">El alquiler incluye el transporte tanto de ida como de vuelta, ya que, obviamente, \u00a1estas letras no caben en un coche normal! Para moverlas, se necesita una furgoneta grande que garantice que llegan sin contratiempos y en perfecto estado.<\/span><\/p>\n<h2 style=\"text-align: justify;\"><span style=\"font-weight: 400;\">Alquiler solo de las letras u organizaci\u00f3n de todo el evento<\/span><\/h2>\n<p style=\"text-align: justify;\"><span style=\"font-weight: 400;\">\u00bfTe interesa solo alquilar las letras \u201cMarry Me\u201d XXL en Mallorca o prefieres que nos ocupemos de todo el evento? \u00a1T\u00fa decides!<\/span><\/p>\n<p style=\"text-align: justify;\"><span style=\"font-weight: 400;\">Si quieres organizarlo por tu cuenta, puedes alquilar solo las letras y encargarte del resto. Pero si prefieres relajarte y dejar todo en nuestras manos, \u00a1tambi\u00e9n podemos hacerlo!<\/span><\/p>\n<p style=\"text-align: justify;\"><span style=\"font-weight: 400;\">Nos encargamos de llevar las letras al lugar que elijas, y adem\u00e1s podemos a\u00f1adir la decoraci\u00f3n, la m\u00fasica y todo lo que haga falta para crear un ambiente rom\u00e1ntico y m\u00e1gico. \u00a1T\u00fa solo disfruta del momento!<\/span><\/p>\n<h2 style=\"text-align: justify;\"><span style=\"font-weight: 400;\">S\u00ed, puedes a\u00f1adir todos los extras que quieras<\/span><\/h2>\n<p style=\"text-align: justify;\"><span style=\"font-weight: 400;\">Adem\u00e1s de nuestras letras \u201cMarry Me\u201d XXL en Mallorca, \u00bfquieres hacer de tu pedida de mano algo a\u00fan m\u00e1s espectacular? \u00a1A\u00f1ade los extras que prefieras!<\/span><\/p>\n<p style=\"text-align: justify;\"><b>M\u00fasica en directo:<\/b><span style=\"font-weight: 400;\"> Puedes elegir el instrumento que m\u00e1s os guste, ya sea un viol\u00edn, guitarra, saxof\u00f3n o incluso un mariachi para animar la velada. Seguro que ten\u00e9is una canci\u00f3n especial&#8230; \u00a1Nosotros nos encargamos de hacerla realidad con m\u00fasica en directo! Tenemos varias opciones para que elijas la que mejor encaje con vuestro estilo y momento especial.<\/span><\/p>\n<p style=\"text-align: justify;\"><b>Fot\u00f3grafo y vide\u00f3grafo:<\/b><span style=\"font-weight: 400;\"> Este es un momento para recordar siempre, y por eso te recomendamos contar con un fot\u00f3grafo y vide\u00f3grafo profesional. As\u00ed podr\u00e1s capturar cada detalle y revivirlo una y otra vez. Nos aseguramos de que un fot\u00f3grafo inmortalice cada instante y un vide\u00f3grafo grabe cada escena para crear un v\u00eddeo \u00fanico que os permitir\u00e1 revivir esa gran ocasi\u00f3n.<\/span><\/p>\n<p style=\"text-align: justify;\"><b>Decoraci\u00f3n del espacio:<\/b><span style=\"font-weight: 400;\"> La decoraci\u00f3n es clave para crear un ambiente m\u00e1gico. Globos, p\u00e9talos, velas y otros detalles decorativos transformar\u00e1n el lugar en un verdadero para\u00edso rom\u00e1ntico. \u00a1Imagina la emoci\u00f3n de tu pareja al ver todo lleno de detalles rom\u00e1nticos que har\u00e1n el momento a\u00fan m\u00e1s especial!<\/span><\/p>\n<h2 style=\"text-align: justify;\"><span style=\"font-weight: 400;\">\u00bfQuieres alquilar solo las letras \u00abMarry Me\u00bb XXL en Mallorca?<\/span><\/h2>\n<p style=\"text-align: justify;\"><span style=\"font-weight: 400;\">\u00bfQuieres alquilar solo las letras \u00abMarry Me\u00bb XXL en Mallorca? \u00a1Te lo ponemos muy f\u00e1cil! El proceso es sencillo: primero, pagas el importe de las letras y el d\u00eda de la entrega, solicitamos un dep\u00f3sito de seguridad. Una vez que las letras est\u00e1n en su lugar y todo est\u00e9 en orden, te devolvemos el dep\u00f3sito como garant\u00eda de que las letras est\u00e1n en las mismas condiciones en las que las recibiste.<\/span><\/p>\n<p style=\"text-align: justify;\"><span style=\"font-weight: 400;\">Si prefieres dejar todo en nuestras manos, \u00a1tambi\u00e9n podemos encargarnos del proceso completo! As\u00ed podr\u00e1s disfrutar de una pedida de mano sin preocuparte por nada m\u00e1s.<\/span><\/p>\n<p style=\"text-align: justify;\"><span style=\"font-weight: 400;\">Elige la opci\u00f3n que mejor se ajuste a lo que necesitas y prep\u00e1rate para una pedida de mano inolvidable con nuestras letras \u00abMarry Me\u00bb XXL en Mallorca.<\/span><\/p>\n<p style=\"text-align: justify;\"><span style=\"font-weight: 400;\">Ya sabes que podemos preparar todo a vuestra medida, solo ten\u00e9is que pedirnos todo aquello que sea imprescindible para vuestro momento especial, \u00a1y vuestros deseos se har\u00e1n \u00f3rdenes!<\/span><\/p>\n<p style=\"text-align: justify;\"><span style=\"font-weight: 400;\">Nos gusta que todo salga perfecto, por eso <\/span><b>formamos parte de vuestra pedida de mano organizando todo con antelaci\u00f3n y coordinando todo durante ese d\u00eda.<\/b><span style=\"font-weight: 400;\"> Ofrecemos el mejor servicio de organizaci\u00f3n de pedida de mano.<\/span><\/p>\n<p style=\"text-align: justify;\"><b>\u00bfA qu\u00e9 esperas para contactar nos idea que tienes en mente para tu pedida de mano con letras \u201cMarry Me\u201d XXL en Mallorca?<\/b><\/p>\n<h3 style=\"text-align: justify;\"><span style=\"font-weight: 400;\">A lo mejor, te puede interesar tambi\u00e9n:<\/span><\/h3>\n<p style=\"text-align: justify;\"><a href=\"https:\/\/perfectvenue.es\/en\/2024\/09\/24\/pedida-de-mano-en-son-marroig-2\/\"><span style=\"font-weight: 400;\">Pedida de mano en Mallorca <b>con letras \u201cMarry Me\u201d XXL<\/b><\/span><\/a><\/p>\n<p><\/p>","protected":false},"excerpt":{"rendered":"<p style=\"text-align: justify;\"><span style=\"font-weight: 400;\">En este art\u00edculo te contamos de qu\u00e9 tratan las letras \u201cMarry Me\u201d XXL en Mallorca para una pedida de mano, los mejores rincones de la isla para realizar la pedida con estas letras, lo que incluye el alquiler de estas, y todo lo que debes saber si quieres hincar rodilla con estas bonitas letras. <\/span><b>Precio: desde 690\u20ac. Dep\u00f3sito 250\u20ac. Se solicitar\u00e1 un dep\u00f3sito el d\u00eda del evento que se devuelve tras la devoluci\u00f3n de las letras.<\/b><\/p>\n<h2><\/h2>\n","protected":false},"featured_media":46114,"comment_status":"closed","ping_status":"closed","template":"","meta":[],"class_list":["post-45621","product","type-product","status-publish","has-post-thumbnail","hentry","product_cat-marriage-proposal-packages","product_cat-perfect-plan","product_tag-mallorca-proposal","product_tag-pedida-de-mano-mallorca","product_tag-proposal-majorca"],"_links":{"self":[{"href":"https:\/\/perfectvenue.es\/es\/wp-json\/wp\/v2\/product\/45621","targetHints":{"allow":["GET"]}}],"collection":[{"href":"https:\/\/perfectvenue.es\/es\/wp-json\/wp\/v2\/product"}],"about":[{"href":"https:\/\/perfectvenue.es\/es\/wp-json\/wp\/v2\/types\/product"}],"replies":[{"embeddable":true,"href":"https:\/\/perfectvenue.es\/es\/wp-json\/wp\/v2\/comments?post=45621"}],"wp:featuredmedia":[{"embeddable":true,"href":"https:\/\/perfectvenue.es\/es\/wp-json\/wp\/v2\/media\/46114"}],"wp:attachment":[{"href":"https:\/\/perfectvenue.es\/es\/wp-json\/wp\/v2\/media?parent=45621"}],"curies":[{"name":"wp","href":"https:\/\/api.w.org\/{rel}","templated":true}]}}