{"id":45571,"date":"2026-03-04T10:17:43","date_gmt":"2026-03-04T07:17:43","guid":{"rendered":"https:\/\/perfectvenue.es\/?post_type=product&#038;p=45571"},"modified":"2026-03-04T13:02:01","modified_gmt":"2026-03-04T10:02:01","slug":"marriage-proposal-in-tenerife-adeje","status":"publish","type":"product","link":"https:\/\/perfectvenue.es\/es\/product\/marriage-proposal-in-tenerife-adeje\/","title":{"rendered":"Pedida de mano en Tenerife con un picnic en Adeje"},"content":{"rendered":"<p><\/p>\n<p style=\"text-align: justify;\"><span style=\"font-weight: 400;\">Adeje, en Tenerife, destaca por sus impresionantes paisajes de acantilados y playas de arena dorada, creando un entorno ideal para disfrutar del sol y la naturaleza. Su clima c\u00e1lido durante todo el a\u00f1o y su ambiente relajado lo convierten en el lugar perfecto para tu pedida de mano en Tenerife con una panor\u00e1mica de cuento..\u00a0<\/span><\/p>\n<p style=\"text-align: justify;\"><span style=\"font-weight: 400;\">El picnic ser\u00e1 todo un fest\u00edn, con una variedad de delicias locales, como quesos artesanales, tapas frescas, y frutas jugosas, adem\u00e1s de una refrescante botella de cava para brindar por vuestro futuro juntos. Mientras disfrut\u00e1is de la comida, el suave murmullo del mar y el aroma de la vegetaci\u00f3n local os envolver\u00e1n, creando un ambiente rom\u00e1ntico y relajado para que hagas la gran pregunta.<\/span><\/p>\n<p style=\"text-align: justify;\"><span style=\"font-weight: 400;\">Para que este momento quede grabado para siempre, un fot\u00f3grafo profesional estar\u00e1 all\u00ed para capturar la esencia de la pedida de mano. Desde el instante previo a la pregunta hasta las sonrisas y abrazos de celebraci\u00f3n, cada fotograf\u00eda contar\u00e1 la historia de este d\u00eda tan importante para ambos.<\/span><\/p>\n<p style=\"text-align: justify;\"><span style=\"font-weight: 400;\">Olvida las preocupaciones, ya que nosotros nos encargaremos de la log\u00edstica y la planificaci\u00f3n de cada detalle. Desde la elecci\u00f3n del lugar m\u00e1s id\u00f3neo en Adeje hasta la presentaci\u00f3n del picnic, todo estar\u00e1 listo para que solo os dediqu\u00e9is a disfrutar del momento sin distracciones.<\/span><\/p>\n<p style=\"text-align: justify;\"><span style=\"font-weight: 400;\">Esta pedida de mano en Tenerife no solo simbolizar\u00e1 el inicio de una nueva aventura juntos, sino que tambi\u00e9n ser\u00e1 una oportunidad para explorar y disfrutar de la belleza de Adeje. Sin duda, un d\u00eda lleno de amor, risas y recuerdos que llevar\u00e9is en el coraz\u00f3n para siempre.<\/span><\/p>\n<h3 style=\"text-align: justify;\"><span style=\"font-weight: 400;\">Lo que incluye tu pedida de mano en Tenerife en Adeje:<\/span><\/h3>\n<ul style=\"text-align: justify;\">\n<li><b><span style=\"font-weight: 400;\">Fot\u00f3grafo<\/span><\/b><\/li>\n<li><span style=\"font-weight: 400;\">Picnic (degustaci\u00f3n de quesos, frutos secos, frutas, etc.)<\/span><\/li>\n<li><span style=\"font-weight: 400;\">Cava<\/span><\/li>\n<li><span style=\"font-weight: 400;\">Decoraci\u00f3n b\u00e1sica (Almohadas\/cojines\/ mesa de picnic, platos y cubiertos)<\/span><b><\/b><\/li>\n<li><b><span style=\"font-weight: 400;\">Organizaci\u00f3n y planificaci\u00f3n de la pedida de mano<\/span><\/b><\/li>\n<\/ul>\n<p style=\"text-align: justify;\"><b>Precio: desde 195\u20ac + IVA<\/b><\/p>\n<h3 style=\"text-align: justify;\"><span style=\"font-weight: 400;\">Se puede a\u00f1adir:<\/span><\/h3>\n<ul style=\"text-align: justify;\">\n<li style=\"font-weight: 400;\"><span style=\"font-weight: 400;\">V\u00eddeo (consultar precio)<\/span><\/li>\n<li style=\"font-weight: 400;\"><span style=\"font-weight: 400;\">M\u00fasica en directo (consultar precio)<\/span><\/li>\n<li style=\"font-weight: 400;\"><span style=\"font-weight: 400;\">Ramo de flores (consultar precio)<\/span><\/li>\n<li style=\"font-weight: 400;\"><span style=\"font-weight: 400;\">Arco con flores (consultar precio)<\/span><\/li>\n<li style=\"font-weight: 400;\"><span style=\"font-weight: 400;\">Letras \u201cMarry me\u201d (consultar precio)<\/span><\/li>\n<li style=\"font-weight: 400;\"><span style=\"font-weight: 400;\">Transporte (consultar precio)<\/span><\/li>\n<li style=\"font-weight: 400;\"><span style=\"font-weight: 400;\">\u00a1Configuralo como t\u00fa quieras!<\/span><\/li>\n<\/ul>\n<h3 style=\"text-align: justify;\"><span style=\"font-weight: 400;\">Facilidad de pago<\/span><\/h3>\n<p style=\"text-align: justify;\"><span style=\"font-weight: 400;\">\u00a1S\u00ed! Y es que no es necesario pagar \u00edntegramente el importe de la experiencia de tu pedida de mano en Tenerife. Simplemente es necesario reservar con un adelanto y el resto darla en el d\u00eda del evento.<\/span><\/p>\n<p style=\"text-align: justify;\"><span style=\"font-weight: 400;\">\u00a1Comodidad para ti!<\/span><\/p>\n<p style=\"text-align: justify;\"><span style=\"font-weight: 400;\">*Las tarifas no son reembolsables si el evento se cancela por cualquier motivo.<\/span><\/p>\n<p><\/p>","protected":false},"excerpt":{"rendered":"<p style=\"text-align: justify;\"><span style=\"font-weight: 400;\">Adeje, en Tenerife, es el lugar ideal para una pedida de mano, con paisajes de acantilados y playas doradas, un picnic delicioso y la log\u00edstica cuidada para disfrutar de un momento rom\u00e1ntico e inolvidable.\u00a0 <strong>Precio: desde 195\u20ac + IVA. Es necesario formalizar la reserva con un adelanto.<\/strong><\/span><\/p>\n","protected":false},"featured_media":51371,"comment_status":"closed","ping_status":"closed","template":"","meta":[],"class_list":["post-45571","product","type-product","status-publish","has-post-thumbnail","hentry","product_cat-marriage-proposal-packages","product_tag-pedida-de-mano-en-tenerife","product_tag-pedida-de-mano-en-tenerife-con-picnic","product_tag-pedida-de-mano-en-tenerife-con-picnic-en-adeje"],"_links":{"self":[{"href":"https:\/\/perfectvenue.es\/es\/wp-json\/wp\/v2\/product\/45571","targetHints":{"allow":["GET"]}}],"collection":[{"href":"https:\/\/perfectvenue.es\/es\/wp-json\/wp\/v2\/product"}],"about":[{"href":"https:\/\/perfectvenue.es\/es\/wp-json\/wp\/v2\/types\/product"}],"replies":[{"embeddable":true,"href":"https:\/\/perfectvenue.es\/es\/wp-json\/wp\/v2\/comments?post=45571"}],"wp:featuredmedia":[{"embeddable":true,"href":"https:\/\/perfectvenue.es\/es\/wp-json\/wp\/v2\/media\/51371"}],"wp:attachment":[{"href":"https:\/\/perfectvenue.es\/es\/wp-json\/wp\/v2\/media?parent=45571"}],"curies":[{"name":"wp","href":"https:\/\/api.w.org\/{rel}","templated":true}]}}