{"id":45569,"date":"2025-09-30T12:46:30","date_gmt":"2025-09-30T09:46:30","guid":{"rendered":"https:\/\/perfectvenue.es\/?post_type=product&#038;p=45569"},"modified":"2026-02-17T12:12:04","modified_gmt":"2026-02-17T09:12:04","slug":"marriage-proposal-in-tenerife-forest","status":"publish","type":"product","link":"https:\/\/perfectvenue.es\/es\/product\/marriage-proposal-in-tenerife-forest\/","title":{"rendered":"Pedida de mano en Tenerife con un picnic en el bosque"},"content":{"rendered":"<p><\/p>\n<p style=\"text-align: justify;\"><span style=\"font-weight: 400;\">Imagina pedirle matrimonio a tu pareja en medio de un bosque, rodeados de naturaleza y tranquilidad. Una pedida de mano en Tenerife con picnic en el bosque es perfecta para quienes buscan un momento \u00edntimo y relajado, con el canto de los p\u00e1jaros y el suave susurro de los \u00e1rboles como tel\u00f3n de fondo.\u00a0<\/span><\/p>\n<p style=\"text-align: justify;\"><span style=\"font-weight: 400;\">El picnic estar\u00e1 lleno de delicias como quesos, frutos secos, frutas frescas y, por supuesto, una botella de cava para brindar por vuestro amor. Mientras disfrut\u00e1is del entorno, con la luz del sol filtr\u00e1ndose entre las ramas, el ambiente se vuelve m\u00e1gico y perfecto para esa gran pregunta.<\/span><\/p>\n<p style=\"text-align: justify;\"><span style=\"font-weight: 400;\">Para asegurarte de que nunca olvid\u00e9is este momento, un fot\u00f3grafo profesional estar\u00e1 presente en la pedida de mano en Tenerife capturando cada sonrisa, cada mirada y, por supuesto, el instante en que digas \u201c\u00bfTe quieres casar conmigo?\u201d. As\u00ed, podr\u00e9is revivir este d\u00eda tan especial una y otra vez a trav\u00e9s de esas im\u00e1genes.<\/span><\/p>\n<p style=\"text-align: justify;\"><span style=\"font-weight: 400;\">Y no tendr\u00e1s que preocuparte por ning\u00fan detalle, ya que toda la organizaci\u00f3n y coordinaci\u00f3n estar\u00e1n en nuestras manos. Desde la decoraci\u00f3n del picnic hasta el rinc\u00f3n perfecto del bosque, nos encargamos de que todo est\u00e9 listo para que solo os centr\u00e9is en disfrutar del momento y del lugar.<\/span><\/p>\n<p style=\"text-align: justify;\"><span style=\"font-weight: 400;\">Este d\u00eda marcar\u00e1 el inicio de una nueva etapa juntos, en un entorno natural lleno de paz y encanto, donde cada peque\u00f1o detalle har\u00e1 que vuestra pedida de mano sea un recuerdo \u00fanico y especial.<\/span><\/p>\n<h3 style=\"text-align: justify;\"><span style=\"font-weight: 400;\">Lo que incluye tu pedida de mano en Tenerife en el bosque:<\/span><\/h3>\n<ul style=\"text-align: justify;\">\n<li><b><span style=\"font-weight: 400;\">Fot\u00f3grafo<\/span><\/b><\/li>\n<li><span style=\"font-weight: 400;\">Picnic (degustaci\u00f3n de quesos, frutos secos, frutas, etc.)<\/span><\/li>\n<li><span style=\"font-weight: 400;\">Cava<\/span><\/li>\n<li><span style=\"font-weight: 400;\">Decoraci\u00f3n b\u00e1sica (Almohadas\/cojines\/ mesa de picnic, platos y cubiertos)<\/span><b><\/b><\/li>\n<li><b><span style=\"font-weight: 400;\">Organizaci\u00f3n y planificaci\u00f3n de la pedida de mano<\/span><\/b><\/li>\n<\/ul>\n<p style=\"text-align: justify;\"><b>Precio: 250\u20ac + IVA<\/b><\/p>\n<h3 style=\"text-align: justify;\"><span style=\"font-weight: 400;\">Se puede a\u00f1adir:<\/span><\/h3>\n<ul style=\"text-align: justify;\">\n<li style=\"font-weight: 400;\"><span style=\"font-weight: 400;\">V\u00eddeo (consultar precio)<\/span><\/li>\n<li style=\"font-weight: 400;\"><span style=\"font-weight: 400;\">M\u00fasica en directo (consultar precio)<\/span><\/li>\n<li style=\"font-weight: 400;\"><span style=\"font-weight: 400;\">Ramo de flores (consultar precio)<\/span><\/li>\n<li style=\"font-weight: 400;\"><span style=\"font-weight: 400;\">Arco con flores (consultar precio)<\/span><\/li>\n<li style=\"font-weight: 400;\"><span style=\"font-weight: 400;\">Letras \u201cMarry me\u201d (consultar precio)<\/span><\/li>\n<li style=\"font-weight: 400;\"><span style=\"font-weight: 400;\">Transporte (consultar precio)<\/span><\/li>\n<li style=\"font-weight: 400;\"><span style=\"font-weight: 400;\">\u00a1Configuralo como t\u00fa quieras!<\/span><\/li>\n<\/ul>\n<h3 style=\"text-align: justify;\"><span style=\"font-weight: 400;\">Facilidad de pago<\/span><\/h3>\n<p style=\"text-align: justify;\"><span style=\"font-weight: 400;\">\u00a1S\u00ed! Y es que no es necesario pagar \u00edntegramente el importe de la experiencia de tu pedida de mano en Tenerife. Simplemente es necesario reservar con un adelanto y el resto darla en el d\u00eda del evento.<\/span><\/p>\n<p style=\"text-align: justify;\"><span style=\"font-weight: 400;\">\u00a1Comodidad para ti!<\/span><\/p>\n<p style=\"text-align: justify;\"><span style=\"font-weight: 400;\">*Las tarifas no son reembolsables si el evento se cancela por cualquier motivo.<\/span><\/p>\n<p><\/p>","protected":false},"excerpt":{"rendered":"<p style=\"text-align: justify;\"><span style=\"font-weight: 400;\">Una pedida de mano con picnic en el bosque, rodeados de naturaleza, cava y momentos inolvidables, organizada para disfrutar de un d\u00eda m\u00e1gico y \u00fanico. <strong>Precio: 250\u20ac + IVA. Es necesario formalizar la reserva con un adelanto.<\/strong><\/span><\/p>\n","protected":false},"featured_media":51351,"comment_status":"closed","ping_status":"closed","template":"","meta":[],"class_list":["post-45569","product","type-product","status-publish","has-post-thumbnail","hentry","product_cat-marriage-proposal-packages"],"_links":{"self":[{"href":"https:\/\/perfectvenue.es\/es\/wp-json\/wp\/v2\/product\/45569","targetHints":{"allow":["GET"]}}],"collection":[{"href":"https:\/\/perfectvenue.es\/es\/wp-json\/wp\/v2\/product"}],"about":[{"href":"https:\/\/perfectvenue.es\/es\/wp-json\/wp\/v2\/types\/product"}],"replies":[{"embeddable":true,"href":"https:\/\/perfectvenue.es\/es\/wp-json\/wp\/v2\/comments?post=45569"}],"wp:featuredmedia":[{"embeddable":true,"href":"https:\/\/perfectvenue.es\/es\/wp-json\/wp\/v2\/media\/51351"}],"wp:attachment":[{"href":"https:\/\/perfectvenue.es\/es\/wp-json\/wp\/v2\/media?parent=45569"}],"curies":[{"name":"wp","href":"https:\/\/api.w.org\/{rel}","templated":true}]}}