{"id":45567,"date":"2026-02-12T15:48:11","date_gmt":"2026-02-12T12:48:11","guid":{"rendered":"https:\/\/perfectvenue.es\/?post_type=product&#038;p=45567"},"modified":"2026-02-16T19:28:09","modified_gmt":"2026-02-16T16:28:09","slug":"marriage-proposal-in-tenerife-3","status":"publish","type":"product","link":"https:\/\/perfectvenue.es\/es\/product\/marriage-proposal-in-tenerife-3\/","title":{"rendered":"Pedida de mano en Tenerife con un picnic en un yate"},"content":{"rendered":"<p><\/p>\n<p style=\"text-align: justify;\"><span style=\"font-weight: 400;\">Navegar por las aguas cristalinas de Tenerife es una experiencia \u00fanica que destaca por sus impresionantes paisajes de acantilados y hermosas playas, creando el entorno perfecto para una celebraci\u00f3n rom\u00e1ntica. Con un clima c\u00e1lido durante todo el a\u00f1o, este escenario es ideal para hacer tu pedida de mano en Tenerife, rodeado de vistas de ensue\u00f1o.<\/span><\/p>\n<p style=\"text-align: justify;\"><span style=\"font-weight: 400;\">A bordo, disfrutar\u00e9is de un delicioso picnic con una selecci\u00f3n de delicias locales, como quesos artesanales, tapas frescas y frutas jugosas, adem\u00e1s de una refrescante botella de cava para brindar por vuestro futuro juntos. Mientras naveg\u00e1is, el mar y la brisa marina crear\u00e1n un ambiente \u00edntimo y relajado, ideal para que hagas la gran pregunta.<\/span><\/p>\n<p style=\"text-align: justify;\"><span style=\"font-weight: 400;\">Para inmortalizar este momento especial, un fot\u00f3grafo profesional estar\u00e1 presente para capturar cada emoci\u00f3n. Desde el instante previo a la pregunta hasta los abrazos y sonrisas de celebraci\u00f3n, cada fotograf\u00eda narrar\u00e1 la historia de este d\u00eda tan significativo para ambos.<\/span><\/p>\n<p style=\"text-align: justify;\"><span style=\"font-weight: 400;\">Olvida las preocupaciones, ya que nos encargaremos de toda la log\u00edstica y planificaci\u00f3n. Desde la elecci\u00f3n del mejor yate hasta la presentaci\u00f3n del picnic, todo estar\u00e1 listo para que pod\u00e1is disfrutar del momento sin distracciones.<\/span><\/p>\n<p style=\"text-align: justify;\"><span style=\"font-weight: 400;\">Esta pedida de mano en Tenerife en un yate no solo marcar\u00e1 el comienzo de una nueva aventura juntos, sino que tambi\u00e9n os permitir\u00e1 disfrutar de la belleza del oc\u00e9ano y la costa canaria. Sin duda, ser\u00e1 un d\u00eda lleno de amor, risas y recuerdos que llevar\u00e9is en el coraz\u00f3n para siempre.<\/span><\/p>\n<h3 style=\"text-align: justify;\"><span style=\"font-weight: 400;\">Lo que incluye tu pedida de mano en Tenerife en un yate:<\/span><\/h3>\n<ul style=\"text-align: justify;\">\n<li><b><span style=\"font-weight: 400;\">Fot\u00f3grafo<\/span><\/b><\/li>\n<li><span style=\"font-weight: 400;\">Picnic (degustaci\u00f3n de quesos, frutos secos, frutas, etc.)<\/span><\/li>\n<li><span style=\"font-weight: 400;\">Cava<\/span><\/li>\n<li><span style=\"font-weight: 400;\">Decoraci\u00f3n b\u00e1sica (Almohadas\/cojines\/ mesa de picnic, platos y cubiertos)<\/span><b><\/b><\/li>\n<li><b><span style=\"font-weight: 400;\">Organizaci\u00f3n y planificaci\u00f3n de la pedida de mano<\/span><\/b><\/li>\n<\/ul>\n<p style=\"text-align: justify;\"><b>Precio: desde 1200\u20ac + IVA<\/b><\/p>\n<h3 style=\"text-align: justify;\"><span style=\"font-weight: 400;\">Se puede a\u00f1adir:<\/span><\/h3>\n<ul style=\"text-align: justify;\">\n<li style=\"font-weight: 400;\"><span style=\"font-weight: 400;\">V\u00eddeo (consultar precio)<\/span><\/li>\n<li style=\"font-weight: 400;\"><span style=\"font-weight: 400;\">M\u00fasica en directo (consultar precio)<\/span><\/li>\n<li style=\"font-weight: 400;\"><span style=\"font-weight: 400;\">Ramo de flores (consultar precio)<\/span><\/li>\n<li style=\"font-weight: 400;\"><span style=\"font-weight: 400;\">Letras \u201cMarry me\u201d (consultar precio)<\/span><\/li>\n<li style=\"font-weight: 400;\"><span style=\"font-weight: 400;\">Transporte (consultar precio)<\/span><\/li>\n<li style=\"font-weight: 400;\"><span style=\"font-weight: 400;\">\u00a1Configuralo como t\u00fa quieras!<\/span><\/li>\n<\/ul>\n<h3 style=\"text-align: justify;\"><span style=\"font-weight: 400;\">Facilidad de pago<\/span><\/h3>\n<p style=\"text-align: justify;\"><span style=\"font-weight: 400;\">\u00a1S\u00ed! Y es que no es necesario pagar \u00edntegramente el importe de la experiencia de tu pedida de mano en Tenerife. Simplemente es necesario reservar con un adelanto y el resto darla en el d\u00eda del evento.<\/span><\/p>\n<p style=\"text-align: justify;\"><span style=\"font-weight: 400;\">\u00a1Comodidad para ti!<\/span><\/p>\n<p style=\"text-align: justify;\"><span style=\"font-weight: 400;\">*Las tarifas no son reembolsables si el evento se cancela por cualquier motivo.<\/span><\/p>\n<p><\/p>","protected":false},"excerpt":{"rendered":"<p><span style=\"font-weight: 400;\">Una pedida de mano en Tenerife en un yate ofrece un entorno rom\u00e1ntico con impresionantes paisajes, un delicioso picnic y la log\u00edstica cuidada para un momento inolvidable en alta mar. <strong>Precio: desde 1200\u20ac + IVA. Es necesario formalizar la reserva con un adelanto.<\/strong><\/span><\/p>\n","protected":false},"featured_media":54385,"comment_status":"closed","ping_status":"closed","template":"","meta":[],"class_list":["post-45567","product","type-product","status-publish","has-post-thumbnail","hentry","product_cat-marriage-proposal-packages","product_tag-pedida-de-mano-en-tenerife","product_tag-pedida-de-mano-en-tenerife-con-picnic","product_tag-pedida-de-mano-en-tenerife-romantica","product_tag-9099"],"_links":{"self":[{"href":"https:\/\/perfectvenue.es\/es\/wp-json\/wp\/v2\/product\/45567","targetHints":{"allow":["GET"]}}],"collection":[{"href":"https:\/\/perfectvenue.es\/es\/wp-json\/wp\/v2\/product"}],"about":[{"href":"https:\/\/perfectvenue.es\/es\/wp-json\/wp\/v2\/types\/product"}],"replies":[{"embeddable":true,"href":"https:\/\/perfectvenue.es\/es\/wp-json\/wp\/v2\/comments?post=45567"}],"wp:featuredmedia":[{"embeddable":true,"href":"https:\/\/perfectvenue.es\/es\/wp-json\/wp\/v2\/media\/54385"}],"wp:attachment":[{"href":"https:\/\/perfectvenue.es\/es\/wp-json\/wp\/v2\/media?parent=45567"}],"curies":[{"name":"wp","href":"https:\/\/api.w.org\/{rel}","templated":true}]}}