{"id":45563,"date":"2026-03-04T10:00:02","date_gmt":"2026-03-04T07:00:02","guid":{"rendered":"https:\/\/perfectvenue.es\/?post_type=product&#038;p=45563"},"modified":"2026-03-04T13:02:21","modified_gmt":"2026-03-04T10:02:21","slug":"marriage-proposal-in-tenerife-waterfall","status":"publish","type":"product","link":"https:\/\/perfectvenue.es\/es\/product\/marriage-proposal-in-tenerife-waterfall\/","title":{"rendered":"Pedida de mano en Tenerife con un picnic en una cascada"},"content":{"rendered":"<p><\/p>\n<p style=\"text-align: justify;\"><span style=\"font-weight: 400;\">Imagina el momento perfecto en un rinc\u00f3n escondido de Tenerife, donde el sonido del agua de una cascada fluye creando una banda sonora natural. Rodeados de vegetaci\u00f3n exuberante y el esplendor del agua de la cascada, este entorno id\u00edlico es ideal para celebrar tu pedida de mano en Tenerife en un ambiente \u00edntimo y m\u00e1gico.<\/span><\/p>\n<p style=\"text-align: justify;\"><span style=\"font-weight: 400;\">El picnic ser\u00e1 una experiencia gourmet, con una cuidada selecci\u00f3n de tapas canarias, quesos artesanales y una variedad de frutas frescas, todo presentado de manera encantadora. Acompa\u00f1ado de una botella de cava, este fest\u00edn al aire libre es la forma perfecta de disfrutar del momento antes de hacer la gran pregunta. La frescura del aire y el agua a\u00f1adir\u00e1n un toque especial, creando una atm\u00f3sfera \u00fanica y rom\u00e1ntica.<\/span><\/p>\n<p style=\"text-align: justify;\"><span style=\"font-weight: 400;\">Para asegurarte de que cada detalle se capture, contar\u00e1s con un fot\u00f3grafo profesional que inmortalizar\u00e1 los momentos m\u00e1s emocionantes: desde la pregunta hasta la reacci\u00f3n llena de alegr\u00eda de tu pareja. Cada foto ser\u00e1 un tesoro que contar\u00e9is con cari\u00f1o a lo largo de los a\u00f1os.<\/span><\/p>\n<p style=\"text-align: justify;\"><span style=\"font-weight: 400;\">No te preocupes por la log\u00edstica; nosotros nos encargaremos de organizar cada aspecto. Desde elegir el lugar m\u00e1s hermoso junto a la cascada hasta preparar el picnic de manera impecable, todo estar\u00e1 listo para que pod\u00e1is disfrutar del instante sin preocupaciones.<\/span><\/p>\n<p style=\"text-align: justify;\"><span style=\"font-weight: 400;\">Una pedida de mano en Tenerife con un picnic en una cascada no solo marcar\u00e1 el inicio de una nueva etapa en vuestras vidas, sino que tambi\u00e9n os permitir\u00e1 disfrutar de la impresionante belleza natural de la isla. Este ser\u00e1 un d\u00eda lleno de momentos inolvidables, amor y felicidad que atesorar\u00e9is para siempre.<\/span><\/p>\n<h3 style=\"text-align: justify;\"><span style=\"font-weight: 400;\">Lo que incluye tu pedida de mano en Tenerife en una cascada:<\/span><\/h3>\n<ul>\n<li><b><span style=\"font-weight: 400;\">Fot\u00f3grafo<\/span><\/b><\/li>\n<li><span style=\"font-weight: 400;\">Picnic (degustaci\u00f3n de quesos, frutos secos, frutas, etc.)<\/span><\/li>\n<li><span style=\"font-weight: 400;\">Cava<\/span><\/li>\n<li><span style=\"font-weight: 400;\">Decoraci\u00f3n b\u00e1sica (Almohadas\/cojines\/ mesa de picnic, platos y cubiertos)<\/span><b><\/b><\/li>\n<li><b><span style=\"font-weight: 400;\">Organizaci\u00f3n y planificaci\u00f3n de la pedida de mano<\/span><\/b><\/li>\n<\/ul>\n<p style=\"text-align: justify;\"><b>Precio: desde 265\u20ac + IVA<\/b><\/p>\n<h3 style=\"text-align: justify;\"><span style=\"font-weight: 400;\">Se puede a\u00f1adir:<\/span><\/h3>\n<ul style=\"text-align: justify;\">\n<li style=\"font-weight: 400;\"><span style=\"font-weight: 400;\">V\u00eddeo (consultar precio)<\/span><\/li>\n<li style=\"font-weight: 400;\"><span style=\"font-weight: 400;\">M\u00fasica en directo (consultar precio)<\/span><\/li>\n<li style=\"font-weight: 400;\"><span style=\"font-weight: 400;\">Ramo de flores (consultar precio)<\/span><\/li>\n<li style=\"font-weight: 400;\"><span style=\"font-weight: 400;\">Letras \u201cMarry me\u201d (consultar precio)<\/span><\/li>\n<li style=\"font-weight: 400;\"><span style=\"font-weight: 400;\">Transporte (consultar precio)<\/span><\/li>\n<li style=\"font-weight: 400;\"><span style=\"font-weight: 400;\">\u00a1Configuralo como t\u00fa quieras!<\/span><\/li>\n<\/ul>\n<h3 style=\"text-align: justify;\"><span style=\"font-weight: 400;\">Facilidad de pago<\/span><\/h3>\n<p style=\"text-align: justify;\"><span style=\"font-weight: 400;\">\u00a1S\u00ed! Y es que no es necesario pagar \u00edntegramente el importe de la experiencia de tu pedida de mano en Tenerife. Simplemente es necesario reservar con un adelanto y el resto darla en el d\u00eda del evento.<\/span><\/p>\n<p style=\"text-align: justify;\"><span style=\"font-weight: 400;\">\u00a1Comodidad para ti!<\/span><\/p>\n<p style=\"text-align: justify;\"><span style=\"font-weight: 400;\">*Las tarifas no son reembolsables si el evento se cancela por cualquier motivo.<\/span><\/p>\n<p><\/p>","protected":false},"excerpt":{"rendered":"<p style=\"text-align: justify;\"><span style=\"font-weight: 400;\">Esta pedida de mano en Tenerife con un picnic en una cascada ofrece un entorno m\u00e1gico y rom\u00e1ntico, con un fest\u00edn gourmet y momentos capturados por un fot\u00f3grafo para crear recuerdos inolvidables.\u00a0 <strong>Precio: desde 265\u20ac + IVA. Es necesario formalizar la reserva con un adelanto.<\/strong><\/span><\/p>\n","protected":false},"featured_media":51359,"comment_status":"closed","ping_status":"closed","template":"","meta":[],"class_list":["post-45563","product","type-product","status-publish","has-post-thumbnail","hentry","product_cat-marriage-proposal-packages","product_tag-pedida-de-mano-en-tenerife","product_tag-pedida-de-mano-en-tenerife-con-picnic","product_tag-pedida-de-mano-en-tenerife-con-picnic-en-una-cascada"],"_links":{"self":[{"href":"https:\/\/perfectvenue.es\/es\/wp-json\/wp\/v2\/product\/45563","targetHints":{"allow":["GET"]}}],"collection":[{"href":"https:\/\/perfectvenue.es\/es\/wp-json\/wp\/v2\/product"}],"about":[{"href":"https:\/\/perfectvenue.es\/es\/wp-json\/wp\/v2\/types\/product"}],"replies":[{"embeddable":true,"href":"https:\/\/perfectvenue.es\/es\/wp-json\/wp\/v2\/comments?post=45563"}],"wp:featuredmedia":[{"embeddable":true,"href":"https:\/\/perfectvenue.es\/es\/wp-json\/wp\/v2\/media\/51359"}],"wp:attachment":[{"href":"https:\/\/perfectvenue.es\/es\/wp-json\/wp\/v2\/media?parent=45563"}],"curies":[{"name":"wp","href":"https:\/\/api.w.org\/{rel}","templated":true}]}}