{"id":45561,"date":"2024-09-26T16:03:39","date_gmt":"2024-09-26T13:03:39","guid":{"rendered":"http:\/\/perfectvenue.es\/?post_type=product&#038;p=45561"},"modified":"2024-09-26T16:05:14","modified_gmt":"2024-09-26T13:05:14","slug":"marriage-proposal-in-tenerife-sea-view","status":"publish","type":"product","link":"https:\/\/perfectvenue.es\/es\/product\/marriage-proposal-in-tenerife-sea-view\/","title":{"rendered":"Pedida de mano en Tenerife con un picnic y vistas al mar"},"content":{"rendered":"<p><\/p>\n<p style=\"text-align: justify;\"><span style=\"font-weight: 400;\">Las playas de Tenerife son el escenario perfecto para una pedida de mano en Tenerife con picnic y vistas al mar, donde las arenas doradas y el azul cristalino del oc\u00e9ano crean un ambiente inolvidable. Al atardecer, cuando el cielo se pinta de colores c\u00e1lidos, este lugar m\u00e1gico ser\u00e1 testigo del inicio de una nueva etapa en vuestra historia de amor.<\/span><\/p>\n<p style=\"text-align: justify;\"><span style=\"font-weight: 400;\">El picnic est\u00e1 dise\u00f1ado para ser un momento especial, con una selecci\u00f3n gourmet de quesos, frutos secos y frutas frescas, todo preparado para deleitar vuestros sentidos. Un brindis con cava acompa\u00f1ar\u00e1 este instante \u00fanico, simbolizando vuestro compromiso y todo lo que hab\u00e9is construido juntos hasta ahora.<\/span><\/p>\n<p style=\"text-align: justify;\"><span style=\"font-weight: 400;\">Para capturar cada emoci\u00f3n de este d\u00eda tan importante, un fot\u00f3grafo profesional estar\u00e1 presente, documentando desde el instante en que haces la gran pregunta hasta la respuesta emocionada de tu pareja. Estas im\u00e1genes ser\u00e1n recuerdos eternos de una ocasi\u00f3n inolvidable que podr\u00e9is compartir con vuestros seres queridos.<\/span><\/p>\n<p style=\"text-align: justify;\"><span style=\"font-weight: 400;\">Toda la organizaci\u00f3n y coordinaci\u00f3n de la pedida de mano en Tenerife con picnic y vistas al mar estar\u00e1n bajo nuestro cuidado, asegur\u00e1ndonos de que todo transcurra sin inconvenientes. Podr\u00e9is disfrutar plenamente del momento, sabiendo que cada detalle ha sido planeado con dedicaci\u00f3n para que sea un evento \u00fanico y lleno de significado.<\/span><\/p>\n<p style=\"text-align: justify;\"><span style=\"font-weight: 400;\">Este d\u00eda no solo marcar\u00e1 el comienzo de una nueva etapa en vuestra vida juntos, sino que tambi\u00e9n os brindar\u00e1 la oportunidad de disfrutar de la impresionante belleza natural de Tenerife, creando recuerdos para toda la vida en un entorno lleno de magia y romanticismo.<\/span><\/p>\n<h3 style=\"text-align: justify;\"><span style=\"font-weight: 400;\">Lo que incluye tu pedida de mano en Tenerife con vistas al mar:<\/span><\/h3>\n<ul style=\"text-align: justify;\">\n<li><b><span style=\"font-weight: 400;\">Fot\u00f3grafo<\/span><\/b><\/li>\n<li><span style=\"font-weight: 400;\">Picnic (degustaci\u00f3n de quesos, frutos secos, frutas, etc.)<\/span><\/li>\n<li><span style=\"font-weight: 400;\">Cava<\/span><\/li>\n<li><span style=\"font-weight: 400;\">Decoraci\u00f3n b\u00e1sica (Almohadas\/cojines\/ mesa de picnic, platos y cubiertos)<\/span><b><\/b><\/li>\n<li><b><span style=\"font-weight: 400;\">Organizaci\u00f3n y planificaci\u00f3n de la pedida de mano<\/span><\/b><\/li>\n<\/ul>\n<p style=\"text-align: justify;\"><b>Precio: desde 850\u20ac<\/b><\/p>\n<h3 style=\"text-align: justify;\"><span style=\"font-weight: 400;\">Se puede a\u00f1adir:<\/span><\/h3>\n<ul style=\"text-align: justify;\">\n<li style=\"font-weight: 400;\"><span style=\"font-weight: 400;\">Decoracion premium<\/span><\/li>\n<li style=\"font-weight: 400;\"><span style=\"font-weight: 400;\">V\u00eddeo (consultar precio)<\/span><\/li>\n<li style=\"font-weight: 400;\"><span style=\"font-weight: 400;\">M\u00fasica en directo (consultar precio)<\/span><\/li>\n<li style=\"font-weight: 400;\"><span style=\"font-weight: 400;\">Ramo de flores (consultar precio)<\/span><\/li>\n<li style=\"font-weight: 400;\"><span style=\"font-weight: 400;\">Arco con flores (consultar precio)<\/span><\/li>\n<li style=\"font-weight: 400;\"><span style=\"font-weight: 400;\">Letras \u201cMarry me\u201d (consultar precio)<\/span><\/li>\n<li style=\"font-weight: 400;\"><span style=\"font-weight: 400;\">Transporte (consultar precio)<\/span><\/li>\n<li style=\"font-weight: 400;\"><span style=\"font-weight: 400;\">\u00a1Configuralo como t\u00fa quieras!<\/span><\/li>\n<\/ul>\n<h3 style=\"text-align: justify;\"><span style=\"font-weight: 400;\">Facilidad de pago<\/span><\/h3>\n<p style=\"text-align: justify;\"><span style=\"font-weight: 400;\">\u00a1S\u00ed! Y es que no es necesario pagar \u00edntegramente el importe de la experiencia de tu pedida de mano en Tenerife. Simplemente es necesario reservar con un adelanto y el resto darla en el d\u00eda del evento.<\/span><\/p>\n<p style=\"text-align: justify;\"><span style=\"font-weight: 400;\">\u00a1Comodidad para ti!<\/span><\/p>\n<p style=\"text-align: justify;\"><span style=\"font-weight: 400;\">*Las tarifas no son reembolsables si el evento se cancela por cualquier motivo.<\/span><\/p>\n<p><\/p>","protected":false},"excerpt":{"rendered":"<p><span style=\"font-weight: 400;\">Una pedida de mano en Tenerife con picnic y vistas al mar, rodeada de atardeceres m\u00e1gicos, cava, y una organizaci\u00f3n impecable para un momento \u00fanico. <strong>Precio: desde 850\u20ac. Es necesario formalizar la reserva con un adelanto.<\/strong><\/span><\/p>\n","protected":false},"featured_media":45594,"comment_status":"closed","ping_status":"closed","template":"","meta":[],"class_list":["post-45561","product","type-product","status-publish","has-post-thumbnail","hentry","product_cat-marriage-proposal-packages","product_tag-pedida-de-mano-tenerife","product_tag-picnic-marriage-proposal","product_tag-picnic-tenerife","product_tag-tenerife-proposal"],"_links":{"self":[{"href":"https:\/\/perfectvenue.es\/es\/wp-json\/wp\/v2\/product\/45561","targetHints":{"allow":["GET"]}}],"collection":[{"href":"https:\/\/perfectvenue.es\/es\/wp-json\/wp\/v2\/product"}],"about":[{"href":"https:\/\/perfectvenue.es\/es\/wp-json\/wp\/v2\/types\/product"}],"replies":[{"embeddable":true,"href":"https:\/\/perfectvenue.es\/es\/wp-json\/wp\/v2\/comments?post=45561"}],"wp:featuredmedia":[{"embeddable":true,"href":"https:\/\/perfectvenue.es\/es\/wp-json\/wp\/v2\/media\/45594"}],"wp:attachment":[{"href":"https:\/\/perfectvenue.es\/es\/wp-json\/wp\/v2\/media?parent=45561"}],"curies":[{"name":"wp","href":"https:\/\/api.w.org\/{rel}","templated":true}]}}