{"id":45560,"date":"2025-09-30T12:47:23","date_gmt":"2025-09-30T09:47:23","guid":{"rendered":"https:\/\/perfectvenue.es\/?post_type=product&#038;p=45560"},"modified":"2026-02-17T12:05:42","modified_gmt":"2026-02-17T09:05:42","slug":"marriage-proposal-in-tenerife-teide","status":"publish","type":"product","link":"https:\/\/perfectvenue.es\/es\/product\/marriage-proposal-in-tenerife-teide\/","title":{"rendered":"Pedida de mano en Tenerife con un picnic y vistas al Teide"},"content":{"rendered":"<p><\/p>\n<p style=\"text-align: justify;\"><span style=\"font-weight: 400;\">Ahora puedes sorprender a tu pareja en un lugar espectacular, donde el majestuoso Teide se asoma como fondo perfecto. Este rinc\u00f3n es el sitio ideal para hacer tu pedida de mano en Tenerife, rodeado de paisajes que dejar\u00e1n a ambos sin aliento.<\/span><\/p>\n<p style=\"text-align: justify;\"><span style=\"font-weight: 400;\">Prep\u00e1rate para un picnic delicioso lleno de sabores canarios: tapas, quesos sabrosos y frutas frescas, todo bien presentado y listo para disfrutar. Y, por supuesto, no puede faltar una botella de cava para brindar por lo que est\u00e1 por venir. Con el Teide como tel\u00f3n de fondo, cada bocado y cada sorbo ser\u00e1n a\u00fan m\u00e1s especiales mientras compart\u00eds risas y miradas c\u00f3mplices.<\/span><\/p>\n<p style=\"text-align: justify;\"><span style=\"font-weight: 400;\">Para que todo quede grabado, un fot\u00f3grafo estar\u00e1 ah\u00ed para capturar los momentos m\u00e1s emotivos, desde el instante en que te arrodillas hasta las sonrisas que se iluminar\u00e1n despu\u00e9s. Tendr\u00e1s recuerdos que atesorar\u00e1s para siempre.<\/span><\/p>\n<p style=\"text-align: justify;\"><span style=\"font-weight: 400;\">Nosotros nos encargamos de todo: desde elegir el mejor lugar con vistas incre\u00edbles hasta preparar el picnic, estar\u00e1 todo listo para que solo os centr\u00e9is en disfrutar del momento y del uno al otro.<\/span><\/p>\n<p style=\"text-align: justify;\"><span style=\"font-weight: 400;\">Esta pedida de mano en Tenerife con un picnic y vistas al Teide no solo ser\u00e1 el comienzo de una nueva etapa juntos, sino tambi\u00e9n una forma de conectar con la impresionante naturaleza de la isla. \u00a1Definitivamente, ser\u00e1 un d\u00eda lleno de amor, risas y recuerdos que siempre llevar\u00e9is en el coraz\u00f3n!<\/span><\/p>\n<h3 style=\"text-align: justify;\"><span style=\"font-weight: 400;\">Lo que incluye tu pedida de mano en Tenerife con vistas al Teide:<\/span><\/h3>\n<ul style=\"text-align: justify;\">\n<li><b><span style=\"font-weight: 400;\">Fot\u00f3grafo<\/span><\/b><\/li>\n<li><span style=\"font-weight: 400;\">Picnic (degustaci\u00f3n de quesos, frutos secos, frutas, etc.)<\/span><\/li>\n<li><span style=\"font-weight: 400;\">Cava<\/span><\/li>\n<li><span style=\"font-weight: 400;\">Decoraci\u00f3n b\u00e1sica (Almohadas\/cojines\/ mesa de picnic, platos y cubiertos)<\/span><b><\/b><\/li>\n<li><b><span style=\"font-weight: 400;\">Organizaci\u00f3n y planificaci\u00f3n de la pedida de mano<\/span><\/b><\/li>\n<\/ul>\n<p style=\"text-align: justify;\"><b>Precio: 650\u20ac + IVA<\/b><\/p>\n<h3 style=\"text-align: justify;\"><span style=\"font-weight: 400;\">Se puede a\u00f1adir:<\/span><\/h3>\n<ul style=\"text-align: justify;\">\n<li style=\"font-weight: 400;\"><span style=\"font-weight: 400;\">V\u00eddeo (consultar precio)<\/span><\/li>\n<li style=\"font-weight: 400;\"><span style=\"font-weight: 400;\">M\u00fasica en directo (consultar precio)<\/span><\/li>\n<li style=\"font-weight: 400;\"><span style=\"font-weight: 400;\">Ramo de flores (consultar precio)<\/span><\/li>\n<li style=\"font-weight: 400;\"><span style=\"font-weight: 400;\">Letras \u201cMarry me\u201d (consultar precio)<\/span><\/li>\n<li style=\"font-weight: 400;\"><span style=\"font-weight: 400;\">Transporte (consultar precio)<\/span><\/li>\n<li style=\"font-weight: 400;\"><span style=\"font-weight: 400;\">\u00a1Config\u00faralo como t\u00fa quieras!<\/span><\/li>\n<\/ul>\n<h3 style=\"text-align: justify;\"><span style=\"font-weight: 400;\">Facilidad de pago<\/span><\/h3>\n<p style=\"text-align: justify;\"><span style=\"font-weight: 400;\">\u00a1S\u00ed! Y es que no es necesario pagar \u00edntegramente el importe de la experiencia de tu pedida de mano en Tenerife. Simplemente es necesario reservar con un adelanto y el resto darla en el d\u00eda del evento.<\/span><\/p>\n<p style=\"text-align: justify;\"><span style=\"font-weight: 400;\">\u00a1Comodidad para ti!<\/span><\/p>\n<p style=\"text-align: justify;\"><span style=\"font-weight: 400;\">*Las tarifas no son reembolsables si el evento se cancela por cualquier motivo.<\/span><\/p>\n<p><\/p>","protected":false},"excerpt":{"rendered":"<p style=\"text-align: justify;\"><span style=\"font-weight: 400;\">Una pedida de mano en Tenerife con un picnic y vistas al Teide ofrece un momento rom\u00e1ntico y delicioso, con paisajes impresionantes y recuerdos capturados por un fot\u00f3grafo para atesorar siempre. <strong>Precio: 650\u20ac + IVA. Es necesario formalizar la reserva con un adelanto.<\/strong><\/span><\/p>\n","protected":false},"featured_media":51366,"comment_status":"closed","ping_status":"closed","template":"","meta":[],"class_list":["post-45560","product","type-product","status-publish","has-post-thumbnail","hentry","product_cat-marriage-proposal-packages"],"_links":{"self":[{"href":"https:\/\/perfectvenue.es\/es\/wp-json\/wp\/v2\/product\/45560","targetHints":{"allow":["GET"]}}],"collection":[{"href":"https:\/\/perfectvenue.es\/es\/wp-json\/wp\/v2\/product"}],"about":[{"href":"https:\/\/perfectvenue.es\/es\/wp-json\/wp\/v2\/types\/product"}],"replies":[{"embeddable":true,"href":"https:\/\/perfectvenue.es\/es\/wp-json\/wp\/v2\/comments?post=45560"}],"wp:featuredmedia":[{"embeddable":true,"href":"https:\/\/perfectvenue.es\/es\/wp-json\/wp\/v2\/media\/51366"}],"wp:attachment":[{"href":"https:\/\/perfectvenue.es\/es\/wp-json\/wp\/v2\/media?parent=45560"}],"curies":[{"name":"wp","href":"https:\/\/api.w.org\/{rel}","templated":true}]}}