{"id":45552,"date":"2026-03-04T10:52:40","date_gmt":"2026-03-04T07:52:40","guid":{"rendered":"https:\/\/perfectvenue.es\/?post_type=product&#038;p=45552"},"modified":"2026-03-04T13:02:39","modified_gmt":"2026-03-04T10:02:39","slug":"marriage-proposal-in-tenerife","status":"publish","type":"product","link":"https:\/\/perfectvenue.es\/es\/product\/marriage-proposal-in-tenerife\/","title":{"rendered":"Pedida de mano en Tenerife con un picnic en la playa"},"content":{"rendered":"<p><\/p>\n<p style=\"text-align: justify;\"><span style=\"font-weight: 400;\">Las playas de Tenerife ofrecen un tel\u00f3n de fondo espectacular para una pedida de mano en Tenerife con un picnic en la playa, con sus arenas doradas y aguas cristalinas, creando un entorno m\u00e1gico para una pedida de mano \u00fanica. Al caer la tarde, con los colores del atardecer, este rinc\u00f3n paradis\u00edaco ser\u00e1 el lugar ideal para comenzar una nueva etapa en vuestra historia de amor.<\/span><\/p>\n<p style=\"text-align: justify;\"><span style=\"font-weight: 400;\">La experiencia incluye una deliciosa variedad de quesos, frutos secos y frutas frescas, seleccionados cuidadosamente para satisfacer los paladares m\u00e1s exigentes. Este momento de intimidad, acompa\u00f1ado por un brindis con cava, ser\u00e1 el s\u00edmbolo de vuestro compromiso y de todo lo que hab\u00e9is construido juntos.<\/span><\/p>\n<p style=\"text-align: justify;\"><span style=\"font-weight: 400;\">Para inmortalizar este instante, un fot\u00f3grafo profesional estar\u00e1 presente, capturando cada emoci\u00f3n y detalle de la pedida de mano. Desde el momento en que hagas la gran pregunta hasta la respuesta llena de emoci\u00f3n, cada imagen ser\u00e1 un recuerdo tangible de este d\u00eda inolvidable, que podr\u00e9is revivir y compartir con vuestros seres queridos.<\/span><\/p>\n<p style=\"text-align: justify;\"><span style=\"font-weight: 400;\">Adem\u00e1s, la organizaci\u00f3n y coordinaci\u00f3n estar\u00e1n totalmente a nuestro cargo, asegurando que tu pedida de mano en Tenerife fluya a la perfecci\u00f3n. Sin preocupaciones, podr\u00e9is centraros en disfrutar del momento, sabiendo que cada detalle ha sido pensado con esmero para hacer de esta pedida de mano un evento \u00fanico y significativo. La comida, el entorno, la decoraci\u00f3n y cada peque\u00f1o toque crear\u00e1n una atm\u00f3sfera encantadora que realzar\u00e1 a\u00fan m\u00e1s la belleza del momento.<\/span><\/p>\n<p style=\"text-align: justify;\"><span style=\"font-weight: 400;\">Este d\u00eda no solo marcar\u00e1 el comienzo de una nueva etapa en vuestra vida juntos, sino que tambi\u00e9n os permitir\u00e1 disfrutar de la magia y belleza natural de Tenerife en uno de los d\u00edas m\u00e1s importantes de vuestra historia de amor.<\/span><\/p>\n<h3 style=\"text-align: justify;\"><span style=\"font-weight: 400;\">Lo que incluye tu pedida de mano en Tenerife en la playa:<\/span><\/h3>\n<ul>\n<li><b><span style=\"font-weight: 400;\">Fot\u00f3grafo<\/span><\/b><\/li>\n<li><span style=\"font-weight: 400;\">Picnic (degustaci\u00f3n de quesos, frutos secos, frutas, etc.)<\/span><\/li>\n<li><span style=\"font-weight: 400;\">Cava<\/span><\/li>\n<li><span style=\"font-weight: 400;\">Decoraci\u00f3n b\u00e1sica (Almohadas\/cojines\/ mesa de picnic, platos y cubiertos)<\/span><\/li>\n<li><b><span style=\"font-weight: 400;\">Organizaci\u00f3n y planificaci\u00f3n de la pedida de mano<\/span><\/b><b><\/b><\/li>\n<\/ul>\n<p style=\"text-align: justify;\"><b>Precio: desde 1.275\u20ac + IVA<\/b><\/p>\n<h3 style=\"text-align: justify;\"><span style=\"font-weight: 400;\">Se puede a\u00f1adir:<\/span><\/h3>\n<ul style=\"text-align: justify;\">\n<li style=\"font-weight: 400;\"><span style=\"font-weight: 400;\">V\u00eddeo (consultar precio)<\/span><\/li>\n<li style=\"font-weight: 400;\"><span style=\"font-weight: 400;\">M\u00fasica en directo (consultar precio)<\/span><\/li>\n<li style=\"font-weight: 400;\"><span style=\"font-weight: 400;\">Ramo de flores (consultar precio)<\/span><\/li>\n<li style=\"font-weight: 400;\"><span style=\"font-weight: 400;\">Arco con flores (consultar precio)<\/span><\/li>\n<li style=\"font-weight: 400;\"><span style=\"font-weight: 400;\">Letras \u201cMarry me\u201d (consultar precio)<\/span><\/li>\n<li style=\"font-weight: 400;\"><span style=\"font-weight: 400;\">Transporte (consultar precio)<\/span><\/li>\n<li style=\"font-weight: 400;\"><span style=\"font-weight: 400;\">\u00a1Configuralo como t\u00fa quieras!<\/span><\/li>\n<\/ul>\n<h3 style=\"text-align: justify;\"><span style=\"font-weight: 400;\">Facilidad de pago<\/span><\/h3>\n<p style=\"text-align: justify;\"><span style=\"font-weight: 400;\">\u00a1S\u00ed! Y es que no es necesario pagar \u00edntegramente el importe de la experiencia de tu pedida de mano en Tenerife. Simplemente es necesario reservar con un adelanto y el resto darla en el d\u00eda del evento.<\/span><\/p>\n<p style=\"text-align: justify;\"><span style=\"font-weight: 400;\">\u00a1Comodidad para ti!<\/span><\/p>\n<p style=\"text-align: justify;\"><span style=\"font-weight: 400;\">*Las tarifas no son reembolsables si el evento se cancela por cualquier motivo.<\/span><\/p>\n<p><\/p>","protected":false},"excerpt":{"rendered":"<p style=\"text-align: justify;\"><span style=\"font-weight: 400;\">Una rom\u00e1ntica pedida de mano en Tenerife con un picnic en la playa, cava, fotograf\u00eda profesional y decoraci\u00f3n \u00edntima, todo cuidadosamente coordinado para un momento inolvidable. <strong>Precio: desde 1.275\u20ac + IVA. Es necesario formalizar la reserva con un adelanto.<\/strong><\/span><\/p>\n","protected":false},"featured_media":51382,"comment_status":"closed","ping_status":"closed","template":"","meta":[],"class_list":["post-45552","product","type-product","status-publish","has-post-thumbnail","hentry","product_cat-marriage-proposal-packages","product_tag-pedida-de-mano-en-tenerife","product_tag-pedida-de-mano-en-tenerife-2026","product_tag-pedida-de-mano-en-tenerife-romantica"],"_links":{"self":[{"href":"https:\/\/perfectvenue.es\/es\/wp-json\/wp\/v2\/product\/45552","targetHints":{"allow":["GET"]}}],"collection":[{"href":"https:\/\/perfectvenue.es\/es\/wp-json\/wp\/v2\/product"}],"about":[{"href":"https:\/\/perfectvenue.es\/es\/wp-json\/wp\/v2\/types\/product"}],"replies":[{"embeddable":true,"href":"https:\/\/perfectvenue.es\/es\/wp-json\/wp\/v2\/comments?post=45552"}],"wp:featuredmedia":[{"embeddable":true,"href":"https:\/\/perfectvenue.es\/es\/wp-json\/wp\/v2\/media\/51382"}],"wp:attachment":[{"href":"https:\/\/perfectvenue.es\/es\/wp-json\/wp\/v2\/media?parent=45552"}],"curies":[{"name":"wp","href":"https:\/\/api.w.org\/{rel}","templated":true}]}}