{"id":45530,"date":"2024-09-25T17:03:51","date_gmt":"2024-09-25T14:03:51","guid":{"rendered":"https:\/\/perfectvenue.es\/?post_type=product&#038;p=45530"},"modified":"2024-09-25T17:03:52","modified_gmt":"2024-09-25T14:03:52","slug":"marriage-proposal-in-madrid","status":"publish","type":"product","link":"https:\/\/perfectvenue.es\/es\/product\/marriage-proposal-in-madrid\/","title":{"rendered":"Pedida de mano en Madrid en el Palacio de Santo\u00f1a"},"content":{"rendered":"<p><\/p>\n<p style=\"text-align: justify;\"><span style=\"font-weight: 400;\">Imagina tu pedida de mano en Madrid en el elegante Palacio de Santo\u00f1a, donde el romance y la belleza se fusionan para crear un ambiente m\u00e1gico. Al alquilar este impresionante espacio, estar\u00e1s rodeado de historia y sofisticaci\u00f3n, lo que har\u00e1 que tu propuesta sea a\u00fan m\u00e1s especial.<\/span><\/p>\n<p style=\"text-align: justify;\"><span style=\"font-weight: 400;\">Para capturar cada instante de esta ocasi\u00f3n \u00fanica, contar\u00e1s con un fot\u00f3grafo profesional que se encargar\u00e1 de inmortalizar las emociones y la alegr\u00eda de ese d\u00eda. Desde el instante previo a la pregunta hasta las reacciones llenas de amor, cada foto ser\u00e1 un tesoro que atesorar\u00e9is para siempre.<\/span><\/p>\n<p style=\"text-align: justify;\"><span style=\"font-weight: 400;\">Adem\u00e1s, recibir\u00e1s para entregar a tu pareja un hermoso ramo de flores, que no solo aportar\u00e1 un toque de elegancia, sino que simbolizar\u00e1 el amor y el compromiso que est\u00e1is a punto de sellar. La decoraci\u00f3n de las escaleras del palacio con flores frescas y velas crear\u00e1 un ambiente rom\u00e1ntico y acogedor, ideal para una propuesta \u00edntima.<\/span><\/p>\n<p style=\"text-align: justify;\"><span style=\"font-weight: 400;\">No tendr\u00e1s que preocuparte por nada, ya que nuestra experiencia incluye la organizaci\u00f3n y planificaci\u00f3n completa de la pedida de mano en Madrid. Nos ocuparemos de cada detalle para que todo salga perfecto y pod\u00e1is centraros en lo m\u00e1s importante: disfrutar del momento juntos.<\/span><\/p>\n<p style=\"text-align: justify;\"><span style=\"font-weight: 400;\">Haz de tu pedida de mano en el Palacio de Santo\u00f1a de Madrid una experiencia verdaderamente memorable, rodeado de belleza, amor y recuerdos que llevar\u00e9is en el coraz\u00f3n para siempre.\u00a0<\/span><\/p>\n<p><span style=\"font-weight: 400;\">Si quieres ver como es una pedida de mano en este rinc\u00f3n tan maravilloso, <a href=\"https:\/\/perfectvenue.es\/2024\/09\/25\/marriage-proposal-in-madrid\/\">no te pierdas esta pedida de mano en el Palacio de Santo\u00f1a en Madrid de una pareja en la capital.<\/a><\/span><\/p>\n<h3 style=\"text-align: justify;\"><span style=\"font-weight: 400;\">Lo que incluye tu pedida de mano en Madrid:<\/span><\/h3>\n<ul>\n<li><b><span style=\"font-weight: 400;\">Alquiler del Palacio de Santo\u00f1a (escalera)<\/span><\/b><\/li>\n<li>Fot\u00f3grafo<b><\/b><\/li>\n<li><b><span style=\"color: inherit; font-family: inherit; font-weight: 400;\">Ramo de flores<\/span><\/b><\/li>\n<li>Decoraci\u00f3n con flores y velas<\/li>\n<li><b style=\"color: inherit; font-family: inherit;\"><span style=\"font-weight: 400;\">Organizaci\u00f3n y planificaci\u00f3n de la pedida de mano<\/span><\/b><\/li>\n<\/ul>\n<p style=\"text-align: justify;\"><b>Precio: 2.700\u20ac<\/b><\/p>\n<h3 style=\"text-align: justify;\"><span style=\"font-weight: 400;\">Se puede a\u00f1adir:<\/span><\/h3>\n<ul style=\"text-align: justify;\">\n<li style=\"font-weight: 400;\"><span style=\"font-weight: 400;\">V\u00eddeo (consultar precio)<\/span><\/li>\n<li style=\"font-weight: 400;\"><span style=\"font-weight: 400;\">M\u00fasica en directo (consultar precio)<\/span><\/li>\n<li style=\"font-weight: 400;\"><span style=\"font-weight: 400;\">Transporte (consultar precio)<\/span><\/li>\n<li style=\"font-weight: 400;\"><span style=\"font-weight: 400;\">\u00a1Configuralo como t\u00fa quieras!<\/span><\/li>\n<\/ul>\n<h3 style=\"text-align: justify;\"><span style=\"font-weight: 400;\">Facilidad de pago<\/span><\/h3>\n<p style=\"text-align: justify;\"><span style=\"font-weight: 400;\">\u00a1S\u00ed! Y es que no es necesario pagar \u00edntegramente el importe de la pedida de mano en Madrid. Simplemente es necesario reservar con un adelanto (1.700 euros) y el resto darla en el d\u00eda del evento.<\/span><\/p>\n<p style=\"text-align: justify;\"><span style=\"font-weight: 400;\">\u00a1Comodidad para ti!<\/span><\/p>\n<p style=\"text-align: justify;\"><span style=\"font-weight: 400;\">*Las tarifas no son reembolsables si el evento se cancela por cualquier motivo.<\/span><\/p>\n<p><\/p>","protected":false},"excerpt":{"rendered":"<p style=\"text-align: justify;\"><span style=\"font-weight: 400;\">Haz tu pedida de mano en Madrid inolvidable con el alquiler del Palacio de Santo\u00f1a, un fot\u00f3grafo, un ramo de flores, y decoraci\u00f3n rom\u00e1ntica con flores y velas en la escalera del Palacio. <strong>Precio: 3500\u20ac. Es necesario formalizar la reserva con un adelanto (1.700 euros).<\/strong><\/span><\/p>\n","protected":false},"featured_media":45548,"comment_status":"closed","ping_status":"closed","template":"","meta":[],"class_list":["post-45530","product","type-product","status-publish","has-post-thumbnail","hentry","product_cat-marriage-proposal-packages","product_tag-luxury-marriage-proposal","product_tag-luxury-proposal-madrid","product_tag-madrid-marriage-proposal","product_tag-palace-marriage-proposal"],"_links":{"self":[{"href":"https:\/\/perfectvenue.es\/es\/wp-json\/wp\/v2\/product\/45530","targetHints":{"allow":["GET"]}}],"collection":[{"href":"https:\/\/perfectvenue.es\/es\/wp-json\/wp\/v2\/product"}],"about":[{"href":"https:\/\/perfectvenue.es\/es\/wp-json\/wp\/v2\/types\/product"}],"replies":[{"embeddable":true,"href":"https:\/\/perfectvenue.es\/es\/wp-json\/wp\/v2\/comments?post=45530"}],"wp:featuredmedia":[{"embeddable":true,"href":"https:\/\/perfectvenue.es\/es\/wp-json\/wp\/v2\/media\/45548"}],"wp:attachment":[{"href":"https:\/\/perfectvenue.es\/es\/wp-json\/wp\/v2\/media?parent=45530"}],"curies":[{"name":"wp","href":"https:\/\/api.w.org\/{rel}","templated":true}]}}