{"id":45478,"date":"2015-09-25T17:06:44","date_gmt":"2015-09-25T14:06:44","guid":{"rendered":"http:\/\/perfectvenue.es\/?post_type=product&#038;p=45478"},"modified":"2024-09-25T17:22:30","modified_gmt":"2024-09-25T14:22:30","slug":"extras-2-pago-pedida-mano-mimos-actuando-madrid","status":"publish","type":"product","link":"https:\/\/perfectvenue.es\/es\/product\/extras-2-pago-pedida-mano-mimos-actuando-madrid\/","title":{"rendered":"Extras y 2 pago Pedida de mano con mimos actuando en Madrid"},"content":{"rendered":"<p><\/p>\n<h3 style=\"text-align: justify;\"><span style=\"font-weight: 400;\">Lo que incluye tu pedida de mano con mimos actuando:<\/span><\/h3>\n<ul style=\"text-align: justify;\">\n<li><b><span style=\"font-weight: 400;\">Fot\u00f3grafo<\/span><\/b><\/li>\n<li><span style=\"font-weight: 400;\">Ramo de flores<\/span><\/li>\n<li><span style=\"font-weight: 400;\">Letras Marry Me\u00a0<\/span><\/li>\n<li><span style=\"font-weight: 400;\">P\u00e9talos de rosa<\/span><\/li>\n<li><span style=\"font-weight: 400;\">Mimos actuando<\/span><\/li>\n<li><span style=\"font-weight: 400;\">Organizaci\u00f3n y planificaci\u00f3n de la pedida de mano<\/span><\/li>\n<\/ul>\n<p style=\"text-align: justify;\"><b>Precio: 680\u20ac<\/b><\/p>\n<p>1 pago: 380\u20ac<\/p>\n<h3>Extras:<\/h3>\n<ul>\n<li>Video 250\u20ac<\/li>\n<\/ul>\n<p>Falta por pagar: 300\u20ac + 250\u20ac, en total 550\u20ac<\/p>","protected":false},"excerpt":{"rendered":"<p>Lo que incluye tu pedida de mano con mimos actuando: Fot\u00f3grafo Ramo de flores Letras Marry Me\u00a0 P\u00e9talos de rosa Mimos actuando Organizaci\u00f3n y planificaci\u00f3n de la pedida de mano Precio: 680\u20ac 1 pago: 380\u20ac Extras: Video 250\u20ac Falta por pagar: 300\u20ac + 250\u20ac, en total 550\u20ac<\/p>\n","protected":false},"featured_media":44535,"comment_status":"closed","ping_status":"closed","template":"","meta":[],"class_list":["post-45478","product","type-product","status-publish","has-post-thumbnail","hentry","product_cat-perfect-plan"],"jetpack_sharing_enabled":true,"_links":{"self":[{"href":"https:\/\/perfectvenue.es\/es\/wp-json\/wp\/v2\/product\/45478","targetHints":{"allow":["GET"]}}],"collection":[{"href":"https:\/\/perfectvenue.es\/es\/wp-json\/wp\/v2\/product"}],"about":[{"href":"https:\/\/perfectvenue.es\/es\/wp-json\/wp\/v2\/types\/product"}],"replies":[{"embeddable":true,"href":"https:\/\/perfectvenue.es\/es\/wp-json\/wp\/v2\/comments?post=45478"}],"wp:featuredmedia":[{"embeddable":true,"href":"https:\/\/perfectvenue.es\/es\/wp-json\/wp\/v2\/media\/44535"}],"wp:attachment":[{"href":"https:\/\/perfectvenue.es\/es\/wp-json\/wp\/v2\/media?parent=45478"}],"curies":[{"name":"wp","href":"https:\/\/api.w.org\/{rel}","templated":true}]}}