{"id":45453,"date":"2024-10-03T21:26:25","date_gmt":"2024-10-03T18:26:25","guid":{"rendered":"https:\/\/perfectvenue.es\/?post_type=product&#038;p=45453"},"modified":"2024-10-03T21:26:25","modified_gmt":"2024-10-03T18:26:25","slug":"boda-elopement-en-la-pedriza-de-madrid","status":"publish","type":"product","link":"https:\/\/perfectvenue.es\/es\/product\/boda-elopement-en-la-pedriza-de-madrid\/","title":{"rendered":"Paquete de boda elopement en La Pedriza de Madrid"},"content":{"rendered":"<p><\/p>\n<p style=\"text-align: justify;\"><span style=\"font-weight: 400;\">Este paquete de boda elopement en La Pedriza de Madrid, te invita a celebrar una ceremonia \u00edntima en uno de los parajes naturales m\u00e1s impresionantes de Espa\u00f1a. La Pedriza, situada en el coraz\u00f3n de la Sierra de Guadarrama, es conocida por sus formaciones rocosas \u00fanicas, sus vistas panor\u00e1micas y su entorno natural, lo que la convierte en el escenario perfecto para una boda llena de romanticismo y conexi\u00f3n con la naturaleza.<\/span><\/p>\n<p style=\"text-align: justify;\"><span style=\"font-weight: 400;\">Con el paquete de boda elopement en La Pedriza de Madrid, disfrutar\u00e1s de una ceremonia privada en medio de este majestuoso paisaje. La ceremonia estar\u00e1 cuidadosamente decorada para realzar la belleza del entorno, y contar\u00e1 con un maestro de ceremonias que formalizar\u00e1 vuestro enlace en un ambiente \u00edntimo y especial.<\/span><\/p>\n<p style=\"text-align: justify;\"><span style=\"font-weight: 400;\">Un fot\u00f3grafo profesional estar\u00e1 con vosotros durante 3 horas, capturando cada instante de este d\u00eda tan significativo: desde los momentos previos, el intercambio de votos, hasta las emociones compartidas tras la ceremonia. Adem\u00e1s, nos encargamos de la organizaci\u00f3n y coordinaci\u00f3n completa del d\u00eda, para que no teng\u00e1is que preocuparos de nada m\u00e1s que de disfrutar de este momento \u00fanico.<\/span><\/p>\n<p style=\"text-align: justify;\"><span style=\"font-weight: 400;\">Puedes personalizar tu boda elopement en La Pedriza a\u00f1adiendo extras como el servicio de v\u00eddeo, para capturar cada momento y revivirlo una y otra vez ; un m\u00fasico en directo, que a\u00f1adir\u00e1 un toque m\u00e1gico y rom\u00e1ntico con m\u00fasica en vivo durante la ceremonia; o transporte, para llegar c\u00f3modamente a este espectacular destino sin preocuparte por la log\u00edstica. \u00a1Configura tu boda como siempre so\u00f1aste en uno de los paisajes m\u00e1s impresionantes de Madrid!<\/span><\/p>\n<p style=\"text-align: justify;\"><span style=\"font-weight: 400;\">No te pierdas este art\u00edculo en el que te contamos c\u00f3mo fue esta <a href=\"https:\/\/perfectvenue.es\/2024\/09\/25\/boda-en-la-pedriza-de-madrid\/\">boda en La Pedriza de Madrid<\/a> de esta pareja enamorada de la sierra y del oto\u00f1o.\u00a0<\/span><\/p>\n<h3 style=\"text-align: justify;\"><span style=\"font-weight: 400;\">Lo que incluye tu boda elopement en La Pedriza de Madrid:<\/span><\/h3>\n<ul>\n<li><b><span style=\"font-weight: 400;\">Fot\u00f3grafo durante 3 horas<\/span><\/b><\/li>\n<li>Decoraci\u00f3n de la ceremonia<\/li>\n<li>Maestro de ceremonia<\/li>\n<li>Ramo de novia<\/li>\n<li>Organizaci\u00f3n y coordinaci\u00f3n del d\u00eda<\/li>\n<\/ul>\n<p><b>Precio: Desde 2.500\u20ac\u00a0<\/b><\/p>\n<h3><span style=\"font-weight: 400;\">Se puede a\u00f1adir:<\/span><\/h3>\n<ul>\n<li style=\"font-weight: 400;\"><span style=\"font-weight: 400;\">V\u00eddeo (consultar precio)<\/span><\/li>\n<li style=\"font-weight: 400;\"><span style=\"font-weight: 400;\">M\u00fasico en directo (consultar precio)<\/span><\/li>\n<li style=\"font-weight: 400;\"><span style=\"font-weight: 400;\">Transporte (consultar precio)<\/span><\/li>\n<li style=\"font-weight: 400;\"><span style=\"font-weight: 400;\">\u00a1Configuralo como t\u00fa quieras!<\/span><\/li>\n<\/ul>\n<h3><span style=\"font-weight: 400;\">Facilidad de pago<\/span><\/h3>\n<p><span style=\"font-weight: 400;\">\u00a1S\u00ed! Y es que no es necesario pagar \u00edntegramente el importe del paquete de boda elopement en La Pedriza de Madrid. Simplemente es necesario reservar con un adelanto y el resto darla en el d\u00eda del evento.<\/span><\/p>\n<p><span style=\"font-weight: 400;\">\u00a1Comodidad para ti!<\/span><\/p>\n<p><span style=\"font-weight: 400;\">*Las tarifas no son reembolsables si el evento se cancela por cualquier motivo.<\/span><\/p>","protected":false},"excerpt":{"rendered":"<p style=\"text-align: justify;\"><span style=\"font-weight: 400;\">Este paquete de boda elopement en La Pedriza, Madrid, ofrece una ceremonia \u00edntima en un entorno natural \u00fanico con organizaci\u00f3n completa, fot\u00f3grafo y maestro de ceremonias. <\/span><b>Precio: Desde 2.500\u20ac. Es necesario formalizar la reserva con un adelanto.<\/b><\/p>\n","protected":false},"featured_media":45417,"comment_status":"closed","ping_status":"closed","template":"","meta":[],"class_list":["post-45453","product","type-product","status-publish","has-post-thumbnail","hentry","product_cat-elopement-planner","product_tag-elopement-madrid","product_tag-elopement-wedding","product_tag-7768"],"_links":{"self":[{"href":"https:\/\/perfectvenue.es\/es\/wp-json\/wp\/v2\/product\/45453","targetHints":{"allow":["GET"]}}],"collection":[{"href":"https:\/\/perfectvenue.es\/es\/wp-json\/wp\/v2\/product"}],"about":[{"href":"https:\/\/perfectvenue.es\/es\/wp-json\/wp\/v2\/types\/product"}],"replies":[{"embeddable":true,"href":"https:\/\/perfectvenue.es\/es\/wp-json\/wp\/v2\/comments?post=45453"}],"wp:featuredmedia":[{"embeddable":true,"href":"https:\/\/perfectvenue.es\/es\/wp-json\/wp\/v2\/media\/45417"}],"wp:attachment":[{"href":"https:\/\/perfectvenue.es\/es\/wp-json\/wp\/v2\/media?parent=45453"}],"curies":[{"name":"wp","href":"https:\/\/api.w.org\/{rel}","templated":true}]}}