{"id":45369,"date":"2026-03-10T11:01:45","date_gmt":"2026-03-10T08:01:45","guid":{"rendered":"http:\/\/perfectvenue.es\/?post_type=product&#038;p=45369"},"modified":"2026-03-10T12:39:36","modified_gmt":"2026-03-10T09:39:36","slug":"busqueda-del-espacio-de-boda","status":"publish","type":"product","link":"https:\/\/perfectvenue.es\/es\/product\/busqueda-del-espacio-de-boda\/","title":{"rendered":"Te ayudamos en la b\u00fasqueda del espacio de boda con este paquete de servicio de wedding planner"},"content":{"rendered":"<p><\/p>\n<p style=\"text-align: justify;\"><span style=\"font-weight: 400;\">Encontrar el lugar perfecto para una boda, puede volverse todo un desaf\u00edo ya que hay un sinf\u00edn de opciones. Pero la tarea de la b\u00fasqueda del espacio de boda se complica a\u00fan m\u00e1s si se trata de un pa\u00eds que no conocemos.\u00a0<\/span><\/p>\n<p style=\"text-align: justify;\"><span style=\"font-weight: 400;\">\u00a1Pues para eso estamos nosotros! Nuestro objetivo es hacer que todo el proceso sea lo m\u00e1s sencillo posible, empezando por conocer tus necesidades. Te ofrecemos una selecci\u00f3n personalizada de opciones, detallando cada una de ellas para que puedas tomar la mejor decisi\u00f3n respecto a la b\u00fasqueda del espacio de boda.\u00a0<\/span><\/p>\n<p style=\"text-align: justify;\"><span style=\"font-weight: 400;\">Si no puedes visitar los espacios en persona, no te preocupes: nosotros lo hacemos por ti. Nos desplazamos para grabar v\u00eddeos y hacer fotos, mostrando cada rinc\u00f3n del lugar. Y si prefieres venir a verlo en directo, organizamos un tour de tres d\u00edas, visitando diferentes ubicaciones hasta que encuentres la que mejor se ajuste a tu visi\u00f3n.\u00a0<\/span><\/p>\n<p style=\"text-align: justify;\"><span style=\"font-weight: 400;\">Por ello, hemos creado este paquete de b\u00fasqueda del espacio de boda, dise\u00f1ado para hacerte la vida m\u00e1s f\u00e1cil. A continuaci\u00f3n, te contamos c\u00f3mo llevamos a cabo este proceso, ofreci\u00e9ndote un servicio completo y personalizado, adaptado a tus necesidades espec\u00edficas para que encuentres el lugar perfecto sin complicaciones.<\/span><\/p>\n<h2 style=\"text-align: justify;\"><span style=\"font-weight: 400;\">Qu\u00e9 incluye el servicio de b\u00fasqueda del espacio de boda:<\/span><\/h2>\n<p style=\"text-align: justify;\"><span style=\"font-weight: 400;\">Nuestro servicio de b\u00fasqueda del espacio de bodas se organiza en cinco sencillos pasos, que te acompa\u00f1ar\u00e1n desde la primera consulta hasta la elecci\u00f3n definitiva del lugar ideal.<\/span><\/p>\n<p style=\"text-align: justify;\"><span style=\"font-weight: 400;\">\u00a1Vamos a conocerlos!<\/span><\/p>\n<h3 style=\"text-align: justify;\"><span style=\"font-weight: 400;\">Paso uno: Comprar y rellenar cuestionario<\/span><\/h3>\n<p style=\"text-align: justify;\"><span style=\"font-weight: 400;\">Al adquirir nuestro paquete, recibir\u00e1s un correo electr\u00f3nico dentro de las siguientes 24 horas con un cuestionario detallado. Este cuestionario est\u00e1 dise\u00f1ado para recopilar informaci\u00f3n crucial sobre tus preferencias, como el pa\u00eds o la regi\u00f3n en la que deseas celebrar tu boda, las caracter\u00edsticas espec\u00edficas que valoras en el lugar, y tus posibles fechas para el evento.\u00a0<\/span><\/p>\n<p style=\"text-align: justify;\"><span style=\"font-weight: 400;\">Completar este cuestionario nos ayudar\u00e1 a entender tus necesidades y expectativas, asegurando que podamos comenzar la b\u00fasqueda del espacio ideal que se ajuste perfectamente a tu visi\u00f3n.<\/span><\/p>\n<h3 style=\"text-align: justify;\"><span style=\"font-weight: 400;\">Paso dos: Elige de entre nuestras propuestas<\/span><\/h3>\n<p style=\"text-align: justify;\"><span style=\"font-weight: 400;\">Tras recibir tu cuestionario completado, nuestro equipo se dedicar\u00e1 a elaborar una selecci\u00f3n personalizada de hasta 10 de las mejores opciones de espacios para tu boda, bas\u00e1ndonos en la informaci\u00f3n que nos proporcionaste. Este documento detallado te ser\u00e1 enviado en un plazo de siete d\u00edas h\u00e1biles.\u00a0<\/span><\/p>\n<p style=\"text-align: justify;\"><span style=\"font-weight: 400;\">Dentro de esta selecci\u00f3n, encontrar\u00e1s descripciones completas, fotos y detalles clave de cada lugar. Una vez que hayas revisado todas las opciones, te pediremos que reduzcas la lista a tus cinco espacios favoritos. Esto nos permitir\u00e1 enfocarnos en los lugares que m\u00e1s te interesan y continuar con el proceso de manera m\u00e1s precisa y eficiente.<\/span><\/p>\n<h3 style=\"text-align: justify;\"><span style=\"font-weight: 400;\">Paso tres: Te hacemos llegar toda la informaci\u00f3n<\/span><\/h3>\n<p style=\"text-align: justify;\"><span style=\"font-weight: 400;\">Tan pronto como recibamos las respuestas de los lugares que seleccionaste, nos pondremos en contacto contigo de inmediato. Te enviaremos un paquete completo con toda la informaci\u00f3n detallada sobre cada uno de los cinco espacios que elegiste.<\/span><\/p>\n<p style=\"text-align: justify;\"><span style=\"font-weight: 400;\">Esto incluir\u00e1 una hoja de c\u00e1lculo exhaustiva que comparar\u00e1 precios, disponibilidades, condiciones y los pros y los contras de cada lugar. Adem\u00e1s, te proporcionaremos detalles adicionales y cualquier informaci\u00f3n relevante que te ayude a evaluar cada opci\u00f3n de manera integral. Nuestro objetivo es ofrecerte una visi\u00f3n clara y completa para que puedas tomar una decisi\u00f3n informada y segura sobre el lugar perfecto para tu boda.<\/span><\/p>\n<h3 style=\"text-align: justify;\"><span style=\"font-weight: 400;\">Paso cuatro: Programamos visitas a los espacios<\/span><\/h3>\n<p style=\"text-align: justify;\"><span style=\"font-weight: 400;\">Si te encuentras lejos y prefieres no viajar, nosotros podemos encargarnos de visitar los espacios en persona. Realizaremos v\u00eddeos y tomaremos fotos detalladas para mostrarte c\u00f3mo son los lugares, asegur\u00e1ndonos de que tengas una visi\u00f3n clara sin necesidad de desplazarte.<\/span><\/p>\n<p style=\"text-align: justify;\"><span style=\"font-weight: 400;\">En caso de que prefieras visitar los espacios en directo, organizaremos un tour de tres d\u00edas en el que planificaremos y recorreremos los lugares seleccionados. Durante estos tres d\u00edas, nos dedicaremos a visitar cada espacio, proporcion\u00e1ndote toda la informaci\u00f3n adicional que necesites, hasta que encuentres el lugar que m\u00e1s te guste y se ajuste a tu visi\u00f3n para tu boda.<\/span><\/p>\n<h3 style=\"text-align: justify;\"><span style=\"font-weight: 400;\">Paso cinco:\u00a0<\/span><\/h3>\n<p style=\"text-align: justify;\"><span style=\"font-weight: 400;\">Una vez que hayas visitado los espacios y hayas decidido cu\u00e1l es el lugar ideal para tu boda, nos encargaremos de gestionar la reserva del lugar para ti. Trabajaremos directamente con el equipo del espacio para asegurar que la fecha y todos los detalles est\u00e9n confirmados seg\u00fan tus preferencias.<\/span><\/p>\n<p style=\"text-align: justify;\"><span style=\"font-weight: 400;\">Adem\u00e1s, te proporcionaremos los contactos del equipo de gesti\u00f3n del lugar para que puedas comunicarte con ellos directamente. A partir de este momento, podr\u00e1s coordinar todos los aspectos de tu boda con el equipo del espacio, desde los detalles log\u00edsticos hasta la planificaci\u00f3n del d\u00eda, asegur\u00e1ndonos de que todo est\u00e9 en orden para hacer de tu boda un evento inolvidable.<\/span><\/p>\n<h2 style=\"text-align: justify;\"><span style=\"font-weight: 400;\">Facilidad de pago y de reserva<\/span><\/h2>\n<p style=\"text-align: justify;\"><span style=\"font-weight: 400;\">Para tu comodidad, ofrecemos una opci\u00f3n de pago sencilla para tu b\u00fasqueda del espacio de boda: con un solo clic puedes abonar el adelanto de 1.000 \u20ac que se descontar\u00e1n del coste total del servicio. As\u00ed, podr\u00e1s asegurar tu reserva de manera r\u00e1pida y sin complicaciones.<\/span><\/p>\n<p style=\"text-align: justify;\"><span style=\"font-weight: 400;\">Si est\u00e1s interesado en nuestro servicio de b\u00fasqueda de espacios, o en el paquete completo de planificaci\u00f3n de bodas, o si tienes alguna pregunta, no dudes en contactarnos a trav\u00e9s del correo electr\u00f3nico: <\/span><a href=\"mailto:info@perfectvenue.es\"><span style=\"font-weight: 400;\">info@perfectvenue.es<\/span><\/a><span style=\"font-weight: 400;\">. Estamos aqu\u00ed para ayudarte a hacer realidad el d\u00eda de tus sue\u00f1os.<\/span><\/p>\n<p><\/p>","protected":false},"excerpt":{"rendered":"<p style=\"text-align: justify;\"><span style=\"font-weight: 400;\">Hemos creado este paquete de b\u00fasqueda del espacio de boda, dise\u00f1ado para ofrecerte un servicio completo y personalizado para tu gran d\u00eda.\u00a0 <strong>Es necesario reservar con un adelanto de 1.000\u20ac.<\/strong><\/span><\/p>\n","protected":false},"featured_media":43438,"comment_status":"closed","ping_status":"closed","template":"","meta":[],"class_list":["post-45369","product","type-product","status-publish","has-post-thumbnail","hentry","product_cat-perfect-plan","product_tag-venue-finder-services","product_tag-venue-search","product_tag-7748"],"_links":{"self":[{"href":"https:\/\/perfectvenue.es\/es\/wp-json\/wp\/v2\/product\/45369","targetHints":{"allow":["GET"]}}],"collection":[{"href":"https:\/\/perfectvenue.es\/es\/wp-json\/wp\/v2\/product"}],"about":[{"href":"https:\/\/perfectvenue.es\/es\/wp-json\/wp\/v2\/types\/product"}],"replies":[{"embeddable":true,"href":"https:\/\/perfectvenue.es\/es\/wp-json\/wp\/v2\/comments?post=45369"}],"wp:featuredmedia":[{"embeddable":true,"href":"https:\/\/perfectvenue.es\/es\/wp-json\/wp\/v2\/media\/43438"}],"wp:attachment":[{"href":"https:\/\/perfectvenue.es\/es\/wp-json\/wp\/v2\/media?parent=45369"}],"curies":[{"name":"wp","href":"https:\/\/api.w.org\/{rel}","templated":true}]}}