{"id":45274,"date":"2024-11-21T17:32:24","date_gmt":"2024-11-21T14:32:24","guid":{"rendered":"https:\/\/perfectvenue.es\/?post_type=product&#038;p=45274"},"modified":"2024-11-21T17:33:59","modified_gmt":"2024-11-21T14:33:59","slug":"pedida-de-mano-en-un-castillo-de-girona","status":"publish","type":"product","link":"https:\/\/perfectvenue.es\/es\/product\/pedida-de-mano-en-un-castillo-de-girona\/","title":{"rendered":"Pedida de mano en un castillo de Girona"},"content":{"rendered":"<p><\/p>\n<p style=\"text-align: justify;\"><span style=\"font-weight: 400;\">Una pedida de mano en un castillo de Girona es una manera espectacular de hacer que tu propuesta sea realmente inolvidable. Disfruta del alquiler exclusivo de un castillo medieval, donde el entorno majestuoso y la historia se mezclan para ofrecerte el escenario perfecto para un momento tan especial.\u00a0<\/span><\/p>\n<p style=\"text-align: justify;\"><span style=\"font-weight: 400;\">Nuestro paquete para una pedida de mano en un castillo de Gerona incluye todo lo necesario para que todo salga perfecto. Tendr\u00e1s una decoraci\u00f3n floral elegante que har\u00e1 que el lugar luzca a\u00fan m\u00e1s encantador. Adem\u00e1s, nos ocupamos de todos los gastos de planificaci\u00f3n para que solo te concentres en disfrutar del d\u00eda.<\/span><\/p>\n<p style=\"text-align: justify;\"><span style=\"font-weight: 400;\">Tambi\u00e9n podr\u00e1s deleitar a tu pareja con una sesi\u00f3n de fotos de compromiso, capturando cada instante m\u00e1gico de la pedida de mano en un castillo de Gerona. Y para a\u00f1adir un toque extra de sofisticaci\u00f3n, un violinista estar\u00e1 presente para tocar la m\u00fasica que elijas, creando una atm\u00f3sfera rom\u00e1ntica y \u00fanica.<\/span><\/p>\n<p style=\"text-align: justify;\"><span style=\"font-weight: 400;\">Para completar la experiencia, recibir\u00e1s un ramo de flores hermoso para que entregues a tu pareja, que har\u00e1 que la ocasi\u00f3n sea a\u00fan m\u00e1s especial. Con este paquete, tu pedida de mano en un castillo de Gerona ser\u00e1 un evento verdaderamente memorable, lleno de elegancia, romance y magia.<\/span><\/p>\n<h3 style=\"text-align: justify;\"><span style=\"font-weight: 400;\">Lo que incluye tu pedida de mano en un castillo de Girona:<\/span><\/h3>\n<ul style=\"text-align: justify;\">\n<li style=\"font-weight: 400;\"><span style=\"font-weight: 400;\">Alquiler del castillo<\/span><\/li>\n<li style=\"font-weight: 400;\"><span style=\"font-weight: 400;\">Decoraci\u00f3n con flores<\/span><\/li>\n<li style=\"font-weight: 400;\"><span style=\"font-weight: 400;\">Fot\u00f3grafo<\/span><\/li>\n<li style=\"font-weight: 400;\"><span style=\"font-weight: 400;\">Ramo de flores<\/span><\/li>\n<li style=\"font-weight: 400;\"><span style=\"font-weight: 400;\">Viol\u00edn en directo<\/span><\/li>\n<li style=\"font-weight: 400;\"><span style=\"font-weight: 400;\">Organizaci\u00f3n y planificaci\u00f3n de la pedida de mano<\/span><\/li>\n<\/ul>\n<p style=\"text-align: justify;\"><b>Precio: 1650\u20ac<\/b><\/p>\n<h3 style=\"text-align: justify;\"><span style=\"font-weight: 400;\">Se puede a\u00f1adir:<\/span><\/h3>\n<ul style=\"text-align: justify;\">\n<li style=\"font-weight: 400;\"><span style=\"font-weight: 400;\">V\u00eddeo (consultar precio)<\/span><\/li>\n<li style=\"font-weight: 400;\"><span style=\"font-weight: 400;\">Botella de cava (consultar precio)<\/span><\/li>\n<li style=\"font-weight: 400;\"><span style=\"font-weight: 400;\">Transporte (consultar precio)<\/span><\/li>\n<li style=\"font-weight: 400;\"><span style=\"font-weight: 400;\">\u00a1Configuralo como t\u00fa quieras!<\/span><\/li>\n<\/ul>\n<h3 style=\"text-align: justify;\"><span style=\"font-weight: 400;\">Facilidad de pago<\/span><\/h3>\n<p style=\"text-align: justify;\"><span style=\"font-weight: 400;\">\u00a1S\u00ed! Y es que no es necesario pagar \u00edntegramente el importe de la experiencia. Simplemente es necesario reservar con un adelanto y el resto darla en el d\u00eda del evento.<\/span><\/p>\n<p style=\"text-align: justify;\"><span style=\"font-weight: 400;\">\u00a1Comodidad para ti!<\/span><\/p>\n<p style=\"text-align: justify;\"><span style=\"font-weight: 400;\">*Las tarifas no son reembolsables si el evento se cancela por cualquier motivo.<\/span><\/p>\n<p><\/p>","protected":false},"excerpt":{"rendered":"<p><span style=\"font-weight: 400;\">Disfruta de una pedida de mano en un castillo de Gerona con alquiler exclusivo del castillo, decoraci\u00f3n floral, ramo de flores, sesi\u00f3n de fotos de compromiso y m\u00fasica en vivo con un violinista. <\/span><b>Precio: 1650\u20ac. Es necesario formalizar la reserva con un adelanto.<\/b><\/p>\n","protected":false},"featured_media":43193,"comment_status":"closed","ping_status":"closed","template":"","meta":[],"class_list":["post-45274","product","type-product","status-publish","has-post-thumbnail","hentry","product_cat-marriage-proposal-packages"],"_links":{"self":[{"href":"https:\/\/perfectvenue.es\/es\/wp-json\/wp\/v2\/product\/45274","targetHints":{"allow":["GET"]}}],"collection":[{"href":"https:\/\/perfectvenue.es\/es\/wp-json\/wp\/v2\/product"}],"about":[{"href":"https:\/\/perfectvenue.es\/es\/wp-json\/wp\/v2\/types\/product"}],"replies":[{"embeddable":true,"href":"https:\/\/perfectvenue.es\/es\/wp-json\/wp\/v2\/comments?post=45274"}],"wp:featuredmedia":[{"embeddable":true,"href":"https:\/\/perfectvenue.es\/es\/wp-json\/wp\/v2\/media\/43193"}],"wp:attachment":[{"href":"https:\/\/perfectvenue.es\/es\/wp-json\/wp\/v2\/media?parent=45274"}],"curies":[{"name":"wp","href":"https:\/\/api.w.org\/{rel}","templated":true}]}}