{"id":45272,"date":"2025-09-30T12:50:11","date_gmt":"2025-09-30T09:50:11","guid":{"rendered":"https:\/\/perfectvenue.es\/?post_type=product&#038;p=45272"},"modified":"2026-03-10T14:36:25","modified_gmt":"2026-03-10T11:36:25","slug":"pedida-de-mano-en-un-velero","status":"publish","type":"product","link":"https:\/\/perfectvenue.es\/es\/product\/pedida-de-mano-en-un-velero\/","title":{"rendered":"Pedida de mano en un velero en Barcelona de lo m\u00e1s rom\u00e1ntico"},"content":{"rendered":"<p><span style=\"font-weight: 400;\">La pedida de mano en un velero en Barcelona es la manera perfecta de darle a tu propuesta un toque inolvidable. Disfruta de un paseo en velero de 2 horas por las aguas de Barcelona, con snacks y cava a bordo para que la experiencia sea a\u00fan m\u00e1s especial. Mientras navegas, el entorno perfecto se combina con la magia de la propuesta.<\/span><\/p>\n<p><span style=\"font-weight: 400;\">Nuestro paquete para una pedida de mano en un velero en Barcelona incluye todo lo necesario para que tu momento sea perfecto. Contar\u00e1s con decoraci\u00f3n con p\u00e9talos de rosa para darle un toque rom\u00e1ntico al ambiente. Adem\u00e1s, nos encargamos de los gastos de planificaci\u00f3n para que puedas relajarte y concentrarte en disfrutar del viaje y el momento.<\/span><\/p>\n<p><span style=\"font-weight: 400;\">Tambi\u00e9n ofrecemos una sesi\u00f3n de fotos de compromiso para capturar cada instante de la pedida de mano en un velero en Barcelona. Cada detalle de tu propuesta quedar\u00e1 inmortalizado en im\u00e1genes hermosas que podr\u00e9is conservar para siempre.<\/span><\/p>\n<p><span style=\"font-weight: 400;\">Regala a tu pareja un tour privado en velero y sorpr\u00e9ndela con una propuesta de matrimonio realmente personal. Con este paquete, la pedida de mano en un velero en Barcelona ser\u00e1 una experiencia memorable y llena de encanto que ambos recordar\u00e9is siempre. \u00a1Un d\u00eda perfecto en el mar para un momento inolvidable!<\/span><\/p>\n<h3><span style=\"font-weight: 400;\">Lo que incluye tu pedida de mano en un velero:<\/span><\/h3>\n<p>&nbsp;<\/p>\n<ul>\n<li><b><span style=\"font-weight: 400;\">Paseo en velero de 2 horas<\/span><\/b><\/li>\n<li><span style=\"font-weight: 400;\">Fot\u00f3grafo<\/span><\/li>\n<li><span style=\"font-weight: 400;\">Snacks y cava a bordo<\/span><\/li>\n<li><span style=\"font-weight: 400;\">Decoraci\u00f3n con p\u00e9talos de rosa<\/span><\/li>\n<li><span style=\"font-weight: 400;\">Organizaci\u00f3n y planificaci\u00f3n de la pedida de mano<\/span><\/li>\n<\/ul>\n<p>&nbsp;<\/p>\n<p><b>Precio: desde 1250\u20ac + IVA<\/b><\/p>\n<h3><span style=\"font-weight: 400;\">Se puede a\u00f1adir:<\/span><\/h3>\n<ul>\n<li style=\"font-weight: 400;\"><span style=\"font-weight: 400;\">V\u00eddeo (consultar precio)<\/span><\/li>\n<li style=\"font-weight: 400;\"><span style=\"font-weight: 400;\">M\u00fasica en directo (consultar precio)<\/span><\/li>\n<li style=\"font-weight: 400;\"><span style=\"font-weight: 400;\">Ramo de flores (consultar precio)<\/span><\/li>\n<li style=\"font-weight: 400;\"><span style=\"font-weight: 400;\">Transporte (consultar precio)<\/span><\/li>\n<li style=\"font-weight: 400;\"><span style=\"font-weight: 400;\">\u00a1Configuralo como t\u00fa quieras!<\/span><\/li>\n<\/ul>\n<h3><span style=\"font-weight: 400;\">Facilidad de pago<\/span><\/h3>\n<p><span style=\"font-weight: 400;\">\u00a1S\u00ed! Y es que no es necesario pagar \u00edntegramente el importe de la experiencia. Simplemente es necesario reservar con un adelanto y el resto darla en el d\u00eda del evento.<\/span><\/p>\n<p><span style=\"font-weight: 400;\">\u00a1Comodidad para ti!<\/span><\/p>\n<p><span style=\"font-weight: 400;\">*Las tarifas no son reembolsables si el evento se cancela por cualquier motivo.<\/span><\/p>","protected":false},"excerpt":{"rendered":"<p style=\"text-align: justify;\"><span style=\"font-weight: 400;\">Disfruta de una pedida de mano en un velero en Barcelona con un paseo de 2 horas, snacks y cava a bordo, decoraci\u00f3n con p\u00e9talos de rosa, y una sesi\u00f3n de fotos de compromiso. <\/span><b>Precio: desde 1250\u20ac + IVA. Es necesario formalizar la reserva con un adelanto.<\/b><\/p>\n","protected":false},"featured_media":51409,"comment_status":"closed","ping_status":"closed","template":"","meta":[],"class_list":["post-45272","product","type-product","status-publish","has-post-thumbnail","hentry","product_cat-marriage-proposal-packages","product_tag-barcelona-proposal","product_tag-marriage-proposal-in-barcelona-on-a-sailboat","product_tag-pedida-de-mano-barcelona"],"_links":{"self":[{"href":"https:\/\/perfectvenue.es\/es\/wp-json\/wp\/v2\/product\/45272","targetHints":{"allow":["GET"]}}],"collection":[{"href":"https:\/\/perfectvenue.es\/es\/wp-json\/wp\/v2\/product"}],"about":[{"href":"https:\/\/perfectvenue.es\/es\/wp-json\/wp\/v2\/types\/product"}],"replies":[{"embeddable":true,"href":"https:\/\/perfectvenue.es\/es\/wp-json\/wp\/v2\/comments?post=45272"}],"wp:featuredmedia":[{"embeddable":true,"href":"https:\/\/perfectvenue.es\/es\/wp-json\/wp\/v2\/media\/51409"}],"wp:attachment":[{"href":"https:\/\/perfectvenue.es\/es\/wp-json\/wp\/v2\/media?parent=45272"}],"curies":[{"name":"wp","href":"https:\/\/api.w.org\/{rel}","templated":true}]}}