{"id":45203,"date":"2025-09-30T12:49:28","date_gmt":"2025-09-30T09:49:28","guid":{"rendered":"https:\/\/perfectvenue.es\/?post_type=product&#038;p=45203"},"modified":"2026-02-17T12:07:22","modified_gmt":"2026-02-17T09:07:22","slug":"pedida-de-mano-en-una-habitacion-de-hotel-4","status":"publish","type":"product","link":"https:\/\/perfectvenue.es\/es\/product\/pedida-de-mano-en-una-habitacion-de-hotel-4\/","title":{"rendered":"Pedida de mano en una habitaci\u00f3n de hotel de Barcelona"},"content":{"rendered":"<p><\/p>\n<p style=\"text-align: justify;\"><span style=\"font-weight: 400;\">Una pedida de mano en una habitaci\u00f3n de hotel de Barcelona es la manera perfecta de hacer que tu propuesta sea \u00edntima y especial. Reserva una habitaci\u00f3n elegante en uno de los mejores hoteles de la ciudad, donde podr\u00e1s disfrutar de un ambiente exclusivo y acogedor mientras te preparas para el gran momento.<\/span><\/p>\n<p style=\"text-align: justify;\"><span style=\"font-weight: 400;\">Nuestro paquete para una pedida de mano en una habitaci\u00f3n de hotel de Barcelona incluye todo lo necesario para que tu propuesta salga perfecta. Contar\u00e1s con un fot\u00f3grafo profesional para capturar cada instante, desde la sorpresa en los ojos de tu pareja hasta la alegr\u00eda del \u201cs\u00ed\u201d. Adem\u00e1s, recibir\u00e1s un ramo de flores hermoso que a\u00f1adir\u00e1 un toque rom\u00e1ntico a tu propuesta.<\/span><\/p>\n<p style=\"text-align: justify;\"><span style=\"font-weight: 400;\">Las letras &#8220;Marry Me&#8221; ser\u00e1n el centro de atenci\u00f3n, creando el fondo perfecto para el momento de la propuesta. Y para que no te tengas que preocupar por nada, nos encargamos de toda la organizaci\u00f3n y planificaci\u00f3n de la pedida de mano en una habitaci\u00f3n de hotel de Barcelona, asegurando que cada detalle sea perfecto.<\/span><\/p>\n<p style=\"text-align: justify;\"><span style=\"font-weight: 400;\">Con este paquete, tu pedida de mano en una habitaci\u00f3n de hotel de Barcelona ser\u00e1 un evento exclusivo y lleno de encanto. Disfruta de una propuesta \u00edntima y bien organizada, con la magia de una habitaci\u00f3n de hotel elegante, y deja que cada detalle haga de tu momento algo realmente especial.<\/span><\/p>\n<h3 style=\"text-align: justify;\"><span style=\"font-weight: 400;\">Lo que incluye tu pedida de mano en una habitaci\u00f3n de hotel:<\/span><\/h3>\n<ul style=\"text-align: justify;\">\n<li><b><span style=\"font-weight: 400;\">Fot\u00f3grafo<\/span><\/b><\/li>\n<li><span style=\"font-weight: 400;\">Decoraci\u00f3n con p\u00e9talos de rosas<\/span><\/li>\n<li><span style=\"font-weight: 400;\">Ramo de flores<\/span><\/li>\n<li><span style=\"font-weight: 400;\">Letras Marry Me (40cm)<\/span><\/li>\n<li><span style=\"font-weight: 400;\">Organizaci\u00f3n y planificaci\u00f3n de la pedida de mano<\/span><\/li>\n<\/ul>\n<p style=\"text-align: justify;\"><b>Precio: 880\u20ac + IVA<\/b><\/p>\n<h3 style=\"text-align: justify;\"><span style=\"font-weight: 400;\">Se puede a\u00f1adir:<\/span><\/h3>\n<ul style=\"text-align: justify;\">\n<li style=\"font-weight: 400;\"><span style=\"font-weight: 400;\">V\u00eddeo (consultar precio)<\/span><\/li>\n<li style=\"font-weight: 400;\"><span style=\"font-weight: 400;\">M\u00fasica en directo (consultar precio)<\/span><\/li>\n<li style=\"font-weight: 400;\"><span style=\"font-weight: 400;\">Botella de cava (consultar precio)<\/span><\/li>\n<li style=\"font-weight: 400;\"><span style=\"font-weight: 400;\">Transporte (consultar precio)<\/span><\/li>\n<li style=\"font-weight: 400;\"><span style=\"font-weight: 400;\">\u00a1Configuralo como t\u00fa quieras!<\/span><\/li>\n<\/ul>\n<h3 style=\"text-align: justify;\"><span style=\"font-weight: 400;\">Facilidad de pago<\/span><\/h3>\n<p style=\"text-align: justify;\"><span style=\"font-weight: 400;\">\u00a1S\u00ed! Y es que no es necesario pagar \u00edntegramente el importe de la experiencia. Simplemente es necesario reservar con un adelanto y el resto darla en el d\u00eda del evento.<\/span><\/p>\n<p style=\"text-align: justify;\"><span style=\"font-weight: 400;\">\u00a1Comodidad para ti!<\/span><\/p>\n<p style=\"text-align: justify;\"><span style=\"font-weight: 400;\">*Las tarifas no son reembolsables si el evento se cancela por cualquier motivo.<\/span><\/p>\n<p><\/p>","protected":false},"excerpt":{"rendered":"<p><span style=\"font-weight: 400;\">Disfruta de una pedida de mano en una habitaci\u00f3n de hotel de Barcelona con fot\u00f3grafo, ramo de flores, letras &#8220;Marry Me&#8221; y toda la organizaci\u00f3n incluida. <\/span><b>Precio: 880\u20ac + IVA. Es necesario formalizar la reserva con un adelanto.<\/b><\/p>\n","protected":false},"featured_media":51397,"comment_status":"closed","ping_status":"closed","template":"","meta":[],"class_list":["post-45203","product","type-product","status-publish","has-post-thumbnail","hentry","product_cat-marriage-proposal-packages"],"_links":{"self":[{"href":"https:\/\/perfectvenue.es\/es\/wp-json\/wp\/v2\/product\/45203","targetHints":{"allow":["GET"]}}],"collection":[{"href":"https:\/\/perfectvenue.es\/es\/wp-json\/wp\/v2\/product"}],"about":[{"href":"https:\/\/perfectvenue.es\/es\/wp-json\/wp\/v2\/types\/product"}],"replies":[{"embeddable":true,"href":"https:\/\/perfectvenue.es\/es\/wp-json\/wp\/v2\/comments?post=45203"}],"wp:featuredmedia":[{"embeddable":true,"href":"https:\/\/perfectvenue.es\/es\/wp-json\/wp\/v2\/media\/51397"}],"wp:attachment":[{"href":"https:\/\/perfectvenue.es\/es\/wp-json\/wp\/v2\/media?parent=45203"}],"curies":[{"name":"wp","href":"https:\/\/api.w.org\/{rel}","templated":true}]}}