{"id":45191,"date":"2019-09-09T18:39:57","date_gmt":"2019-09-09T15:39:57","guid":{"rendered":"http:\/\/perfectvenue.es\/?post_type=product&#038;p=45191"},"modified":"2025-04-03T16:45:22","modified_gmt":"2025-04-03T13:45:22","slug":"wedding-planner-course-2-payment","status":"publish","type":"product","link":"https:\/\/perfectvenue.es\/es\/product\/wedding-planner-course-2-payment\/","title":{"rendered":"Curso Destination wedding planner. 2 pago"},"content":{"rendered":"<p><\/p>\n<p style=\"text-align: justify;\">El curso de organizador de bodas ser\u00e1 impartido por la fundadora de <a href=\"https:\/\/nataliaortizevents.com\">Weddings and Events by Natalia Ortiz<\/a> y el equipo de Perfect Venue.<\/p>\n<p style=\"text-align: justify;\">Natalia Ortiz es la directora de Weddings and Events by Natalia Ortiz, que lleva m\u00e1s de 15 a\u00f1os trabajando en el sector de la organizaci\u00f3n de bodas y eventos. El trabajo de Natalia Ortiz ha sido publicado en los mejores blogs de bodas internacionales como Green Wedding Shoes, BLOVED, Bridal Musings y muchos m\u00e1s. Por ello, al ser reconocida en diferentes partes del mundo, muchos de sus clientes provienen de diferentes pa\u00edses como EEUU, Reino Unido, Australia, Francia, M\u00e9xico, etc.<\/p>\n<p style=\"text-align: justify;\">Y despu\u00e9s de este curso&#8230;. \u00a1T\u00fa tambi\u00e9n podr\u00e1s convertirte en un profesional m\u00e1s de tu sector!<\/p>\n<p style=\"text-align: justify;\">Coste del curso: 2.500 euros.<\/p>\n<p style=\"text-align: justify;\">Para reservar el curso, se paga el deposito de 500 euros, 2 pago 1 de abril (1.000 euros) y la cantidad restante &#8211; 1 de mayo.<\/p>\n<p><\/p>","protected":false},"excerpt":{"rendered":"<p style=\"text-align: justify;\">El curso de organizador de bodas ser\u00e1 impartido por la fundadora de <a href=\"https:\/\/nataliaortizevents.com\">Weddings and Events by Natalia Ortiz<\/a> y el equipo de Perfect Venue.<\/p>\n","protected":false},"featured_media":37551,"comment_status":"closed","ping_status":"closed","template":"","meta":[],"class_list":["post-45191","product","type-product","status-publish","has-post-thumbnail","hentry","product_cat-workshops","product_tag-destination-wedding-planning","product_tag-wedding-planner-curso"],"jetpack_sharing_enabled":true,"_links":{"self":[{"href":"https:\/\/perfectvenue.es\/es\/wp-json\/wp\/v2\/product\/45191","targetHints":{"allow":["GET"]}}],"collection":[{"href":"https:\/\/perfectvenue.es\/es\/wp-json\/wp\/v2\/product"}],"about":[{"href":"https:\/\/perfectvenue.es\/es\/wp-json\/wp\/v2\/types\/product"}],"replies":[{"embeddable":true,"href":"https:\/\/perfectvenue.es\/es\/wp-json\/wp\/v2\/comments?post=45191"}],"wp:featuredmedia":[{"embeddable":true,"href":"https:\/\/perfectvenue.es\/es\/wp-json\/wp\/v2\/media\/37551"}],"wp:attachment":[{"href":"https:\/\/perfectvenue.es\/es\/wp-json\/wp\/v2\/media?parent=45191"}],"curies":[{"name":"wp","href":"https:\/\/api.w.org\/{rel}","templated":true}]}}