{"id":45185,"date":"2025-09-30T12:49:03","date_gmt":"2025-09-30T09:49:03","guid":{"rendered":"https:\/\/perfectvenue.es\/?post_type=product&#038;p=45185"},"modified":"2025-09-30T12:49:06","modified_gmt":"2025-09-30T09:49:06","slug":"pedida-de-mano-con-mimos-en-barcelona","status":"publish","type":"product","link":"https:\/\/perfectvenue.es\/es\/product\/pedida-de-mano-con-mimos-en-barcelona\/","title":{"rendered":"Pedida de mano con mimos en Barcelona"},"content":{"rendered":"<p><\/p>\n<p style=\"text-align: justify;\"><span style=\"font-weight: 400;\">Haz tu pedida de mano con mimos en Barcelona de una manera \u00fanica y divertida que seguro sorprender\u00e1 a tu pareja. Imagina la escena: mientras te preparas para hacer la gran pregunta, dos mimos se acercan y a\u00f1aden un toque de magia y diversi\u00f3n a tu propuesta. Es una forma original de hacer que este momento sea a\u00fan m\u00e1s especial y memorable.<\/span><\/p>\n<p style=\"text-align: justify;\"><span style=\"font-weight: 400;\">Nuestro pack para una pedida de mano con mimos en Barcelona incluye todo lo necesario para que tu propuesta sea un \u00e9xito. Tendr\u00e1s la decoraci\u00f3n espec\u00edfica que elijas, como globos y otros detalles personalizados, para que el ambiente sea perfecto. Adem\u00e1s, nos encargamos de todos los gastos de organizaci\u00f3n para que solo te centres en disfrutar del momento.<\/span><\/p>\n<p style=\"text-align: justify;\"><span style=\"font-weight: 400;\">No olvides que tambi\u00e9n incluimos una sesi\u00f3n de fotos de compromiso para capturar cada instante de la pedida de mano con mimos en Barcelona. Despu\u00e9s de la propuesta, podr\u00e1s revivir la emoci\u00f3n del d\u00eda con unas fotos preciosas que recordar\u00e1n para siempre este momento tan especial.<\/span><\/p>\n<p style=\"text-align: justify;\"><span style=\"font-weight: 400;\">Con este paquete, tu pedida de mano con mimos en Barcelona ser\u00e1 una experiencia inolvidable. Disfruta de una propuesta divertida, original y perfectamente organizada, con la magia de los mimos y una sesi\u00f3n de fotos que har\u00e1 que cada detalle quede registrado para siempre. \u00a1Haz de tu pedida de mano un evento realmente \u00fanico y original!<\/span><\/p>\n<h3 style=\"text-align: justify;\"><span style=\"font-weight: 400;\">Lo que incluye tu pedida de mano con mimos en Barcelona:<\/span><\/h3>\n<ul style=\"text-align: justify;\">\n<li><b><span style=\"font-weight: 400;\">Fot\u00f3grafo<\/span><\/b><\/li>\n<li><span style=\"font-weight: 400;\">Decoraci\u00f3n con p\u00e9talos de rosas<\/span><\/li>\n<li><span style=\"font-weight: 400;\">2 mimos actuando<\/span><\/li>\n<li><span style=\"font-weight: 400;\">Organizaci\u00f3n y planificaci\u00f3n de la pedida de mano<\/span><\/li>\n<\/ul>\n<p style=\"text-align: justify;\"><b>Precio: 850\u20ac + IVA<\/b><\/p>\n<h3 style=\"text-align: justify;\"><span style=\"font-weight: 400;\">Se puede a\u00f1adir:<\/span><\/h3>\n<ul style=\"text-align: justify;\">\n<li style=\"font-weight: 400;\"><span style=\"font-weight: 400;\">V\u00eddeo (consultar precio)<\/span><\/li>\n<li style=\"font-weight: 400;\"><span style=\"font-weight: 400;\">M\u00fasica en directo (consultar precio)<\/span><\/li>\n<li style=\"font-weight: 400;\"><span style=\"font-weight: 400;\">Ramo de flores (consultar precio)<\/span><\/li>\n<li style=\"font-weight: 400;\"><span style=\"font-weight: 400;\">Botella de cava\u00a0 (consultar precio)<\/span><\/li>\n<li style=\"font-weight: 400;\"><span style=\"font-weight: 400;\">Transporte (consultar precio)<\/span><\/li>\n<li style=\"font-weight: 400;\"><span style=\"font-weight: 400;\">\u00a1Configuralo como t\u00fa quieras!<\/span><\/li>\n<\/ul>\n<h3 style=\"text-align: justify;\"><span style=\"font-weight: 400;\">Facilidad de pago<\/span><\/h3>\n<p style=\"text-align: justify;\"><span style=\"font-weight: 400;\">\u00a1S\u00ed! Y es que no es necesario pagar \u00edntegramente el importe de la experiencia. Simplemente es necesario reservar con un adelanto y el resto darla en el d\u00eda del evento.<\/span><\/p>\n<p style=\"text-align: justify;\"><span style=\"font-weight: 400;\">\u00a1Comodidad para ti!<\/span><\/p>\n<p style=\"text-align: justify;\"><span style=\"font-weight: 400;\">*Las tarifas no son reembolsables si el evento se cancela por cualquier motivo.<\/span><\/p>\n<p><\/p>","protected":false},"excerpt":{"rendered":"<p><span style=\"font-weight: 400;\">Haz tu pedida de mano con mimos en Barcelona con un paquete que incluye decoraci\u00f3n personalizada, dos mimos para a\u00f1adir diversi\u00f3n y una sesi\u00f3n de fotos de compromiso. <\/span><b>Precio: 850\u20ac + IVA. Es necesario formalizar la reserva con un adelanto.<\/b><\/p>\n","protected":false},"featured_media":51394,"comment_status":"closed","ping_status":"closed","template":"","meta":[],"class_list":["post-45185","product","type-product","status-publish","has-post-thumbnail","hentry","product_cat-marriage-proposal-packages"],"_links":{"self":[{"href":"https:\/\/perfectvenue.es\/es\/wp-json\/wp\/v2\/product\/45185","targetHints":{"allow":["GET"]}}],"collection":[{"href":"https:\/\/perfectvenue.es\/es\/wp-json\/wp\/v2\/product"}],"about":[{"href":"https:\/\/perfectvenue.es\/es\/wp-json\/wp\/v2\/types\/product"}],"replies":[{"embeddable":true,"href":"https:\/\/perfectvenue.es\/es\/wp-json\/wp\/v2\/comments?post=45185"}],"wp:featuredmedia":[{"embeddable":true,"href":"https:\/\/perfectvenue.es\/es\/wp-json\/wp\/v2\/media\/51394"}],"wp:attachment":[{"href":"https:\/\/perfectvenue.es\/es\/wp-json\/wp\/v2\/media?parent=45185"}],"curies":[{"name":"wp","href":"https:\/\/api.w.org\/{rel}","templated":true}]}}