{"id":44809,"date":"2024-08-22T18:33:35","date_gmt":"2024-08-22T15:33:35","guid":{"rendered":"http:\/\/perfectvenue.es\/?post_type=product&#038;p=44809"},"modified":"2026-02-16T22:25:46","modified_gmt":"2026-02-16T19:25:46","slug":"marriage-proposal-in-marbella-with-a-picnic-and-sea-views","status":"publish","type":"product","link":"https:\/\/perfectvenue.es\/es\/product\/marriage-proposal-in-marbella-with-a-picnic-and-sea-views\/","title":{"rendered":"Pedida de mano con picnic y vistas al mar en Marbella"},"content":{"rendered":"<p><\/p>\n<p style=\"text-align: justify;\">Una pedida de mano en Marbella con un picnic frente al mar es la combinaci\u00f3n perfecta de romance y sabor. Todo estar\u00e1 preparado al detalle: un picnic decorado con flores s\u00faper rom\u00e1nticas y un fot\u00f3grafo profesional para capturar cada momento, asegurando que tengas un recuerdo precioso de este d\u00eda tan especial.<\/p>\n<p style=\"text-align: justify;\">El lugar ideal ser\u00e1 una de las calas m\u00e1s tranquilas y menos transitadas de Marbella, un rinc\u00f3n secreto lejos del bullicio y los ni\u00f1os, donde la tranquilidad y la belleza natural crear\u00e1n el ambiente perfecto para tu propuesta. Con privacidad y un paisaje espectacular, todo ser\u00e1 a\u00fan m\u00e1s m\u00e1gico.<\/p>\n<p style=\"text-align: justify;\">Disfrutar\u00e1s de s\u00e1ndwiches gourmet, fresas frescas, uvas jugosas y un toque de chocolate, y para brindar por el gran momento, tendr\u00e1s una botella de vino, champ\u00e1n o cava, \u00a1t\u00fa eliges! Las burbujas a\u00f1adir\u00e1n el toque de celebraci\u00f3n perfecto, y en un entorno tan id\u00edlico, \u00a1es imposible que te diga que no!<\/p>\n<p style=\"text-align: justify;\">Nos encargamos de todo: desde la decoraci\u00f3n con cojines, la mesa de picnic, platos y cubiertos, hasta cada peque\u00f1o detalle, para que tu propuesta de matrimonio sea tan inolvidable como la so\u00f1aste.<\/p>\n<h3 style=\"text-align: justify;\"><span style=\"font-weight: 400;\">Lo que incluye tu pedida de mano en Marbella:<\/span><\/h3>\n<ul style=\"text-align: justify;\">\n<li><b><span style=\"font-weight: 400;\">Fot\u00f3grafo<\/span><\/b><\/li>\n<li><span style=\"font-weight: 400;\">Picnic (fruta, cava, almohadas\/cojines\/ mesa de picnic, platos y cubiertos)<\/span><\/li>\n<li>Decoracion con pequilas letras Marry Me<\/li>\n<li><span style=\"font-weight: 400;\">Ramo de flores<\/span><\/li>\n<li><span style=\"font-weight: 400;\">Organizaci\u00f3n y planificaci\u00f3n de la pedida de mano<\/span><\/li>\n<\/ul>\n<p style=\"text-align: justify;\"><b>Precio a consultar<\/b><\/p>\n<h3 style=\"text-align: justify;\"><span style=\"font-weight: 400;\">Se puede a\u00f1adir:<\/span><\/h3>\n<ul style=\"text-align: justify;\">\n<li style=\"font-weight: 400;\"><span style=\"font-weight: 400;\">V\u00eddeo (consultar precio)<\/span><\/li>\n<li style=\"font-weight: 400;\"><span style=\"font-weight: 400;\">Viol\u00edn (consultar precio)<\/span><\/li>\n<li style=\"font-weight: 400;\"><span style=\"font-weight: 400;\">Transporte (consultar precio)<\/span><\/li>\n<li style=\"font-weight: 400;\"><span style=\"font-weight: 400;\">Decoracion con grandes letras Marry Me<\/span><\/li>\n<li style=\"font-weight: 400;\"><span style=\"font-weight: 400;\">\u00a1Configuralo como t\u00fa quieras!<\/span><\/li>\n<\/ul>\n<p style=\"text-align: justify;\"><span style=\"font-weight: 400;\">*Las tarifas no son reembolsables si el evento se cancela por cualquier motivo.<\/span><\/p>\n<p><\/p>","protected":false},"excerpt":{"rendered":"<p>Antes de hacer la reserva, comprueba que tenemos disponibilidad. Escr\u00edbenos un WhatsApp.<\/p>\n","protected":false},"featured_media":40535,"comment_status":"closed","ping_status":"closed","template":"","meta":[],"class_list":["post-44809","product","type-product","status-publish","has-post-thumbnail","hentry","product_cat-marriage-proposal-packages","product_tag-marbella-marriage-proposal","product_tag-pedida-de-mano-marbella","product_tag-picnic-marbella","product_tag-picnic-proposal","product_tag-picnic-proposal-marbella"],"_links":{"self":[{"href":"https:\/\/perfectvenue.es\/es\/wp-json\/wp\/v2\/product\/44809","targetHints":{"allow":["GET"]}}],"collection":[{"href":"https:\/\/perfectvenue.es\/es\/wp-json\/wp\/v2\/product"}],"about":[{"href":"https:\/\/perfectvenue.es\/es\/wp-json\/wp\/v2\/types\/product"}],"replies":[{"embeddable":true,"href":"https:\/\/perfectvenue.es\/es\/wp-json\/wp\/v2\/comments?post=44809"}],"wp:featuredmedia":[{"embeddable":true,"href":"https:\/\/perfectvenue.es\/es\/wp-json\/wp\/v2\/media\/40535"}],"wp:attachment":[{"href":"https:\/\/perfectvenue.es\/es\/wp-json\/wp\/v2\/media?parent=44809"}],"curies":[{"name":"wp","href":"https:\/\/api.w.org\/{rel}","templated":true}]}}