{"id":44638,"date":"2024-04-16T13:47:06","date_gmt":"2024-04-16T10:47:06","guid":{"rendered":"http:\/\/perfectvenue.es\/?post_type=product&#038;p=44638"},"modified":"2026-03-30T10:37:53","modified_gmt":"2026-03-30T07:37:53","slug":"picnic-marriage-proposal-alicante","status":"publish","type":"product","link":"https:\/\/perfectvenue.es\/es\/product\/picnic-marriage-proposal-alicante\/","title":{"rendered":"Pedida de mano en Alicante con picnic  rom\u00e1ntico"},"content":{"rendered":"<p><\/p>\n<p style=\"text-align: justify;\">\u00bfHas pensado alguna vez en pedir matrimonio en Alicante con un picnic? Imagina un picnic encantador, lleno de detalles y sabores irresistibles. A todos nos gusta celebrar comiendo y bebiendo, y \u00bfqu\u00e9 mejor manera de hacerlo que con un picnic decorado con las flores m\u00e1s rom\u00e1nticas y capturado por un fot\u00f3grafo profesional para recordar este momento \u00fanico?<\/p>\n<p style=\"text-align: justify;\">Si decides declararte durante un picnic, aseg\u00farate de elegir un lugar tranquilo, lejos del bullicio y de los ni\u00f1os, para crear el ambiente perfecto. Te recomendamos una de las calas menos concurridas de Alicante, donde la intimidad y la belleza natural se combinan para hacer que este momento sea a\u00fan m\u00e1s especial.<\/p>\n<p style=\"text-align: justify;\">Entre bocadillos gourmet, fresas, uvas y un toque de chocolate, tu pedida de mano en Alicante con picnic ser\u00e1 una delicia. Pero lo que no puede faltar es una botella de vino, champ\u00e1n o cava, cuyas burbujas a\u00f1adir\u00e1n un toque de celebraci\u00f3n a este gran momento. \u00bfQui\u00e9n podr\u00eda resistirse a un escenario as\u00ed para una pedida de mano en Alicante con picnic? Lo organizamos todo para ti, asegur\u00e1ndonos de que cada detalle sea perfecto para que tu pedida de mano en Alicante con tu pareja sea inolvidable.<\/p>\n<h3 style=\"text-align: justify;\">Qu\u00e9 incluye tu pedida de mano con picnic en Alicante:<\/h3>\n<ul>\n<li style=\"text-align: justify;\">Fot\u00f3grafo<\/li>\n<li style=\"text-align: justify;\">Picnic (fruta, cava, almohadas\/cojines\/mesa de picnic, platos y cubiertos)<\/li>\n<li style=\"text-align: justify;\">Decoraci\u00f3n premium del picnic<\/li>\n<li style=\"text-align: justify;\">Organizaci\u00f3n y planificaci\u00f3n de la propuesta de matrimonio<\/li>\n<\/ul>\n<p style=\"text-align: justify;\">Precio: 1150 euros + IVA<\/p>\n<h3 style=\"text-align: justify;\">Se puede a\u00f1adir:<\/h3>\n<ul>\n<li style=\"text-align: justify;\">V\u00eddeo (consultar precio)<\/li>\n<li style=\"text-align: justify;\">Viol\u00edn (consultar precio)<\/li>\n<li style=\"text-align: justify;\">Transporte (consultar precio)<\/li>\n<li style=\"text-align: justify;\">Decoraci\u00f3n con p\u00e9talos de rosa<\/li>\n<li style=\"text-align: justify;\">Ramo de flores<\/li>\n<li style=\"text-align: justify;\">Letras grandes Marry Me<\/li>\n<li style=\"text-align: justify;\">\u00a1Organ\u00edzalo como quieras!<\/li>\n<\/ul>\n<p style=\"text-align: justify;\">Para reservar el d\u00eda s\u00f3lo tienes que pagar un dep\u00f3sito de 400 euros. El resto lo tienes que pagar 2 semanas antes de la propuesta.<\/p>\n<p style=\"text-align: justify;\">*Las tarifas no son reembolsables si el evento se cancela por cualquier motivo.<\/p>\n<p><\/p>","protected":false},"excerpt":{"rendered":"<p style=\"text-align: justify;\">Precio: 1.150 euros. Para reservar el d\u00eda s\u00f3lo tienes que pagar un dep\u00f3sito de 400 euros. El resto lo tienes que pagar 2 semanas antes de la propuesta.<\/p>\n","protected":false},"featured_media":43125,"comment_status":"closed","ping_status":"closed","template":"","meta":[],"class_list":["post-44638","product","type-product","status-publish","has-post-thumbnail","hentry","product_cat-marriage-proposal-packages","product_tag-alicante-picnic","product_tag-alicante-proposal","product_tag-picnic-marriage-proposal"],"_links":{"self":[{"href":"https:\/\/perfectvenue.es\/es\/wp-json\/wp\/v2\/product\/44638","targetHints":{"allow":["GET"]}}],"collection":[{"href":"https:\/\/perfectvenue.es\/es\/wp-json\/wp\/v2\/product"}],"about":[{"href":"https:\/\/perfectvenue.es\/es\/wp-json\/wp\/v2\/types\/product"}],"replies":[{"embeddable":true,"href":"https:\/\/perfectvenue.es\/es\/wp-json\/wp\/v2\/comments?post=44638"}],"wp:featuredmedia":[{"embeddable":true,"href":"https:\/\/perfectvenue.es\/es\/wp-json\/wp\/v2\/media\/43125"}],"wp:attachment":[{"href":"https:\/\/perfectvenue.es\/es\/wp-json\/wp\/v2\/media?parent=44638"}],"curies":[{"name":"wp","href":"https:\/\/api.w.org\/{rel}","templated":true}]}}