{"id":44155,"date":"2024-07-26T14:10:54","date_gmt":"2024-07-26T11:10:54","guid":{"rendered":"https:\/\/perfectvenue.es\/?post_type=product&#038;p=44155"},"modified":"2026-02-11T18:30:45","modified_gmt":"2026-02-11T15:30:45","slug":"marriage-proposal-on-the-private-terrace-in-madrid","status":"publish","type":"product","link":"https:\/\/perfectvenue.es\/es\/product\/marriage-proposal-on-the-private-terrace-in-madrid\/","title":{"rendered":"Pedida de mano en la terraza privada en Madrid"},"content":{"rendered":"<p><\/p>\n<p style=\"text-align: justify;\"><span style=\"font-weight: 400;\">Elegir una pedida de mano en la terraza privada en Madrid es optar por una experiencia lujosa y exclusiva. Con un entorno impresionante, decoraci\u00f3n a medida, y un servicio integral, tu propuesta ser\u00e1 tan \u00fanica como tu amor. Cada aspecto est\u00e1 cuidadosamente gestionado para ofrecerte una experiencia perfecta y personalizada que recordar\u00e9is durante toda la vida.<\/span><\/p>\n<p style=\"text-align: justify;\"><span style=\"font-weight: 400;\">Si est\u00e1s buscando una pedida de mano que combine elegancia y un toque de exclusividad, la pedida de mano en la terraza privada en Madrid es la opci\u00f3n perfecta. Imagina sorprender a tu pareja en una terraza privada con vistas espectaculares de la ciudad, creando un entorno \u00edntimo y sofisticado. Este escenario \u00fanico no solo ofrece privacidad total, sino tambi\u00e9n un ambiente rom\u00e1ntico que har\u00e1 de tu propuesta un momento inolvidable.<\/span><\/p>\n<p style=\"text-align: justify;\"><span style=\"font-weight: 400;\">La pedida de mano en la terraza privada en Madrid incluye todos los elementos necesarios para una experiencia memorable. Un ramo de flores frescas para tu pareja como obsequio y una decoraci\u00f3n floral encantadora realzar\u00e1n la escena, mientras que las grandes letras &#8220;Marry Me&#8221;, en tonos rosas o rojos, junto con un arco adornado con flores, a\u00f1adir\u00e1n un toque de glamour y romance. Cada detalle est\u00e1 dise\u00f1ado para crear una atm\u00f3sfera m\u00e1gica y personal.<\/span><\/p>\n<p style=\"text-align: justify;\"><span style=\"font-weight: 400;\">Adem\u00e1s, un fot\u00f3grafo profesional estar\u00e1 presente para capturar cada instante de la pedida de mano en la terraza privada en Madrid. Desde el nervioso momento de la propuesta hasta la alegr\u00eda de la respuesta, cada emoci\u00f3n ser\u00e1 inmortalizada en fotos hermosas que podr\u00e1s compartir y guardar para siempre. La organizaci\u00f3n y planificaci\u00f3n completas est\u00e1n incluidas, asegurando que todo est\u00e9 perfectamente coordinado para ti.<\/span><\/p>\n<h3 style=\"text-align: justify;\"><span style=\"font-weight: 400;\">Lo que incluye tu pedida de mano en la terraza privada en Madrid:<\/span><\/h3>\n<ul style=\"text-align: justify;\">\n<li><b><span style=\"font-weight: 400;\">Fot\u00f3grafo<\/span><\/b><\/li>\n<li><span style=\"font-weight: 400;\">Ramo de flores<\/span><\/li>\n<li style=\"font-weight: 400;\"><span style=\"font-weight: 400;\">Alquiler de la terraza privada<\/span><\/li>\n<li style=\"font-weight: 400;\"><span style=\"font-weight: 400;\">Letras Marry Me (rosas o rojas) con un arco y flores<\/span><\/li>\n<li style=\"font-weight: 400;\"><span style=\"font-weight: 400;\">Decoraci\u00f3n floral\u00a0<\/span><\/li>\n<li style=\"font-weight: 400;\"><span style=\"font-weight: 400;\">Organizaci\u00f3n y planificaci\u00f3n de la pedida de mano<\/span><\/li>\n<\/ul>\n<p style=\"text-align: justify;\"><b>Precio: 1500\u20ac<\/b><\/p>\n<h3 style=\"text-align: justify;\"><span style=\"font-weight: 400;\">Se puede a\u00f1adir:<\/span><\/h3>\n<ul style=\"text-align: justify;\">\n<li style=\"font-weight: 400;\"><span style=\"font-weight: 400;\">V\u00eddeo (consultar precio)<\/span><\/li>\n<li style=\"font-weight: 400;\"><span style=\"font-weight: 400;\">M\u00fasica en directo (consultar precio)<\/span><\/li>\n<li style=\"font-weight: 400;\"><span style=\"font-weight: 400;\">Transporte (consultar precio)<\/span><\/li>\n<li style=\"font-weight: 400;\"><span style=\"font-weight: 400;\">\u00a1Configuralo como t\u00fa quieras!<\/span><\/li>\n<\/ul>\n<h3 style=\"text-align: justify;\"><span style=\"font-weight: 400;\">Facilidad de pago<\/span><\/h3>\n<p style=\"text-align: justify;\"><span style=\"font-weight: 400;\">\u00a1S\u00ed! Y es que no es necesario pagar \u00edntegramente el importe de la experiencia. Simplemente es necesario reservar con un adelanto y el resto darla en el d\u00eda del evento.<\/span><\/p>\n<p style=\"text-align: justify;\"><span style=\"font-weight: 400;\">\u00a1Comodidad para ti!<\/span><\/p>\n<p style=\"text-align: justify;\"><span style=\"font-weight: 400;\">*Las tarifas no son reembolsables si el evento se cancela por cualquier motivo.<\/span><\/p>\n<p><\/p>","protected":false},"excerpt":{"rendered":"<p><span style=\"font-weight: 400;\">Pedida de mano en la terraza privada privada en Madrid, con fot\u00f3grafo, ramo de flores, letras &#8220;Marry Me&#8221;, decoraci\u00f3n floral y planificaci\u00f3n completa para un momento exclusivo. <strong>Precio: 1500\u20ac. Es necesario formalizar la reserva con un adelanto.<\/strong><\/span><\/p>\n","protected":false},"featured_media":44181,"comment_status":"closed","ping_status":"closed","template":"","meta":[],"class_list":["post-44155","product","type-product","status-publish","has-post-thumbnail","hentry","product_cat-marriage-proposal-packages","product_tag-marriage-proposal"],"_links":{"self":[{"href":"https:\/\/perfectvenue.es\/es\/wp-json\/wp\/v2\/product\/44155","targetHints":{"allow":["GET"]}}],"collection":[{"href":"https:\/\/perfectvenue.es\/es\/wp-json\/wp\/v2\/product"}],"about":[{"href":"https:\/\/perfectvenue.es\/es\/wp-json\/wp\/v2\/types\/product"}],"replies":[{"embeddable":true,"href":"https:\/\/perfectvenue.es\/es\/wp-json\/wp\/v2\/comments?post=44155"}],"wp:featuredmedia":[{"embeddable":true,"href":"https:\/\/perfectvenue.es\/es\/wp-json\/wp\/v2\/media\/44181"}],"wp:attachment":[{"href":"https:\/\/perfectvenue.es\/es\/wp-json\/wp\/v2\/media?parent=44155"}],"curies":[{"name":"wp","href":"https:\/\/api.w.org\/{rel}","templated":true}]}}