{"id":44153,"date":"2024-09-04T18:06:00","date_gmt":"2024-09-04T15:06:00","guid":{"rendered":"http:\/\/perfectvenue.es\/?post_type=product&#038;p=44153"},"modified":"2025-07-30T08:46:16","modified_gmt":"2025-07-30T05:46:16","slug":"pedida-de-mano-en-el-hotel-riu","status":"publish","type":"product","link":"https:\/\/perfectvenue.es\/es\/product\/pedida-de-mano-en-el-hotel-riu\/","title":{"rendered":"Pedida de mano en el Hotel Riu Plaza Espa\u00f1a de Madrid"},"content":{"rendered":"<p><\/p>\n<p style=\"text-align: justify;\"><span style=\"font-weight: 400;\">Optar por una pedida de mano en el Hotel Riu Plaza Espa\u00f1a de Madrid es elegir una experiencia \u00edntima y lujosa, ideal para cualquier pareja que busque un toque de sofisticaci\u00f3n y romanticismo en su propuesta. Cada elemento, desde la decoraci\u00f3n hasta el servicio, est\u00e1 dise\u00f1ado para ofrecerte una experiencia inolvidable, asegurando que tu pedida de mano sea todo lo que has so\u00f1ado y m\u00e1s.<\/span><\/p>\n<p style=\"text-align: justify;\"><span style=\"font-weight: 400;\">Si sue\u00f1as con una pedida de mano en el Hotel Riu Plaza Espa\u00f1a de Madrid, est\u00e1s en el lugar perfecto para hacer realidad ese momento tan especial. Imagina una experiencia rom\u00e1ntica en una habitaci\u00f3n Jr Suite con terraza, donde cada detalle est\u00e1 dise\u00f1ado para crear una atm\u00f3sfera inolvidable. Este paquete exclusivo incluye una noche en una elegante suite, con vistas espectaculares que a\u00f1aden un toque de magia a tu propuesta.<\/span><\/p>\n<p style=\"text-align: justify;\"><span style=\"font-weight: 400;\">La pedida de mano en el Hotel Riu Plaza Espa\u00f1a de Madrid se complementa con un ramo de flores frescas para tu persona favorita como obsequio y una decoraci\u00f3n floral que embellecer\u00e1 el espacio. Grandes letras \u00abMarry Me\u00bb en tonos rosas o rojos, acompa\u00f1adas de un arco adornado con flores, har\u00e1n que tu propuesta sea a\u00fan m\u00e1s impactante y rom\u00e1ntica. Cada detalle est\u00e1 pensado para asegurar que el ambiente sea perfecto para el gran momento.<\/span><\/p>\n<p style=\"text-align: justify;\"><span style=\"font-weight: 400;\">Un fot\u00f3grafo profesional estar\u00e1 presente para capturar cada instante de la pedida de mano en el Hotel Riu Plaza Espa\u00f1a de Madrid. Desde el nervioso momento de la pregunta hasta la alegr\u00eda de la respuesta, cada emoci\u00f3n ser\u00e1 inmortalizada en fotos hermosas, creando recuerdos que podr\u00e1s compartir y atesorar para siempre. La planificaci\u00f3n y organizaci\u00f3n completas est\u00e1n incluidas, garantizando que todo salga perfecto y sin estr\u00e9s.<\/span><\/p>\n<h3 style=\"text-align: justify;\"><span style=\"font-weight: 400;\">Lo que incluye tu pedida de mano en el Hotel Riu:<\/span><\/h3>\n<ul style=\"text-align: justify;\">\n<li><span style=\"font-weight: 400;\">Habitaci\u00f3n Jr Suite con terraza (1 noche)<\/span><\/li>\n<li><b><span style=\"font-weight: 400;\">Fot\u00f3grafo<\/span><\/b><\/li>\n<li><span style=\"font-weight: 400;\">Ramo de flores<\/span><\/li>\n<li style=\"font-weight: 400;\"><span style=\"font-weight: 400;\">Letras Marry Me (rosas o rojas) y petalos de rosas<\/span><\/li>\n<li style=\"font-weight: 400;\"><span style=\"font-weight: 400;\">Organizaci\u00f3n y planificaci\u00f3n de la pedida de mano<\/span><\/li>\n<\/ul>\n<p style=\"text-align: justify;\"><b>Precio: 1480\u20ac<\/b><\/p>\n<h3 style=\"text-align: justify;\"><span style=\"font-weight: 400;\">Se puede a\u00f1adir:<\/span><\/h3>\n<ul style=\"text-align: justify;\">\n<li style=\"font-weight: 400;\"><span style=\"font-weight: 400;\">V\u00eddeo (consultar precio)<\/span><\/li>\n<li style=\"font-weight: 400;\"><span style=\"font-weight: 400;\">Violin (consultar precio)<\/span><\/li>\n<li><span style=\"font-weight: 400;\">Decoraci\u00f3n con velas led\u00a0<\/span><\/li>\n<li style=\"font-weight: 400;\"><span style=\"font-weight: 400;\">Transporte (consultar precio)<\/span><\/li>\n<li style=\"font-weight: 400;\"><span style=\"font-weight: 400;\">\u00a1Configuralo como t\u00fa quieras!<\/span><\/li>\n<\/ul>\n<h3 style=\"text-align: justify;\"><span style=\"font-weight: 400;\">Facilidad de pago<\/span><\/h3>\n<p style=\"text-align: justify;\"><span style=\"font-weight: 400;\">\u00a1S\u00ed! Y es que no es necesario pagar \u00edntegramente el importe de la experiencia. Simplemente es necesario reservar con un adelanto y el resto darla en el d\u00eda del evento.<\/span><\/p>\n<p style=\"text-align: justify;\"><span style=\"font-weight: 400;\">\u00a1Comodidad para ti!<\/span><\/p>\n<p style=\"text-align: justify;\"><span style=\"font-weight: 400;\">*Las tarifas no son reembolsables si el evento se cancela por cualquier motivo.<\/span><\/p>\n<p><\/p>","protected":false},"excerpt":{"rendered":"<p><span style=\"font-weight: 400;\">Una pedida de mano en el Hotel Riu Plaza Espa\u00f1a de Madrid con habitaci\u00f3n Jr Suite, fot\u00f3grafo, ramo de flores, letras \u00abMarry Me\u00bb, decoraci\u00f3n floral, y planificaci\u00f3n completa. <strong>Precio: 1480\u20ac. Dep\u00f3sito es de 740\u20ac.<\/strong><\/span><\/p>\n","protected":false},"featured_media":45125,"comment_status":"closed","ping_status":"closed","template":"","meta":[],"class_list":["post-44153","product","type-product","status-publish","has-post-thumbnail","hentry","product_cat-marriage-proposal-packages"],"_links":{"self":[{"href":"https:\/\/perfectvenue.es\/es\/wp-json\/wp\/v2\/product\/44153","targetHints":{"allow":["GET"]}}],"collection":[{"href":"https:\/\/perfectvenue.es\/es\/wp-json\/wp\/v2\/product"}],"about":[{"href":"https:\/\/perfectvenue.es\/es\/wp-json\/wp\/v2\/types\/product"}],"replies":[{"embeddable":true,"href":"https:\/\/perfectvenue.es\/es\/wp-json\/wp\/v2\/comments?post=44153"}],"wp:featuredmedia":[{"embeddable":true,"href":"https:\/\/perfectvenue.es\/es\/wp-json\/wp\/v2\/media\/45125"}],"wp:attachment":[{"href":"https:\/\/perfectvenue.es\/es\/wp-json\/wp\/v2\/media?parent=44153"}],"curies":[{"name":"wp","href":"https:\/\/api.w.org\/{rel}","templated":true}]}}