{"id":44152,"date":"2024-01-30T13:10:13","date_gmt":"2024-01-30T10:10:13","guid":{"rendered":"https:\/\/perfectvenue.es\/?post_type=product&#038;p=44152"},"modified":"2025-12-14T10:55:28","modified_gmt":"2025-12-14T07:55:28","slug":"pedida-de-mano-con-decoracion-navidena","status":"publish","type":"product","link":"https:\/\/perfectvenue.es\/es\/product\/pedida-de-mano-con-decoracion-navidena\/","title":{"rendered":"Pedida de mano con decoraci\u00f3n navide\u00f1a en Madrid"},"content":{"rendered":"<p><\/p>\n<p style=\"text-align: justify;\"><span style=\"font-weight: 400;\">Si buscas una pedida de mano con decoraci\u00f3n navide\u00f1a en Madrid que combine la magia de la Navidad con el romanticismo de tu propuesta, tenemos la opci\u00f3n perfecta para ti. Imagina una experiencia \u00edntima en un espacio privado reservado exclusivamente para vosotros, donde la decoraci\u00f3n navide\u00f1a transformar\u00e1 el ambiente en un escenario encantador y festivo. Este entorno acogedor y personalizado har\u00e1 que tu pedida de mano sea a\u00fan m\u00e1s especial y memorable.<\/span><\/p>\n<p style=\"text-align: justify;\"><span style=\"font-weight: 400;\">La pedida de mano con decoraci\u00f3n navide\u00f1a en Madrid incluye todos los detalles necesarios para crear un momento perfecto. Un fot\u00f3grafo profesional estar\u00e1 presente para capturar cada instante de la propuesta, asegurando que cada sonrisa y emoci\u00f3n quede inmortalizada en fotos que podr\u00e1s atesorar para siempre. El ramo de flores frescas aportar\u00e1 un toque de amor y romanticismo que encantar\u00e1 a tu pareja tras el \u201cs\u00ed quiero\u201d.<\/span><\/p>\n<p style=\"text-align: justify;\"><span style=\"font-weight: 400;\">Adem\u00e1s, el alquiler del espacio privado garantiza que disfrutar\u00e9is de total privacidad durante la pedida de mano. La decoraci\u00f3n navide\u00f1a incluir\u00e1 letras &#8220;Marry Me&#8221; adornadas con detalles festivos, como luces y adornos que crear\u00e1n una atm\u00f3sfera m\u00e1gica. Cada rinc\u00f3n estar\u00e1 cuidadosamente decorado para reflejar el esp\u00edritu de la Navidad, haciendo que el momento sea a\u00fan m\u00e1s especial y \u00fanico.<\/span><\/p>\n<p style=\"text-align: justify;\"><span style=\"font-weight: 400;\">La organizaci\u00f3n y planificaci\u00f3n de la pedida de mano con decoraci\u00f3n navide\u00f1a en Madrid est\u00e1n completamente a nuestro cargo, asegurando que cada detalle sea perfecto. Desde la decoraci\u00f3n hasta el momento exacto de la propuesta, nos encargaremos de todo para que puedas centrarte en disfrutar de este momento inolvidable. Una pedida de mano con decoraci\u00f3n navide\u00f1a en Madrid es la forma ideal de combinar el romance con el esp\u00edritu festivo, creando una experiencia que tanto t\u00fa como tu pareja recordar\u00e9is con cari\u00f1o.<\/span><\/p>\n<h3 style=\"text-align: justify;\"><span style=\"font-weight: 400;\">Lo que incluye tu pedida de mano con decoraci\u00f3n navide\u00f1a:<\/span><\/h3>\n<ul>\n<li><b><span style=\"font-weight: 400;\">Fot\u00f3grafo<\/span><\/b><\/li>\n<li><span style=\"font-weight: 400;\">Ramo de flores<\/span><\/li>\n<li><span style=\"font-weight: 400;\">Alquiler del espacio privado<\/span><\/li>\n<li><span style=\"font-weight: 400;\">Letras Marry Me<\/span><\/li>\n<li><span style=\"font-weight: 400;\">Decoraci\u00f3n navide\u00f1a\u00a0<\/span><\/li>\n<li><span style=\"font-weight: 400;\">Organizaci\u00f3n y planificaci\u00f3n de la pedida de mano<\/span><\/li>\n<\/ul>\n<p style=\"text-align: justify;\"><b>Precio: 760\u20ac + IVA<\/b><\/p>\n<h3 style=\"text-align: justify;\"><span style=\"font-weight: 400;\">Se puede a\u00f1adir:<\/span><\/h3>\n<ul style=\"text-align: justify;\">\n<li style=\"font-weight: 400;\"><span style=\"font-weight: 400;\">V\u00eddeo 250 euros<\/span><\/li>\n<li style=\"font-weight: 400;\"><span style=\"font-weight: 400;\">M\u00fasica en directo (consultar precio)<\/span><\/li>\n<li style=\"font-weight: 400;\"><span style=\"font-weight: 400;\">Transporte (consultar precio)<\/span><\/li>\n<li style=\"font-weight: 400;\"><span style=\"font-weight: 400;\">\u00a1Configuralo como t\u00fa quieras!<\/span><\/li>\n<\/ul>\n<h3 style=\"text-align: justify;\"><span style=\"font-weight: 400;\">Facilidad de pago<\/span><\/h3>\n<p style=\"text-align: justify;\"><span style=\"font-weight: 400;\">\u00a1S\u00ed! Y es que no es necesario pagar \u00edntegramente el importe de la experiencia. Simplemente es necesario reservar con un adelanto de 260\u20ac y el resto pagar en efectivo el d\u00eda del evento.<\/span><\/p>\n<p style=\"text-align: justify;\"><span style=\"font-weight: 400;\">\u00a1Comodidad para ti!<\/span><\/p>\n<p style=\"text-align: justify;\"><span style=\"font-weight: 400;\">*Las tarifas no son reembolsables si el evento se cancela por cualquier motivo.<\/span><\/p>\n<p><\/p>","protected":false},"excerpt":{"rendered":"<p><span style=\"font-weight: 400;\">Una pedida de mano con decoraci\u00f3n navide\u00f1a en Madrid con espacio privado, fot\u00f3grafo, video, ramo de flores, letras &#8220;Marry Me&#8221;, y planificaci\u00f3n completa para una experiencia \u00edntima y festiva. <strong>Precio: 1.010\u20ac+IVA. Segundo pago es 750\u20ac.<\/strong><\/span><\/p>\n","protected":false},"featured_media":44296,"comment_status":"closed","ping_status":"closed","template":"","meta":[],"class_list":["post-44152","product","type-product","status-publish","has-post-thumbnail","hentry","product_cat-marriage-proposal-packages","product_tag-christmas-marriage-proposal","product_tag-marriage-proposal-madrid","product_tag-marry-me-madrid"],"_links":{"self":[{"href":"https:\/\/perfectvenue.es\/es\/wp-json\/wp\/v2\/product\/44152","targetHints":{"allow":["GET"]}}],"collection":[{"href":"https:\/\/perfectvenue.es\/es\/wp-json\/wp\/v2\/product"}],"about":[{"href":"https:\/\/perfectvenue.es\/es\/wp-json\/wp\/v2\/types\/product"}],"replies":[{"embeddable":true,"href":"https:\/\/perfectvenue.es\/es\/wp-json\/wp\/v2\/comments?post=44152"}],"wp:featuredmedia":[{"embeddable":true,"href":"https:\/\/perfectvenue.es\/es\/wp-json\/wp\/v2\/media\/44296"}],"wp:attachment":[{"href":"https:\/\/perfectvenue.es\/es\/wp-json\/wp\/v2\/media?parent=44152"}],"curies":[{"name":"wp","href":"https:\/\/api.w.org\/{rel}","templated":true}]}}