{"id":44131,"date":"2024-06-08T18:35:08","date_gmt":"2024-06-08T15:35:08","guid":{"rendered":"http:\/\/perfectvenue.es\/?post_type=product&#038;p=44131"},"modified":"2024-08-08T18:35:47","modified_gmt":"2024-08-08T15:35:47","slug":"pedida-de-mano-en-una-habitacion-de-hotel-2","status":"publish","type":"product","link":"https:\/\/perfectvenue.es\/es\/product\/pedida-de-mano-en-una-habitacion-de-hotel-2\/","title":{"rendered":"Pedida de mano en una habitaci\u00f3n de hotel entre millones de p\u00e9talos de rosa y globos en Madrid"},"content":{"rendered":"<p><\/p>\n<p style=\"text-align: justify\"><span style=\"font-weight: 400\">Una pedida de mano en una habitaci\u00f3n de hotel en Madrid es, sin duda, a lo grande, y m\u00e1s si el espacio est\u00e1 repleto de millones de p\u00e9talos de rosa y globos. Este escenario est\u00e1 dise\u00f1ado para ser un sue\u00f1o hecho realidad, lleno de romanticismo y amor.\u00a0<\/span><\/p>\n<p style=\"text-align: justify\"><span style=\"font-weight: 400\">La habitaci\u00f3n se transforma en un oasis de elegancia y ternura con millones de p\u00e9talos de rosa esparcidos por el suelo y globos que flotan suavemente, creando un ambiente m\u00e1gico y deslumbrante.<\/span><\/p>\n<p style=\"text-align: justify\"><span style=\"font-weight: 400\">Para que cada detalle sea perfecto, el paquete incluye un fot\u00f3grafo profesional que capturar\u00e1 cada momento especial, asegurando que cada sonrisa y gesto quede inmortalizado en fotos hermosas. Un ramo de flores frescas complementar\u00e1 la pedida de mano, a\u00f1adiendo un toque de amor y romanticismo.<\/span><\/p>\n<p style=\"text-align: justify\"><span style=\"font-weight: 400\">Las grandes letras \u00abMarry Me\u00bb decorar\u00e1n el espacio, haciendo que tu propuesta sea a\u00fan m\u00e1s impactante y memorable. La combinaci\u00f3n de los p\u00e9talos de rosa, los globos y la iluminaci\u00f3n suave contribuir\u00e1 a crear una atm\u00f3sfera de ensue\u00f1o, que dejar\u00e1 sin aliento a la persona que amas. Cada elemento est\u00e1 cuidadosamente dise\u00f1ado para brindar una experiencia de pedida de mano que es tan emocionante como rom\u00e1ntica.<\/span><\/p>\n<p style=\"text-align: justify\"><span style=\"font-weight: 400\">La organizaci\u00f3n y planificaci\u00f3n de toda la pedida de mano est\u00e1n incluidas, garantizando que cada aspecto est\u00e9 perfectamente coordinado. Desde la decoraci\u00f3n hasta el momento exacto de la propuesta, todo estar\u00e1 listo para ofrecerte una experiencia sin estr\u00e9s y totalmente personalizada. \u00a1Una pedida de mano en una habitaci\u00f3n de hotel en Madrid, rodeada de p\u00e9talos de rosa y globos, ser\u00e1 una celebraci\u00f3n del amor que recordar\u00e1s para siempre!<\/span><\/p>\n<h3 style=\"text-align: justify\"><span style=\"font-weight: 400\">Lo que incluye tu pedida de mano en una habitaci\u00f3n de hotel:<\/span><\/h3>\n<p style=\"text-align: justify\">\n<ul>\n<li><b><span style=\"font-weight: 400\">Fot\u00f3grafo<\/span><\/b><\/li>\n<li><span style=\"font-weight: 400\">Ramo de flores<\/span><\/li>\n<li><span style=\"font-weight: 400\">Letras Marry Me\u00a0<\/span><\/li>\n<li><span style=\"font-weight: 400\">Millones de p\u00e9talos de rosa y globos<\/span><\/li>\n<li><span style=\"font-weight: 400\">Organizaci\u00f3n y planificaci\u00f3n de la pedida de mano<\/span><\/li>\n<\/ul>\n<p style=\"text-align: justify\"><b>Precio: 880\u20ac<\/b><\/p>\n<h3 style=\"text-align: justify\"><span style=\"font-weight: 400\">Se puede a\u00f1adir:<\/span><\/h3>\n<ul style=\"text-align: justify\">\n<li style=\"font-weight: 400\"><span style=\"font-weight: 400\">V\u00eddeo (consultar precio)<\/span><\/li>\n<li style=\"font-weight: 400\"><span style=\"font-weight: 400\">M\u00fasica en directo (consultar precio)<\/span><\/li>\n<li style=\"font-weight: 400\"><span style=\"font-weight: 400\">Transporte (consultar precio)<\/span><\/li>\n<li style=\"font-weight: 400\"><span style=\"font-weight: 400\">\u00a1Configuralo como t\u00fa quieras!<\/span><\/li>\n<\/ul>\n<h3 style=\"text-align: justify\"><span style=\"font-weight: 400\">Facilidad de pago<\/span><\/h3>\n<p style=\"text-align: justify\"><span style=\"font-weight: 400\">\u00a1S\u00ed! Y es que no es necesario pagar \u00edntegramente el importe de la experiencia. Simplemente es necesario reservar con un adelanto y el resto darla en el d\u00eda del evento.<\/span><\/p>\n<p style=\"text-align: justify\"><span style=\"font-weight: 400\">\u00a1Comodidad para ti!<\/span><\/p>\n<p style=\"text-align: justify\"><span style=\"font-weight: 400\">*Las tarifas no son reembolsables si el evento se cancela por cualquier motivo.<\/span><\/p>\n<p><\/p>","protected":false},"excerpt":{"rendered":"<p><span style=\"font-weight: 400\">Una pedida de mano en una habitaci\u00f3n de hotel en Madrid, decorada con millones de p\u00e9talos de rosa, globos, y grandes letras \u00abMarry Me\u00bb, incluyendo fot\u00f3grafo y planificaci\u00f3n completa para una experiencia rom\u00e1ntica e inolvidable. <strong>Precio: 880\u20ac. Es necesario formalizar la reserva con un adelanto.<\/strong><\/span><\/p>\n","protected":false},"featured_media":44612,"comment_status":"closed","ping_status":"closed","template":"","meta":[],"class_list":["post-44131","product","type-product","status-publish","has-post-thumbnail","hentry","product_cat-marriage-proposal-packages"],"_links":{"self":[{"href":"https:\/\/perfectvenue.es\/es\/wp-json\/wp\/v2\/product\/44131","targetHints":{"allow":["GET"]}}],"collection":[{"href":"https:\/\/perfectvenue.es\/es\/wp-json\/wp\/v2\/product"}],"about":[{"href":"https:\/\/perfectvenue.es\/es\/wp-json\/wp\/v2\/types\/product"}],"replies":[{"embeddable":true,"href":"https:\/\/perfectvenue.es\/es\/wp-json\/wp\/v2\/comments?post=44131"}],"wp:featuredmedia":[{"embeddable":true,"href":"https:\/\/perfectvenue.es\/es\/wp-json\/wp\/v2\/media\/44612"}],"wp:attachment":[{"href":"https:\/\/perfectvenue.es\/es\/wp-json\/wp\/v2\/media?parent=44131"}],"curies":[{"name":"wp","href":"https:\/\/api.w.org\/{rel}","templated":true}]}}