{"id":44130,"date":"2025-02-27T15:00:32","date_gmt":"2025-02-27T12:00:32","guid":{"rendered":"http:\/\/perfectvenue.es\/?post_type=product&#038;p=44130"},"modified":"2026-02-27T17:07:44","modified_gmt":"2026-02-27T14:07:44","slug":"pedida-de-mano-en-un-rooftop","status":"publish","type":"product","link":"https:\/\/perfectvenue.es\/es\/product\/pedida-de-mano-en-un-rooftop\/","title":{"rendered":"Pedida de mano en un rooftop con vistas a la Gran V\u00eda de Madrid"},"content":{"rendered":"<p><\/p>\n<p style=\"text-align: justify;\"><span style=\"font-weight: 400;\">Imagina una pedida de mano que combina el glamour de Madrid con una atm\u00f3sfera \u00edntima y exclusiva: un rooftop con impresionantes vistas a la Gran V\u00eda. Este lugar m\u00e1gico te ofrece el escenario perfecto para declarar tu amor en un entorno deslumbrante, rodeado de la belleza de la ciudad. El alquiler del rooftop garantiza privacidad total, permiti\u00e9ndote disfrutar de tu pedida de mano en un rooftop con vistas a la Gran V\u00eda de Madrid sin interrupciones.<\/span><\/p>\n<p style=\"text-align: justify;\"><span style=\"font-weight: 400;\">Para hacer de este momento algo verdaderamente especial, se incluye un fot\u00f3grafo profesional que capturar\u00e1 cada instante de la pedida de mano. As\u00ed podr\u00e1s revivir cada detalle y compartir la alegr\u00eda con amigos y familiares. Adem\u00e1s, la decoraci\u00f3n estar\u00e1 a la altura de la ocasi\u00f3n: grandes letras \u00abMarry Me\u00bb en tonos rosas o rojos a\u00f1adir\u00e1n un toque rom\u00e1ntico y personalizado al ambiente.<\/span><\/p>\n<p style=\"text-align: justify;\"><span style=\"font-weight: 400;\">El ramo de flores frescas complementar\u00e1 la pedida de mano, \u00a1le encantar\u00e1 a tu pareja recibir este obsequio! La decoraci\u00f3n floral har\u00e1 que el espacio se llene de color y aroma, creando una atm\u00f3sfera c\u00e1lida y acogedora, ideal para una propuesta de matrimonio inolvidable.<\/span><\/p>\n<p style=\"text-align: justify;\"><span style=\"font-weight: 400;\">La planificaci\u00f3n y organizaci\u00f3n de la pedida de mano est\u00e1n cuidadosamente gestionadas para asegurarte una experiencia sin estr\u00e9s. Desde el dise\u00f1o de la decoraci\u00f3n hasta el momento exacto de la propuesta, todo estar\u00e1 preparado para ofrecerte una pedida de mano que combine la sofisticaci\u00f3n con la intimidad, en uno de los lugares m\u00e1s encantadores de Madrid.\u00a0<\/span><\/p>\n<p style=\"text-align: justify;\"><span style=\"font-weight: 400;\">\u00a1No hay duda de que esta pedida de mano en un rooftop con vistas a la Gran V\u00eda ser\u00e1 un recuerdo que atesorar\u00e1s para siempre! La magia de la ciudad y las luces que la iluminan crear\u00e1n el escenario perfecto para este momento tan especial. Mientras el bullicio de la Gran V\u00eda queda atr\u00e1s, t\u00fa y tu pareja estar\u00e1n en vuestro peque\u00f1o para\u00edso, disfrutando de una vista que os dejar\u00e1 sin aliento.<\/span><\/p>\n<h3 style=\"text-align: justify;\"><span style=\"font-weight: 400;\">Lo que incluye tu pedida de mano en un rooftop:<\/span><\/h3>\n<ul style=\"text-align: justify;\">\n<li><b><span style=\"font-weight: 400;\">Fot\u00f3grafo<\/span><\/b><\/li>\n<li><span style=\"font-weight: 400;\">Ramo de flores<\/span><\/li>\n<li><span style=\"font-weight: 400;\">Grandes letras Marry Me (rosas o rojas)<\/span><\/li>\n<li><span style=\"font-weight: 400;\">Decoraci\u00f3n floral<\/span><\/li>\n<li><span style=\"font-weight: 400;\">Alquiler del rooftop<\/span><\/li>\n<li><span style=\"font-weight: 400;\">Organizaci\u00f3n y planificaci\u00f3n de la pedida de mano<\/span><\/li>\n<\/ul>\n<p style=\"text-align: justify;\"><b>Precio: desde 1880\u20ac + IVA<\/b><\/p>\n<h3 style=\"text-align: justify;\"><span style=\"font-weight: 400;\">Se puede a\u00f1adir:<\/span><\/h3>\n<ul style=\"text-align: justify;\">\n<li style=\"font-weight: 400;\"><span style=\"font-weight: 400;\">V\u00eddeo (consultar precio)<\/span><\/li>\n<li style=\"font-weight: 400;\"><span style=\"font-weight: 400;\">M\u00fasica en directo (consultar precio)<\/span><\/li>\n<li style=\"font-weight: 400;\"><span style=\"font-weight: 400;\">Transporte (consultar precio)<\/span><\/li>\n<li style=\"font-weight: 400;\"><span style=\"font-weight: 400;\">Cena para 2 personas en el rooftop (consultar precio)<\/span><\/li>\n<li style=\"font-weight: 400;\"><span style=\"font-weight: 400;\">\u00a1Configuralo como t\u00fa quieras!<\/span><\/li>\n<\/ul>\n<h3 style=\"text-align: justify;\"><span style=\"font-weight: 400;\">Facilidad de pago<\/span><\/h3>\n<p style=\"text-align: justify;\"><span style=\"font-weight: 400;\">\u00a1S\u00ed! Y es que no es necesario pagar \u00edntegramente el importe de la experiencia. Simplemente es necesario reservar con un adelanto y el resto darla en el d\u00eda del evento.<\/span><\/p>\n<p style=\"text-align: justify;\"><span style=\"font-weight: 400;\">\u00a1Comodidad para ti!<\/span><\/p>\n<p style=\"text-align: justify;\"><span style=\"font-weight: 400;\">*Las tarifas no son reembolsables si el evento se cancela por cualquier motivo.<\/span><\/p>\n<p><\/p>","protected":false},"excerpt":{"rendered":"<p><span style=\"font-weight: 400;\">Una pedida de mano en un rooftop exclusivo con vistas a la Gran V\u00eda de Madrid, que incluye fot\u00f3grafo, ramo de flores, letras \u00abMarry Me\u00bb, decoraci\u00f3n floral y organizaci\u00f3n completa para un momento \u00edntimo y elegante. <strong>Precio: desde 1880\u20ac <b> + IVA<\/b>. Es necesario formalizar la reserva con un adelanto.<\/strong><\/span><\/p>\n","protected":false},"featured_media":45125,"comment_status":"closed","ping_status":"closed","template":"","meta":[],"class_list":["post-44130","product","type-product","status-publish","has-post-thumbnail","hentry","product_cat-marriage-proposal-packages","product_tag-madrid-proposal","product_tag-rooftop-madrid","product_tag-rooftop-marriage-proposal"],"_links":{"self":[{"href":"https:\/\/perfectvenue.es\/es\/wp-json\/wp\/v2\/product\/44130","targetHints":{"allow":["GET"]}}],"collection":[{"href":"https:\/\/perfectvenue.es\/es\/wp-json\/wp\/v2\/product"}],"about":[{"href":"https:\/\/perfectvenue.es\/es\/wp-json\/wp\/v2\/types\/product"}],"replies":[{"embeddable":true,"href":"https:\/\/perfectvenue.es\/es\/wp-json\/wp\/v2\/comments?post=44130"}],"wp:featuredmedia":[{"embeddable":true,"href":"https:\/\/perfectvenue.es\/es\/wp-json\/wp\/v2\/media\/45125"}],"wp:attachment":[{"href":"https:\/\/perfectvenue.es\/es\/wp-json\/wp\/v2\/media?parent=44130"}],"curies":[{"name":"wp","href":"https:\/\/api.w.org\/{rel}","templated":true}]}}