{"id":44104,"date":"2024-08-08T15:02:05","date_gmt":"2024-08-08T12:02:05","guid":{"rendered":"https:\/\/perfectvenue.es\/?post_type=product&#038;p=44104"},"modified":"2024-08-08T15:02:06","modified_gmt":"2024-08-08T12:02:06","slug":"pedida-de-mano-con-mimos-actuando","status":"publish","type":"product","link":"https:\/\/perfectvenue.es\/es\/product\/pedida-de-mano-con-mimos-actuando\/","title":{"rendered":"Pedida de mano con mimos actuando en Madrid"},"content":{"rendered":"<p><\/p>\n<p style=\"text-align: justify\"><span style=\"font-weight: 400\">Con este pack especial de pedida de mano con mimos actuando en Madrid se transformar\u00e1 ese momento tan especial en un recuerdo inolvidable. La sorpresa empieza con un equipo de mimos actuando, que con su gracia y gestos expresivos, crear\u00e1n un ambiente de alegr\u00eda y emoci\u00f3n. <\/span><\/p>\n<p style=\"text-align: justify\"><span style=\"font-weight: 400\">Los mimos guiar\u00e1n a tu pareja hasta la escena de la pedida de mano y formar\u00e1 parte de la actuaci\u00f3n, \u00a1no se lo esperar\u00e1! Y es que Madrid es lugar de artistas callejeros.<\/span><\/p>\n<p style=\"text-align: justify\"><span style=\"font-weight: 400\">Para capturar cada instante, un fot\u00f3grafo profesional estar\u00e1 presente, asegur\u00e1ndose de que cada sonrisa, l\u00e1grima de felicidad y momento especial quede inmortalizado en im\u00e1genes que atesorar\u00e1s para siempre. Adem\u00e1s, un hermoso ramo de flores estar\u00e1 listo para ser entregado, agregando un toque de naturaleza y color a la ocasi\u00f3n.<\/span><\/p>\n<p style=\"text-align: justify\"><span style=\"font-weight: 400\">La decoraci\u00f3n ser\u00e1 digna de un cuento de hadas. Grandes letras iluminadas con el mensaje \u201cMarry Me\u201d dar\u00e1n ese toque rom\u00e1ntico y espectacular, mientras p\u00e9talos de rosa esparcidos cuidadosamente a\u00f1adir\u00e1n un aire de delicadeza y amor al escenario. Todo estar\u00e1 dispuesto para que la atm\u00f3sfera sea tan perfecta como siempre lo so\u00f1aste.<\/span><\/p>\n<p style=\"text-align: justify\"><span style=\"font-weight: 400\">Y lo mejor de todo, no tendr\u00e1s que preocuparte por ning\u00fan detalle. La organizaci\u00f3n y planificaci\u00f3n de la pedida de mano estar\u00e1 en manos de profesionales, asegurando que todo salga a la perfecci\u00f3n. Solo tendr\u00e1s que enfocarte en disfrutar del momento y decir esas palabras tan importantes, mientras los mimos, flores, y la magia de Madrid se encargan del resto. \u00a1Reserva este pack de pedida de mano con mimos actuando y prep\u00e1rate para un \u201cs\u00ed\u201d inolvidable!<\/span><\/p>\n<h3 style=\"text-align: justify\"><span style=\"font-weight: 400\">Lo que incluye tu pedida de mano con mimos actuando:<\/span><\/h3>\n<p style=\"text-align: justify\">\n<ul style=\"text-align: justify\">\n<li><b><span style=\"font-weight: 400\">Fot\u00f3grafo<\/span><\/b><\/li>\n<li><span style=\"font-weight: 400\">Ramo de flores<\/span><\/li>\n<li><span style=\"font-weight: 400\">Letras Marry Me\u00a0<\/span><\/li>\n<li><span style=\"font-weight: 400\">P\u00e9talos de rosa<\/span><\/li>\n<li><span style=\"font-weight: 400\">Mimos actuando<\/span><\/li>\n<li><span style=\"font-weight: 400\">Organizaci\u00f3n y planificaci\u00f3n de la pedida de mano<\/span><\/li>\n<\/ul>\n<p style=\"text-align: justify\">\n<p style=\"text-align: justify\"><b>Precio: 680\u20ac<\/b><\/p>\n<h3 style=\"text-align: justify\"><span style=\"font-weight: 400\">Se puede a\u00f1adir:<\/span><\/h3>\n<ul style=\"text-align: justify\">\n<li style=\"font-weight: 400\"><span style=\"font-weight: 400\">V\u00eddeo (consultar precio)<\/span><\/li>\n<li style=\"font-weight: 400\"><span style=\"font-weight: 400\">M\u00fasica en directo (consultar precio)<\/span><\/li>\n<li style=\"font-weight: 400\"><span style=\"font-weight: 400\">Transporte (consultar precio)<\/span><\/li>\n<li style=\"font-weight: 400\"><span style=\"font-weight: 400\">\u00a1Configuralo como t\u00fa quieras!<\/span><\/li>\n<\/ul>\n<h3 style=\"text-align: justify\"><span style=\"font-weight: 400\">Facilidad de pago<\/span><\/h3>\n<p style=\"text-align: justify\"><span style=\"font-weight: 400\">\u00a1S\u00ed! Y es que no es necesario pagar \u00edntegramente el importe de la experiencia. Simplemente es necesario reservar con un adelanto y el resto darla en el d\u00eda del evento.<\/span><\/p>\n<p style=\"text-align: justify\"><span style=\"font-weight: 400\">\u00a1Comodidad para ti!<\/span><\/p>\n<p style=\"text-align: justify\"><span style=\"font-weight: 400\">*Las tarifas no son reembolsables si el evento se cancela por cualquier motivo.<\/span><\/p>\n<p><\/p>","protected":false},"excerpt":{"rendered":"<p><span style=\"font-weight: 400\">Disfruta de una m\u00e1gica pedida de mano en Madrid con nuestro pack especial que incluye fot\u00f3grafo, ramo de flores, letras &#8220;Marry Me&#8221;, p\u00e9talos de rosa, mimos actuando y completa organizaci\u00f3n. <strong>Precio: 680\u20ac. Es necesario formalizar la reserva con un adelanto.<\/strong><\/span><\/p>\n","protected":false},"featured_media":38936,"comment_status":"closed","ping_status":"closed","template":"","meta":[],"class_list":["post-44104","product","type-product","status-publish","has-post-thumbnail","hentry","product_cat-marriage-proposal-packages","product_tag-marriage-proposal","product_tag-pedida-de-mano"],"_links":{"self":[{"href":"https:\/\/perfectvenue.es\/es\/wp-json\/wp\/v2\/product\/44104","targetHints":{"allow":["GET"]}}],"collection":[{"href":"https:\/\/perfectvenue.es\/es\/wp-json\/wp\/v2\/product"}],"about":[{"href":"https:\/\/perfectvenue.es\/es\/wp-json\/wp\/v2\/types\/product"}],"replies":[{"embeddable":true,"href":"https:\/\/perfectvenue.es\/es\/wp-json\/wp\/v2\/comments?post=44104"}],"wp:featuredmedia":[{"embeddable":true,"href":"https:\/\/perfectvenue.es\/es\/wp-json\/wp\/v2\/media\/38936"}],"wp:attachment":[{"href":"https:\/\/perfectvenue.es\/es\/wp-json\/wp\/v2\/media?parent=44104"}],"curies":[{"name":"wp","href":"https:\/\/api.w.org\/{rel}","templated":true}]}}