{"id":44069,"date":"2024-08-07T19:05:21","date_gmt":"2024-08-07T16:05:21","guid":{"rendered":"https:\/\/perfectvenue.es\/?post_type=product&#038;p=44069"},"modified":"2024-08-07T19:05:49","modified_gmt":"2024-08-07T16:05:49","slug":"pedida-de-mano-en-el-parque-de-el-capricho","status":"publish","type":"product","link":"https:\/\/perfectvenue.es\/es\/product\/pedida-de-mano-en-el-parque-de-el-capricho\/","title":{"rendered":"Pedida de mano en el parque de El Capricho de Madrid"},"content":{"rendered":"<p><\/p>\n<p style=\"text-align: justify;\"><span style=\"font-weight: 400;\">El Parque de El Capricho en Madrid es un tesoro oculto de la ciudad, reconocido por su belleza paisaj\u00edstica y su historia intrigante, y sabemos que tu pedida de mano en el parque de El Capricho no dejar\u00e1 indiferente a tu pareja.<\/span><\/p>\n<p style=\"text-align: justify;\"><span style=\"font-weight: 400;\">Construido en el siglo XVIII por la Duquesa de Osuna, este parque hist\u00f3rico es famoso por sus jardines de estilo ingl\u00e9s y franc\u00e9s, sus estanques pintorescos y sus pabellones neocl\u00e1sicos. Ofrece un ambiente sereno y rom\u00e1ntico, \u00a1tu pedida de mano en el parque de El Capricho de Madrid ser\u00e1 m\u00e1s que perfecta!<\/span><\/p>\n<p style=\"text-align: justify;\"><span style=\"font-weight: 400;\">Mientras explor\u00e1is los rincones encantadores de este precioso parque, un fot\u00f3grafo profesional capturar\u00e1 cada momento para que record\u00e9is por siempre este bonito momento. Adem\u00e1s, un ramo de flores est\u00e1 listo para que puedas entreg\u00e1rselo a tu pareja tras el emotivo momento. Sin duda se sorprender\u00e1 al descubrir un camino de p\u00e9talos de rosa gui\u00e1ndola hacia las emotivas letras &#8220;Will You Marry Me&#8221; dispuestas con cari\u00f1o.<\/span><\/p>\n<p style=\"text-align: justify;\"><span style=\"font-weight: 400;\">Nos encargamos de todos los detalles de organizaci\u00f3n y de toda la planificaci\u00f3n para que este momento sea absolutamente perfecto y memorable en el hermoso y pintoresco Parque de El Capricho de Madrid. Cabe destacar que este parque solo abre los fines de semana.<\/span><\/p>\n<h3 style=\"text-align: justify;\"><span style=\"font-weight: 400;\">Lo que incluye tu pedida de mano en el parque de El Capricho:<\/span><\/h3>\n<ul style=\"text-align: justify;\">\n<li><b><span style=\"font-weight: 400;\">Fot\u00f3grafo<\/span><\/b><\/li>\n<li><span style=\"font-weight: 400;\">Ramo de flores<\/span><\/li>\n<li><span style=\"font-weight: 400;\">P\u00e9talos de rosa y letras Will You Marry Me<\/span><\/li>\n<li><b><span style=\"font-weight: 400;\">Organizaci\u00f3n y planificaci\u00f3n de la pedida de mano<\/span><\/b><\/li>\n<\/ul>\n<p style=\"text-align: justify;\"><b>Precio: 480\u20ac<\/b><\/p>\n<p>&nbsp;<\/p>\n<p>*Entrada al parque va a parte.<\/p>\n<h3 style=\"text-align: justify;\"><span style=\"font-weight: 400;\">Se puede a\u00f1adir:<\/span><\/h3>\n<ul style=\"text-align: justify;\">\n<li style=\"font-weight: 400;\"><span style=\"font-weight: 400;\">V\u00eddeo (consultar precio)<\/span><\/li>\n<li style=\"font-weight: 400;\"><span style=\"font-weight: 400;\">M\u00fasica en directo (consultar precio)<\/span><\/li>\n<li style=\"font-weight: 400;\"><span style=\"font-weight: 400;\">Transporte (consultar precio)<\/span><\/li>\n<li style=\"font-weight: 400;\"><span style=\"font-weight: 400;\">\u00a1Configuralo como t\u00fa quieras!<\/span><\/li>\n<\/ul>\n<h3 style=\"text-align: justify;\"><span style=\"font-weight: 400;\">Facilidad de pago<\/span><\/h3>\n<p style=\"text-align: justify;\"><span style=\"font-weight: 400;\">\u00a1S\u00ed! Y es que no es necesario pagar \u00edntegramente todo el importe de la experiencia. Simplemente es necesario reservar con un peque\u00f1o adelanto y el resto darla en el d\u00eda del evento.<\/span><\/p>\n<p style=\"text-align: justify;\"><span style=\"font-weight: 400;\">\u00a1Sin duda comodidad para ti!<\/span><\/p>\n<p style=\"text-align: justify;\"><span style=\"font-weight: 400;\">*Las tarifas no son reembolsables si el evento se cancela por cualquier motivo.<\/span><\/p>\n<p><\/p>","protected":false},"excerpt":{"rendered":"<p><span style=\"font-weight: 400;\">Disfruta de una pedida de mano en el encantador parque de El Capricho de Madrid con fot\u00f3grafo, ramo de flores, p\u00e9talos de rosa y el mensaje &#8220;Will You Marry Me&#8221;, todo organizado para un momento inolvidable. <strong>Precio: 480\u20ac. Es necesario formalizar la reserva con un adelanto.<\/strong><\/span><\/p>\n","protected":false},"featured_media":39602,"comment_status":"closed","ping_status":"closed","template":"","meta":[],"class_list":["post-44069","product","type-product","status-publish","has-post-thumbnail","hentry","product_cat-marriage-proposal-packages"],"_links":{"self":[{"href":"https:\/\/perfectvenue.es\/es\/wp-json\/wp\/v2\/product\/44069","targetHints":{"allow":["GET"]}}],"collection":[{"href":"https:\/\/perfectvenue.es\/es\/wp-json\/wp\/v2\/product"}],"about":[{"href":"https:\/\/perfectvenue.es\/es\/wp-json\/wp\/v2\/types\/product"}],"replies":[{"embeddable":true,"href":"https:\/\/perfectvenue.es\/es\/wp-json\/wp\/v2\/comments?post=44069"}],"wp:featuredmedia":[{"embeddable":true,"href":"https:\/\/perfectvenue.es\/es\/wp-json\/wp\/v2\/media\/39602"}],"wp:attachment":[{"href":"https:\/\/perfectvenue.es\/es\/wp-json\/wp\/v2\/media?parent=44069"}],"curies":[{"name":"wp","href":"https:\/\/api.w.org\/{rel}","templated":true}]}}