{"id":44067,"date":"2024-08-08T14:51:23","date_gmt":"2024-08-08T11:51:23","guid":{"rendered":"https:\/\/perfectvenue.es\/?post_type=product&#038;p=44067"},"modified":"2024-08-08T14:51:24","modified_gmt":"2024-08-08T11:51:24","slug":"pedida-de-mano-en-el-templo-de-debod","status":"publish","type":"product","link":"https:\/\/perfectvenue.es\/es\/product\/pedida-de-mano-en-el-templo-de-debod\/","title":{"rendered":"Pedida de mano en el Templo de Debod de Madrid"},"content":{"rendered":"<p><\/p>\n<p style=\"text-align: justify;\"><span style=\"font-weight: 400;\">Un escenario \u00fanico y perfecto para una pedida de mano inolvidable es el Templo de Debod en Madrid, un lugar lleno de historia y belleza. Con nuestro servicio exclusivo, todo est\u00e1 preparado para crear un momento m\u00e1gico y que te acuerdes de tu pedida de mano en el Templo de Debod toda la vida.<\/span><\/p>\n<p style=\"text-align: justify;\"><span style=\"font-weight: 400;\">Acompa\u00f1ado por un fot\u00f3grafo profesional, capturaremos cada detalle mientras t\u00fa y tu pareja explor\u00e1is este impresionante templo egipcio. El Templo de Debod es un antiguo templo egipcio del siglo II a.C. ubicado en Madrid, regalado a Espa\u00f1a por Egipto en 1968. Es un monumento hist\u00f3rico destacado en la ciudad, conocido por su arquitectura \u00fanica y su ubicaci\u00f3n privilegiada con vistas al skyline madrile\u00f1o.<\/span><\/p>\n<p style=\"text-align: justify;\"><span style=\"font-weight: 400;\">Siguiendo un camino de p\u00e9talos de rosa y emocionantes letras &#8220;Will You Marry Me&#8221; dispuestas en armon\u00eda, cada paso ser\u00e1 una sorpresa inolvidable. Adem\u00e1s, un ramo de flores estar\u00e1 listo para que puedas entreg\u00e1rselo a tu pareja en el momento m\u00e1s emotivo de tu pedida de mano en el Templo de Debod, que ser\u00e1 cuando diga que &#8220;s\u00ed&#8221;.<\/span><\/p>\n<p style=\"text-align: justify;\"><span style=\"font-weight: 400;\">Nosotros nos encargamos de toda la organizaci\u00f3n y de toda la planificaci\u00f3n para que t\u00fa solo te preocupes de disfrutar de este momento \u00fanico y especial en el precioso Templo de Debod de Madrid.<\/span><\/p>\n<h3 style=\"text-align: justify;\"><span style=\"font-weight: 400;\">Lo que incluye tu pedida de mano en el Templo de Debod:<\/span><\/h3>\n<ul style=\"text-align: justify;\">\n<li><b><span style=\"font-weight: 400;\">Fot\u00f3grafo<\/span><\/b><\/li>\n<li><span style=\"font-weight: 400;\">Ramo de flores<\/span><\/li>\n<li><span style=\"font-weight: 400;\">P\u00e9talos de rosa y letras Will You Marry Me<\/span><\/li>\n<li><b><span style=\"font-weight: 400;\">Organizaci\u00f3n y planificaci\u00f3n de la pedida de mano<\/span><\/b><\/li>\n<\/ul>\n<p style=\"text-align: justify;\"><b>Precio: 480\u20ac<\/b><\/p>\n<h3 style=\"text-align: justify;\"><span style=\"font-weight: 400;\">Se puede a\u00f1adir:<\/span><\/h3>\n<ul style=\"text-align: justify;\">\n<li style=\"font-weight: 400;\"><span style=\"font-weight: 400;\">V\u00eddeo (consultar precio)<\/span><\/li>\n<li style=\"font-weight: 400;\"><span style=\"font-weight: 400;\">M\u00fasica en directo (consultar precio)<\/span><\/li>\n<li style=\"font-weight: 400;\"><span style=\"font-weight: 400;\">Transporte (consultar precio)<\/span><\/li>\n<li style=\"font-weight: 400;\"><span style=\"font-weight: 400;\">\u00a1Configuralo como t\u00fa quieras!<\/span><\/li>\n<\/ul>\n<h3 style=\"text-align: justify;\"><span style=\"font-weight: 400;\">Facilidad de pago<\/span><\/h3>\n<p style=\"text-align: justify;\"><span style=\"font-weight: 400;\">\u00a1S\u00ed! Y es que no es necesario pagar \u00edntegramente el importe de la experiencia. Simplemente es necesario reservar con un adelanto y el resto darla en el d\u00eda del evento.<\/span><\/p>\n<p style=\"text-align: justify;\"><span style=\"font-weight: 400;\">\u00a1Sin duda comodidad para ti!<\/span><\/p>\n<p style=\"text-align: justify;\"><span style=\"font-weight: 400;\">*Las tarifas no son reembolsables si el evento se cancela por cualquier motivo.<\/span><\/p>\n<p><\/p>","protected":false},"excerpt":{"rendered":"<p><span style=\"font-weight: 400;\">Vive una pedida de mano en el Templo de Debod de Madrid de lo m\u00e1s emotiva con un fot\u00f3grafo, ramo de flores, p\u00e9talos de rosa y el mensaje &#8220;Will You Marry Me&#8221;. <strong>Precio: 480\u20ac. Es necesario formalizar la reserva con un adelanto de 280\u20ac.<\/strong><\/span><\/p>\n","protected":false},"featured_media":43764,"comment_status":"closed","ping_status":"closed","template":"","meta":[],"class_list":["post-44067","product","type-product","status-publish","has-post-thumbnail","hentry","product_cat-marriage-proposal-packages"],"_links":{"self":[{"href":"https:\/\/perfectvenue.es\/es\/wp-json\/wp\/v2\/product\/44067","targetHints":{"allow":["GET"]}}],"collection":[{"href":"https:\/\/perfectvenue.es\/es\/wp-json\/wp\/v2\/product"}],"about":[{"href":"https:\/\/perfectvenue.es\/es\/wp-json\/wp\/v2\/types\/product"}],"replies":[{"embeddable":true,"href":"https:\/\/perfectvenue.es\/es\/wp-json\/wp\/v2\/comments?post=44067"}],"wp:featuredmedia":[{"embeddable":true,"href":"https:\/\/perfectvenue.es\/es\/wp-json\/wp\/v2\/media\/43764"}],"wp:attachment":[{"href":"https:\/\/perfectvenue.es\/es\/wp-json\/wp\/v2\/media?parent=44067"}],"curies":[{"name":"wp","href":"https:\/\/api.w.org\/{rel}","templated":true}]}}