{"id":44066,"date":"2024-09-10T15:17:19","date_gmt":"2024-09-10T12:17:19","guid":{"rendered":"https:\/\/perfectvenue.es\/?post_type=product&#038;p=44066"},"modified":"2025-12-21T18:22:30","modified_gmt":"2025-12-21T15:22:30","slug":"pedida-de-mano-en-la-rosaleda-del-retiro","status":"publish","type":"product","link":"https:\/\/perfectvenue.es\/es\/product\/pedida-de-mano-en-la-rosaleda-del-retiro\/","title":{"rendered":"Pedida de mano en la Rosaleda del Retiro de Madrid"},"content":{"rendered":"<p><\/p>\n<p style=\"text-align: justify;\"><span style=\"font-weight: 400;\">El escenario perfecto para una pedida de mano inolvidable es la hermosa Rosaleda del Retiro de Madrid. Este ic\u00f3nico lugar ofrece el ambiente ideal para un momento tan especial. Con un ramo de flores a tu disposici\u00f3n, podr\u00e1s sorprender y emocionar a tu pareja con un gesto lleno de amor y compromiso durante vuestra pedida de mano en la Rosaleda del Retiro.<\/span><\/p>\n<p style=\"text-align: justify;\"><span style=\"font-weight: 400;\">Cuando llegu\u00e9is, encontrar\u00e9is un camino de p\u00e9talos de rosa que os guiar\u00e1 hacia un mensaje \u00fanico y emotivo: &#8220;Will you marry me?&#8221;, dispuesto con esmero en el suelo. Este detalle cuidadosamente preparado a\u00f1adir\u00e1 magia y romanticismo al momento.<\/span><\/p>\n<p style=\"text-align: justify;\"><span style=\"font-weight: 400;\">Un fot\u00f3grafo profesional estar\u00e1 discretamente presente para capturar cada expresi\u00f3n de sorpresa y alegr\u00eda en el rostro de tu pareja. Desde el instante en que vea la decoraci\u00f3n hasta el emocionante momento en que pronuncie el tan esperado &#8220;s\u00ed&#8221;, cada emoci\u00f3n quedar\u00e1 inmortalizada en bellas fotograf\u00edas.<\/span><\/p>\n<p style=\"text-align: justify;\"><span style=\"font-weight: 400;\">Nos encargamos de toda la organizaci\u00f3n y planificaci\u00f3n para que t\u00fa puedas concentrarte \u00fanicamente en disfrutar este momento \u00fanico junto a tu ser amado. Haz de tu pedida de mano un recuerdo para toda la vida en uno de los lugares m\u00e1s rom\u00e1nticos y emblem\u00e1ticos de Madrid, la Rosaleda del Retiro.<\/span><\/p>\n<h3 style=\"text-align: justify;\"><span style=\"font-weight: 400;\">Lo que incluye tu pedida de mano en la Rosaleda del Retiro:<\/span><\/h3>\n<ul style=\"text-align: justify;\">\n<li><b><span style=\"font-weight: 400;\">Fot\u00f3grafo<\/span><\/b><\/li>\n<li><span style=\"font-weight: 400;\">Ramo de flores<\/span><\/li>\n<li><span style=\"font-weight: 400;\">P\u00e9talos de rosa y letras Marry Me<\/span><\/li>\n<li><b><span style=\"font-weight: 400;\">Organizaci\u00f3n y planificaci\u00f3n de la pedida de mano<\/span><\/b><\/li>\n<\/ul>\n<p style=\"text-align: justify;\"><b>Precio: 480\u20ac + iva<\/b><\/p>\n<h3 style=\"text-align: justify;\"><span style=\"font-weight: 400;\">Se puede a\u00f1adir:<\/span><\/h3>\n<ul style=\"text-align: justify;\">\n<li style=\"font-weight: 400;\"><span style=\"font-weight: 400;\">V\u00eddeo (consultar precio)<\/span><\/li>\n<li style=\"font-weight: 400;\"><span style=\"font-weight: 400;\">M\u00fasica en directo (consultar precio)<\/span><\/li>\n<li style=\"font-weight: 400;\"><span style=\"font-weight: 400;\">Transporte (consultar precio)<\/span><\/li>\n<li style=\"font-weight: 400;\"><span style=\"font-weight: 400;\">\u00a1Configuralo como t\u00fa quieras!<\/span><\/li>\n<\/ul>\n<h3 style=\"text-align: justify;\"><span style=\"font-weight: 400;\">Facilidad de pago<\/span><\/h3>\n<p style=\"text-align: justify;\"><span style=\"font-weight: 400;\">\u00a1S\u00ed! Y es que no es necesario pagar \u00edntegramente el importe de la experiencia. Simplemente es necesario reservar con un adelanto y el resto darla en el d\u00eda del evento.<\/span><\/p>\n<p style=\"text-align: justify;\"><span style=\"font-weight: 400;\">\u00a1Comodidad sin duda para ti!<\/span><\/p>\n<p style=\"text-align: justify;\"><span style=\"font-weight: 400;\">*Las tarifas no son reembolsables si el evento se cancela por cualquier motivo.<\/span><\/p>\n<p><\/p>","protected":false},"excerpt":{"rendered":"<p><span style=\"font-weight: 400;\">En la Rosaleda del Retiro de Madrid, sorprende a tu pareja con una pedida de mano emotiva y rom\u00e1ntica, con p\u00e9talos de rosa, letras &#8220;Marry me&#8221; y un fot\u00f3grafo para capturar el momento. <strong>Precio: 480\u20ac + iva. Es necesario formalizar la reserva con un adelanto (280\u20ac).<\/strong><\/span><\/p>\n","protected":false},"featured_media":45202,"comment_status":"closed","ping_status":"closed","template":"","meta":[],"class_list":["post-44066","product","type-product","status-publish","has-post-thumbnail","hentry","product_cat-marriage-proposal-packages","product_tag-marriage-proposal-retiro","product_tag-marriage-proposal-rosaleda"],"_links":{"self":[{"href":"https:\/\/perfectvenue.es\/es\/wp-json\/wp\/v2\/product\/44066","targetHints":{"allow":["GET"]}}],"collection":[{"href":"https:\/\/perfectvenue.es\/es\/wp-json\/wp\/v2\/product"}],"about":[{"href":"https:\/\/perfectvenue.es\/es\/wp-json\/wp\/v2\/types\/product"}],"replies":[{"embeddable":true,"href":"https:\/\/perfectvenue.es\/es\/wp-json\/wp\/v2\/comments?post=44066"}],"wp:featuredmedia":[{"embeddable":true,"href":"https:\/\/perfectvenue.es\/es\/wp-json\/wp\/v2\/media\/45202"}],"wp:attachment":[{"href":"https:\/\/perfectvenue.es\/es\/wp-json\/wp\/v2\/media?parent=44066"}],"curies":[{"name":"wp","href":"https:\/\/api.w.org\/{rel}","templated":true}]}}