{"id":43965,"date":"2024-01-26T12:53:15","date_gmt":"2024-01-26T09:53:15","guid":{"rendered":"https:\/\/perfectvenue.es\/?post_type=product&#038;p=43965"},"modified":"2024-08-08T14:37:53","modified_gmt":"2024-08-08T11:37:53","slug":"boda-elopement-en-son-marroig","status":"publish","type":"product","link":"https:\/\/perfectvenue.es\/es\/product\/boda-elopement-en-son-marroig\/","title":{"rendered":"Paquete de boda elopement en Son Marroig, Mallorca"},"content":{"rendered":"<p><\/p>\n<p style=\"text-align: justify;\"><span style=\"font-weight: 400;\">Este paquete de boda elopement en Son Marroig, Mallorca, te invita a escaparte con tu pareja y vivir una experiencia nupcial \u00fanica en uno de los lugares m\u00e1s impresionantes de Espa\u00f1a. Mallorca, conocida por sus playas de aguas cristalinas, su paisaje monta\u00f1oso y su encanto mediterr\u00e1neo, ofrece el escenario perfecto para una boda \u00edntima y rom\u00e1ntica.<\/span><\/p>\n<p style=\"text-align: justify;\"><span style=\"font-weight: 400;\">Son Marroig, situado en la costa noroeste de Mallorca, es un lugar emblem\u00e1tico con vistas panor\u00e1micas al mar Mediterr\u00e1neo y a los acantilados de la Serra de Tramuntana. Este sitio hist\u00f3rico, con su arquitectura impresionante y su entorno natural espectacular, es ideal para celebrar un momento tan especial como el d\u00eda de tu boda.<\/span><\/p>\n<p style=\"text-align: justify;\"><span style=\"font-weight: 400;\">Con el paquete de boda elopement en Son Marroig, disfrutar\u00e1s del alquiler de un espacio privado exclusivamente para vosotros dos, decorado con una alfombra blanca y flores frescas que realzar\u00e1n la belleza natural del entorno.\u00a0<\/span><\/p>\n<p style=\"text-align: justify;\"><span style=\"font-weight: 400;\">Adem\u00e1s, un violinista estar\u00e1 durante tu boda elopement en Son Marroig para a\u00f1adir un toque de elegancia y solemnidad a vuestro enlace as\u00ed como un maestro de ceremonias, el cual estar\u00e1 presente para formalizar el matrimonio y casaros de manera oficial.<\/span><\/p>\n<p style=\"text-align: justify;\"><span style=\"font-weight: 400;\">Un fot\u00f3grafo profesional capturar\u00e1 cada momento de vuestra ceremonia y celebraci\u00f3n, desde el emotivo intercambio de votos hasta los instantes de pura felicidad compartida.\u00a0<\/span><\/p>\n<p style=\"text-align: justify;\"><span style=\"font-weight: 400;\">Con nuestro servicio completo de organizaci\u00f3n y planificaci\u00f3n, puedes estar seguro de que todo saldr\u00e1 perfecto, permiti\u00e9ndote disfrutar al m\u00e1ximo de este d\u00eda tan significativo. Este paquete de boda elopement en Son Marroig dise\u00f1ado para crear recuerdos inolvidables junto a la persona que m\u00e1s amas.<\/span><\/p>\n<h3 style=\"text-align: justify;\"><span style=\"font-weight: 400;\">Lo que incluye tu boda elopement en Son Marroig, Mallorca:<\/span><\/h3>\n<ul style=\"text-align: justify;\">\n<li><b><span style=\"font-weight: 400;\">Fot\u00f3grafo<\/span><\/b><\/li>\n<li><span style=\"font-weight: 400;\">Alquiler del espacio privado durante 1h y 30min<\/span><\/li>\n<li><span style=\"font-weight: 400;\">Decoraci\u00f3n floral y alfombra blanca<\/span><\/li>\n<li><span style=\"font-weight: 400;\">Maestro de ceremonias<\/span><\/li>\n<li><span style=\"font-weight: 400;\">Viol\u00edn en directo<\/span><\/li>\n<li><b><span style=\"font-weight: 400;\">Organizaci\u00f3n y planificaci\u00f3n de la boda<\/span><\/b><\/li>\n<\/ul>\n<p style=\"text-align: justify;\"><b>Precio: A consultar (depende de la fecha)<\/b><\/p>\n<h3 style=\"text-align: justify;\"><span style=\"font-weight: 400;\">Se puede a\u00f1adir:<\/span><\/h3>\n<ul style=\"text-align: justify;\">\n<li style=\"font-weight: 400;\"><span style=\"font-weight: 400;\">V\u00eddeo (consultar precio)<\/span><\/li>\n<li style=\"font-weight: 400;\"><span style=\"font-weight: 400;\">Transporte (consultar precio)<\/span><\/li>\n<li style=\"font-weight: 400;\"><span style=\"font-weight: 400;\">\u00a1Configuralo como t\u00fa quieras!<\/span><\/li>\n<\/ul>\n<h3 style=\"text-align: justify;\"><span style=\"font-weight: 400;\">Facilidad de pago<\/span><\/h3>\n<p style=\"text-align: justify;\"><span style=\"font-weight: 400;\">\u00a1S\u00ed! Y es que no es necesario pagar \u00edntegramente el importe del paquete de boda elopement en Son Marroig, Mallorca. Simplemente es necesario reservar con un adelanto y el resto darla en el d\u00eda del evento.<\/span><\/p>\n<p style=\"text-align: justify;\"><span style=\"font-weight: 400;\">\u00a1Comodidad para ti!<\/span><\/p>\n<p style=\"text-align: justify;\"><span style=\"font-weight: 400;\">*Las tarifas no son reembolsables si el evento se cancela por cualquier motivo.<\/span><\/p>\n<p><\/p>","protected":false},"excerpt":{"rendered":"<p><span style=\"font-weight: 400;\">Este paquete de boda elopement en Son Marroig, Mallorca, te ofrece una experiencia \u00fanica en uno de los lugares m\u00e1s impresionantes de Espa\u00f1a, incluyendo decoraci\u00f3n, violinista, maestro de ceremonias y un fot\u00f3grafo profesional.\u00a0<\/span><\/p>\n","protected":false},"featured_media":44171,"comment_status":"closed","ping_status":"closed","template":"","meta":[],"class_list":["post-43965","product","type-product","status-publish","has-post-thumbnail","hentry","product_cat-elopement-planner","product_cat-perfect-plan","product_tag-a--"],"_links":{"self":[{"href":"https:\/\/perfectvenue.es\/es\/wp-json\/wp\/v2\/product\/43965","targetHints":{"allow":["GET"]}}],"collection":[{"href":"https:\/\/perfectvenue.es\/es\/wp-json\/wp\/v2\/product"}],"about":[{"href":"https:\/\/perfectvenue.es\/es\/wp-json\/wp\/v2\/types\/product"}],"replies":[{"embeddable":true,"href":"https:\/\/perfectvenue.es\/es\/wp-json\/wp\/v2\/comments?post=43965"}],"wp:featuredmedia":[{"embeddable":true,"href":"https:\/\/perfectvenue.es\/es\/wp-json\/wp\/v2\/media\/44171"}],"wp:attachment":[{"href":"https:\/\/perfectvenue.es\/es\/wp-json\/wp\/v2\/media?parent=43965"}],"curies":[{"name":"wp","href":"https:\/\/api.w.org\/{rel}","templated":true}]}}