{"id":43905,"date":"2024-07-17T19:24:13","date_gmt":"2024-07-17T16:24:13","guid":{"rendered":"http:\/\/perfectvenue.es\/?post_type=product&#038;p=43905"},"modified":"2026-02-16T22:06:58","modified_gmt":"2026-02-16T19:06:58","slug":"pedida-de-mano-en-benidorm","status":"publish","type":"product","link":"https:\/\/perfectvenue.es\/es\/product\/pedida-de-mano-en-benidorm\/","title":{"rendered":"Pedida de mano en Benidorm en un hotel de 5 estrellas con cena, cava y p\u00e9talos de rosa"},"content":{"rendered":"<p><\/p>\n<p style=\"text-align: justify;\"><span style=\"font-weight: 400;\">El Hotel Villa Venecia Boutique Gourmet te ofrece la pedida de mano en Benidorm, transformando tu momento especial en una experiencia \u00fanica.\u00a0<\/span><\/p>\n<p style=\"text-align: justify;\"><span style=\"font-weight: 400;\">Imagina m\u00fasica a tu gusto, un detalle de bienvenida gourmet, cava, p\u00e9talos de rosas y velas LED, creando un ambiente m\u00e1gico desde el primer instante y una historia de amor inolvidable.<\/span><\/p>\n<p style=\"text-align: justify;\"><span style=\"font-weight: 400;\">La experiencia no termina ah\u00ed. Disfruta de un spa privado durante tu estancia, compartiendo una botella de champagne Mo\u00ebt &amp; Chandon y fresas con chocolate.\u00a0<\/span><\/p>\n<p style=\"text-align: justify;\"><span style=\"font-weight: 400;\">Adem\u00e1s, una cena rom\u00e1ntica en el restaurante Llum del Mar, con vistas panor\u00e1micas al mar, ser\u00e1 el escenario ideal. La botella de cava durante la cena o en el momento que prefieras, con un compartimento especial oculto para guardar el anillo de pedida, \u00a1es simplemente genial!<\/span><\/p>\n<p style=\"text-align: justify;\"><span style=\"font-weight: 400;\">Y para poner la guinda al pastel, un desayuno en la habitaci\u00f3n el d\u00eda de la salida. Una experiencia de 5 estrellas dise\u00f1ada para crear momentos inolvidables junto a tu pareja.<\/span><\/p>\n<h3 style=\"text-align: justify;\"><span style=\"font-weight: 400;\">Lo que incluye tu pedida de mano en Benidorm:<\/span><\/h3>\n<ul style=\"text-align: justify;\">\n<li><b><span style=\"font-weight: 400;\">M\u00fasica a su gusto<\/span><\/b><\/li>\n<li><span style=\"font-weight: 400;\">Detalle de bienvenida gourmet<\/span><\/li>\n<li><span style=\"font-weight: 400;\">Cava<\/span><\/li>\n<li><span style=\"font-weight: 400;\">P\u00e9talos de rosas<\/span><\/li>\n<li><span style=\"font-weight: 400;\">Velas LED<\/span><\/li>\n<li><span style=\"font-weight: 400;\">Una hora de Spa privado durante la estancia compartiendo una botella de champagne Mo\u00ebt &amp; Chandon y fresas con chocolate\u00a0<\/span><\/li>\n<li><span style=\"font-weight: 400;\">Cena rom\u00e1ntica en el restaurante Llum del Mar con vistas panor\u00e1micas al mar.<\/span><\/li>\n<li><span style=\"font-weight: 400;\">Botella de cava durante la cena o cuando prefiera, con compartimento especial oculto para guardar el anillo de pedida.<\/span><\/li>\n<li><span style=\"font-weight: 400;\">Desayuno en la habitaci\u00f3n el d\u00eda de salida, la guinda del pastel.<\/span><\/li>\n<li><span style=\"font-weight: 400;\">Salida tard\u00eda bajo disponibilidad el \u00faltimo d\u00eda para poder disfrutar un poquito m\u00e1s.<\/span><\/li>\n<li><span style=\"font-weight: 400;\">Servicio de Valet Parking bajo disponibilidad a la hora de llegada y salida.<\/span><\/li>\n<li><b><span style=\"font-weight: 400;\">Fot\u00f3grafo<\/span><\/b><\/li>\n<li><span style=\"font-weight: 400;\">Planificaci\u00f3n y organizaci\u00f3n de tu pedida de mano<\/span><\/li>\n<\/ul>\n<ul style=\"text-align: justify;\">\n<li style=\"list-style-type: none;\"><\/li>\n<\/ul>\n<p style=\"text-align: justify;\"><b>Precio: A consultar (dependiendo de la temporada)<\/b><\/p>\n<h3 style=\"text-align: justify;\"><span style=\"font-weight: 400;\">Se puede a\u00f1adir:<\/span><\/h3>\n<ul style=\"text-align: justify;\">\n<li style=\"font-weight: 400;\"><span style=\"font-weight: 400;\">Ramo de flores. Precio a consultar<\/span><\/li>\n<li style=\"font-weight: 400;\"><span style=\"font-weight: 400;\">V\u00eddeo. Precio a consultar<\/span><\/li>\n<li style=\"font-weight: 400;\"><span style=\"font-weight: 400;\">Decoraci\u00f3n personalizada. Precio a consultar.<\/span><\/li>\n<li style=\"font-weight: 400;\"><span style=\"font-weight: 400;\">Alojamiento en el hotel. Precio a consultar.<\/span><\/li>\n<li style=\"font-weight: 400;\"><span style=\"font-weight: 400;\">\u00a1Configuralo como t\u00fa quieras!<\/span><\/li>\n<\/ul>\n<h3 style=\"text-align: justify;\"><span style=\"font-weight: 400;\">M\u00e9todo de pago<\/span><\/h3>\n<p style=\"text-align: justify;\"><span style=\"font-weight: 400;\">\u00a1S\u00ed! Y es que no es necesario pagar \u00edntegramente el importe de la experiencia. Simplemente es necesario reservar con un adelanto y el resto darlo en el d\u00eda del evento.<\/span><\/p>\n<p style=\"text-align: justify;\"><span style=\"font-weight: 400;\">\u00a1Comodidad para ti!<\/span><\/p>\n<p style=\"text-align: justify;\"><span style=\"font-weight: 400;\">*Las tarifas no son reembolsables si el evento se cancela por cualquier motivo.<\/span><\/p>\n<p><\/p>","protected":false},"excerpt":{"rendered":"<p><span style=\"font-weight: 400;\">Una pedida de mano en Benidorm, en un hotel de 5 estrellas, ofrece una experiencia \u00fanica. Entre, p\u00e9talos de rosa, m\u00fasica y una rom\u00e1ntica cena, creando el ambiente perfecto. <\/span><b>Precio: a consultar. Es necesario reservar con un adelanto.<\/b><\/p>\n","protected":false},"featured_media":43930,"comment_status":"closed","ping_status":"closed","template":"","meta":[],"class_list":["post-43905","product","type-product","status-publish","has-post-thumbnail","hentry","product_cat-marriage-proposal-packages"],"_links":{"self":[{"href":"https:\/\/perfectvenue.es\/es\/wp-json\/wp\/v2\/product\/43905","targetHints":{"allow":["GET"]}}],"collection":[{"href":"https:\/\/perfectvenue.es\/es\/wp-json\/wp\/v2\/product"}],"about":[{"href":"https:\/\/perfectvenue.es\/es\/wp-json\/wp\/v2\/types\/product"}],"replies":[{"embeddable":true,"href":"https:\/\/perfectvenue.es\/es\/wp-json\/wp\/v2\/comments?post=43905"}],"wp:featuredmedia":[{"embeddable":true,"href":"https:\/\/perfectvenue.es\/es\/wp-json\/wp\/v2\/media\/43930"}],"wp:attachment":[{"href":"https:\/\/perfectvenue.es\/es\/wp-json\/wp\/v2\/media?parent=43905"}],"curies":[{"name":"wp","href":"https:\/\/api.w.org\/{rel}","templated":true}]}}