{"id":43895,"date":"2026-03-10T10:35:37","date_gmt":"2026-03-10T07:35:37","guid":{"rendered":"https:\/\/perfectvenue.es\/?post_type=product&#038;p=43895"},"modified":"2026-03-10T12:33:55","modified_gmt":"2026-03-10T09:33:55","slug":"pedida-de-mano-en-el-hotel-belmond","status":"publish","type":"product","link":"https:\/\/perfectvenue.es\/es\/product\/pedida-de-mano-en-el-hotel-belmond\/","title":{"rendered":"Pedida de mano en el hotel Belmond de Mallorca en un mirador"},"content":{"rendered":"<p><\/p>\n<p style=\"text-align: justify;\"><span style=\"font-weight: 400;\">En el encantador pueblo de Dei\u00e0, en el norte de Mallorca, se encuentra un precioso hotel, un verdadero hotel de cuento ideal para tu pedida de mano en el Hotel Belmond. Este lugar m\u00e1gico ofrece el escenario perfecto en su exclusivo mirador, donde disfrutar\u00e1s de una velada inolvidable.<\/span><\/p>\n<p style=\"text-align: justify;\"><span style=\"font-weight: 400;\">El Mirador ser\u00e1 privado para la pareja, ofreciendo unas vistas excepcionales sobre el mar Mediterr\u00e1neo con la imponente Sierra de Tramuntana como tel\u00f3n de fondo. Este entorno m\u00e1gico es el lugar perfecto para hacer la gran pregunta. Imagina disfrutar de un aperitivo con Champagne y canap\u00e9s, seguido de una cena \u00edntima, todo mientras un guitarrista toca de fondo, creando una atm\u00f3sfera rom\u00e1ntica y especial. Si prefieres un pianista, tambi\u00e9n est\u00e1 disponible por 900 euros adicionales.<\/span><\/p>\n<p style=\"text-align: justify;\"><span style=\"font-weight: 400;\">La experiencia incluye un men\u00fa de 4 platos, maridados con vinos blancos y tintos seleccionados por el sommelier del hotel, junto con agua mineral y caf\u00e9. Todo ello atendido por un chef y un maitre dedicados a asegurar que cada detalle sea perfecto. Este banquete gastron\u00f3mico es ideal para degustar los mejores platos y vinos en un entorno que celebra el amor y la exclusividad.<\/span><\/p>\n<p style=\"text-align: justify;\"><span style=\"font-weight: 400;\">Si deseas capturar cada momento de esta experiencia \u00fanica, podemos proporcionarte una lista de fot\u00f3grafos recomendados. Adem\u00e1s, nos adaptamos a tus horarios, aunque recomendamos organizarlo alrededor de las 20:00 para disfrutar de los colores del atardecer.<\/span><\/p>\n<p style=\"text-align: justify;\"><span style=\"font-weight: 400;\">En caso de que el clima no sea favorable, el servicio se trasladar\u00e1 al balc\u00f3n interior privado del restaurante El Olivo, garantizando que tu pedida de mano pedida de mano en el Hotel Belmond en Mallorca sea perfecta sin importar las condiciones meteorol\u00f3gicas.<\/span><\/p>\n<h3 style=\"text-align: justify;\"><span style=\"font-weight: 400;\">Lo que incluye tu pedida de mano en Mallorca:<\/span><\/h3>\n<ul style=\"text-align: justify;\">\n<li><b><span style=\"font-weight: 400;\">Alquiler del espacio solo para vosotros dos<\/span><\/b><\/li>\n<li><span style=\"font-weight: 400;\">El aperitivo (Champagne Perrier-Jou\u00ebt Grand Brut y canap\u00e9s)<\/span><\/li>\n<li><span style=\"font-weight: 400;\">Men\u00fa de 4 platos preparado por nuestro chef en directo en la propia terraza<\/span><\/li>\n<li><span style=\"font-weight: 400;\">El men\u00fa se servir\u00e1 junto con su maridaje de vino blanco, tinto y dulce seleccionado por el sumiller.<\/span><\/li>\n<li><span style=\"font-weight: 400;\">Agua mineral<\/span><\/li>\n<li><span style=\"font-weight: 400;\">Guitarrista en directo<\/span><\/li>\n<li><b><span style=\"font-weight: 400;\">Organizaci\u00f3n y planificaci\u00f3n de la pedida de mano en el Hotel Belmond<\/span><\/b><\/li>\n<li><span style=\"font-weight: 400;\">Fot\u00f3grafo<\/span><\/li>\n<\/ul>\n<p><strong>Precio: desde 2.800\u20ac + IVA<\/strong><\/p>\n<h3 style=\"text-align: justify;\"><span style=\"font-weight: 400;\">Se puede a\u00f1adir:<\/span><\/h3>\n<ul style=\"text-align: justify;\">\n<li style=\"font-weight: 400;\">Pianista (desde 1.200\u20ac + IVA incluido)<\/li>\n<li>V\u00eddeo (desde 290\u20ac)<\/li>\n<li>Ramo de flores (desde 60\u20ac)<\/li>\n<li>Decoraci\u00f3n extra (desde 200\u20ac)<\/li>\n<li style=\"font-weight: 400;\"><span style=\"font-weight: 400;\">\u00a1Configuralo como t\u00fa quieras!<\/span><\/li>\n<\/ul>\n<h3 style=\"text-align: justify;\"><span style=\"font-weight: 400;\">Facilidad de pago<\/span><\/h3>\n<p style=\"text-align: justify;\"><span style=\"font-weight: 400;\">\u00a1S\u00ed! Y es que no es necesario pagar \u00edntegramente el importe de la experiencia. Simplemente es necesario reservar con un adelanto de 2.400\u20ac el resto darla en el d\u00eda del evento.<\/span><\/p>\n<p style=\"text-align: justify;\"><span style=\"font-weight: 400;\">\u00a1Comodidad para ti!<\/span><\/p>\n<p style=\"text-align: justify;\"><span style=\"font-weight: 400;\">*Las tarifas no son reembolsables si el evento se cancela por cualquier motivo.<\/span><\/p>\n<p><\/p>","protected":false},"excerpt":{"rendered":"<p>Una pedida de mano en el hotel Belmond en Mallorca es m\u00e1gica: con vistas espectaculares, una cena \u00edntima y m\u00fasica en vivo en un mirador privado. <strong>Precio: desde 2.800\u20ac + IVA<\/strong><strong>. Para reservar es necesario hacer un anticipo de 2400\u20ac.<\/strong><\/p>\n","protected":false},"featured_media":43932,"comment_status":"closed","ping_status":"closed","template":"","meta":[],"class_list":["post-43895","product","type-product","status-publish","has-post-thumbnail","hentry","product_cat-marriage-proposal-packages","product_tag-mallorca-marriage-proposal"],"_links":{"self":[{"href":"https:\/\/perfectvenue.es\/es\/wp-json\/wp\/v2\/product\/43895","targetHints":{"allow":["GET"]}}],"collection":[{"href":"https:\/\/perfectvenue.es\/es\/wp-json\/wp\/v2\/product"}],"about":[{"href":"https:\/\/perfectvenue.es\/es\/wp-json\/wp\/v2\/types\/product"}],"replies":[{"embeddable":true,"href":"https:\/\/perfectvenue.es\/es\/wp-json\/wp\/v2\/comments?post=43895"}],"wp:featuredmedia":[{"embeddable":true,"href":"https:\/\/perfectvenue.es\/es\/wp-json\/wp\/v2\/media\/43932"}],"wp:attachment":[{"href":"https:\/\/perfectvenue.es\/es\/wp-json\/wp\/v2\/media?parent=43895"}],"curies":[{"name":"wp","href":"https:\/\/api.w.org\/{rel}","templated":true}]}}