{"id":43893,"date":"2026-02-27T15:10:01","date_gmt":"2026-02-27T12:10:01","guid":{"rendered":"https:\/\/perfectvenue.es\/?post_type=product&#038;p=43893"},"modified":"2026-02-27T17:10:33","modified_gmt":"2026-02-27T14:10:33","slug":"pedida-de-mano-en-un-restaurante","status":"publish","type":"product","link":"https:\/\/perfectvenue.es\/es\/product\/pedida-de-mano-en-un-restaurante\/","title":{"rendered":"Pedida de mano en un restaurante con vistas al mar en Mallorca"},"content":{"rendered":"<p><\/p>\n<p style=\"text-align: justify;\"><span style=\"font-weight: 400;\">Imagina una pedida de mano en un restaurante con vistas al mar en Mallorca que combina romance, deliciosa comida y vistas espectaculares. En uno de los restaurantes m\u00e1s encantadores de la isla, disfrutar\u00e1s de una experiencia gastron\u00f3mica \u00fanica mientras te preparas para hacer la pregunta m\u00e1s importante de tu vida.<\/span><\/p>\n<p style=\"text-align: justify;\"><span style=\"font-weight: 400;\">El escenario perfecto para tu pedida de mano en un restaurante en Mallorca es un restaurante \u00edntimo con vistas deslumbrantes al Mar Mediterr\u00e1neo. Imagina estar sentados frente al mar, disfrutando de cada plato exquisitamente preparado mientras el sol se pone lentamente en el horizonte. Las olas rompiendo suavemente en la costa y la brisa marina crean un ambiente rom\u00e1ntico y relajante para este momento especial.<\/span><\/p>\n<p style=\"text-align: justify;\"><span style=\"font-weight: 400;\">Todo estar\u00e1 perfectamente decorado con flores frescas y elegantes detalles que a\u00f1aden un toque de sofisticaci\u00f3n y romanticismo a la ocasi\u00f3n. Un espacio privado estar\u00e1 reservado exclusivamente para vosotros dos, asegurando que cada momento sea \u00edntimo y memorable. La atm\u00f3sfera ser\u00e1 como sacada de un cuento de hadas, ideal para una propuesta que quedar\u00e1 grabada en vuestras memorias para siempre.<\/span><\/p>\n<p style=\"text-align: justify;\"><span style=\"font-weight: 400;\">Un fot\u00f3grafo profesional estar\u00e1 presente para capturar cada instante de vuestra pedida de mano en un restaurante en Mallorca. Desde el nerviosismo previo hasta la alegr\u00eda y emoci\u00f3n del s\u00ed, cada expresi\u00f3n y detalle se inmortalizar\u00e1 en hermosas fotograf\u00edas que podr\u00e9is atesorar y compartir con vuestros seres queridos.<\/span><\/p>\n<p style=\"text-align: justify;\"><span style=\"font-weight: 400;\">La comida ser\u00e1 el centro de atenci\u00f3n durante esta experiencia especial. Degustar\u00e1s platos deliciosos elaborados con los mejores ingredientes locales, maridados con vinos selectos que realzan cada sabor. Cada bocado ser\u00e1 una celebraci\u00f3n de vuestro amor y de este momento \u00fanico en vuestras vidas.<\/span><\/p>\n<h3 style=\"text-align: justify;\"><span style=\"font-weight: 400;\">Lo que incluye tu pedida de mano en Mallorca:<\/span><\/h3>\n<ul style=\"text-align: justify;\">\n<li>Alquiler del espacio<\/li>\n<li>Fot\u00f3grafo<\/li>\n<li><span style=\"color: inherit; font-family: inherit;\">Decoraci\u00f3n floral<\/span><\/li>\n<li>Ramo de flores<\/li>\n<li>Cena para 2 personas<\/li>\n<li>Organizaci\u00f3n y planificaci\u00f3n de la pedida de mano<\/li>\n<\/ul>\n<p style=\"text-align: justify;\"><b>Precio: desde 1600\u20ac + IVA<\/b><\/p>\n<h3 style=\"text-align: justify;\"><span style=\"font-weight: 400;\">Se puede a\u00f1adir:<\/span><\/h3>\n<ul>\n<li style=\"font-weight: 400; text-align: justify;\"><span style=\"font-weight: 400;\">V\u00eddeo (consultar precio)<\/span><\/li>\n<li style=\"font-weight: 400; text-align: justify;\"><span style=\"font-weight: 400;\">M\u00fasica en directo (consultar precio)<\/span><\/li>\n<li style=\"font-weight: 400; text-align: justify;\"><span style=\"font-weight: 400;\">Transporte (consultar precio)<\/span><\/li>\n<li style=\"font-weight: 400; text-align: justify;\"><span style=\"font-weight: 400;\">\u00a1Configuralo como t\u00fa quieras!<\/span><\/li>\n<\/ul>\n<h3><span style=\"font-weight: 400;\">Facilidad de pago<\/span><\/h3>\n<p><span style=\"font-weight: 400;\">\u00a1S\u00ed! Y es que no es necesario pagar \u00edntegramente el importe de la experiencia. Simplemente es necesario reservar con un adelanto el resto darla en el d\u00eda del evento.<\/span><\/p>\n<p><span style=\"font-weight: 400;\">\u00a1Comodidad para ti!<\/span><\/p>\n<p><span style=\"font-weight: 400;\">*Las tarifas no son reembolsables si el evento se cancela por cualquier motivo.<\/span><\/p>","protected":false},"excerpt":{"rendered":"<p><span style=\"font-weight: 400;\">Una pedida de mano en un restaurante con vistas al mar mar, perfectamente decorado con flores y espacio privado, capturada por un fot\u00f3grafo profesional para crear recuerdos inolvidables. <b>Precio: desde 1600\u20ac + IVA<\/b><strong>. Para reservar es necesario un adelanto del precio.<\/strong><\/span><\/p>\n","protected":false},"featured_media":54159,"comment_status":"closed","ping_status":"closed","template":"","meta":[],"class_list":["post-43893","product","type-product","status-publish","has-post-thumbnail","hentry","product_cat-marriage-proposal-packages","product_tag-pedida-de-mano-en-un-restaurante","product_tag-pedida-de-mano-en-un-restaurante-en-mallorca","product_tag-pedida-de-mano-en-un-restaurante-en-mallorca-elegante"],"_links":{"self":[{"href":"https:\/\/perfectvenue.es\/es\/wp-json\/wp\/v2\/product\/43893","targetHints":{"allow":["GET"]}}],"collection":[{"href":"https:\/\/perfectvenue.es\/es\/wp-json\/wp\/v2\/product"}],"about":[{"href":"https:\/\/perfectvenue.es\/es\/wp-json\/wp\/v2\/types\/product"}],"replies":[{"embeddable":true,"href":"https:\/\/perfectvenue.es\/es\/wp-json\/wp\/v2\/comments?post=43893"}],"wp:featuredmedia":[{"embeddable":true,"href":"https:\/\/perfectvenue.es\/es\/wp-json\/wp\/v2\/media\/54159"}],"wp:attachment":[{"href":"https:\/\/perfectvenue.es\/es\/wp-json\/wp\/v2\/media?parent=43893"}],"curies":[{"name":"wp","href":"https:\/\/api.w.org\/{rel}","templated":true}]}}