{"id":43892,"date":"2025-07-25T12:31:04","date_gmt":"2025-07-25T09:31:04","guid":{"rendered":"http:\/\/perfectvenue.es\/?post_type=product&#038;p=43892"},"modified":"2026-03-10T14:45:02","modified_gmt":"2026-03-10T11:45:02","slug":"pedida-de-mano-con-picnic-mallorca","status":"publish","type":"product","link":"https:\/\/perfectvenue.es\/es\/product\/pedida-de-mano-con-picnic-mallorca\/","title":{"rendered":"Pedida de mano con picnic y vistas al mar en Mallorca"},"content":{"rendered":"<p><\/p>\n<p style=\"text-align: justify;\"><span style=\"font-weight: 400;\">\u00bfHas pensado alguna vez en realizar una pedida de mano con picnic? Pues Iiagina un picnic encantador, lleno de detalles y sabores irresistibles. A todos nos encanta celebrar comiendo y bebiendo, y \u00bfqu\u00e9 mejor manera de hacerlo que con un picnic decorado con flores de lo m\u00e1s rom\u00e1ntico y capturado por un fot\u00f3grafo profesional para recordar este momento \u00fanico?<\/span><\/p>\n<p style=\"text-align: justify;\"><span style=\"font-weight: 400;\">Si decides pedir matrimonio durante un picnic, aseg\u00farate de elegir un lugar tranquilo, alejado del bullicio y los ni\u00f1os, para crear el ambiente perfecto. Te recomendamos una de las calas menos transitadas de Mallorca, donde la privacidad y la belleza natural se combinan para hacer este instante a\u00fan m\u00e1s especial.<\/span><\/p>\n<p style=\"text-align: justify;\"><span style=\"font-weight: 400;\">Entre s\u00e1ndwiches gourmet, fresas, uvas y un toque de chocolate, tu pedida de mano con picnic en Mallorca con picnic ser\u00e1 una delicia. Pero lo que no puede faltar es una botella de vino, champ\u00e1n o cava, cuyas burbujas a\u00f1adir\u00e1n un toque de celebraci\u00f3n a este gran momento. \u00bfQui\u00e9n podr\u00eda resistirse a un escenario as\u00ed para una pedida de mano con picnic? Nosotros organizamos todo para ti, asegur\u00e1ndonos de que cada detalle sea perfecto para que tu propuesta de matrimonio junto a tu pareja sea inolvidable.<\/span><\/p>\n<h3 style=\"text-align: justify;\"><span style=\"font-weight: 400;\">Lo que incluye tu pedida de mano en Mallorca:<\/span><\/h3>\n<ul style=\"text-align: justify;\">\n<li><b><span style=\"font-weight: 400;\">Fot\u00f3grafo<\/span><\/b><\/li>\n<\/ul>\n<ul>\n<li><span style=\"font-weight: 400;\">Picnic (fruta, cava, almohadas\/cojines\/ mesa de picnic, platos y cubiertos)<\/span><\/li>\n<\/ul>\n<ul>\n<li><span style=\"font-weight: 400;\">Ramo de flores<\/span><\/li>\n<\/ul>\n<ul>\n<li><span style=\"font-weight: 400;\">Organizaci\u00f3n y planificaci\u00f3n de la pedida de mano<\/span><\/li>\n<\/ul>\n<p style=\"text-align: justify;\"><b>Precio desde: 890\u20ac + IVA<\/b><\/p>\n<h3 style=\"text-align: justify;\"><span style=\"font-weight: 400;\">Se puede a\u00f1adir:<\/span><\/h3>\n<ul style=\"text-align: justify;\">\n<li style=\"font-weight: 400;\"><span style=\"font-weight: 400;\">V\u00eddeo (consultar precio)<\/span><\/li>\n<li style=\"font-weight: 400;\"><span style=\"font-weight: 400;\">Viol\u00edn (consultar precio)<\/span><\/li>\n<li style=\"font-weight: 400;\"><span style=\"font-weight: 400;\">Transporte (consultar precio)<\/span><\/li>\n<li style=\"font-weight: 400;\"><span style=\"font-weight: 400;\">Decoracion premium<\/span><\/li>\n<li style=\"font-weight: 400;\"><span style=\"font-weight: 400;\">\u00a1Configuralo como t\u00fa quieras!<\/span><\/li>\n<\/ul>\n<p style=\"text-align: justify;\"><span style=\"font-weight: 400;\">*Las tarifas no son reembolsables si el evento se cancela por cualquier motivo.<\/span><\/p>\n<p><\/p>","protected":false},"excerpt":{"rendered":"<p style=\"text-align: justify;\"><span style=\"font-weight: 400;\">Si vais a venir de vacaciones a Espa\u00f1a, aprovecha el magn\u00edfico viaje para realizar tu pedida de mano en Mallorca con un picnic y vistas al mar. <b>Precio desde: 890\u20ac + IVA<\/b><strong>. Dep\u00f3sito son 270 euros y el resto lo puedes pagar el d\u00eda de la pedia de mano.<\/strong><\/span><\/p>\n","protected":false},"featured_media":45801,"comment_status":"closed","ping_status":"closed","template":"","meta":[],"class_list":["post-43892","product","type-product","status-publish","has-post-thumbnail","hentry","product_cat-marriage-proposal-packages","product_tag-mallorca-proposal","product_tag-picnic-proposal","product_tag-sea-views-proposal"],"_links":{"self":[{"href":"https:\/\/perfectvenue.es\/es\/wp-json\/wp\/v2\/product\/43892","targetHints":{"allow":["GET"]}}],"collection":[{"href":"https:\/\/perfectvenue.es\/es\/wp-json\/wp\/v2\/product"}],"about":[{"href":"https:\/\/perfectvenue.es\/es\/wp-json\/wp\/v2\/types\/product"}],"replies":[{"embeddable":true,"href":"https:\/\/perfectvenue.es\/es\/wp-json\/wp\/v2\/comments?post=43892"}],"wp:featuredmedia":[{"embeddable":true,"href":"https:\/\/perfectvenue.es\/es\/wp-json\/wp\/v2\/media\/45801"}],"wp:attachment":[{"href":"https:\/\/perfectvenue.es\/es\/wp-json\/wp\/v2\/media?parent=43892"}],"curies":[{"name":"wp","href":"https:\/\/api.w.org\/{rel}","templated":true}]}}