{"id":43803,"date":"2024-01-15T19:38:33","date_gmt":"2024-01-15T16:38:33","guid":{"rendered":"https:\/\/perfectvenue.es\/?post_type=product&#038;p=43803"},"modified":"2024-07-15T19:47:15","modified_gmt":"2024-07-15T16:47:15","slug":"pedida-de-mano-en-un-yate-de-lujo-en-mallorca","status":"publish","type":"product","link":"https:\/\/perfectvenue.es\/es\/product\/pedida-de-mano-en-un-yate-de-lujo-en-mallorca\/","title":{"rendered":"Pedida de mano en un yate de lujo en Mallorca"},"content":{"rendered":"<p><\/p>\n<p style=\"text-align: justify\"><span style=\"font-weight: 400\">Sin duda esta es una pedida de mano en un yate de lujo en Mallorca que combina el lujo de un espacio privado con la belleza del mar Mediterr\u00e1neo. Esta experiencia \u00fanica est\u00e1 dise\u00f1ada para hacer de tu propuesta un momento inolvidable, rodeado de confort, elegancia y romance.<\/span><\/p>\n<p style=\"text-align: justify\"><span style=\"font-weight: 400\">El escenario perfecto para tu pedida de mano en un yate de lujo en Mallorca es este, cuidadosamente decorado con p\u00e9talos de rosa y un precioso ramo de flores. Desde el momento en que embarcas, te sumerges en un ambiente de lujo y tranquilidad, con el mar azul extendi\u00e9ndose ante ti y la brisa marina acariciando tu piel.<\/span><\/p>\n<p style=\"text-align: justify\"><span style=\"font-weight: 400\">Durante el paseo en yate, disfrutar\u00e1s de snacks gourmet a bordo, preparados para satisfacer tus gustos m\u00e1s refinados. Para celebrar este momento especial, una botella de cava estar\u00e1 lista para brindar por vuestro futuro juntos. El brillo del sol sobre el agua y el sonido suave de las olas crean una atm\u00f3sfera id\u00edlica para hacer la gran pregunta.<\/span><\/p>\n<p style=\"text-align: justify\"><span style=\"font-weight: 400\">Un fot\u00f3grafo profesional estar\u00e1 presente para capturar cada detalle de vuestra pedida de mano en un yate de lujo en Mallorca. Desde el momento en que haces la propuesta hasta las sonrisas y abrazos de felicidad, cada imagen ser\u00e1 una ventana al amor y la emoci\u00f3n compartida en este d\u00eda tan especial.<\/span><\/p>\n<p style=\"text-align: justify\"><span style=\"font-weight: 400\">Esta experiencia no solo ofrece lujo, sino tambi\u00e9n privacidad total. Estar\u00e9is solos en vuestro propio rinc\u00f3n del mar, lejos del bullicio y las distracciones cotidianas. Es el entorno perfecto para conectar a\u00fan m\u00e1s y celebrar vuestro compromiso en un ambiente exclusivo y completamente personalizado.<\/span><\/p>\n<h3 style=\"text-align: justify\"><span style=\"font-weight: 400\">Lo que incluye tu pedida de mano en Mallorca:<\/span><\/h3>\n<p style=\"text-align: justify\">\n<ul style=\"text-align: justify\">\n<li><b><span style=\"font-weight: 400\">Fot\u00f3grafo<\/span><\/b><\/li>\n<li><span style=\"font-weight: 400\">P\u00e9talos de rosa<\/span><\/li>\n<li><span style=\"font-weight: 400\">Ramo de flores<\/span><\/li>\n<li><span style=\"font-weight: 400\">2 horas a bordo<\/span><\/li>\n<li><b><span style=\"font-weight: 400\">Snacks y cava<\/span><\/b><\/li>\n<li><span style=\"font-weight: 400\">Organizaci\u00f3n y planificaci\u00f3n de la pedida de mano<\/span><\/li>\n<\/ul>\n<p style=\"text-align: justify\">\n<ul style=\"text-align: justify\">\n<li style=\"list-style-type: none\"><\/li>\n<\/ul>\n<p style=\"text-align: justify\">\n<p style=\"text-align: justify\">\n<p style=\"text-align: justify\">\n<p style=\"text-align: justify\"><b>Precio desde 1200\u20ac (depende de la fecha)<\/b><\/p>\n<h3 style=\"text-align: justify\"><span style=\"font-weight: 400\">Se puede a\u00f1adir:<\/span><\/h3>\n<ul style=\"text-align: justify\">\n<li style=\"font-weight: 400\"><span style=\"font-weight: 400\">V\u00eddeo (consultar precio)<\/span><\/li>\n<li style=\"font-weight: 400\"><span style=\"font-weight: 400\">M\u00fasica en directo (consultar precio)<\/span><\/li>\n<li style=\"font-weight: 400\"><span style=\"font-weight: 400\">Transporte (consultar precio)<\/span><\/li>\n<li style=\"font-weight: 400\"><span style=\"font-weight: 400\">\u00a1Configuralo como t\u00fa quieras!<\/span><\/li>\n<\/ul>\n<h3 style=\"text-align: justify\"><span style=\"font-weight: 400\">Facilidad de pago<\/span><\/h3>\n<p style=\"text-align: justify\"><span style=\"font-weight: 400\">\u00a1S\u00ed! Y es que no es necesario pagar \u00edntegramente el importe de la experiencia. Simplemente es necesario reservar con un adelanto el resto darla en el d\u00eda del evento.<\/span><\/p>\n<p style=\"text-align: justify\"><span style=\"font-weight: 400\">\u00a1Comodidad para ti!<\/span><\/p>\n<p style=\"text-align: justify\"><span style=\"font-weight: 400\">*Las tarifas no son reembolsables si el evento se cancela por cualquier motivo.<\/span><\/p>\n<p><\/p>","protected":false},"excerpt":{"rendered":"<p><span style=\"font-weight: 400\">Una pedida de mano en Mallorca en un yate privado, con decoraci\u00f3n elegante, snacks gourmet, cava para brindar y fotograf\u00eda profesional para capturar el momento especial. <strong>Precio: 1200\u20ac dependiendo de la fecha. Es necesario reservar con un adelanto<\/strong><\/span><\/p>\n","protected":false},"featured_media":36694,"comment_status":"closed","ping_status":"closed","template":"","meta":[],"class_list":["post-43803","product","type-product","status-publish","has-post-thumbnail","hentry","product_cat-marriage-proposal-packages"],"_links":{"self":[{"href":"https:\/\/perfectvenue.es\/es\/wp-json\/wp\/v2\/product\/43803","targetHints":{"allow":["GET"]}}],"collection":[{"href":"https:\/\/perfectvenue.es\/es\/wp-json\/wp\/v2\/product"}],"about":[{"href":"https:\/\/perfectvenue.es\/es\/wp-json\/wp\/v2\/types\/product"}],"replies":[{"embeddable":true,"href":"https:\/\/perfectvenue.es\/es\/wp-json\/wp\/v2\/comments?post=43803"}],"wp:featuredmedia":[{"embeddable":true,"href":"https:\/\/perfectvenue.es\/es\/wp-json\/wp\/v2\/media\/36694"}],"wp:attachment":[{"href":"https:\/\/perfectvenue.es\/es\/wp-json\/wp\/v2\/media?parent=43803"}],"curies":[{"name":"wp","href":"https:\/\/api.w.org\/{rel}","templated":true}]}}