{"id":43802,"date":"2024-07-15T19:36:50","date_gmt":"2024-07-15T16:36:50","guid":{"rendered":"https:\/\/perfectvenue.es\/?post_type=product&#038;p=43802"},"modified":"2026-03-05T21:04:55","modified_gmt":"2026-03-05T18:04:55","slug":"pedida-de-mano-en-mallorca-en-la-finca-port-verd","status":"publish","type":"product","link":"https:\/\/perfectvenue.es\/es\/product\/pedida-de-mano-en-mallorca-en-la-finca-port-verd\/","title":{"rendered":"Pedida de mano en la Finca Port Verd en Mallorca con vistas al Mediterr\u00e1neo"},"content":{"rendered":"<p><\/p>\n<p style=\"text-align: justify;\"><span style=\"font-weight: 400;\">Imagina una pedida de mano en la Finca Port Verd en Mallorca rodeada de la belleza de unos jardines encantadores con vistas panor\u00e1micas al mar Mediterr\u00e1neo. Este espacio \u00fanico ofrece un escenario id\u00edlico para hacer la pregunta m\u00e1s importante de tu vida, con detalles que har\u00e1n que este momento sea inolvidable.<\/span><\/p>\n<p style=\"text-align: justify;\"><span style=\"font-weight: 400;\">Los jardines de la Finca Port Verd ofrecen un ambiente sereno y tranquilo, decorados con flores coloridas que crean un tel\u00f3n de fondo natural y rom\u00e1ntico. Desde este lugar privilegiado, podr\u00e1s disfrutar de vistas impresionantes de la costa de Son Servera y m\u00e1s all\u00e1, con el azul del mar extendi\u00e9ndose hasta el horizonte. La gran torre de vigilancia a\u00f1ade un toque hist\u00f3rico y pintoresco al entorno, convirti\u00e9ndolo en un lugar verdaderamente especial.<\/span><\/p>\n<p style=\"text-align: justify;\"><span style=\"font-weight: 400;\">Cada detalle de esta pedida de mano en la Finca Port Verd en Mallorca est\u00e1 pensado para crear una experiencia personalizada y emocionante. Desde la selecci\u00f3n del lugar hasta la decoraci\u00f3n floral, el ramo de flores y la elecci\u00f3n del momento perfecto del d\u00eda para capturar la luz del sol sobre el mar, todo est\u00e1 dise\u00f1ado para hacer que este momento sea \u00fanico y especial.<\/span><\/p>\n<p style=\"text-align: justify;\"><span style=\"font-weight: 400;\">Despu\u00e9s de la propuesta, podr\u00e9is celebrar con un brindis \u00edntimo, con una cena o con lo que quer\u00e1is, disfrutando del momento y de la belleza natural que os rodea. Este lugar no solo ofrece vistas impresionantes, sino tambi\u00e9n la tranquilidad y la privacidad necesarias para disfrutar de este momento tan significativo en vuestras vidas.<\/span><\/p>\n<h3 style=\"text-align: justify;\"><span style=\"font-weight: 400;\">Lo que incluye tu pedida de mano en Mallorca:<\/span><\/h3>\n<ul style=\"text-align: justify;\">\n<li><b><span style=\"font-weight: 400;\">Alquiler del espacio solo para vosotros dos<\/span><\/b><\/li>\n<li><span style=\"font-weight: 400;\">Fot\u00f3grafo<\/span><\/li>\n<li><span style=\"font-weight: 400;\">Decoraci\u00f3n velas y p\u00e9talos de rosas<\/span><\/li>\n<li><b><span style=\"font-weight: 400;\">Organizaci\u00f3n y planificaci\u00f3n de la pedida de mano<\/span><\/b><\/li>\n<\/ul>\n<p style=\"text-align: justify;\"><b>Precio: 1700\u20ac + iva<\/b><\/p>\n<h3 style=\"text-align: justify;\"><span style=\"font-weight: 400;\">Se puede a\u00f1adir:<\/span><\/h3>\n<ul style=\"text-align: justify;\">\n<li style=\"font-weight: 400;\"><span style=\"font-weight: 400;\">V\u00eddeo (consultar precio)<\/span><\/li>\n<li style=\"font-weight: 400;\"><span style=\"font-weight: 400;\">M\u00fasica en directo (consultar precio)<\/span><\/li>\n<li style=\"font-weight: 400;\"><span style=\"font-weight: 400;\">Transporte (consultar precio)<\/span><\/li>\n<li style=\"font-weight: 400;\"><span style=\"font-weight: 400;\">Cena para 2, cava o champ\u00e1n.<\/span><\/li>\n<li style=\"font-weight: 400;\"><span style=\"font-weight: 400;\">\u00a1Configuralo como t\u00fa quieras!<\/span><\/li>\n<\/ul>\n<h3 style=\"text-align: justify;\"><span style=\"font-weight: 400;\">Facilidad de pago<\/span><\/h3>\n<p style=\"text-align: justify;\"><span style=\"font-weight: 400;\">\u00a1S\u00ed! Y es que no es necesario pagar \u00edntegramente el importe de la experiencia. Simplemente es necesario reservar con un adelanto (600\u20ac) el resto darla en el d\u00eda del evento.<\/span><\/p>\n<p style=\"text-align: justify;\"><span style=\"font-weight: 400;\">\u00a1Comodidad para ti!<\/span><\/p>\n<p style=\"text-align: justify;\"><span style=\"font-weight: 400;\">*Las tarifas no son reembolsables si el evento se cancela por cualquier motivo.<\/span><\/p>\n<p><\/p>","protected":false},"excerpt":{"rendered":"<p><span style=\"font-weight: 400;\">Una pedida de mano en la Finca Port Verd en Mallorca de lo m\u00e1s rom\u00e1ntica en unos jardines con vistas al mar Mediterr\u00e1neo, ideal para sorprender con un ramo de flores y disfrutar de un momento emotivo y privado. <strong>Precio: 1700\u20ac + IVA. Es necesario reservar con un adelanto (600\u20ac).<\/strong><\/span><\/p>\n","protected":false},"featured_media":38548,"comment_status":"closed","ping_status":"closed","template":"","meta":[],"class_list":["post-43802","product","type-product","status-publish","has-post-thumbnail","hentry","product_cat-marriage-proposal-packages"],"_links":{"self":[{"href":"https:\/\/perfectvenue.es\/es\/wp-json\/wp\/v2\/product\/43802","targetHints":{"allow":["GET"]}}],"collection":[{"href":"https:\/\/perfectvenue.es\/es\/wp-json\/wp\/v2\/product"}],"about":[{"href":"https:\/\/perfectvenue.es\/es\/wp-json\/wp\/v2\/types\/product"}],"replies":[{"embeddable":true,"href":"https:\/\/perfectvenue.es\/es\/wp-json\/wp\/v2\/comments?post=43802"}],"wp:featuredmedia":[{"embeddable":true,"href":"https:\/\/perfectvenue.es\/es\/wp-json\/wp\/v2\/media\/38548"}],"wp:attachment":[{"href":"https:\/\/perfectvenue.es\/es\/wp-json\/wp\/v2\/media?parent=43802"}],"curies":[{"name":"wp","href":"https:\/\/api.w.org\/{rel}","templated":true}]}}