{"id":43801,"date":"2026-03-10T10:50:51","date_gmt":"2026-03-10T07:50:51","guid":{"rendered":"https:\/\/perfectvenue.es\/?post_type=product&#038;p=43801"},"modified":"2026-03-10T12:34:48","modified_gmt":"2026-03-10T09:34:48","slug":"pedida-de-mano-en-mallorca-en-la-playa","status":"publish","type":"product","link":"https:\/\/perfectvenue.es\/es\/product\/pedida-de-mano-en-mallorca-en-la-playa\/","title":{"rendered":"Pedida de mano en Mallorca en la playa con luces e iluminaci\u00f3n"},"content":{"rendered":"<p><\/p>\n<p style=\"text-align: justify;\"><span style=\"font-weight: 400;\">Una pedida de mano en Mallorca en la playa que combina la belleza natural de la playa con el encanto de las luces brillantes y un toque de romance es sin duda esta opci\u00f3n.\u00a0<\/span><\/p>\n<p style=\"text-align: justify;\"><span style=\"font-weight: 400;\">Para asegurar que todo est\u00e9 perfectamente organizado, se necesitan permisos especiales del ayuntamiento para colocar las luces en la playa. Este detalle adicional garantiza que la playa est\u00e9 iluminada de manera encantadora, creando un escenario id\u00edlico para tu pedida de mano en Mallorca en la playa. Entre las luces parpadeantes y la suave brisa marina, el ambiente ser\u00e1 simplemente m\u00e1gico.<\/span><\/p>\n<p style=\"text-align: justify;\"><span style=\"font-weight: 400;\">Adem\u00e1s de las luces, la playa estar\u00e1 decorada con flores frescas que a\u00f1aden un toque de color y fragancia al entorno. Un rom\u00e1ntico ramo de flores estar\u00e1 listo para sorprender a tu pareja, simbolizando tu amor y compromiso. El contraste entre las luces brillantes y las suaves sombras de la noche crea una atm\u00f3sfera \u00fanica y emotiva que es perfecta para este momento tan especial.<\/span><\/p>\n<p style=\"text-align: justify;\"><span style=\"font-weight: 400;\">Un fot\u00f3grafo profesional estar\u00e1 presente para capturar cada instante de vuestra pedida de mano en Mallorca bajo las luces en la playa. Desde el momento en que haces la pregunta hasta las sonrisas y l\u00e1grimas de alegr\u00eda, cada fotograf\u00eda ser\u00e1 un testimonio de vuestro amor y el comienzo de vuestra nueva vida juntos.<\/span><\/p>\n<p style=\"text-align: justify;\"><span style=\"font-weight: 400;\">Despu\u00e9s de la pedida, podr\u00e9is celebrar con un brindis \u00edntimo bajo las estrellas, disfrutando del ambiente rom\u00e1ntico y la belleza natural que os rodea. Este momento \u00edntimo en la playa ofrece la privacidad y la magia necesarias para que ambos puedan disfrutar de este d\u00eda especial.<\/span><\/p>\n<h3 style=\"text-align: justify;\"><span style=\"font-weight: 400;\">Lo que incluye tu pedida de mano en Mallorca en la playa:<\/span><\/h3>\n<ul style=\"text-align: justify;\">\n<li><b><span style=\"font-weight: 400;\">Fot\u00f3grafo<\/span><\/b><\/li>\n<li><span style=\"font-weight: 400;\">Decoraci\u00f3n floral y luces decorativas<\/span><\/li>\n<li><span style=\"font-weight: 400;\">Ramo de flores<\/span><\/li>\n<li><span style=\"font-weight: 400;\">Tasas de permiso del ayuntamiento<\/span><\/li>\n<li><b><span style=\"font-weight: 400;\">Organizaci\u00f3n y planificaci\u00f3n de la pedida de mano<\/span><\/b><\/li>\n<\/ul>\n<p><b style=\"font-family: inherit;\">Precio: desde 1900\u20ac + IVA<\/b><\/p>\n<h3 style=\"text-align: justify;\"><span style=\"font-weight: 400;\">Se puede a\u00f1adir:<\/span><\/h3>\n<ul style=\"text-align: justify;\">\n<li style=\"font-weight: 400;\">V\u00eddeo (desde 290\u20ac)<\/li>\n<li style=\"font-weight: 400;\">M\u00fasica en directo (desde 250\u20ac)<\/li>\n<li>Decoraci\u00f3n extra (desde 200\u20ac)<\/li>\n<li style=\"font-weight: 400;\"><span style=\"font-weight: 400;\">\u00a1Configuralo como t\u00fa quieras!<\/span><\/li>\n<\/ul>\n<h3 style=\"text-align: justify;\"><span style=\"font-weight: 400;\">Facilidad de pago<\/span><\/h3>\n<p style=\"text-align: justify;\"><span style=\"font-weight: 400;\">\u00a1S\u00ed! Y es que no es necesario pagar \u00edntegramente el importe de la experiencia. Simplemente es necesario reservar con un adelanto el resto darla en el d\u00eda del evento.<\/span><\/p>\n<p style=\"text-align: justify;\"><span style=\"font-weight: 400;\">\u00a1Comodidad para ti!<\/span><\/p>\n<p style=\"text-align: justify;\"><span style=\"font-weight: 400;\">*Las tarifas no son reembolsables si el evento se cancela por cualquier motivo.<\/span><\/p>\n<p><\/p>","protected":false},"excerpt":{"rendered":"<p>Una pedida de mano en Mallorca en la playa junto a las aguas cristalinas y la fina arena, entre luces e iluminaci\u00f3n que lo hacen de lo m\u00e1s rom\u00e1ntico. <b style=\"font-family: inherit;\">Precio: desde 1900\u20ac + IVA<\/b><strong>. Es necesario reservar con un adelanto.<\/strong><\/p>\n","protected":false},"featured_media":40323,"comment_status":"closed","ping_status":"closed","template":"","meta":[],"class_list":["post-43801","product","type-product","status-publish","has-post-thumbnail","hentry","product_cat-marriage-proposal-packages","product_tag-pedida-de-mano-en-mallorca","product_tag-pedida-de-mano-en-mallorca-en-la-playa","product_tag-pedida-de-mano-en-mallorca-en-la-playa-elegante"],"_links":{"self":[{"href":"https:\/\/perfectvenue.es\/es\/wp-json\/wp\/v2\/product\/43801","targetHints":{"allow":["GET"]}}],"collection":[{"href":"https:\/\/perfectvenue.es\/es\/wp-json\/wp\/v2\/product"}],"about":[{"href":"https:\/\/perfectvenue.es\/es\/wp-json\/wp\/v2\/types\/product"}],"replies":[{"embeddable":true,"href":"https:\/\/perfectvenue.es\/es\/wp-json\/wp\/v2\/comments?post=43801"}],"wp:featuredmedia":[{"embeddable":true,"href":"https:\/\/perfectvenue.es\/es\/wp-json\/wp\/v2\/media\/40323"}],"wp:attachment":[{"href":"https:\/\/perfectvenue.es\/es\/wp-json\/wp\/v2\/media?parent=43801"}],"curies":[{"name":"wp","href":"https:\/\/api.w.org\/{rel}","templated":true}]}}