{"id":43759,"date":"2024-07-11T19:21:40","date_gmt":"2024-07-11T16:21:40","guid":{"rendered":"https:\/\/perfectvenue.es\/?post_type=product&#038;p=43759"},"modified":"2026-03-10T12:00:23","modified_gmt":"2026-03-10T09:00:23","slug":"pedida-de-mano-en-cap-rocat","status":"publish","type":"product","link":"https:\/\/perfectvenue.es\/es\/product\/pedida-de-mano-en-cap-rocat\/","title":{"rendered":"Pedida de mano en Cap Rocat, Mallorca, en el hotel m\u00e1s privado del Mediterr\u00e1neo"},"content":{"rendered":"<p><\/p>\n<p style=\"text-align: justify;\"><span style=\"font-weight: 400;\">Cap Rocat es un hotel exclusivo, situado en una antigua fortaleza con vistas espectaculares al mar Mediterr\u00e1neo, que ofrece el escenario perfecto para celebrar una pedida de mano en Cap Rocat llena de amor y de manera \u00fanica y especial.<\/span><\/p>\n<p style=\"text-align: justify;\"><span style=\"font-weight: 400;\">Este hotel ofrece una experiencia \u00fanica que combina historia, lujo y romanticismo. Ubicado en un entorno natural impresionante, esta antigua fortaleza ofrece la privacidad y el encanto necesarios para una pedida de mano en Cap Rocat \u00edntima y memorable.<\/span><\/p>\n<p style=\"text-align: justify;\"><span style=\"font-weight: 400;\">La experiencia incluye una cena para dos personas en un entorno elegante y exclusivo. Puedes saborear platos exquisitos maridados con vinos selectos mientras disfrutas de las impresionantes vistas al mar. Cada bocado ser\u00e1 una delicia para el paladar, complementando a la perfecci\u00f3n el ambiente rom\u00e1ntico y la ocasi\u00f3n especial.<\/span><\/p>\n<p style=\"text-align: justify;\"><span style=\"font-weight: 400;\">Un fot\u00f3grafo profesional estar\u00e1 presente para capturar cada detalle de vuestra pedida de mano en Cap Rocat. Desde el momento en que te arrodillas hasta la sonrisa radiante de tu pareja al decir &#8220;s\u00ed&#8221;, cada fotograf\u00eda ser\u00e1 un testimonio visual de vuestro amor y compromiso. Este servicio asegura que teng\u00e1is recuerdos para revivir este d\u00eda especial una y otra vez.<\/span><\/p>\n<p style=\"text-align: justify;\"><span style=\"font-weight: 400;\">Para a\u00f1adir un toque extra de romance y personalizaci\u00f3n, puedes optar por decoraciones adicionales por un costo adicional de 300 euros. \u00a1Imagina el espacio adornado con velas, p\u00e9talos de rosa o cualquier otra decoraci\u00f3n especial que refleje vuestro estilo y el significado de este momento \u00fanico en vuestras vidas!<\/span><\/p>\n<h3 style=\"text-align: justify;\"><span style=\"font-weight: 400;\">Lo que incluye tu pedida de mano en Cap Rocat, Mallorca:<\/span><\/h3>\n<ul style=\"text-align: justify;\">\n<li><b><span style=\"font-weight: 400;\">Fot\u00f3grafo<\/span><\/b><\/li>\n<li><span style=\"font-weight: 400;\">Cena para 2 en La Playa o El Cabo<\/span><\/li>\n<li><span style=\"font-weight: 400;\">Durante la cena, la playa o el Cabo se reserva en exclusividad y un camarero les atender\u00e1 durante toda la velada<\/span><\/li>\n<li><span style=\"font-weight: 400;\">El espacio se decora e ilumina con velas, farolillos y antorchas, creando un ambiente verdaderamente rom\u00e1ntico<\/span><\/li>\n<li><b><span style=\"font-weight: 400;\">Organizaci\u00f3n y planificaci\u00f3n de la pedida de mano<\/span><\/b><\/li>\n<\/ul>\n<p style=\"text-align: justify;\"><b>Precio: desde 1.290\u20ac + IVA<\/b><\/p>\n<h3 style=\"text-align: justify;\"><span style=\"font-weight: 400;\">Se puede a\u00f1adir:<\/span><\/h3>\n<ul style=\"text-align: justify;\">\n<li style=\"font-weight: 400; text-align: justify;\">Ramo de flores (desde 60\u20ac)<\/li>\n<li style=\"font-weight: 400; text-align: justify;\">Video (desde 290\u20ac)<\/li>\n<li style=\"font-weight: 400; text-align: justify;\">Viol\u00edn (desde 250\u20ac)<\/li>\n<li style=\"font-weight: 400; text-align: justify;\"><span style=\"font-weight: 400;\">\u00a1Configuralo como t\u00fa quieras!<\/span><\/li>\n<\/ul>\n<p style=\"text-align: justify;\"><span style=\"font-weight: 400;\">*Esta experiencia s\u00f3lo es posible <\/span><span style=\"font-weight: 400;\">entre el 1 de Mayo y el 30 de Septiembre. Comprueba la disponibilidad antes de reservarlo.<\/span><\/p>\n<h3 style=\"text-align: justify;\"><span style=\"font-weight: 400;\">Men\u00fa<\/span><\/h3>\n<p style=\"text-align: justify;\"><span style=\"font-weight: 400;\">El lujo de lo esencial de la gastronom\u00eda mediterr\u00e1nea y mallorquina, a trav\u00e9s de los pl\u00e1tos ic\u00f3nicos del restaurante Sea Club, de la mano de nuestro Chef V\u00edctor Garc\u00eda.<\/span><\/p>\n<p style=\"text-align: justify;\"><strong>Entrantes<\/strong><\/p>\n<p style=\"text-align: justify;\"><span style=\"font-weight: 400;\">Ventresca de At\u00fan sobre Guacamole y Verduras encurtidas<\/span><\/p>\n<p style=\"text-align: justify;\"><span style=\"font-weight: 400;\">Carpaccio de Buey Wagyu y Foie Gras de Pato con reducci\u00f3n de Licor Pedro Xim\u00e9nez<\/span><\/p>\n<p style=\"text-align: justify;\"><span style=\"font-weight: 400;\">Calamar Mallorqu\u00edn con Salsa de su Tinta al aroma de Coco y C\u00edtricos<\/span><\/p>\n<p style=\"text-align: justify;\"><span style=\"font-weight: 400;\">Carpaccio de Gamba Roja Mallorquina con vinagreta de Caviar Beeri y Aguacate ahumado<\/span><\/p>\n<p style=\"text-align: justify;\"><b>Plato Principal<\/b><\/p>\n<p style=\"text-align: justify;\"><span style=\"font-weight: 400;\">Pescado de la Lonja de Mallorca a la Parrilla<\/span><\/p>\n<p style=\"text-align: justify;\"><span style=\"font-weight: 400;\">-o-<\/span><\/p>\n<p style=\"text-align: justify;\"><span style=\"font-weight: 400;\">Solomillo de Angus a la Parrilla<\/span><\/p>\n<p style=\"text-align: justify;\"><b>Postre<\/b><\/p>\n<p style=\"text-align: justify;\"><span style=\"font-weight: 400;\">Tarta Fina de Manzana con Helado de Vainilla<\/span><\/p>\n<p style=\"text-align: justify;\"><span style=\"font-weight: 400;\">*Bebidas no incluidas<\/span><\/p>\n<h3 style=\"text-align: justify;\"><span style=\"font-weight: 400;\">Facilidad de pago<\/span><\/h3>\n<p style=\"text-align: justify;\"><span style=\"font-weight: 400;\">\u00a1S\u00ed! Y es que no es necesario pagar \u00edntegramente el importe de la experiencia. Simplemente es necesario reservar con un adelanto de 990\u20ac el resto darla en el d\u00eda del evento.<\/span><\/p>\n<p style=\"text-align: justify;\"><span style=\"font-weight: 400;\">\u00a1Comodidad para ti!<\/span><\/p>\n<p style=\"text-align: justify;\"><span style=\"font-weight: 400;\">*Las tarifas no son reembolsables si el evento se cancela por cualquier motivo.<\/span><\/p>\n<p><\/p>","protected":false},"excerpt":{"rendered":"<p><span style=\"font-weight: 400;\">Una pedida de mano en Cap Rocat, Mallorca, ofrece una experiencia de pedida de mano \u00fanica en una antigua fortaleza con cena rom\u00e1ntica y vistas al mar. <b>Precio: desde 1.290\u20ac + IVA<\/b><strong>. Es necesario reservar con un adelanto de 990\u20ac.<\/strong><\/span><\/p>\n","protected":false},"featured_media":43777,"comment_status":"closed","ping_status":"closed","template":"","meta":[],"class_list":["post-43759","product","type-product","status-publish","has-post-thumbnail","hentry","product_cat-marriage-proposal-packages","product_tag-7362"],"_links":{"self":[{"href":"https:\/\/perfectvenue.es\/es\/wp-json\/wp\/v2\/product\/43759","targetHints":{"allow":["GET"]}}],"collection":[{"href":"https:\/\/perfectvenue.es\/es\/wp-json\/wp\/v2\/product"}],"about":[{"href":"https:\/\/perfectvenue.es\/es\/wp-json\/wp\/v2\/types\/product"}],"replies":[{"embeddable":true,"href":"https:\/\/perfectvenue.es\/es\/wp-json\/wp\/v2\/comments?post=43759"}],"wp:featuredmedia":[{"embeddable":true,"href":"https:\/\/perfectvenue.es\/es\/wp-json\/wp\/v2\/media\/43777"}],"wp:attachment":[{"href":"https:\/\/perfectvenue.es\/es\/wp-json\/wp\/v2\/media?parent=43759"}],"curies":[{"name":"wp","href":"https:\/\/api.w.org\/{rel}","templated":true}]}}