{"id":43754,"date":"2024-07-11T19:01:01","date_gmt":"2024-07-11T16:01:01","guid":{"rendered":"http:\/\/perfectvenue.es\/?post_type=product&#038;p=43754"},"modified":"2024-07-11T19:01:02","modified_gmt":"2024-07-11T16:01:02","slug":"pedida-de-mano-con-picnic-en-port-de-soller","status":"publish","type":"product","link":"https:\/\/perfectvenue.es\/es\/product\/pedida-de-mano-con-picnic-en-port-de-soller\/","title":{"rendered":"Pedida de mano con picnic en Port de Soller, Mallorca\u00a0"},"content":{"rendered":"<p><\/p>\n<p style=\"text-align: justify;\"><span style=\"font-weight: 400;\">Una <strong>pedida de mano con picnic en Port de Soller,<\/strong> con comida deliciosa, brindis con cava o champ\u00e1n, fotograf\u00eda profesional y un ramo de flores es una experiencia \u00fanica y rom\u00e1ntica que celebrar\u00e1 vuestro amor en uno de los lugares m\u00e1s encantadores de la isla. Este momento \u00edntimo y personalizado ser\u00e1 el inicio de una nueva etapa en vuestra historia juntos.<\/span><\/p>\n<p style=\"text-align: justify;\"><span style=\"font-weight: 400;\"><strong>Port de S\u00f3ller<\/strong>, con su pintoresco puerto y vistas impresionantes, ofrece el tel\u00f3n de fondo ideal para expresar tus sentimientos m\u00e1s profundos a tu pareja. Planear una pedida de mano aqu\u00ed no solo a\u00f1ade un toque de romance, sino que tambi\u00e9n permite disfrutar de la belleza natural de Mallorca mientras celebr\u00e1is este momento especial juntos.<\/span><\/p>\n<p style=\"text-align: justify;\"><span style=\"font-weight: 400;\">La experiencia incluye un picnic preparado con esmero, con una selecci\u00f3n de platos deliciosos que satisfacen los gustos m\u00e1s exigentes.<strong> Imagina saborear exquisiteces locales como embutidos, quesos, frutas frescas y postres artesanales, todo preparado con ingredientes frescos y de calidad.<\/strong> Este momento \u00edntimo y relajado en medio de la naturaleza es perfecto para crear recuerdos inolvidables.<\/span><\/p>\n<p style=\"text-align: justify;\"><span style=\"font-weight: 400;\">\u00a1Nada mejor que un brindis con cava o champ\u00e1n para celebrar este momento tan especial. Con el mar Mediterr\u00e1neo como tel\u00f3n de fondo y la brisa marina acariciando vuestros rostros, cada sorbo ser\u00e1 un s\u00edmbolo de vuestro amor y compromiso compartido!<\/span><\/p>\n<p style=\"text-align: justify;\"><span style=\"font-weight: 400;\"><strong>Un fot\u00f3grafo profesional estar\u00e1 presente para capturar cada detalle de vuestra pedida de mano con picnic en Port de S\u00f3ller.<\/strong> Desde el momento en que haces la pregunta hasta la emocionante respuesta de tu pareja, cada fotograf\u00eda ser\u00e1 una memoria tangible de este d\u00eda inolvidable. Estas im\u00e1genes os permitir\u00e1n revivir y compartir este momento especial con amigos y familiares.<\/span><\/p>\n<p style=\"text-align: justify;\"><span style=\"font-weight: 400;\">Despu\u00e9s de recibir el \u00abs\u00ed quiero\u00bb, sorprender\u00e1s a tu pareja con un precioso ramo de flores seleccionado especialmente para ella. Las flores no solo a\u00f1aden belleza y fragancia al ambiente, sino que tambi\u00e9n son un s\u00edmbolo cl\u00e1sico de amor y compromiso que fortalecer\u00e1 vuestro v\u00ednculo en este momento.<\/span><\/p>\n<h3 style=\"text-align: justify;\"><span style=\"font-weight: 400;\">Lo que incluye tu pedida de mano en Mallorca:<\/span><\/h3>\n<ul style=\"text-align: justify;\">\n<li><b><span style=\"font-weight: 400;\">Fot\u00f3grafo<\/span><\/b><\/li>\n<li><span style=\"font-weight: 400;\">Picnic (fruta, cava, almohadas\/cojines\/ mesa de picnic, platos y cubiertos)<\/span><\/li>\n<li><span style=\"font-weight: 400;\">Decoraci\u00f3n\u00a0<\/span><\/li>\n<li><span style=\"font-weight: 400;\">Ramo de flores<\/span><\/li>\n<li><b><span style=\"font-weight: 400;\">Organizaci\u00f3n y planificaci\u00f3n de la pedida de mano<\/span><\/b><\/li>\n<\/ul>\n<p style=\"text-align: justify;\"><b>Precio: 780\u20ac<\/b><\/p>\n<h3 style=\"text-align: justify;\"><span style=\"font-weight: 400;\">Se puede a\u00f1adir:<\/span><\/h3>\n<ul style=\"text-align: justify;\">\n<li style=\"font-weight: 400;\"><span style=\"font-weight: 400;\">V\u00eddeo (consultar precio)<\/span><\/li>\n<li style=\"font-weight: 400;\"><span style=\"font-weight: 400;\">M\u00fasica en directo (consultar precio)<\/span><\/li>\n<li style=\"font-weight: 400;\"><span style=\"font-weight: 400;\">Transporte (consultar precio)<\/span><\/li>\n<li style=\"font-weight: 400;\"><span style=\"font-weight: 400;\">\u00a1Configuralo como t\u00fa quieras!<\/span><\/li>\n<\/ul>\n<h3 style=\"text-align: justify;\"><span style=\"font-weight: 400;\">Facilidad de pago<\/span><\/h3>\n<p style=\"text-align: justify;\"><span style=\"font-weight: 400;\">\u00a1S\u00ed! Y es que no es necesario pagar \u00edntegramente el importe de la experiencia de tu pedida de mano con picnic en Port de Soller. Simplemente es necesario reservar con un adelanto de 480\u20ac el resto darla en el d\u00eda del evento.<\/span><\/p>\n<p style=\"text-align: justify;\"><span style=\"font-weight: 400;\">\u00a1Comodidad para ti!<\/span><\/p>\n<p style=\"text-align: justify;\"><span style=\"font-weight: 400;\">*Las tarifas no son reembolsables si el evento se cancela por cualquier motivo.<\/span><\/p>\n<p><\/p>","protected":false},"excerpt":{"rendered":"<p>Pedida de mano con picnic en Port de Soller, Mallorca, con un delicioso picnic, brindis con cava, fotograf\u00eda profesional y un precioso ramo de flores para inmortalizar y celebrar el momento tan especial.<strong> Precio: 780\u20ac. Para reservar es necesario abonar un anticipo de 480\u20ac.<\/strong><\/p>\n","protected":false},"featured_media":43770,"comment_status":"closed","ping_status":"closed","template":"","meta":[],"class_list":["post-43754","product","type-product","status-publish","has-post-thumbnail","hentry","product_cat-marriage-proposal-packages","product_tag-marriage-proposal-port-de-soller","product_tag-marriage-proposal-with-picnic-in-port-de-soller","product_tag-pedida-de-mano-mallorca","product_tag-pedida-de-mano-picnic","product_tag-pedida-de-mano-port-de-soller"],"_links":{"self":[{"href":"https:\/\/perfectvenue.es\/es\/wp-json\/wp\/v2\/product\/43754","targetHints":{"allow":["GET"]}}],"collection":[{"href":"https:\/\/perfectvenue.es\/es\/wp-json\/wp\/v2\/product"}],"about":[{"href":"https:\/\/perfectvenue.es\/es\/wp-json\/wp\/v2\/types\/product"}],"replies":[{"embeddable":true,"href":"https:\/\/perfectvenue.es\/es\/wp-json\/wp\/v2\/comments?post=43754"}],"wp:featuredmedia":[{"embeddable":true,"href":"https:\/\/perfectvenue.es\/es\/wp-json\/wp\/v2\/media\/43770"}],"wp:attachment":[{"href":"https:\/\/perfectvenue.es\/es\/wp-json\/wp\/v2\/media?parent=43754"}],"curies":[{"name":"wp","href":"https:\/\/api.w.org\/{rel}","templated":true}]}}