{"id":42274,"date":"2026-02-16T13:28:12","date_gmt":"2026-02-16T10:28:12","guid":{"rendered":"http:\/\/perfectvenue.es\/?post_type=product&#038;p=42274"},"modified":"2026-02-16T17:09:52","modified_gmt":"2026-02-16T14:09:52","slug":"animacion-para-la-boda","status":"publish","type":"product","link":"https:\/\/perfectvenue.es\/es\/product\/animacion-para-la-boda\/","title":{"rendered":"Animaci\u00f3n para la boda, el Perfect Plan que necesitas para una boda llena de diversi\u00f3n para todas las edades"},"content":{"rendered":"<p><\/p>\n<p style=\"text-align: justify;\"><b>\u00a1Qu\u00e9 gran acierto es cuando los novios deciden sumar un toque de diversi\u00f3n contratando animaci\u00f3n infantil para la boda!\u00a0<\/b><\/p>\n<p style=\"text-align: justify;\"><span style=\"font-weight: 400;\">Y es que, los invitados que acuden con sus hijos a la boda, no solo disfrutan mucho m\u00e1s y est\u00e1n m\u00e1s c\u00f3modos y relajados de saber que sus peque\u00f1os est\u00e1n en buenas manos, sino que adem\u00e1s los ni\u00f1os tambi\u00e9n se lo pasan en grande. \u00a1Acierto seguro para todos!<\/span><\/p>\n<p style=\"text-align: justify;\"><b>\u00bfQu\u00e9 mejor manera de asegurarse de que los ni\u00f1os est\u00e9n entretenidos y bien cuidados que con un grupo de expertos dedicados a ello?<\/b><span style=\"font-weight: 400;\"> Los animadores y los juegos har\u00e1n que los peque\u00f1os se lo pasen en grande hasta que caigan rendidos.\u00a0<\/span><\/p>\n<p style=\"text-align: justify;\"><span style=\"font-weight: 400;\">Por eso, en este post te contamos todo acerca de este Perfect Plan, para que con este pack puedas planear con antelaci\u00f3n tu animaci\u00f3n para la boda.<\/span><\/p>\n<p style=\"text-align: justify;\"><span style=\"font-weight: 400;\">\u00a1As\u00ed es c\u00f3mo lograr una boda llena de diversi\u00f3n para todas las edades!<\/span><\/p>\n<h3 style=\"text-align: justify;\">Recibimiento de los peques en el c\u00f3ctel de bienvenida<\/h3>\n<p style=\"text-align: justify;\"><span style=\"font-weight: 400;\">El comienzo de la animaci\u00f3n para la boda es justo en el momento del c\u00f3ctel de bienvenida. <\/span><b>Mientras los adultos disfrutan de sus bebidas y aperitivos, los m\u00e1s peque\u00f1os pueden conocerse entre ellos y tambi\u00e9n a los animadores que har\u00e1n de su d\u00eda algo inolvidable.<\/b><span style=\"font-weight: 400;\">\u00a0<\/span><\/p>\n<p style=\"text-align: justify;\"><span style=\"font-weight: 400;\">Es el momento perfecto para establecer conexiones, descubrir alergias o necesidades especiales, \u00a1y empezar a crear recuerdos llenos de diversi\u00f3n desde el primer instante!<\/span><\/p>\n<h3 style=\"text-align: justify;\">Supervisi\u00f3n de los ni\u00f1os durante el banquete<\/h3>\n<p style=\"text-align: justify;\"><span style=\"font-weight: 400;\">\u00a1Qu\u00e9 divertido es cambiar un poco las reglas y hacer que los ni\u00f1os tengan su propia mesa durante el banquete! As\u00ed, mientras los adultos disfrutan de la comida, los animadores infantiles pueden<\/span><b> asegurarse de que los peque\u00f1os se comportan correctamente en la mesa, \u00a1y de paso, hacer que disfruten de la comida de una manera \u00fanica!\u00a0<\/b><\/p>\n<p style=\"text-align: justify;\"><b>Entre chistes, adivinanzas y bromas, los animan a probar cada plato y los mantienen entretenidos<\/b><span style=\"font-weight: 400;\">. \u00a1Una experiencia divertida para los m\u00e1s peque\u00f1os de la fiesta!<\/span><\/p>\n<h3 style=\"text-align: justify;\">Juego y diversi\u00f3n despu\u00e9s de la comida<\/h3>\n<p style=\"text-align: justify;\"><span style=\"font-weight: 400;\">Imagina todo lo que los animadores infantiles pueden hacer para que los ni\u00f1os se diviertan al m\u00e1ximo. <\/span><b>Desde emocionantes juegos hasta concursos, desfiles llenos de creatividad, bailes, incre\u00edbles trucos de magia y fascinantes talleres.\u00a0<\/b><\/p>\n<p style=\"text-align: justify;\"><span style=\"font-weight: 400;\">\u00a1Todo esto para mantener a los ni\u00f1os entretenidos y asegurar que los peque\u00f1os pasen un d\u00eda inolvidable lleno de diversi\u00f3n y aventuras! Y que los padres est\u00e9n tranquilos con la animaci\u00f3n para la boda, por supuesto.<\/span><\/p>\n<h3 style=\"text-align: justify;\">Un espacio exclusivo para ellos<\/h3>\n<p style=\"text-align: justify;\"><span style=\"font-weight: 400;\">Tanto para los ni\u00f1os como para los padres es genial tener un espacio especial dedicado a la diversi\u00f3n de los ni\u00f1os durante la boda.<\/span><b> Una especie de sala m\u00e1gica donde todos est\u00e9n juntos y sea m\u00e1s f\u00e1cil mantenerlos bajo control.\u00a0<\/b><\/p>\n<p style=\"text-align: justify;\"><span style=\"font-weight: 400;\">\u00a1Y lo mejor es que los padres pueden acercarse en cualquier momento para echar un vistazo y asegurarse de que todo est\u00e1 bien! Adem\u00e1s, se puede decorar el lugar con muebles infantiles, globos y todo lo que quer\u00e1is para que los peque\u00f1os se lo pasen en grande. \u00a1Como un para\u00edso hecho realidad para ellos!<\/span><\/p>\n<h3 style=\"text-align: justify;\">\u00a1Juegos para todas las edades!<\/h3>\n<p style=\"text-align: justify;\"><span style=\"font-weight: 400;\">En nuestra animaci\u00f3n, nos aseguramos de tener juegos emocionantes adaptados a todas las edades, desde los m\u00e1s peque\u00f1os hasta los adolescentes. \u00a1Porque cada grupo tiene sus preferencias y queremos que todos se diviertan a lo grande!<\/span><\/p>\n<p style=\"text-align: justify;\"><span style=\"font-weight: 400;\">Durante el evento, podr\u00e1n disfrutar de una variedad de actividades, desde<\/span><b> juegos cl\u00e1sicos hasta emocionantes gymkanas, concursos llenos de desaf\u00edos, asombrosos trucos de magia&#8230;\u00a0<\/b><\/p>\n<p style=\"text-align: justify;\"><span style=\"font-weight: 400;\">\u00a1La diversi\u00f3n no faltar\u00e1 contratando animaci\u00f3n para la boda!<\/span><\/p>\n<h3 style=\"text-align: justify;\">Servicio de ni\u00f1era para los m\u00e1s peques<\/h3>\n<p style=\"text-align: justify;\"><span style=\"font-weight: 400;\">Los m\u00e1s peque\u00f1itos,<\/span><b> los menores de 3 a\u00f1os, necesitan un tipo de atenci\u00f3n diferente.<\/b><span style=\"font-weight: 400;\"> Es por eso que ofrecemos un servicio especial de ni\u00f1era. Ellos a\u00fan est\u00e1n explorando el mundo y quiz\u00e1s no est\u00e9n tan interesados en juegos o trucos como los ni\u00f1os m\u00e1s grandes.\u00a0<\/span><\/p>\n<p style=\"text-align: justify;\"><span style=\"font-weight: 400;\">Por eso, nos aseguramos de proporcionarles <\/span><b>una atenci\u00f3n personalizada y un trato cuidadoso.<\/b><span style=\"font-weight: 400;\"> Nuestras ni\u00f1eras se encargar\u00e1n de cuidarlos y entretenerlos de la mejor manera posible, \u00a1as\u00ed los padres pueden relajarse sabiendo que sus peque\u00f1os est\u00e1n en buenas manos!<\/span><\/p>\n<h3 style=\"text-align: justify;\">A\u00f1ade tantos extras como quieras<\/h3>\n<p style=\"text-align: justify;\"><b>Un mago<\/b><span style=\"font-weight: 400;\"> \u00a1Contratar un mago en la animaci\u00f3n para la boda es una idea genial que garantiza diversi\u00f3n para todos! \u00a1Imagina la emoci\u00f3n en los rostros de los ni\u00f1os cuando vean aparecer una serpiente o un conejo de la chistera del mago! Sin duda, es <\/span><b>una forma de mantenerlos atentos y maravillados con cada truco.<\/b><span style=\"font-weight: 400;\"> \u00a1No te arrepentir\u00e1s de incluir esta opci\u00f3n en tu gran d\u00eda!<\/span><\/p>\n<p style=\"text-align: justify;\"><b>Un candy bar<\/b><span style=\"font-weight: 400;\"> \u00bfA qui\u00e9n no le gustan las chuches? Por eso, poner un candy bar en la zona infantil es un \u00e9xito asegurado. \u00a1A los ni\u00f1os les encantan los dulces! <\/span><b>Desde cupcakes y macarons hasta galletas y mucho m\u00e1s.<\/b><span style=\"font-weight: 400;\"> Es como un rinconcito de felicidad que siempre triunfa. \u00a1No dejar\u00e1n nada en los platos!\u00a0<\/span><\/p>\n<p style=\"text-align: justify;\"><b>Mobiliario infantil<\/b><span style=\"font-weight: 400;\"> Cuando se trata de los m\u00e1s peque\u00f1itos, \u00a1la comodidad es clave para que disfruten al m\u00e1ximo! Por eso, en el \u00e1rea infantil, es genial tener <\/span><b>mobiliario adaptado para ellos, como sillitas y mesitas.<\/b><span style=\"font-weight: 400;\"> \u00a1As\u00ed podr\u00e1n estar bien c\u00f3modos mientras se divierten! Y si adem\u00e1s son coloridas y llamativas, \u00a1mucho mejor! Su experiencia ser\u00e1 a\u00fan m\u00e1s inolvidable.<\/span><\/p>\n<p style=\"text-align: justify;\"><b>Decoraci\u00f3n del espacio<\/b><span style=\"font-weight: 400;\">\u00a0 No podemos olvidarnos de la decoraci\u00f3n en el \u00e1rea infantil de la boda. <\/span><b>Con globos de colores, banderines, guirnaldas y otros objetos decorativos, podemos transformar ese espacio en un verdadero para\u00edso<\/b><span style=\"font-weight: 400;\"> para los peque\u00f1os invitados. \u00a1Seguro que les encantar\u00e1! Adem\u00e1s, una decoraci\u00f3n vibrante y llena de vida tambi\u00e9n contribuir\u00e1 a crear una atm\u00f3sfera festiva y emocionante. \u00a1La experiencia de los ni\u00f1os ser\u00e1 realmente inolvidable!<\/span><\/p>\n<p style=\"text-align: justify;\"><span style=\"font-weight: 400;\">En la animaci\u00f3n para la boda, \u00a1t\u00fa pones los l\u00edmites! <\/span><b>Desde castillos hinchables hasta espect\u00e1culos con payasos, juegos de mesa gigantes y \u00a1mucho m\u00e1s!\u00a0<\/b><\/p>\n<h3 style=\"text-align: justify;\">Servicio de Wedding Planner<\/h3>\n<p style=\"text-align: justify;\"><span style=\"font-weight: 400;\">\u00bfQuieres algo especial para hacer de tu boda una fiesta inolvidable? \u00a1Solo tienes que pedirlo! Porque en este d\u00eda tan especial, lo importante es cumplir todos tus deseos y hacer que cada momento sea m\u00e1gico y divertido para ti y tus invitados.<\/span><\/p>\n<p style=\"text-align: justify;\"><span style=\"font-weight: 400;\">Y es que planificar una boda puede ser todo un desaf\u00edo, pero <\/span><b>con <a href=\"https:\/\/nataliaortizevents.com\/\">nuestro servicio de Wedding Planner<\/a>, te quitamos ese peso de encima. Desde la decoraci\u00f3n hasta la animaci\u00f3n infantil, \u00a1nos encargamos de cada detalle para que t\u00fa puedas disfrutar al m\u00e1ximo de tu gran d\u00eda!\u00a0<\/b><\/p>\n<p style=\"text-align: justify;\"><span style=\"font-weight: 400;\">Ya has visto lo genial que es la idea de incluir animaci\u00f3n para la boda, as\u00ed que cont\u00e1ctanos y juntos definiremos todos los detalles. Porque en este d\u00eda tan especial, tus invitados se merecen lo mejor.<\/span><\/p>\n<p style=\"text-align: justify;\"><span style=\"font-weight: 400;\">No te pierdas este art\u00edculo <\/span><b>\u00bfEs necesario un <a href=\"http:\/\/perfectvenue.es\/2020\/06\/26\/is-it-necessary-to-have-a-play-corner-for-my-wedding-yes\/\">rinc\u00f3n infantil para mi boda<\/a>? \u00a1S\u00ed!<\/b><span style=\"font-weight: 400;\">, adem\u00e1s en este post te contamos por qu\u00e9<\/span><b> los <a href=\"http:\/\/perfectvenue.es\/2022\/03\/21\/partiy-for-children-and-animators-dressed-as-famous-heroes\/\">animadores cabezudos<\/a> son el \u00e9xito de las fiestas infantiles<\/b><span style=\"font-weight: 400;\"> y aqu\u00ed podr\u00e1s encontrar <\/span><b>los mejores <a href=\"http:\/\/perfectvenue.es\/2022\/10\/25\/childrens-wedding-reception-here-is-the-best-advice-for-choosing-a-menu-for-the-little-ones\/\">consejos para elegir el men\u00fa de los m\u00e1s peques de la boda.<\/a><\/b><\/p>\n<p><\/p>","protected":false},"excerpt":{"rendered":"<p style=\"text-align: justify;\"><span style=\"font-weight: 400;\">En este post te contamos todo acerca de este Perfect Plan, para que con este pack puedas planear con antelaci\u00f3n tu animaci\u00f3n para la boda. Es un acierto seguro ya que los ni\u00f1os se lo pasar\u00e1n en grande y los padres podr\u00e1n disfrutar mucho m\u00e1s.<\/span><\/p>\n","protected":false},"featured_media":39354,"comment_status":"closed","ping_status":"closed","template":"","meta":[],"class_list":["post-42274","product","type-product","status-publish","has-post-thumbnail","hentry","product_cat-workshops","product_tag-animacion-para-la-boda","product_tag-animacion-para-la-boda-2026"],"_links":{"self":[{"href":"https:\/\/perfectvenue.es\/es\/wp-json\/wp\/v2\/product\/42274","targetHints":{"allow":["GET"]}}],"collection":[{"href":"https:\/\/perfectvenue.es\/es\/wp-json\/wp\/v2\/product"}],"about":[{"href":"https:\/\/perfectvenue.es\/es\/wp-json\/wp\/v2\/types\/product"}],"replies":[{"embeddable":true,"href":"https:\/\/perfectvenue.es\/es\/wp-json\/wp\/v2\/comments?post=42274"}],"wp:featuredmedia":[{"embeddable":true,"href":"https:\/\/perfectvenue.es\/es\/wp-json\/wp\/v2\/media\/39354"}],"wp:attachment":[{"href":"https:\/\/perfectvenue.es\/es\/wp-json\/wp\/v2\/media?parent=42274"}],"curies":[{"name":"wp","href":"https:\/\/api.w.org\/{rel}","templated":true}]}}