{"id":42015,"date":"2024-04-26T11:48:15","date_gmt":"2024-04-26T08:48:15","guid":{"rendered":"http:\/\/perfectvenue.es\/?post_type=product&#038;p=42015"},"modified":"2026-02-16T22:05:50","modified_gmt":"2026-02-16T19:05:50","slug":"picnic-en-madrid-plan-para-recordar","status":"publish","type":"product","link":"https:\/\/perfectvenue.es\/es\/product\/picnic-en-madrid-plan-para-recordar\/","title":{"rendered":"Todo lo que necesitas para vivir un picnic en Madrid de cuento es este Perfect Plan"},"content":{"rendered":"<p><\/p>\n<p style=\"text-align: justify;\"><span style=\"font-weight: 400;\">Un d\u00eda soleado en la capital, el cielo azul y una suave brisa. \u00bfQu\u00e9 mejor manera de celebrar una pedida de mano, una ocasi\u00f3n especial entre amigas o simplemente un momento \u00fanico que con <\/span><b>un rom\u00e1ntico picnic en Madrid<\/b><span style=\"font-weight: 400;\">?\u00a0<\/span><\/p>\n<p style=\"text-align: justify;\"><span style=\"font-weight: 400;\">Pues tenemos el Perfect Plan para hacer realidad este sue\u00f1o. Ya que <\/span><b>tenemos el mejor servicio de organizaci\u00f3n de picnics tanto para parejas como para grupos de amigos.\u00a0<\/b><\/p>\n<p style=\"text-align: justify;\"><span style=\"font-weight: 400;\">\u00a1Y lo mejor es que con solo un clic, puedes reservar un d\u00eda m\u00e1gico lleno de delicias gastron\u00f3micas, c\u00f3modas mantas, y la compa\u00f1\u00eda perfecta! Como lo lees\u2026<\/span><\/p>\n<p style=\"text-align: justify;\"><span style=\"font-weight: 400;\">En este art\u00edculo te contamos todo acerca de este Perfect Plan para que teng\u00e1is un picnic en Madrid para recordar toda la vida.<\/span><\/p>\n<h2 style=\"text-align: justify;\"><b>El \u201cPerfect Plan\u201d de hacer un picnic en Madrid<\/b><\/h2>\n<p style=\"text-align: justify;\"><span style=\"font-weight: 400;\">A pesar de ser una ciudad cosmopolita,<\/span><b> Madrid cuenta con numerosos parques y \u00e1reas verdes donde puedes disfrutar de la naturaleza<\/b><span style=\"font-weight: 400;\"> y escapar del bullicio de la ciudad. Hacer un picnic te permite disfrutar de este entorno natural as\u00ed como de un clima sinigual.\u00a0<\/span><\/p>\n<p style=\"text-align: justify;\"><span style=\"font-weight: 400;\">S\u00ed, y es que Madrid tiene un clima mediterr\u00e1neo con inviernos suaves y veranos c\u00e1lidos. Esto significa que<\/span><b> la mayor\u00eda del a\u00f1o puedes disfrutar de d\u00edas soleados y temperaturas agradables, ideales para organizar un picnic al aire libre.<\/b><\/p>\n<p style=\"text-align: justify;\"><b>Ya sea una pedida de mano rom\u00e1ntica, una reuni\u00f3n con amigos o simplemente una escapada tranquila en pareja<\/b><span style=\"font-weight: 400;\">, un picnic en Madrid es una manera encantadora de celebrar ocasiones especiales y crear recuerdos inolvidables.<\/span><\/p>\n<p style=\"text-align: justify;\"><span style=\"font-weight: 400;\">\u00a1Y conocemos los mejores lugares de la capital para llevarlos a cabo! As\u00ed que, <\/span><b>nosotros te damos todas las opciones y t\u00fa solo tienes que elegir tu opci\u00f3n favorita.\u00a0\u00a0<\/b><\/p>\n<h2 style=\"text-align: justify;\"><b>Los tipos de picnic que ofrecemos en tu Perfect Plan\u00a0<\/b><\/h2>\n<p style=\"text-align: justify;\"><b>Picnic<\/b> <b>cl\u00e1sico:<\/b><span style=\"font-weight: 400;\">\u00a0 Un picnic con decoraci\u00f3n cl\u00e1sica se caracteriza por contar con elementos tradicionales como mantas de cuadros, cestas de mimbre\u2026 Y la decoraci\u00f3n puede complementarse con flores. Los alimentos suelen ser cl\u00e1sicos y refinados, como s\u00e1ndwiches de jam\u00f3n serrano, queso manchego, frutas frescas, pastas gourmet y una selecci\u00f3n de vinos y champ\u00e1n.<\/span><\/p>\n<p style=\"text-align: justify;\"><b>Picnic intermedio:<\/b><span style=\"font-weight: 400;\"> Este tipo de picnic va un paso m\u00e1s all\u00e1 en t\u00e9rminos de decoraci\u00f3n, incorporando elementos adicionales adem\u00e1s de los elementos cl\u00e1sicos. Se pueden agregar m\u00e1s detalles decorativos, como guirnaldas, cojines decorativos, farolillos o luces LED para iluminar el \u00e1rea cuando cae la noche. Las sombrillas tambi\u00e9n son un a\u00f1adido pr\u00e1ctico y elegante.<\/span><\/p>\n<p style=\"text-align: justify;\"><b>Picnic premium:<\/b><span style=\"font-weight: 400;\"> Este tipo de picnic cuenta con decoraci\u00f3n exclusiva y es una experiencia de lujo dise\u00f1ada para aquellos que buscan un nivel m\u00e1s alto de sofisticaci\u00f3n y exclusividad. La decoraci\u00f3n suele ser m\u00e1s elaborada y personalizada, con detalles \u00fanicos y de alta calidad. Se pueden utilizar elementos como manteles de lino, vajilla de cristal, cubiertos de plata, candelabros y centros de mesa exquisitos. Este tipo de picnic se lleva a cabo en lugares especialmente habilitados y exclusivos, como jardines privados, vi\u00f1edos, fincas o terrazas con vistas panor\u00e1micas, lo que a\u00f1ade un toque de exclusividad y elegancia a la experiencia.<\/span><\/p>\n<h2 style=\"text-align: justify;\"><b>La decoraci\u00f3n, inclu\u00edda con tu picnic en Madrid<\/b><\/h2>\n<p style=\"text-align: justify;\"><span style=\"font-weight: 400;\">La decoraci\u00f3n siempre ayuda a disfrutar del momento y a recordarlo para toda la vida, por eso no podemos dejar de un lado el romanticismo y usar elementos decorativos en tu picnic en Madrid, dependiendo de la categor\u00eda anteriormente mencionada que elijas.<\/span><\/p>\n<p style=\"text-align: justify;\"><span style=\"font-weight: 400;\">Adem\u00e1s, si tu chica es una entusiasta del teatro, el circo, la pintura, la escultura o el baile, <\/span><b>nos encargamos de decorar el espacio del picnic elegido acorde a sus pasiones<\/b><span style=\"font-weight: 400;\">. \u00a1M\u00e1s memorable a\u00fan!<\/span><\/p>\n<h2 style=\"text-align: justify;\"><b>Comida deliciosa para degustar durante tu picnic en Madrid<\/b><\/h2>\n<p style=\"text-align: justify;\"><span style=\"font-weight: 400;\">Como bien sabr\u00e1s, la gastronom\u00eda espa\u00f1ola es famosa en todo el mundo, y hacer un picnic es una excelente manera de disfrutar de algunos de sus platos m\u00e1s emblem\u00e1ticos, como <\/span><b>la<\/b> <b>tortilla de patatas, los embutidos ib\u00e9ricos y los deliciosos quesos.<\/b><\/p>\n<p style=\"text-align: justify;\"><span style=\"font-weight: 400;\">Pero tambi\u00e9n ofrecemos otras opciones para que elij\u00e1is siempre acorde a vuestros gustos, como<\/span><b> frutas con chocolate o cupcakes o comida vegana o vegetariana.<\/b><\/p>\n<p style=\"text-align: justify;\"><span style=\"font-weight: 400;\">Si lo dese\u00e1is, tambi\u00e9n podemos ofreceros <\/span><b>comida del mundo: japonesa, tailandesa, estadounidense, mexicana, china, italiana, francesa\u2026<\/b><span style=\"font-weight: 400;\"> solo tienes que comunicarnos que especialidad quieres para el gran momento.\u00a0<\/span><\/p>\n<h2 style=\"text-align: justify;\"><b>\u00a1A\u00f1ade todos los extras que quieras!<\/b><\/h2>\n<h3 style=\"text-align: justify;\"><b>Regala un ramo de flores\u00a0<\/b><\/h3>\n<p style=\"text-align: justify;\"><span style=\"font-weight: 400;\">Regalar un ramo aporta al momento mucho m\u00e1s romanticismo y magia, por eso nosotros <\/span><b>nos encargamos de conseguir las flores m\u00e1s frescas<\/b><span style=\"font-weight: 400;\"> para que se lo regales a tu novia o acompa\u00f1ante durante vuestro picnic en Madrid. Configuraremos un ramo repleto de margaritas, rosas, lavanda, hojas de eucalipto, girasoles, lirios, tulipanes\u2026 \u00a1todo lo que imagines!\u00a0<\/span><\/p>\n<h3 style=\"text-align: justify;\"><b>Fotos y videos para recordar<\/b><\/h3>\n<p style=\"text-align: justify;\"><span style=\"font-weight: 400;\">Siempre recomendamos que para cada ocasi\u00f3n haya presentes un fot\u00f3grafo y un vide\u00f3grafo, ya que es <\/span><b>un momento que merece la pena recordar toda la vida<\/b><span style=\"font-weight: 400;\">. Por ello, considera contar con una fot\u00f3grafa profesional encargada de plasmar cada momento con su objetivo, as\u00ed como de un videografo responsable de filmar cada escena para contar con un v\u00eddeo \u00fanico para que nunca olvid\u00e9is c\u00f3mo fue ese gran momento.<\/span><\/p>\n<h3 style=\"text-align: justify;\"><b>M\u00fasica en directo<\/b><\/h3>\n<p style=\"text-align: justify;\"><span style=\"font-weight: 400;\">\u00bfQu\u00e9 es un momento especial sin m\u00fasica? \u00a1Nada! Por eso, <\/span><b>el viol\u00edn, la guitarra, el saxofonista o el instrumento que m\u00e1s os guste a vosotros puede estar en directo<\/b><span style=\"font-weight: 400;\"> para encargarse de amenizar la velada. Seguro que ten\u00e9is una canci\u00f3n favorita\u2026<\/span><\/p>\n<h2 style=\"text-align: justify;\"><b>Reserva con un solo <\/b><b><i>click<\/i><\/b><span style=\"font-weight: 400;\">\u00a0<\/span><\/h2>\n<p style=\"text-align: justify;\"><span style=\"font-weight: 400;\">\u00a1S\u00ed! Lo mejor de cada es que es super c\u00f3modo para ti ya que puedes reservar con un solo <\/span><i><span style=\"font-weight: 400;\">click<\/span><\/i><span style=\"font-weight: 400;\">.<\/span><\/p>\n<p style=\"text-align: justify;\"><span style=\"font-weight: 400;\">Y no es necesario pagar \u00edntegramente el importe de la experiencia. Simplemente<\/span><b> basta con hacer una reserva y el resto darla en el d\u00eda del evento.<\/b><span style=\"font-weight: 400;\"> \u00a1Todo son facilidades!<\/span><\/p>\n<h2 style=\"text-align: justify;\"><b>Organizamos tu picnic en Madrid<\/b><\/h2>\n<p style=\"text-align: justify;\"><span style=\"font-weight: 400;\">S\u00ed, nos gusta que todo salga perfecto, por eso<\/span><b> formamos parte de vuestro picnic en Madrid organizando todo con antelaci\u00f3n y coordinando todo durante ese d\u00eda<\/b><span style=\"font-weight: 400;\">. Ofrecemos <a href=\"https:\/\/nataliaortizevents.com\/\">el mejor servicio de organizaci\u00f3n<\/a> de pedida de mano o de picnic con amigas.<\/span><\/p>\n<p style=\"text-align: justify;\"><b>Conseguiremos poner todo a punto <\/b><span style=\"font-weight: 400;\">para que la decoraci\u00f3n sea como imagin\u00e1is, que la comida est\u00e9 deliciosa, que la fot\u00f3grafa no se deje nada por captar\u2026 \u00a1Estamos pendientes de cada detalle!<\/span><\/p>\n<p style=\"text-align: justify;\"><span style=\"font-weight: 400;\">Prepararemos<\/span><b> todo a vuestra medida<\/b><span style=\"font-weight: 400;\">, solo ten\u00e9is que pedirnos todo aquello que sea imprescindible para vuestro momento especial, \u00a1y vuestros deseos se har\u00e1n \u00f3rdenes!<\/span><\/p>\n<p><\/p>","protected":false},"excerpt":{"rendered":"<p><span style=\"font-weight: 400;\">En este art\u00edculo te contamos todo acerca de este Perfect Plan para que teng\u00e1is un picnic en Madrid para recordar toda la vida, te decimos todo lo que hay inclu\u00eddo as\u00ed como todos los extras que puedes a\u00f1adir.<\/span><\/p>\n","protected":false},"featured_media":42020,"comment_status":"closed","ping_status":"closed","template":"","meta":[],"class_list":["post-42015","product","type-product","status-publish","has-post-thumbnail","hentry","product_cat-perfect-plan"],"_links":{"self":[{"href":"https:\/\/perfectvenue.es\/es\/wp-json\/wp\/v2\/product\/42015","targetHints":{"allow":["GET"]}}],"collection":[{"href":"https:\/\/perfectvenue.es\/es\/wp-json\/wp\/v2\/product"}],"about":[{"href":"https:\/\/perfectvenue.es\/es\/wp-json\/wp\/v2\/types\/product"}],"replies":[{"embeddable":true,"href":"https:\/\/perfectvenue.es\/es\/wp-json\/wp\/v2\/comments?post=42015"}],"wp:featuredmedia":[{"embeddable":true,"href":"https:\/\/perfectvenue.es\/es\/wp-json\/wp\/v2\/media\/42020"}],"wp:attachment":[{"href":"https:\/\/perfectvenue.es\/es\/wp-json\/wp\/v2\/media?parent=42015"}],"curies":[{"name":"wp","href":"https:\/\/api.w.org\/{rel}","templated":true}]}}