{"id":42006,"date":"2024-04-25T17:51:22","date_gmt":"2024-04-25T14:51:22","guid":{"rendered":"http:\/\/perfectvenue.es\/?post_type=product&#038;p=42006"},"modified":"2025-05-20T19:33:23","modified_gmt":"2025-05-20T16:33:23","slug":"alquiler-de-letras-marry-me-xxl","status":"publish","type":"product","link":"https:\/\/perfectvenue.es\/es\/product\/alquiler-de-letras-marry-me-xxl\/","title":{"rendered":"Alquiler de letras \u201cMarry Me\u201d XXL para una pedida de mano en Salou"},"content":{"rendered":"<p><\/p>\n<p style=\"text-align: justify;\"><span style=\"font-weight: 400;\">Dentro de las opciones de pedidas de mano, hay una que destaca por su originalidad y grandeza: \u00a1el alquiler de letras Marry Me XXL en Salou! <\/span><b>Son perfectas para pedidas de mano \u00fanicas, exclusivas y a lo grande.<\/b><\/p>\n<p style=\"text-align: justify;\"><span style=\"font-weight: 400;\">Y si no, mira esta <\/span><span style=\"font-weight: 400;\"><a href=\"http:\/\/perfectvenue.es\/2022\/12\/17\/a-marriage-proposal-with-letters-of-a-metre-and-a-half-this-was-the-great-moment-of-p\/\">pedida de mano entre letras XXL<\/a>.<\/span><span style=\"font-weight: 400;\"> \u00a1Todo un espect\u00e1culo rom\u00e1ntico! Nosotros nos encargamos de toda la decoraci\u00f3n floral, las fotograf\u00edas e incluso la m\u00fasica de viol\u00edn.<\/span><\/p>\n<p style=\"text-align: justify;\"><span style=\"font-weight: 400;\">En este art\u00edculo te contamos todo sobre las letras \u201cMarry Me\u201d XXL: los mejores espacios para disponerlas, lo que incluye el alquiler de letras Marry Me XXL y todos los detalles que necesitas saber si quieres hacer <\/span><b>una propuesta inolvidable arrodillado ante unas letras Marry Me XXL.<\/b><\/p>\n<p style=\"text-align: justify;\"><span style=\"font-weight: 400;\">\u00a1Prep\u00e1rate para una pedida de mano que dejar\u00e1 sin aliento a tu pareja y a todos los presentes!\u00a0<\/span><\/p>\n<h2 style=\"text-align: justify;\">\u00bfDe qu\u00e9 trata el alquiler de letras Marry Me XXL en Salou?<\/h2>\n<p style=\"text-align: justify;\"><span style=\"font-weight: 400;\">Las letras \u201cMarry Me\u201d XXL son mucho m\u00e1s que una simple decoraci\u00f3n, son el s\u00edmbolo de una pedida de mano lujosa y extraordinaria. <\/span><b>Con su imponente tama\u00f1o y su luz, estas letras atraen todas las miradas y crean una atm\u00f3sfera verdaderamente rom\u00e1ntica y encantadora.<\/b><\/p>\n<p style=\"text-align: justify;\"><span style=\"font-weight: 400;\">En un lugar cuidadosamente decorado, con las letras \u201cMarry Me\u201d XXL brillando en el centro, llenando el espacio con su c\u00e1lido resplandor, la novia no podr\u00e1 decir que no a la pregunta m\u00e1s importante de todas.\u00a0<\/span><\/p>\n<p style=\"text-align: justify;\"><span style=\"font-weight: 400;\">Sin duda esta propuesta de matrimonio quedar\u00e1 grabada en la memoria de ambos para siempre. Su tama\u00f1o y su resplandor <\/span><b>crean un ambiente de ensue\u00f1o que hace que el momento sea a\u00fan m\u00e1s especial y emocionante.<\/b><\/p>\n<p style=\"text-align: justify;\"><span style=\"font-weight: 400;\">As\u00ed que si est\u00e1s buscando <\/span><b>una manera de sorprender y cautivar a tu pareja <\/b><span style=\"font-weight: 400;\">en el d\u00eda de la pedida de mano, EL alquiler de letras Marry Me XXL son la elecci\u00f3n perfecta.\u00a0<\/span><\/p>\n<h2 style=\"text-align: justify;\">\u00bfD\u00f3nde se puede hacer una pedida de mano con las letras \u201cMarry Me\u201d XXL?<\/h2>\n<p style=\"text-align: justify;\"><span style=\"font-weight: 400;\">\u00bfTe preguntas d\u00f3nde puedes hacer una pedida de mano con el alquiler de letras Marry Me XXL? \u00a1La respuesta es simple: donde t\u00fa quieras!<\/span><\/p>\n<p style=\"text-align: justify;\"><span style=\"font-weight: 400;\">Ya sea en una rom\u00e1ntica playa al atardecer, en un impresionante mirador con vistas al mar, o en un lugar hist\u00f3rico lleno de encanto, las posibilidades son infinitas. <\/span><b>Lo \u00fanico importante es que el espacio sea lo suficientemente amplio para dar cabida a estas majestuosas letras, ya que ocupan mucho espacio y necesitan un lugar destacado para brillar con todo su esplendor.<\/b><\/p>\n<h2 style=\"text-align: justify;\">Transporte inclu\u00eddo con tus letras Marry Me XXL en Salou<\/h2>\n<p style=\"text-align: justify;\"><span style=\"font-weight: 400;\">S\u00ed, no te preocupes por el transporte, \u00a1tenemos todo cubierto! Contamos con un servicio especializado de transporte que se encargar\u00e1 de llevar tu alquiler de letras Marry Me XXL al lugar que elijas, <\/span><b>asegur\u00e1ndose de que lleguen a tiempo y en perfectas condiciones para crear un momento inolvidable.<\/b><\/p>\n<p style=\"text-align: justify;\"><span style=\"font-weight: 400;\">El alquiler de las letras incluye un transporte especializado que <\/span><b>se encargar\u00e1 de llevarlas y recogerlas en el lugar de tu elecci\u00f3n. <\/b><span style=\"font-weight: 400;\">Despu\u00e9s de todo, \u00a1en un coche normal estas letras no caben! Se necesitar\u00e1 una furgoneta espaciosa para asegurar que lleguen de manera segura y sin problemas.<\/span><\/p>\n<h2 style=\"text-align: justify;\">Alquiler solo de las letras u organizaci\u00f3n de todo el evento<\/h2>\n<p style=\"text-align: justify;\"><span style=\"font-weight: 400;\">\u00bfQuieres el alquiler de letras Marry Me XXL solamente o prefieres que nos encarguemos de organizar todo el evento? \u00a1La elecci\u00f3n es tuya!<\/span><\/p>\n<p style=\"text-align: justify;\"><span style=\"font-weight: 400;\">Si prefieres tomar las riendas y organizar el evento t\u00fa mismo,<\/span><b> puedes alquilar solo las letras y encargarte del resto.<\/b><span style=\"font-weight: 400;\"> Pero <\/span><b>si lo que buscas es despreocuparte y dejar que nos encarguemos de todo, \u00a1tambi\u00e9n podemos hacerlo!<\/b><\/p>\n<p style=\"text-align: justify;\"><span style=\"font-weight: 400;\">Nosotros nos encargaremos de llevar las letras hasta el lugar elegido, y adem\u00e1s podemos a\u00f1adir la decoraci\u00f3n, la m\u00fasica y todo lo que necesites para crear un ambiente m\u00e1gico y rom\u00e1ntico.\u00a0<\/span><\/p>\n<h2 style=\"text-align: justify;\">S\u00ed, puedes a\u00f1adir todos los extras que quieras<\/h2>\n<p style=\"text-align: justify;\"><span style=\"font-weight: 400;\">Adem\u00e1s de contar con nuestras letras \u201cMarry Me\u201d XXL en Salou, \u00bfquieres llevar tu pedida de mano al siguiente nivel? \u00a1Pues a\u00f1ade todos los extras que quieras!<\/span><\/p>\n<p style=\"text-align: justify;\"><b>M\u00fasica en directo:<\/b><span style=\"font-weight: 400;\"> El viol\u00edn, la guitarra, el saxofonista o el instrumento que m\u00e1s os guste a vosotros puede estar en directo para encargarse de amenizar la velada. Seguro que ten\u00e9is una canci\u00f3n favorita\u2026 \u00a1Incluso podemos organizar la m\u00fasica de mariachi si as\u00ed lo deseas! Tenemos diferentes opciones para que elijas la que mejor se adapte a vosotros y a vuestro momento especial.<\/span><\/p>\n<p style=\"text-align: justify;\"><b>Fot\u00f3grafo y vide\u00f3grafo:<\/b><span style=\"font-weight: 400;\"> Siempre recomendamos que para cada ocasi\u00f3n haya presentes un fot\u00f3grafo y un vide\u00f3grafo, ya que es un momento que merece la pena recordar toda la vida. Por ello, considera contar con una fot\u00f3grafa profesional encargada de plasmar cada momento con su objetivo, as\u00ed como de un videografo responsable de filmar cada escena para contar con un v\u00eddeo \u00fanico para que nunca olvid\u00e9is c\u00f3mo fue ese gran momento.<\/span><\/p>\n<p style=\"text-align: justify;\"><b>Decoraci\u00f3n del espacio<\/b><span style=\"font-weight: 400;\">:\u00a0 No podemos olvidarnos de la decoraci\u00f3n en el \u00e1rea de la pedida de mano. Con globos, p\u00e9talos, velas y otros objetos decorativos, podemos transformar ese espacio en un verdadero para\u00edso para la pareja. \u00a1Seguro que a tu chica le encanta y se emociona nada m\u00e1s verlo todo repleto de rom\u00e1ntica decoraci\u00f3n!\u00a0<\/span><\/p>\n<h2 style=\"text-align: justify;\"><span style=\"font-weight: 400;\">\u00bfQuieres alquilar solo las letras \u201cMarry Me\u201d XXL en Salou? <\/span><\/h2>\n<p style=\"text-align: justify;\"><span style=\"font-weight: 400;\">\u00a1Nosotros te lo ponemos f\u00e1cil! El proceso es sencillo: al principio, <\/span><b>solo tienes que pagar la reserva de las letras.<\/b> <b>Luego, cuando llegamos al lugar de entrega, solicitamos el deposito temporal. Una vez que las letras est\u00e1n en su lugar y todo est\u00e1 perfecto, devolvemos el deposito temporal como garant\u00eda de que las letras est\u00e1n en excelentes condiciones, tal como las entregamos.<\/b><\/p>\n<p style=\"text-align: justify;\"><span style=\"font-weight: 400;\">Y si prefieres que nos encarguemos de todo el proceso, \u00a1tambi\u00e9n podemos hacerlo! Puedes tener todo lo que quieras en tu pedida de mano sin preocuparte por nada m\u00e1s.<\/span><\/p>\n<p style=\"text-align: justify;\"><span style=\"font-weight: 400;\">As\u00ed que elige la opci\u00f3n que mejor se adapte a tus necesidades y prep\u00e1rate para vivir una pedida de mano inolvidable con nuestras letras \u201cMarry Me\u201d XXL.<\/span><\/p>\n<p>&nbsp;<\/p>\n<p style=\"text-align: justify;\"><span style=\"font-weight: 400;\">Ya sabes que podemos preparar todo a vuestra medida, solo ten\u00e9is que pedirnos todo aquello que sea imprescindible para vuestro momento especial, \u00a1y vuestros deseos se har\u00e1n \u00f3rdenes!<\/span><\/p>\n<p style=\"text-align: justify;\"><span style=\"font-weight: 400;\">Nos gusta que todo salga perfecto, por eso <\/span><b>formamos parte de vuestra pedida de mano organizando todo con antelaci\u00f3n y coordinando todo durante ese d\u00eda.<\/b><span style=\"font-weight: 400;\"> Ofrecemos el mejor servicio de organizaci\u00f3n de pedida de mano.<\/span><\/p>\n<p style=\"text-align: justify;\"><b>\u00bfA qu\u00e9 esperas para contactar nos idea que tienes en mente para tu pedida de mano con letras \u201cMarry Me\u201d XXLen Salou?<\/b><\/p>\n<h3>A lo mejor, te puede interesar tambi\u00e9n:<\/h3>\n<p><a href=\"https:\/\/perfectvenue.es\/en\/product\/picnic-marriage-proposal-salou\/\">Pedida de mano picnic en Salou<\/a><\/p>","protected":false},"excerpt":{"rendered":"<p><span style=\"font-weight: 400;\">En este art\u00edculo te contamos de qu\u00e9 tratan las letras \u201cMarry Me\u201d XXL, los mejores espacios para realizar la pedida con estas letras, lo que incluye el alquiler de estas, y todo lo que debes saber si quieres hincar rodilla ante estas gigantes y rom\u00e1nticas letras iluminadas.<\/span><\/p>\n","protected":false},"featured_media":46270,"comment_status":"closed","ping_status":"closed","template":"","meta":[],"class_list":["post-42006","product","type-product","status-publish","has-post-thumbnail","hentry","product_cat-marriage-proposal-packages","product_cat-perfect-plan","product_tag-alquiler-letras","product_tag-alquiler-letras-marry-me","product_tag-marry-me-letters","product_tag-marry-me-letters-rental","product_tag-marry-me-salou","product_tag-rental-marry-me"],"_links":{"self":[{"href":"https:\/\/perfectvenue.es\/es\/wp-json\/wp\/v2\/product\/42006","targetHints":{"allow":["GET"]}}],"collection":[{"href":"https:\/\/perfectvenue.es\/es\/wp-json\/wp\/v2\/product"}],"about":[{"href":"https:\/\/perfectvenue.es\/es\/wp-json\/wp\/v2\/types\/product"}],"replies":[{"embeddable":true,"href":"https:\/\/perfectvenue.es\/es\/wp-json\/wp\/v2\/comments?post=42006"}],"wp:featuredmedia":[{"embeddable":true,"href":"https:\/\/perfectvenue.es\/es\/wp-json\/wp\/v2\/media\/46270"}],"wp:attachment":[{"href":"https:\/\/perfectvenue.es\/es\/wp-json\/wp\/v2\/media?parent=42006"}],"curies":[{"name":"wp","href":"https:\/\/api.w.org\/{rel}","templated":true}]}}