{"id":41935,"date":"2024-07-01T12:54:48","date_gmt":"2024-07-01T09:54:48","guid":{"rendered":"https:\/\/perfectvenue.es\/?post_type=product&#038;p=41935"},"modified":"2024-07-09T12:25:22","modified_gmt":"2024-07-09T09:25:22","slug":"taller-de-jabones-para-ninos","status":"publish","type":"product","link":"https:\/\/perfectvenue.es\/es\/product\/taller-de-jabones-para-ninos\/","title":{"rendered":"Taller de jabones para ni\u00f1os: creatividad y diversi\u00f3n entre aromas y glicerina"},"content":{"rendered":"<p><\/p>\n<p style=\"text-align: justify;\"><span style=\"font-weight: 400;\">Con este taller de jabones para ni\u00f1os, los m\u00e1s peques <\/span><b style=\"color: inherit; font-family: inherit;\">aprender\u00e1n a hacer jabones artesanales a base de glicerina, con distintos olores, formas y colores <\/b><span style=\"font-weight: 400;\">para crear a su gusto sus jabones y dar rienda suelta a su creatividad.<\/span><\/p>\n<p style=\"text-align: justify;\"><b>De la mano de una experta<\/b><span style=\"font-weight: 400;\">, los ni\u00f1os aprender\u00e1n los conceptos b\u00e1sicos de la fabricaci\u00f3n de jabones de una manera divertida. Descubrir\u00e1n c\u00f3mo mezclar y combinar ingredientes y ver\u00e1n c\u00f3mo sus ideas se transforman en divertidos jabones listos para usar.<\/span><\/p>\n<p style=\"text-align: justify;\"><span style=\"font-weight: 400;\">Adem\u00e1s de ser una actividad emocionante, este <\/span><b>taller tambi\u00e9n ofrece beneficios educativos,<\/b><span style=\"font-weight: 400;\"> ya que los ni\u00f1os desarrollan habilidades motoras finas mientras moldean y vierten la glicerina, y aprenden sobre ingredientes naturales y propiedades beneficiosas para la piel.<\/span><\/p>\n<p style=\"text-align: justify;\"><span style=\"font-weight: 400;\">\u00bfY qu\u00e9 mejor manera de disfrutar este taller que convirti\u00e9ndolo en<\/span><b> una fiesta de cumplea\u00f1os \u00fanica y especia<\/b><span style=\"font-weight: 400;\">l? \u00a1Sus amiguitos recordar\u00e1n este d\u00eda por siempre!<\/span><\/p>\n<p style=\"text-align: justify;\"><span style=\"font-weight: 400;\">Y es que no se trata solo de aprender, sino de <\/span><b>crear recuerdos inolvidables tambi\u00e9n en familia. <\/b><span style=\"font-weight: 400;\">Ya sea celebrando un cumplea\u00f1os, reuni\u00e9ndose con la familia o pasando un buen rato con amigos, este taller es la excusa perfecta para disfrutar juntos.<\/span><\/p>\n<p style=\"text-align: justify;\"><span style=\"font-weight: 400;\">\u00a1As\u00ed que \u00fanete a nosotros y sum\u00e9rgete en esta experiencia inolvidable donde la diversi\u00f3n y el aprendizaje van de la mano!<\/span><\/p>\n<h2 style=\"text-align: justify;\"><b>\u00bfA qui\u00e9n va dirigido el taller de jabones para ni\u00f1os?<\/b><\/h2>\n<p style=\"text-align: justify;\"><span style=\"font-weight: 400;\">El taller de jabones para ni\u00f1os est\u00e1 dirigido principalmente a <\/span><b>ni\u00f1os y ni\u00f1as en edades tempranas, generalmente entre los 5 y los 12 a\u00f1os.<\/b><span style=\"font-weight: 400;\"> Sin embargo, dependiendo de la naturaleza y el contenido del taller, puede adaptarse para ni\u00f1os de diferentes edades.<\/span><\/p>\n<p style=\"text-align: justify;\"><span style=\"font-weight: 400;\">Este taller es ideal para <\/span><b>aquellos que disfrutan de actividades creativas y manuales, as\u00ed como para aquellos que desean aprender sobre el proceso de fabricaci\u00f3n de jabones<\/b><span style=\"font-weight: 400;\"> de una manera divertida.<\/span><\/p>\n<p style=\"text-align: justify;\"><span style=\"font-weight: 400;\">Pero eso no es todo, \u00a1este taller tambi\u00e9n est\u00e1 <\/span><b>dise\u00f1ado para todas aquellas familias que busquen un plan diferente para pasar tiempo juntos o que busquen celebrar un cumplea\u00f1os infantil!<\/b><\/p>\n<p style=\"text-align: justify;\"><span style=\"font-weight: 400;\">As\u00ed que no importa la edad, \u00a1todos est\u00e1n invitados a disfrutar de esta experiencia \u00fanica!<\/span><\/p>\n<h2 style=\"text-align: justify;\"><b>Grupos peque\u00f1os y atenci\u00f3n personalizada.<\/b><\/h2>\n<p style=\"text-align: justify;\"><span style=\"font-weight: 400;\">En nuestro taller de jabones para ni\u00f1os optamos por la calidad sobre la cantidad. Nos encanta contar con <\/span><b>grupos peque\u00f1os para garantizar que cada participante reciba la m\u00e1xima atenci\u00f3n y pueda aprovechar al m\u00e1ximo la experiencia.<\/b><\/p>\n<p style=\"text-align: justify;\"><b>Con un n\u00famero limitado de plazas disponibles, te aseguramos una atenci\u00f3n personalizada y exclusiva para cada ni\u00f1o. <\/b><span style=\"font-weight: 400;\">Nuestro equipo estar\u00e1 encantado de ayudarles, estar con ellos, guiarles, etc.<\/span><\/p>\n<h2 style=\"text-align: justify;\"><b>\u00bfQu\u00e9 est\u00e1 inclu\u00eddo en el taller de jabones para ni\u00f1os?<\/b><\/h2>\n<ul style=\"text-align: justify;\">\n<li style=\"font-weight: 400;\"><span style=\"font-weight: 400;\">Se proporcionan todos los materiales necesarios para la fabricaci\u00f3n de jabones, incluyendo glicerina base, colorantes naturales o seguros para la piel, fragancias o aceites esenciales, moldes de diferentes formas y tama\u00f1os, utensilios de medici\u00f3n y recipientes para derretir la glicerina.<\/span><\/li>\n<li style=\"font-weight: 400;\"><span style=\"font-weight: 400;\">El resultado de sus jabones se lo llevar\u00e1n a casa para poder usarlos<\/span><\/li>\n<li style=\"font-weight: 400;\"><span style=\"font-weight: 400;\">Gu\u00eda experta<\/span><\/li>\n<\/ul>\n<h2 style=\"text-align: justify;\"><b>Duraci\u00f3n y ubicaci\u00f3n<\/b><\/h2>\n<p style=\"text-align: justify;\"><span style=\"font-weight: 400;\">El emocionante taller de jabones para ni\u00f1os <\/span><b>tiene una duraci\u00f3n aproximada de 2 horas <\/b><span style=\"font-weight: 400;\">\u00a1el tiempo necesario para sumergir a los ni\u00f1os en este maravilloso mundo y salir con sus propios jabones hechos <\/span><b>sin que lleguen a cansarse<\/b><span style=\"font-weight: 400;\">!<\/span><\/p>\n<p style=\"text-align: justify;\"><span style=\"font-weight: 400;\">Y en cuanto a la ubicaci\u00f3n, \u00bfd\u00f3nde podr\u00eda ser este emocionante encuentro si no es en la vibrante ciudad de Madrid? Es el lugar perfecto para una tarde de glicerina, aromas y diversi\u00f3n en la capital.<\/span><\/p>\n<p style=\"text-align: justify;\"><span style=\"font-weight: 400;\">Nos encontrar\u00e1s <\/span><b>en nuestras acogedoras oficinas en Las Rozas de Madrid, espec\u00edficamente en la calle de Teruel n\u00famero 3. <\/b><span style=\"font-weight: 400;\">Es un lugar de f\u00e1cil acceso, a 5 minutos de\u00a0 la parada de Renfe y a 2 minutos de\u00a0 las paradas de buses 622 y 621.<\/span><\/p>\n<h2 style=\"text-align: justify;\"><b>Lo que debes tener en cuenta para el taller de jabones para ni\u00f1os:<\/b><\/h2>\n<ul style=\"text-align: justify;\">\n<li style=\"list-style-type: none;\">\n<ul>\n<li style=\"font-weight: 400;\"><span style=\"font-weight: 400;\">No olvides asegurarte de que tu hijo\/a est\u00e9 preparado para trabajar con colorantes, glicerina, etc, usando ropa que no os importe ensuciar, porque aunque tendr\u00e1n un mandil, los ni\u00f1os ya sabemos que siempre se manchan.<\/span><\/li>\n<li style=\"font-weight: 400;\"><span style=\"font-weight: 400;\">Informa al instructor sobre cualquier alergia alimentaria o sensibilidad cut\u00e1nea que puedan tener tus hijos. Esto es especialmente importante al utilizar ingredientes como fragancias, colorantes o aceites esenciales.<\/span><\/li>\n<li style=\"font-weight: 400;\"><span style=\"font-weight: 400;\">Se recomienda estar 5 minutos antes del horario establecido.<\/span><\/li>\n<li style=\"font-weight: 400;\"><span style=\"font-weight: 400;\">Para formalizar la reserva del taller de jabones para ni\u00f1os se ha de abonar una se\u00f1al previa. El restante se abona el mismo d\u00eda de la actividad.<\/span><\/li>\n<li style=\"font-weight: 400;\"><b>Si la ocasi\u00f3n es un cumplea\u00f1os o un reencuentro en familia podr\u00eda combinarse con una sesi\u00f3n de fotos, reserva en un restaurante para ni\u00f1os, etc. \u00a1Consultanos!<\/b><\/li>\n<\/ul>\n<\/li>\n<\/ul>\n<h2 style=\"text-align: justify;\"><b>\u00a1Reserva ya tu plaza!<\/b><\/h2>\n<p style=\"text-align: justify;\"><span style=\"font-weight: 400;\">\u00a1Son limitadas! As\u00ed que, marca ya la fecha en el calendario y \u00fanete a nosotros junto con tus peques para una experiencia inolvidable.<\/span><\/p>\n<p style=\"text-align: justify;\"><b>Y si quieres m\u00e1s informaci\u00f3n:\u00a0<\/b><\/p>\n<p style=\"text-align: justify;\"><span style=\"font-weight: 400;\">Llama o escribe:\u00a0\u00a0<\/span><\/p>\n<p style=\"text-align: justify;\"><span style=\"font-weight: 400;\">Tel. +34 722 29 15 43 <\/span><\/p>\n<p style=\"text-align: justify;\"><span style=\"font-weight: 400;\">Email: <\/span><a href=\"mailto:info@perfectvenue.es\"><span style=\"font-weight: 400;\">info@perfectvenue.es<\/span><\/a><\/p>\n<p>Y no te pierdas este <a href=\"https:\/\/perfectvenue.es\/product\/taller-de-cocina-para-ninos\/\">taller de cocina para ni\u00f1os<\/a>, este taller de <a href=\"https:\/\/perfectvenue.es\/product\/taller-de-jardineria-para-ninos\/\">jardiner\u00eda para ni\u00f1os<\/a>, o este <a href=\"https:\/\/perfectvenue.es\/product\/taller-de-arcilla-para-ninos\/\">taller de arcilla para ni\u00f1os<\/a>. \u00a1Diversi\u00f3n en cada taller!<\/p>","protected":false},"excerpt":{"rendered":"<p><span style=\"font-weight: 400;\">Si te encanta la idea de ver a los peques de la casa aprendiendo mientras se divierten y hacen manualidades, entonces este taller de jabones para ni\u00f1os es justo lo que necesitas. Aprender\u00e1n todos los secretos de la mano de una experta y es perfecto para cumplea\u00f1os infantiles.<\/span><\/p>\n","protected":false},"featured_media":41937,"comment_status":"closed","ping_status":"closed","template":"","meta":[],"class_list":["post-41935","product","type-product","status-publish","has-post-thumbnail","hentry","product_cat-courses-and-workshops-in-madrid","product_tag-taller-de-jabones-infantil","product_tag-taller-de-jabones-para-ninos","product_tag-7139"],"_links":{"self":[{"href":"https:\/\/perfectvenue.es\/es\/wp-json\/wp\/v2\/product\/41935","targetHints":{"allow":["GET"]}}],"collection":[{"href":"https:\/\/perfectvenue.es\/es\/wp-json\/wp\/v2\/product"}],"about":[{"href":"https:\/\/perfectvenue.es\/es\/wp-json\/wp\/v2\/types\/product"}],"replies":[{"embeddable":true,"href":"https:\/\/perfectvenue.es\/es\/wp-json\/wp\/v2\/comments?post=41935"}],"wp:featuredmedia":[{"embeddable":true,"href":"https:\/\/perfectvenue.es\/es\/wp-json\/wp\/v2\/media\/41937"}],"wp:attachment":[{"href":"https:\/\/perfectvenue.es\/es\/wp-json\/wp\/v2\/media?parent=41935"}],"curies":[{"name":"wp","href":"https:\/\/api.w.org\/{rel}","templated":true}]}}