{"id":41914,"date":"2024-04-23T17:48:07","date_gmt":"2024-04-23T14:48:07","guid":{"rendered":"https:\/\/perfectvenue.es\/?post_type=product&#038;p=41914"},"modified":"2026-02-16T22:04:30","modified_gmt":"2026-02-16T19:04:30","slug":"taller-de-yoga-y-mindfulness","status":"publish","type":"product","link":"https:\/\/perfectvenue.es\/es\/product\/taller-de-yoga-y-mindfulness\/","title":{"rendered":"Taller de yoga y mindfulness: apaga el ruido mental, maneja el estr\u00e9s, mejora la concentraci\u00f3n y reconecta contigo"},"content":{"rendered":"<p><\/p>\n<p style=\"text-align: justify;\"><span style=\"font-weight: 400;\">En este taller de yoga y mindfulness el bienestar y la relajaci\u00f3n se unen para una experiencia rejuvenecedora y equilibrada. En nuestro espacio tranquilo y acogedor, te invitamos a <\/span><b>sumergirte en el mundo del yoga y la atenci\u00f3n plena<\/b><span style=\"font-weight: 400;\">, donde podr\u00e1s desconectar del estr\u00e9s diario y reconectar contigo mismo.\u00a0<\/span><\/p>\n<p style=\"text-align: justify;\"><span style=\"font-weight: 400;\">Acompa\u00f1ados por una instructora experta, comenzaremos con suaves movimientos y posturas de yoga dise\u00f1adas para estirar los m\u00fasculos, mejorar la flexibilidad y aumentar la energ\u00eda vital.\u00a0<\/span><\/p>\n<p style=\"text-align: justify;\"><b>Tambi\u00e9n descubrir\u00e1s pr\u00e1cticas de mindfulness y meditaci\u00f3n<\/b><span style=\"font-weight: 400;\">, donde aprender\u00e1s a cultivar la atenci\u00f3n plena en el momento presente, liberando preocupaciones y conectando con tu paz interior. Dejar\u00e1s atr\u00e1s el ruido mental.<\/span><\/p>\n<p style=\"text-align: justify;\"><span style=\"font-weight: 400;\">Adem\u00e1s de relajar el cuerpo y calmar la mente,<\/span><b> este taller tambi\u00e9n ofrece herramientas pr\u00e1cticas<\/b><span style=\"font-weight: 400;\"> que puedes aplicar en tu vida diaria para manejar el estr\u00e9s, mejorar la concentraci\u00f3n y promover un mayor bienestar emocional.<\/span><\/p>\n<p style=\"text-align: justify;\"><span style=\"font-weight: 400;\">\u00danete a nosotros en este viaje de autodescubrimiento y transformaci\u00f3n. No se trata solo de ejercitar el cuerpo, sino de <\/span><b>nutrir el alma y cultivar una vida m\u00e1s plena y equilibrada.<\/b><span style=\"font-weight: 400;\">\u00a0 \u00bfEst\u00e1s listo para liberar tensiones, calmar la mente y fortalecer tu cuerpo?\u00a0<\/span><\/p>\n<p style=\"text-align: justify;\"><span style=\"font-weight: 400;\">Adem\u00e1s, este taller de yoga y mindfulness no solo es una oportunidad para aprender, \u00a1sino tambi\u00e9n para disfrutar junto a tus amigas! <\/span><b>Un planazo perfecto pasar un tiempo de calidad en una reuni\u00f3n con amigas, con tu hermana y\/o tu madre\u2026<\/b><\/p>\n<h2 style=\"text-align: justify;\"><b>\u00bfA qui\u00e9n va dirigido el taller de yoga y mindfulness?<\/b><\/h2>\n<p style=\"text-align: justify;\"><span style=\"font-weight: 400;\">El taller de yoga y mindfulness est\u00e1 dirigido a <\/span><b>cualquier persona que est\u00e9 interesada en mejorar su bienestar f\u00edsico, mental y emocional. <\/b><span style=\"font-weight: 400;\">Este taller es adecuado para personas de todas las edades y niveles de condici\u00f3n f\u00edsica, ya que las pr\u00e1cticas de yoga y mindfulness pueden adaptarse para satisfacer las necesidades individuales de cada participante.<\/span><\/p>\n<p style=\"text-align: justify;\"><span style=\"font-weight: 400;\">Pero eso no es todo, \u00a1este taller de yoga y mindfulness tambi\u00e9n va <\/span><b>dirigido a todas aquellas personas que busquen un plan diferente para reunirse con amigas<\/b><span style=\"font-weight: 400;\">! \u00bfQu\u00e9 tal organizarlo para una reuni\u00f3n de amigas o incluso una quedada con tu madre y\/o tu hermana? Una ocasi\u00f3n perfecta para pasar tiempo juntas y relajaros.<\/span><\/p>\n<h2 style=\"text-align: justify;\"><b>Grupos peque\u00f1os y atenci\u00f3n personalizada.<\/b><\/h2>\n<p style=\"text-align: justify;\"><span style=\"font-weight: 400;\">En nuestro taller de yoga y mindfulness optamos por la calidad sobre la cantidad. Nos encanta contar con <\/span><b>grupos peque\u00f1os para garantizar que cada participante reciba la m\u00e1xima atenci\u00f3n y pueda aprovechar al m\u00e1ximo la experiencia.<\/b><\/p>\n<p style=\"text-align: justify;\"><b>Con un n\u00famero limitado de plazas disponibles, te aseguramos una atenci\u00f3n personalizada y exclusiva. <\/b><span style=\"font-weight: 400;\">Nuestro equipo estar\u00e1 encantado de responder todas tus inquietudes y compartir todos los trucos y secretos que necesitas saber.<\/span><\/p>\n<h2 style=\"text-align: justify;\"><b>\u00bfQu\u00e9 est\u00e1 inclu\u00eddo en el taller de yoga y mindfulness?<\/b><\/h2>\n<ul style=\"text-align: justify;\">\n<li style=\"font-weight: 400;\"><span style=\"font-weight: 400;\">Una sesi\u00f3n de yoga que incluye una variedad de posturas (asanas), ejercicios de respiraci\u00f3n (pranayama) y t\u00e9cnicas de relajaci\u00f3n para estirar el cuerpo, mejorar la flexibilidad y promover la relajaci\u00f3n.<\/span><\/li>\n<li style=\"font-weight: 400;\"><span style=\"font-weight: 400;\">Se incluyen ejercicios de mindfulness y meditaci\u00f3n dise\u00f1ados para aumentar la conciencia plena del momento presente y calmar la mente con pr\u00e1cticas de atenci\u00f3n plena en la respiraci\u00f3n, exploraci\u00f3n sensorial o visualizaci\u00f3n guiada.<\/span><\/li>\n<li style=\"font-weight: 400;\"><span style=\"font-weight: 400;\">El taller se lleva a cabo en un entorno tranquilo y acogedor que facilita la relajaci\u00f3n y la concentraci\u00f3n. La m\u00fasica suave, la iluminaci\u00f3n tenue y la aromaterapia crean una atm\u00f3sfera serena y armoniosa.<\/span><\/li>\n<li style=\"font-weight: 400;\"><span style=\"font-weight: 400;\">Instructora de yoga profesional<\/span><\/li>\n<li style=\"font-weight: 400;\"><span style=\"font-weight: 400;\">Copa de cava\u00a0<\/span><\/li>\n<li style=\"font-weight: 400;\"><span style=\"font-weight: 400;\">Foto de recuerdo<\/span><\/li>\n<li style=\"font-weight: 400;\"><span style=\"font-weight: 400;\">Diploma<\/span><\/li>\n<\/ul>\n<h2 style=\"text-align: justify;\"><b>Duraci\u00f3n y ubicaci\u00f3n<\/b><\/h2>\n<p style=\"text-align: justify;\"><span style=\"font-weight: 400;\">El emocionante taller de yoga y mindfulness <\/span><b>tiene una duraci\u00f3n aproximada de 2 horas y media,<\/b><span style=\"font-weight: 400;\"> \u00a1el tiempo necesario para sumergirte en el maravilloso mundo de la meditaci\u00f3n y salir completamente relajada y con nuevos conocimientos!<\/span><\/p>\n<p style=\"text-align: justify;\"><span style=\"font-weight: 400;\">Y en cuanto a la ubicaci\u00f3n, \u00bfd\u00f3nde podr\u00eda ser este emocionante encuentro si no es en la vibrante ciudad de Madrid? Es el lugar perfecto para una tarde de relax y desconexi\u00f3n en la capital.<\/span><\/p>\n<p style=\"text-align: justify;\"><span style=\"font-weight: 400;\">Nos encontrar\u00e1s <\/span><b>en nuestras acogedoras oficinas en Las Rozas de Madrid, espec\u00edficamente en la calle de Teruel n\u00famero 3. <\/b><span style=\"font-weight: 400;\">Es un lugar de f\u00e1cil acceso, a 5 minutos de\u00a0 la parada de Renfe y a 2 minutos de\u00a0 las paradas de buses 622 y 621.<\/span><\/p>\n<h2 style=\"text-align: justify;\"><b>\u00a1Celebramos el fin del taller de yoga y mindfulness!<\/b><\/h2>\n<p style=\"text-align: justify;\"><span style=\"font-weight: 400;\">\u00a1Qu\u00e9 mejor manera de terminar nuestro emocionante taller de yoga y mindfulness que con una celebraci\u00f3n para recordar!<\/span><\/p>\n<p style=\"text-align: justify;\"><span style=\"font-weight: 400;\">Una vez que hemos concluido nuestra maravillosa sesi\u00f3n, es hora de brindar y compartir nuestras experiencias, por ello <\/span><b>abriremos y brindaremos con una botella de cava. <\/b><span style=\"font-weight: 400;\">\u00a1Es la forma perfecta de celebrar el \u00e9xito del curso y todos los aprendizajes compartidos!<\/span><\/p>\n<p style=\"text-align: justify;\"><span style=\"font-weight: 400;\">Durante este momento especial, nos encanta compartir ideas, comentarios y reflexiones sobre lo que hemos aprendido juntos.\u00a0<\/span><\/p>\n<p style=\"text-align: justify;\"><span style=\"font-weight: 400;\">Y no nos olvidamos del momento m\u00e1s emocionante: <\/span><b>la entrega de diplomas.<\/b><span style=\"font-weight: 400;\"> Es el reconocimiento por toda la dedicaci\u00f3n que has puesto en este taller.\u00a0<\/span><\/p>\n<h2 style=\"text-align: justify;\"><b>Lo que debes tener en cuenta para tu taller de yoga y mindfulness:<\/b><\/h2>\n<ul style=\"text-align: justify;\">\n<li style=\"list-style-type: none;\">\n<ul>\n<li style=\"font-weight: 400;\"><span style=\"font-weight: 400;\">Aseg\u00farate de vestir ropa c\u00f3moda y adecuada para la pr\u00e1ctica de yoga, que te permita moverte libremente y respirar f\u00e1cilmente. Opta por prendas el\u00e1sticas y transpirables que te permitan realizar una amplia gama de movimientos sin restricciones.<\/span><\/li>\n<li style=\"font-weight: 400;\"><span style=\"font-weight: 400;\">Si tienes alguna condici\u00f3n m\u00e9dica preexistente o lesi\u00f3n f\u00edsica no olvides mencionarlo al instructor para que tenga en cuenta tus ejercicios.<\/span><\/li>\n<li style=\"font-weight: 400;\"><span style=\"font-weight: 400;\">Mantente bien hidratado antes y despu\u00e9s del taller, especialmente si se realiza ejercicio f\u00edsico. Evita comer una comida pesada justo antes del taller para evitar malestares digestivos durante la pr\u00e1ctica. Opta por comidas ligeras y saludables que te proporcionen la energ\u00eda necesaria sin sentirte pesado.<\/span><\/li>\n<li style=\"font-weight: 400;\"><span style=\"font-weight: 400;\">Se recomienda estar 5 minutos antes del horario establecido.<\/span><\/li>\n<li style=\"font-weight: 400;\"><span style=\"font-weight: 400;\">Para formalizar la reserva del taller de yoga y mindfulness se ha de abonar una se\u00f1al previa. El restante se abona el mismo d\u00eda de la actividad.<\/span><\/li>\n<li style=\"font-weight: 400;\"><b>Si la ocasi\u00f3n es un cumplea\u00f1os o un reencuentro de amigas, el taller podr\u00eda combinarse con paseo en limusina, sesi\u00f3n de fotos, reserva en un restaurante, etc. \u00a1Consultanos!<\/b><\/li>\n<\/ul>\n<\/li>\n<\/ul>\n<h2 style=\"text-align: justify;\"><b>\u00a1Reserva ya tu plaza!<\/b><\/h2>\n<p style=\"text-align: justify;\"><span style=\"font-weight: 400;\">\u00a1Son limitadas! As\u00ed que, marca ya la fecha en tu calendario, prepara tus look deportivo y \u00fanete a nosotros en este taller para una experiencia inolvidable.<\/span><\/p>\n<p style=\"text-align: justify;\"><b>Y si quieres m\u00e1s informaci\u00f3n:\u00a0<\/b><\/p>\n<p style=\"text-align: justify;\"><span style=\"font-weight: 400;\">Llama o escribe:\u00a0\u00a0<\/span><\/p>\n<p style=\"text-align: justify;\"><span style=\"font-weight: 400;\">Tel. +34 722 29 15 43\u00a0<\/span><\/p>\n<p style=\"text-align: justify;\"><span style=\"font-weight: 400;\">Email: <\/span><a href=\"mailto:info@perfectvenue.es\"><span style=\"font-weight: 400;\">info@perfectvenue.es<\/span><\/a><\/p>\n<p style=\"text-align: justify;\"><span style=\"font-weight: 400;\">Si lo tuyo son los ambientes c\u00e1lidos y tranquilos, te aconsejamos este <\/span><a href=\"https:\/\/perfectvenue.es\/product\/taller-de-pintura-y-vino\/\"><span style=\"font-weight: 400;\">taller de <\/span><span style=\"font-weight: 400;\">pintura y vino<\/span><\/a><span style=\"font-weight: 400;\">, as\u00ed como este<\/span><span style=\"font-weight: 400;\"><a href=\"https:\/\/perfectvenue.es\/product\/taller-de-tufting-haz-tu-alfombra\/\"> taller de tufting<\/a> o este <a href=\"https:\/\/perfectvenue.es\/product\/taller-de-pintura-sobre-porcelana\/\">taller de pintura sobre porcelana.<\/a><\/span><\/p>\n<p><\/p>","protected":false},"excerpt":{"rendered":"<p><span style=\"font-weight: 400;\">En este taller de yoga y mindfulness el bienestar y la relajaci\u00f3n se unen para una experiencia rejuvenecedora y equilibrada. En nuestro espacio tranquilo y acogedor, te invitamos a sumergirte en el mundo del yoga y la atenci\u00f3n plena, donde podr\u00e1s desconectar del estr\u00e9s diario y reconectar contigo mismo.\u00a0\u00a0<\/span><\/p>\n","protected":false},"featured_media":41919,"comment_status":"closed","ping_status":"closed","template":"","meta":[],"class_list":["post-41914","product","type-product","status-publish","has-post-thumbnail","hentry","product_cat-courses-and-workshops-in-madrid","product_tag-taller-de-mindfulness","product_tag-taller-de-yoga","product_tag-yoga-y-mindfulness"],"_links":{"self":[{"href":"https:\/\/perfectvenue.es\/es\/wp-json\/wp\/v2\/product\/41914","targetHints":{"allow":["GET"]}}],"collection":[{"href":"https:\/\/perfectvenue.es\/es\/wp-json\/wp\/v2\/product"}],"about":[{"href":"https:\/\/perfectvenue.es\/es\/wp-json\/wp\/v2\/types\/product"}],"replies":[{"embeddable":true,"href":"https:\/\/perfectvenue.es\/es\/wp-json\/wp\/v2\/comments?post=41914"}],"wp:featuredmedia":[{"embeddable":true,"href":"https:\/\/perfectvenue.es\/es\/wp-json\/wp\/v2\/media\/41919"}],"wp:attachment":[{"href":"https:\/\/perfectvenue.es\/es\/wp-json\/wp\/v2\/media?parent=41914"}],"curies":[{"name":"wp","href":"https:\/\/api.w.org\/{rel}","templated":true}]}}