{"id":41908,"date":"2024-04-23T17:23:42","date_gmt":"2024-04-23T14:23:42","guid":{"rendered":"https:\/\/perfectvenue.es\/?post_type=product&#038;p=41908"},"modified":"2026-02-17T11:23:01","modified_gmt":"2026-02-17T08:23:01","slug":"taller-de-jardineria-para-ninos","status":"publish","type":"product","link":"https:\/\/perfectvenue.es\/es\/product\/taller-de-jardineria-para-ninos\/","title":{"rendered":"Taller de jardiner\u00eda para ni\u00f1os: diversi\u00f3n y aprendizaje explorando la naturaleza \u00a1manos a la tierra!"},"content":{"rendered":"<p><\/p>\n<p style=\"text-align: justify;\"><span style=\"font-weight: 400;\">Con este taller de jardiner\u00eda para ni\u00f1os, los m\u00e1s peque\u00f1os se transformar\u00e1n en aut\u00e9nticos jardineros guiados por un experto en la materia. <\/span><b>No solo cultivar\u00e1n plantas, \u00a1sino tambi\u00e9n aprender\u00e1n valores ambientales!<\/b><\/p>\n<p style=\"text-align: justify;\"><span style=\"font-weight: 400;\">Conectarse con la naturaleza es clave en este proceso educativo. Al explorar el entorno, los ni\u00f1os estimulan sus sentidos y aprenden de manera activa y divertida. Desde jugar con la tierra hasta entender c\u00f3mo el sol y el agua afectan a las plantas.<\/span><\/p>\n<p style=\"text-align: justify;\"><b>En el taller de jardiner\u00eda para ni\u00f1os har\u00e1n hoyos, plantar\u00e1n flores, descubrir\u00e1n el papel de cada capa del suelo y aprender\u00e1n a regar las plantas.<\/b><\/p>\n<p style=\"text-align: justify;\"><span style=\"font-weight: 400;\">\u00bfY qu\u00e9 mejor manera de disfrutar este taller que convirti\u00e9ndolo en una fiesta de cumplea\u00f1os \u00fanica y especial? \u00a1Tus amigos recordar\u00e1n este d\u00eda por siempre!<\/span><\/p>\n<p style=\"text-align: justify;\"><span style=\"font-weight: 400;\">No se trata solo de adquirir habilidades en jardiner\u00eda, sino de crear recuerdos inolvidables tambi\u00e9n en familia. Ya sea celebrando un cumplea\u00f1os, reuni\u00e9ndose con la familia o pasando un buen rato con amigos,<\/span><b> este taller es la excusa perfecta para disfrutar juntos.<\/b><\/p>\n<p style=\"text-align: justify;\"><span style=\"font-weight: 400;\">\u00a1As\u00ed que \u00fanete a nosotros y sum\u00e9rgete en esta experiencia inolvidable donde la diversi\u00f3n y el aprendizaje van de la mano!<\/span><\/p>\n<h2 style=\"text-align: justify;\"><b>\u00bfA qui\u00e9n va dirigido el taller de jardiner\u00eda para ni\u00f1os?<\/b><\/h2>\n<p style=\"text-align: justify;\"><span style=\"font-weight: 400;\">El taller de jardiner\u00eda para ni\u00f1os est\u00e1 dirigido principalmente a <\/span><b>ni\u00f1os y ni\u00f1as en edades tempranas, generalmente entre los 5 y los 12 a\u00f1os.<\/b><span style=\"font-weight: 400;\"> Sin embargo, dependiendo de la naturaleza y el contenido del taller, puede adaptarse para ni\u00f1os de diferentes edades.<\/span><\/p>\n<p style=\"text-align: justify;\"><span style=\"font-weight: 400;\">Es perfecto <\/span><b>para todos aquellos ni\u00f1os que les apasione la naturaleza, el medio ambiente, y quieran aprender sobre jardiner\u00eda y cuidados del medio.<\/b><\/p>\n<p style=\"text-align: justify;\"><span style=\"font-weight: 400;\">Pero eso no es todo, \u00a1este taller tambi\u00e9n est\u00e1 <\/span><b>dise\u00f1ado para todas aquellas familias que busquen un plan diferente para pasar tiempo juntos o que busquen celebrar un cumplea\u00f1os infantil!<\/b><span style=\"font-weight: 400;\"> Imagina la diversi\u00f3n mientras se llenan las manos de tierra y se comparten risas!\u00a0<\/span><\/p>\n<p style=\"text-align: justify;\"><span style=\"font-weight: 400;\">As\u00ed que no importa la edad, \u00a1todos est\u00e1n invitados a disfrutar de esta experiencia \u00fanica!<\/span><\/p>\n<h2 style=\"text-align: justify;\"><b>Grupos peque\u00f1os y atenci\u00f3n personalizada.<\/b><\/h2>\n<p style=\"text-align: justify;\"><span style=\"font-weight: 400;\">En nuestro taller de jardiner\u00eda para ni\u00f1os optamos por la calidad sobre la cantidad. Nos encanta contar con <\/span><b>grupos peque\u00f1os para garantizar que cada participante reciba la m\u00e1xima atenci\u00f3n y pueda aprovechar al m\u00e1ximo la experiencia.<\/b><\/p>\n<p style=\"text-align: justify;\"><b>Con un n\u00famero limitado de plazas disponibles, te aseguramos una atenci\u00f3n personalizada y exclusiva para cada ni\u00f1o. <\/b><span style=\"font-weight: 400;\">Nuestro equipo estar\u00e1 encantado de ayudarles, estar con ellos, guiarles, etc.<\/span><\/p>\n<h2 style=\"text-align: justify;\"><b>\u00bfQu\u00e9 est\u00e1 inclu\u00eddo en el taller de jardiner\u00eda para ni\u00f1os?<\/b><\/h2>\n<ul style=\"text-align: justify;\">\n<li style=\"font-weight: 400;\"><span style=\"font-weight: 400;\">Utensilios de jardiner\u00eda como pala peque\u00f1a, rastrillo, regadera, tijeras de podar (adaptadas para ni\u00f1os), guantes de jardiner\u00eda, entre otros.<\/span><\/li>\n<li style=\"font-weight: 400;\"><span style=\"font-weight: 400;\">Materiales para plantaci\u00f3n: Semillas, plantones, tierra para macetas, macetas peque\u00f1as, bandejas de cultivo, abono org\u00e1nico&#8230;<\/span><\/li>\n<li style=\"font-weight: 400;\"><span style=\"font-weight: 400;\">Actividades pr\u00e1cticas: Plantaci\u00f3n de semillas, trasplante de plantas, preparaci\u00f3n de macetas, identificaci\u00f3n de plantas y sus partes, cuidado b\u00e1sico de las plantas, etc<\/span><\/li>\n<li style=\"font-weight: 400;\"><span style=\"font-weight: 400;\">El resultado de su plantaci\u00f3n se lo llevar\u00e1n a casa para poder decorar con ella<\/span><\/li>\n<li style=\"font-weight: 400;\"><span style=\"font-weight: 400;\">Jardinero experto<\/span><\/li>\n<\/ul>\n<h2 style=\"text-align: justify;\"><b>Duraci\u00f3n y ubicaci\u00f3n<\/b><\/h2>\n<p style=\"text-align: justify;\"><span style=\"font-weight: 400;\">El emocionante taller de jardiner\u00eda infantil <\/span><b>tiene una duraci\u00f3n aproximada de 2 horas <\/b><span style=\"font-weight: 400;\">\u00a1el tiempo necesario para sumergir a los ni\u00f1os en el maravilloso mundo de la jardiner\u00eda y salir con su propia planta hecha <\/span><b>sin que lleguen a cansarse<\/b><span style=\"font-weight: 400;\">!<\/span><\/p>\n<p style=\"text-align: justify;\"><span style=\"font-weight: 400;\">Y en cuanto a la ubicaci\u00f3n, \u00bfd\u00f3nde podr\u00eda ser este emocionante encuentro si no es en la vibrante ciudad de Madrid? Es el lugar perfecto para una tarde de tierra, flores y diversi\u00f3n en la capital.<\/span><\/p>\n<p style=\"text-align: justify;\"><span style=\"font-weight: 400;\">Nos encontrar\u00e1s <\/span><b>en nuestras acogedoras oficinas en Las Rozas de Madrid, espec\u00edficamente en la calle de Teruel n\u00famero 3. <\/b><span style=\"font-weight: 400;\">Es un lugar de f\u00e1cil acceso, a 5 minutos de\u00a0 la parada de Renfe y a 2 minutos de\u00a0 las paradas de buses 622 y 621.<\/span><\/p>\n<h2 style=\"text-align: justify;\"><b>Lo que debes tener en cuenta para taller de jardiner\u00eda para ni\u00f1os:<\/b><\/h2>\n<ul style=\"text-align: justify;\">\n<li style=\"list-style-type: none;\">\n<ul>\n<li style=\"font-weight: 400;\"><span style=\"font-weight: 400;\">No olvides asegurarte de que tu hijo\/a est\u00e9 preparado para trabajar con tierra, usando ropa que no os importe ensuciar, porque aunque tendr\u00e1n un mandil, los ni\u00f1os ya sabemos que siempre se manchan.<\/span><\/li>\n<li style=\"font-weight: 400;\"><span style=\"font-weight: 400;\">Informa al personal del taller sobre cualquier alergia a las plantas o \u00e1rboles que tenga tu hijo para que puedan tomar las precauciones necesarias.<\/span><\/li>\n<li style=\"font-weight: 400;\"><span style=\"font-weight: 400;\">Se recomienda estar 5 minutos antes del horario establecido.<\/span><\/li>\n<li style=\"font-weight: 400;\"><span style=\"font-weight: 400;\">Para formalizar la reserva del taller de jardiner\u00eda para ni\u00f1os se ha de abonar una se\u00f1al previa. El restante se abona el mismo d\u00eda de la actividad.<\/span><\/li>\n<li style=\"font-weight: 400;\"><b>Si la ocasi\u00f3n es un cumplea\u00f1os o un reencuentro en familia podr\u00eda combinarse con una sesi\u00f3n de fotos, reserva en un restaurante para ni\u00f1os, etc. \u00a1Consultanos!<\/b><\/li>\n<\/ul>\n<\/li>\n<\/ul>\n<h2 style=\"text-align: justify;\"><b>\u00a1Reserva ya tu plaza!<\/b><\/h2>\n<p style=\"text-align: justify;\"><span style=\"font-weight: 400;\">\u00a1Son limitadas! As\u00ed que, marca ya la fecha en el calendario y \u00fanete a nosotros junto con tus peques para una experiencia inolvidable.<\/span><\/p>\n<p style=\"text-align: justify;\"><b>Y si quieres m\u00e1s informaci\u00f3n:\u00a0<\/b><\/p>\n<p style=\"text-align: justify;\"><span style=\"font-weight: 400;\">Llama o escribe:\u00a0\u00a0<\/span><\/p>\n<p style=\"text-align: justify;\"><span style=\"font-weight: 400;\">Tel. +34 722 29 15 43 <\/span><\/p>\n<p style=\"text-align: justify;\"><span style=\"font-weight: 400;\">Email: <\/span><a href=\"mailto:info@perfectvenue.es\"><span style=\"font-weight: 400;\">info@perfectvenue.es<\/span><\/a><\/p>\n<p>Y no te pierdas este <a href=\"https:\/\/perfectvenue.es\/product\/taller-de-cocina-para-ninos\/\">taller de cocina para ni\u00f1os<\/a> ni este <a href=\"https:\/\/perfectvenue.es\/product\/taller-de-arcilla-para-ninos\/\">t<\/a><a href=\"https:\/\/perfectvenue.es\/product\/taller-de-arcilla-para-ninos\/\">aller de arcilla para ni\u00f1os<\/a>, los dos son s\u00faper divertidos a la par de educativos.<\/p>","protected":false},"excerpt":{"rendered":"<p><span style=\"font-weight: 400;\">Si te encanta la idea de ver a los peques de la casa convertirse en mini jardineros, entonces este taller de jardiner\u00eda para ni\u00f1os es justo lo que necesitas. Aprender\u00e1n todos los secretos de la mano de un jardinero experto, y es perfecto para cumplea\u00f1os infantiles.<\/span><\/p>\n","protected":false},"featured_media":41910,"comment_status":"closed","ping_status":"closed","template":"","meta":[],"class_list":["post-41908","product","type-product","status-publish","has-post-thumbnail","hentry","product_cat-courses-and-workshops-in-madrid","product_tag-taller-de-jardineria","product_tag-taller-de-jardineria-para-ninos","product_tag-taller-de-ninos","product_tag-taller-para-ninos"],"_links":{"self":[{"href":"https:\/\/perfectvenue.es\/es\/wp-json\/wp\/v2\/product\/41908","targetHints":{"allow":["GET"]}}],"collection":[{"href":"https:\/\/perfectvenue.es\/es\/wp-json\/wp\/v2\/product"}],"about":[{"href":"https:\/\/perfectvenue.es\/es\/wp-json\/wp\/v2\/types\/product"}],"replies":[{"embeddable":true,"href":"https:\/\/perfectvenue.es\/es\/wp-json\/wp\/v2\/comments?post=41908"}],"wp:featuredmedia":[{"embeddable":true,"href":"https:\/\/perfectvenue.es\/es\/wp-json\/wp\/v2\/media\/41910"}],"wp:attachment":[{"href":"https:\/\/perfectvenue.es\/es\/wp-json\/wp\/v2\/media?parent=41908"}],"curies":[{"name":"wp","href":"https:\/\/api.w.org\/{rel}","templated":true}]}}