{"id":41884,"date":"2024-04-23T12:45:35","date_gmt":"2024-04-23T09:45:35","guid":{"rendered":"https:\/\/perfectvenue.es\/?post_type=product&#038;p=41884"},"modified":"2026-03-27T11:04:24","modified_gmt":"2026-03-27T08:04:24","slug":"paquete-de-boda-elopement-en-mallorca-en-cap-de-formentor","status":"publish","type":"product","link":"https:\/\/perfectvenue.es\/es\/product\/paquete-de-boda-elopement-en-mallorca-en-cap-de-formentor\/","title":{"rendered":"Paquete de boda elopement en Mallorca en Cap de Formentor"},"content":{"rendered":"<p><\/p>\n<p style=\"text-align: justify;\"><span style=\"font-weight: 400;\">\u00a1Prep\u00e1rate para un evento nupcial sin igual! \u00bfTe imaginas pronunciar tus votos bajo el c\u00e1lido abrazo del atardecer, con el resplandeciente Mediterr\u00e1neo como testigo? Entonces este paquete de boda elopement en Mallorca en Cap de Formentor es para t\u00ed.<\/span><\/p>\n<p style=\"text-align: justify;\"><span style=\"font-weight: 400;\">Con este exclusivo paquete de boda \u00edntima, en el majestuoso cabo de Formentor, podr\u00e1s vivir una ceremonia \u00fanica, donde cada momento se convertir\u00e1 en un recuerdo inolvidable.<\/span><\/p>\n<p style=\"text-align: justify;\"><span style=\"font-weight: 400;\">Si a\u00fan te preguntas qu\u00e9 es el Cap de Formentor y qu\u00e9 incluye este paquete y por qu\u00e9 es tan exclusivo hacerte con \u00e9l, est\u00e1s a punto de descubrirlo todo.<\/span><\/p>\n<p style=\"text-align: justify;\"><span style=\"font-weight: 400;\">Este lugar singular es el escenario perfecto para sellar vuestro amor eterno. \u00a1Sigue leyendo para conocer todos los detalles!<\/span><\/p>\n<h2 style=\"text-align: justify;\"><b>Por qu\u00e9 elegir este paquete de boda elopement en Mallorca en Cap de Formentor<\/b><\/h2>\n<p style=\"text-align: justify;\"><span style=\"font-weight: 400;\">\u00bfQui\u00e9n puede resistirse al encanto del Cap de Formentor? Este rinc\u00f3n m\u00e1gico se encuentra en el extremo norte de Mallorca, coronado por un faro que vigila el horizonte. Desde sus acantilados, adornados por miles de aves marinas, hasta su acceso en barco, este lugar es para vivir una experiencia \u00fanica.<\/span><\/p>\n<p style=\"text-align: justify;\"><span style=\"font-weight: 400;\">Imagina intercambiar votos con el Mediterr\u00e1neo como testigo, en el punto m\u00e1s al norte de la isla. \u00a1Es puro romanticismo!<\/span><\/p>\n<p style=\"text-align: justify;\"><span style=\"font-weight: 400;\">Y no es de extra\u00f1ar que Mallorca sea un destino codiciado para bodas en Espa\u00f1a. Cada a\u00f1o, parejas de todo el mundo eligen este para\u00edso para sellar su amor en un entorno verdaderamente espectacular. \u00bfLa raz\u00f3n? \u00a1Es incomparable!<\/span><\/p>\n<p style=\"text-align: justify;\"><span style=\"font-weight: 400;\">Y lo mejor de todo, \u00a1nuestro paquete lo tiene todo! Desde los detalles esenciales hasta los lujos adicionales que desees agregar, estamos aqu\u00ed para hacer de tu d\u00eda especial algo a\u00fan m\u00e1s inolvidable. As\u00ed que despreoc\u00fapate y c\u00e9ntrate en disfrutar cada momento junto a tu pareja.<\/span><\/p>\n<p style=\"text-align: justify;\"><span style=\"font-weight: 400;\">\u00a1Todo est\u00e1 listo para que tu sue\u00f1o se haga realidad!<\/span><\/p>\n<h2 style=\"text-align: justify;\"><b>Lo inclu\u00eddo en el paquete de boda elopement en Mallorca en Cap de Formentor<\/b><\/h2>\n<p style=\"text-align: justify;\"><span style=\"font-weight: 400;\">\u00a1Vamos a sumergirnos en todo lo que este paquete de boda elopement tiene para ofrecer!<\/span><\/p>\n<p style=\"text-align: justify;\"><span style=\"font-weight: 400;\">Primero, te proporcionamos el <\/span><b>transporte hacia el lugar,<\/b><span style=\"font-weight: 400;\"> la llegada al sitio te dejar\u00e1 sin palabras. Desde el momento en que pongas un pie en este lugar, sentir\u00e1s la magia flotando en el aire.<\/span><\/p>\n<p style=\"text-align: justify;\"><span style=\"font-weight: 400;\">Y, por supuesto, \u00bfqu\u00e9 ser\u00eda una boda sin fotos para capturar cada instante especial? Con nuestro paquete, tendr\u00e1s a <\/span><b>un talentoso fot\u00f3grafo a tu disposici\u00f3n<\/b><span style=\"font-weight: 400;\"> para inmortalizar todos esos momentos llenos de emoci\u00f3n y amor.<\/span><\/p>\n<p style=\"text-align: justify;\"><span style=\"font-weight: 400;\">Pero espera, hay m\u00e1s. \u00a1<\/span><b>La decoraci\u00f3n de la ceremonia est\u00e1 incluida<\/b><span style=\"font-weight: 400;\"> para agregar un toque extra de romanticismo y magia a tu d\u00eda especial! Desde flores frescas hasta detalles encantadores, cada elemento se cuida con esmero para crear el ambiente perfecto.<\/span><\/p>\n<p style=\"text-align: justify;\"><span style=\"font-weight: 400;\">Y no podemos olvidar el detalle m\u00e1s importante: <\/span><b>\u00a1el ramo de novia<\/b><span style=\"font-weight: 400;\">! Porque toda novia merece llevar consigo un hermoso ramo que complemente su belleza en este d\u00eda tan especial.<\/span><\/p>\n<p style=\"text-align: justify;\"><span style=\"font-weight: 400;\">As\u00ed que s\u00ed, tienes todo lo que necesitas para una boda elopement en Mallorca en Cap de Formentor. \u00bfQu\u00e9 m\u00e1s se puede pedir? Es hora de dejar que este lugar m\u00e1gico sea el escenario de tu gran d\u00eda.<\/span><\/p>\n<h2 style=\"text-align: justify;\"><b>A\u00f1ade todos los extras que quieras<\/b><\/h2>\n<p style=\"text-align: justify;\"><span style=\"font-weight: 400;\">En nuestra b\u00fasqueda de la perfecci\u00f3n, te ofrecemos la libertad de a\u00f1adir todos los extras que desees <\/span><b>para personalizar tu experiencia al m\u00e1ximo<\/b><span style=\"font-weight: 400;\">. \u00bfQu\u00e9 tal m\u00fasica en vivo para darle un toque a\u00fan m\u00e1s m\u00e1gico a tu ceremonia? O \u00bfuna cena rom\u00e1ntica bajo las estrellas para celebrar vuestro amor despu\u00e9s de decir &#8220;S\u00ed, quiero&#8221;? \u00a1Las posibilidades son infinitas en tu paquete de boda elopement en Mallorca en Cap de Formentor!<\/span><\/p>\n<p style=\"text-align: justify;\"><span style=\"font-weight: 400;\">Y si prefieres compartir este momento \u00fanico con tus seres queridos, \u00a1tambi\u00e9n tenemos la opci\u00f3n perfecta para ti! Puedes invitar a alg\u00fan familiar o amigo para que sean testigos de este momento tan especial en el marco incomparable del mar mediterr\u00e1neo\u00a0<\/span><\/p>\n<h2 style=\"text-align: justify;\"><b>Servicio de organizaci\u00f3n y coordinaci\u00f3n<\/b><\/h2>\n<p style=\"text-align: justify;\"><span style=\"font-weight: 400;\">Conocemos la importancia de una organizaci\u00f3n impecable, especialmente considerando la log\u00edstica para acceder al lugar, decorarlo todo, etc. Por eso, te recomendamos encarecidamente <\/span><b>contar con un organizador y coordinador de bodas de confianza para que todo salga perfecto.<\/b><\/p>\n<p style=\"text-align: justify;\"><span style=\"font-weight: 400;\">En Perfect Venue\u00a0estamos aqu\u00ed para ti en cada paso del camino. Desde la planificaci\u00f3n inicial hasta el \u00faltimo detalle el d\u00eda de la boda, <\/span><b>nuestro equipo estar\u00e1 pendiente de todo para garantizar que cada momento sea perfecto.<\/b><span style=\"font-weight: 400;\"> As\u00ed que rel\u00e1jate y d\u00e9janos encargarnos de todo el trabajo duro, \u00a1s\u00f3lo conc\u00e9ntrate en vivir este d\u00eda m\u00e1gico al m\u00e1ximo!<\/span><\/p>\n<p style=\"text-align: justify;\"><span style=\"font-weight: 400;\">Con nosotros a tu lado, puedes estar seguro de que tu <a href=\"https:\/\/perfectvenue.es\/2019\/01\/08\/the-cost-of-a-wedding-in-mallorca\/\">boda en Mallorca<\/a> ser\u00e1 una experiencia inolvidable y sin preocupaciones. Estamos aqu\u00ed para hacer realidad tus sue\u00f1os, \u00a1as\u00ed que d\u00e9janos cuidar de cada detalle mientras t\u00fa te sumerges en la felicidad de este d\u00eda tan especial!<\/span><\/p>\n<h2 style=\"text-align: justify;\"><b>El mejor momento para celebrar tu boda elopement en Mallorca en Cap de Formentor<\/b><\/h2>\n<p style=\"text-align: justify;\"><span style=\"font-weight: 400;\">Si est\u00e1s buscando el clima m\u00e1s agradable y encantador para tu d\u00eda especial en este m\u00e1gico cabo, te recomendamos que consideres <\/span><b>celebrar tu boda en los meses de primavera y de oto\u00f1o, ya que en verano se llena de turistas y de curiosos,\u00a0<\/b><\/p>\n<p style=\"text-align: justify;\"><b>En abril, mayo y junio, as\u00ed como en septiembre y en octubre<\/b><span style=\"font-weight: 400;\">, <\/span><b>el clima es simplemente perfecto<\/b><span style=\"font-weight: 400;\">: no demasiado fr\u00edo, no demasiado caluroso, \u00a1sino justo como lo necesitas para una experiencia verdaderamente inolvidable!<\/span><\/p>\n<p style=\"text-align: justify;\"><span style=\"font-weight: 400;\">As\u00ed que marca esas fechas en tu calendario y prep\u00e1rate para vivir un d\u00eda lleno de amor y romance en este lugar incre\u00edblemente hermoso.<\/span><\/p>\n<h2 style=\"text-align: justify;\"><b>Los precios pueden variar<\/b><\/h2>\n<p style=\"text-align: justify;\"><span style=\"font-weight: 400;\">S\u00ed, los precios pueden variar seg\u00fan diferentes factores, como la temporada del a\u00f1o, el d\u00eda de la semana y el n\u00famero de personas involucradas en la boda.\u00a0<\/span><\/p>\n<p style=\"text-align: justify;\"><b>Temporada del a\u00f1o:<\/b><span style=\"font-weight: 400;\"> Las tarifas pueden variar dependiendo de si optas por una boda en primavera, verano u oto\u00f1o. Por ejemplo, las bodas en temporada alta, como en primavera y en oto\u00f1o, pueden tener precios m\u00e1s altos debido a la alta demanda y al clima m\u00e1s favorable, mientras que en invierno ser\u00e1 algo m\u00e1s econ\u00f3mico.<\/span><\/p>\n<p style=\"text-align: justify;\"><b>D\u00eda de la semana:<\/b><span style=\"font-weight: 400;\"> Las bodas celebradas durante la semana suelen ser m\u00e1s econ\u00f3micas que las celebradas durante los fines de semana, ya que los proveedores pueden ofrecer tarifas especiales para eventos entre semana.<\/span><\/p>\n<p style=\"text-align: justify;\"><b>N\u00famero de personas:<\/b><span style=\"font-weight: 400;\"> Si decides tener una boda \u00edntima solo para ti y tu pareja, los costos pueden ser m\u00e1s bajos en comparaci\u00f3n con una boda que tambi\u00e9n incluya a familiares y amigos cercanos.\u00a0<\/span><\/p>\n<p style=\"text-align: justify;\"><span style=\"font-weight: 400;\">Es importante tener en cuenta estos factores al planificar tu boda elopement en mallorca en cap de formentor para asegurarte de ajustar el presupuesto seg\u00fan tus preferencias y necesidades espec\u00edficas. Recuerda que los precios son orientativos y pueden variar seg\u00fan tus elecciones individuales.\u00a0<\/span><\/p>\n<h2 style=\"text-align: justify;\"><b>Est\u00e1s a un clic de cumplir tu sue\u00f1o<\/b><\/h2>\n<p style=\"text-align: justify;\"><span style=\"font-weight: 400;\">En Perfect Venue tenemos tu Perfect Plan, as\u00ed que, si quieres vivir esta experiencia lo que necesitas es tu paquete de boda elopement en Mallorca en Cap de Formentor, en <\/span><span style=\"font-weight: 400;\"><b>Perfect Venue <\/b><\/span><span style=\"font-weight: 400;\">organizamos todo esto por ti.<\/span><\/p>\n<p style=\"text-align: justify;\"><span style=\"font-weight: 400;\">T\u00fa solo tienes que reservar con un solo clic, despu\u00e9s encargarte de disfrutar de tu paquete de boda elopement en Mallorca en Cap de Formentor.<\/span><\/p>\n<p style=\"text-align: justify;\"><span style=\"font-weight: 400;\">\u00a1Cont\u00e1ctanos para recibir m\u00e1s detalles!<\/span><\/p>\n<p><\/p>","protected":false},"excerpt":{"rendered":"<p><span style=\"font-weight: 400;\">Si quieres fugarte con tu pareja para decir &#8220;s\u00ed quiero&#8221;, este paquete de boda elopement en Mallorca en Cap de Formentor es para ti.<\/span><\/p>\n","protected":false},"featured_media":41889,"comment_status":"closed","ping_status":"closed","template":"","meta":[],"class_list":["post-41884","product","type-product","status-publish","has-post-thumbnail","hentry","product_cat-elopement-planner","product_tag-boda-cap-de-formentor","product_tag-boda-elopement","product_tag-boda-fuga","product_tag-boda-intima","product_tag-boda-mallorca","product_tag-boda-mediterraneo","product_tag-elopement-mallorca","product_tag-7142"],"_links":{"self":[{"href":"https:\/\/perfectvenue.es\/es\/wp-json\/wp\/v2\/product\/41884","targetHints":{"allow":["GET"]}}],"collection":[{"href":"https:\/\/perfectvenue.es\/es\/wp-json\/wp\/v2\/product"}],"about":[{"href":"https:\/\/perfectvenue.es\/es\/wp-json\/wp\/v2\/types\/product"}],"replies":[{"embeddable":true,"href":"https:\/\/perfectvenue.es\/es\/wp-json\/wp\/v2\/comments?post=41884"}],"wp:featuredmedia":[{"embeddable":true,"href":"https:\/\/perfectvenue.es\/es\/wp-json\/wp\/v2\/media\/41889"}],"wp:attachment":[{"href":"https:\/\/perfectvenue.es\/es\/wp-json\/wp\/v2\/media?parent=41884"}],"curies":[{"name":"wp","href":"https:\/\/api.w.org\/{rel}","templated":true}]}}