{"id":41860,"date":"2024-04-22T17:03:37","date_gmt":"2024-04-22T14:03:37","guid":{"rendered":"http:\/\/perfectvenue.es\/?post_type=product&#038;p=41860"},"modified":"2026-04-06T17:29:26","modified_gmt":"2026-04-06T14:29:26","slug":"taller-de-cocina-para-ninos","status":"publish","type":"product","link":"https:\/\/perfectvenue.es\/es\/product\/taller-de-cocina-para-ninos\/","title":{"rendered":"Taller de cocina para ni\u00f1os: recetas llenas de diversi\u00f3n y aprendizaje para los m\u00e1s peque\u00f1os de la casa"},"content":{"rendered":"<p><\/p>\n<p style=\"text-align: justify;\"><span style=\"font-weight: 400;\">\u00a1Si te encanta la idea de ver a tus peque\u00f1os convertirse en mini chefs, entonces este taller de cocina para ni\u00f1os es justo lo que necesitas! Aqu\u00ed, <\/span><b>tus peque\u00f1os aprender\u00e1n todos los secretos culinarios de la mano de una chef experta.\u00a0<\/b><\/p>\n<p style=\"text-align: justify;\"><span style=\"font-weight: 400;\">\u00a1Y no es solo eso! Este taller no solo trata de aprender nuevas habilidades en la cocina, \u00a1sino tambi\u00e9n de <\/span><b>crear momentos inolvidables en familia!<\/b><span style=\"font-weight: 400;\"> Ya sea la excusa un cumplea\u00f1os, una reuni\u00f3n en familia, o un reencuentro de amigos.<\/span><\/p>\n<p style=\"text-align: justify;\"><span style=\"font-weight: 400;\">\u00bfQu\u00e9 mejor manera de pasar tiempo juntos que preparando deliciosos platillos? Desde las recetas m\u00e1s simples hasta las m\u00e1s elaboradas, este taller es perfecto para aprender y disfrutar a la vez. <\/span><b>\u00a1Incluso puedes convertirlo en una fiesta de cumplea\u00f1os \u00fanica y especial!<\/b><\/p>\n<p style=\"text-align: justify;\"><span style=\"font-weight: 400;\">As\u00ed que aqu\u00ed te contamos todo acerca del taller de cocina para ni\u00f1os, \u00a1\u00fanete a nosotros y deja que la diversi\u00f3n y el aprendizaje se fusionen en una experiencia inolvidable!\u00a0<\/span><\/p>\n<p style=\"text-align: justify;\"><span style=\"font-weight: 400;\">Cualquier motivo es bueno para fomentar la creatividad y el amor por la cocina en los m\u00e1s peque\u00f1os.<\/span><\/p>\n<h2 style=\"text-align: justify;\"><b>\u00bfA qui\u00e9n va dirigido el taller de cocina para ni\u00f1os?<\/b><\/h2>\n<p style=\"text-align: justify;\"><span style=\"font-weight: 400;\">Este emocionante taller de cocina para ni\u00f1os est\u00e1 <\/span><b>dirigido a los m\u00e1s curiosos y a todos aquellos ni\u00f1os que desean explorar el mundo de la cocina y descubrir sus habilidades culinarias.\u00a0<\/b><\/p>\n<p style=\"text-align: justify;\"><span style=\"font-weight: 400;\">Los mejores rangos de edad van desde ni\u00f1os peque\u00f1os hasta preadolescentes, \u00a1todos son bienvenidos a unirse a la diversi\u00f3n! Y es que <\/span><b>los grupos, as\u00ed como las recetas de cocina y la dificultad de ellas siempre se adaptan a los diferentes rangos de edad.<\/b><span style=\"font-weight: 400;\"> Desde los 3 a\u00f1os hasta los 12.\u00a0<\/span><\/p>\n<p style=\"text-align: justify;\"><span style=\"font-weight: 400;\">Pero eso no es todo, \u00a1este taller tambi\u00e9n est\u00e1 <\/span><b>dise\u00f1ado para todas aquellas familias que busquen un plan diferente para pasar tiempo juntos o que busquen celebrar un cumplea\u00f1os infantil!<\/b><span style=\"font-weight: 400;\"> Imagina la diversi\u00f3n mientras se llenan las manos de harina y se comparten risas en la cocina!\u00a0<\/span><\/p>\n<p style=\"text-align: justify;\"><span style=\"font-weight: 400;\">As\u00ed que no importa la edad, \u00a1todos est\u00e1n invitados a disfrutar de esta experiencia culinaria \u00fanica!<\/span><\/p>\n<h2 style=\"text-align: justify;\"><b>Grupos peque\u00f1os y atenci\u00f3n personalizada<\/b><\/h2>\n<p style=\"text-align: justify;\"><span style=\"font-weight: 400;\">En nuestro taller de cocina para ni\u00f1os optamos por la calidad sobre la cantidad. Nos encanta contar con <\/span><b>grupos peque\u00f1os para garantizar que cada participante reciba la m\u00e1xima atenci\u00f3n y pueda aprovechar al m\u00e1ximo la experiencia. Se requiere un m\u00ednimo de 10 personas.<\/b><\/p>\n<p style=\"text-align: justify;\"><b>Con un n\u00famero limitado de plazas disponibles, te aseguramos una atenci\u00f3n personalizada y exclusiva para cada ni\u00f1o. <\/b><span style=\"font-weight: 400;\">Nuestro equipo estar\u00e1 encantado de ayudarles, estar con ellos, guiarles, etc.<\/span><\/p>\n<h2 style=\"text-align: justify;\"><b>\u00bfQu\u00e9 est\u00e1 inclu\u00eddo en el taller de cocina para ni\u00f1os?<\/b><\/h2>\n<ul style=\"text-align: justify;\">\n<li style=\"font-weight: 400;\"><span style=\"font-weight: 400;\">Todo el material necesario para la elaboraci\u00f3n del plato, desde los ingredientes hasta los utensilios.<\/span><\/li>\n<li style=\"font-weight: 400;\"><span style=\"font-weight: 400;\">El resultado de su plato se lo llevar\u00e1n a casa para poder comerlo o cenarlo.<\/span><\/li>\n<li style=\"font-weight: 400;\"><span style=\"font-weight: 400;\">Chef experta<\/span><\/li>\n<li style=\"font-weight: 400;\"><span style=\"font-weight: 400;\">Un mandil, gorro de chef y pa\u00f1o de cocina para cada participante<\/span><\/li>\n<\/ul>\n<h2 style=\"text-align: justify;\"><b>Duraci\u00f3n y ubicaci\u00f3n<\/b><\/h2>\n<p style=\"text-align: justify;\"><span style=\"font-weight: 400;\">El emocionante taller de cocina infantil <\/span><b>tiene una duraci\u00f3n aproximada de 2 horas <\/b><span style=\"font-weight: 400;\">\u00a1el tiempo necesario para sumergir a los ni\u00f1os en el maravilloso mundo de la cocina y salir con su propio plato hecho <\/span><b>sin que lleguen a cansarse<\/b><span style=\"font-weight: 400;\">!<\/span><\/p>\n<p style=\"text-align: justify;\"><span style=\"font-weight: 400;\">Y en cuanto a la ubicaci\u00f3n, \u00bfd\u00f3nde podr\u00eda ser este emocionante encuentro si no es en la vibrante ciudad de Madrid? Es el lugar perfecto para una tarde de cocina y diversi\u00f3n en la capital.<\/span><\/p>\n<p style=\"text-align: justify;\"><span style=\"font-weight: 400;\">Nos encontrar\u00e1s <\/span><b>en nuestras acogedoras oficinas en Las Rozas de Madrid, espec\u00edficamente en la calle de Teruel n\u00famero 3. <\/b><span style=\"font-weight: 400;\">Es un lugar de f\u00e1cil acceso, a 5 minutos de\u00a0 la parada de Renfe y a 2 minutos de\u00a0 las paradas de buses 622 y 621.<\/span><\/p>\n<h2 style=\"text-align: justify;\"><b>Lo que debes tener en cuenta para taller de cocina para ni\u00f1os:<\/b><\/h2>\n<ul style=\"text-align: justify;\">\n<li style=\"list-style-type: none;\">\n<ul>\n<li style=\"font-weight: 400;\"><span style=\"font-weight: 400;\">No olvides dar informaci\u00f3n sobre las posibles alergias de tu hijo\/a antes de comenzar el taller.<\/span><\/li>\n<li style=\"font-weight: 400;\"><span style=\"font-weight: 400;\">Se recomienda estar 5 minutos antes del horario establecido.<\/span><\/li>\n<li style=\"font-weight: 400;\"><span style=\"font-weight: 400;\">Para formalizar la reserva del taller de cocina para ni\u00f1os se ha de abonar una se\u00f1al previa. El restante se abona el mismo d\u00eda de la actividad.<\/span><\/li>\n<li style=\"font-weight: 400;\"><b>Si la ocasi\u00f3n es un cumplea\u00f1os o un reencuentro en familia podr\u00eda combinarse con una sesi\u00f3n de fotos, reserva en un restaurante para ni\u00f1os, etc. \u00a1Consultanos!<\/b><\/li>\n<\/ul>\n<\/li>\n<\/ul>\n<h2 style=\"text-align: justify;\"><b>\u00a1Reserva ya tu plaza!<\/b><\/h2>\n<p style=\"text-align: justify;\"><span style=\"font-weight: 400;\">\u00a1Son limitadas! As\u00ed que, marca ya la fecha en el calendario y \u00fanete a nosotros junto con tus peques para una experiencia inolvidable.<\/span><\/p>\n<p style=\"text-align: justify;\"><b>Y si quieres m\u00e1s informaci\u00f3n:\u00a0<\/b><\/p>\n<p style=\"text-align: justify;\"><span style=\"font-weight: 400;\">Llama o escribe:\u00a0\u00a0<\/span><\/p>\n<p style=\"text-align: justify;\"><span style=\"font-weight: 400;\">Tel. +34 722 29 15 43 <\/span><\/p>\n<p style=\"text-align: justify;\"><span style=\"font-weight: 400;\">Email: <\/span><a href=\"mailto:info@perfectvenue.es\"><span style=\"font-weight: 400;\">info@perfectvenue.es<\/span><\/a><\/p>\n<p><\/p>","protected":false},"excerpt":{"rendered":"<p><span style=\"font-weight: 400;\">Si te encanta la idea de ver a los peques de la casa convertirse en mini chefs, entonces este taller de cocina para ni\u00f1os es justo lo que necesitas. Aprender\u00e1n todos los secretos culinarios de la mano de una chef experta, y es perfecto para cumplea\u00f1os infantiles.<\/span><\/p>\n","protected":false},"featured_media":41861,"comment_status":"closed","ping_status":"closed","template":"","meta":[],"class_list":["post-41860","product","type-product","status-publish","has-post-thumbnail","hentry","product_cat-workshops","product_tag-taller-de-cocina","product_tag-taller-de-cocina-infantil","product_tag-taller-de-cocina-para-ninos","product_tag-taller-infantil","product_tag-taller-para-ninos"],"_links":{"self":[{"href":"https:\/\/perfectvenue.es\/es\/wp-json\/wp\/v2\/product\/41860","targetHints":{"allow":["GET"]}}],"collection":[{"href":"https:\/\/perfectvenue.es\/es\/wp-json\/wp\/v2\/product"}],"about":[{"href":"https:\/\/perfectvenue.es\/es\/wp-json\/wp\/v2\/types\/product"}],"replies":[{"embeddable":true,"href":"https:\/\/perfectvenue.es\/es\/wp-json\/wp\/v2\/comments?post=41860"}],"wp:featuredmedia":[{"embeddable":true,"href":"https:\/\/perfectvenue.es\/es\/wp-json\/wp\/v2\/media\/41861"}],"wp:attachment":[{"href":"https:\/\/perfectvenue.es\/es\/wp-json\/wp\/v2\/media?parent=41860"}],"curies":[{"name":"wp","href":"https:\/\/api.w.org\/{rel}","templated":true}]}}