{"id":41854,"date":"2024-04-22T16:23:39","date_gmt":"2024-04-22T13:23:39","guid":{"rendered":"https:\/\/perfectvenue.es\/?post_type=product&#038;p=41854"},"modified":"2025-12-03T20:00:12","modified_gmt":"2025-12-03T17:00:12","slug":"master-class-para-ser-influencer","status":"publish","type":"product","link":"https:\/\/perfectvenue.es\/es\/product\/master-class-para-ser-influencer\/","title":{"rendered":"Master class para ser influencer: aprende de la mano de una influencer todos los tips para convertirte en una de ellas"},"content":{"rendered":"<p><\/p>\n<p style=\"text-align: justify;\"><span style=\"font-weight: 400;\">\u00a1Atenci\u00f3n, amantes de las redes sociales y la fama! \u00bfAlguna vez has so\u00f1ado con convertirte en una influencer y vivir la vida de tus sue\u00f1os? \u00a1Entonces esta master class para ser influencer es para ti!<\/span><\/p>\n<p style=\"text-align: justify;\"><span style=\"font-weight: 400;\">En ella, contar\u00e1s con una influyente experta directamente desde el mundo de las redes sociales para compartir sus mejores consejos y trucos contigo. Porque <\/span><b>ser influencer ya no es solo una moda, \u00a1es un negocio en auge del que puedes vivir!<\/b><\/p>\n<p style=\"text-align: justify;\"><span style=\"font-weight: 400;\">Si sigues a un mont\u00f3n de influencers en redes sociales y te encantar\u00eda ser una de ellas, vivir de la moda, los viajes y m\u00e1s, \u00a1necesitas estar en esta master class para ser influencer!\u00a0<\/span><\/p>\n<p style=\"text-align: justify;\"><span style=\"font-weight: 400;\">De la mano de nuestra influyente invitada,<\/span><b> aprender\u00e1s c\u00f3mo sacar el m\u00e1ximo partido a tus redes sociales, descubrir\u00e1s todas las tendencias actuales, qu\u00e9 tipo de contenido subir para arrasar, c\u00f3mo monetizar tus publicaciones, c\u00f3mo ganar seguidores, c\u00f3mo editar fotos para hacerlas m\u00e1s atractivas y hasta cu\u00e1l es el mejor momento para subir tus fotos a las redes, \u00a1entre muchas otras cosas!<\/b><\/p>\n<p style=\"text-align: justify;\"><span style=\"font-weight: 400;\">Pero espera, \u00a1hay m\u00e1s! Esta master class no solo te brinda la oportunidad de comenzar un nuevo negocio, \u00a1sino tambi\u00e9n de disfrutar junto a tus amigas! \u00a1Es el plan perfecto para una reuni\u00f3n con tus mejores amigas, una despedida de soltera o un cumplea\u00f1os inolvidable!<\/span><\/p>\n<p style=\"text-align: justify;\"><span style=\"font-weight: 400;\">\u00a1Prep\u00e1rate para brillar en el mundo de las redes sociales!<\/span><\/p>\n<h2 style=\"text-align: justify;\"><b>\u00bfA qui\u00e9n va dirigida la master class para ser influencer?<\/b><\/h2>\n<p style=\"text-align: justify;\"><span style=\"font-weight: 400;\">La master class para ser influencer est\u00e1 <\/span><b>dirigida a cualquier persona interesada en aprender c\u00f3mo construir y desarrollar una marca personal s\u00f3lida en las redes sociales, y c\u00f3mo convertirse en una figura influyente en su \u00e1rea de inter\u00e9s.\u00a0<\/b><\/p>\n<p style=\"text-align: justify;\"><span style=\"font-weight: 400;\">Esto puede incluir <\/span><b>aspirantes a bloggers, vloggers, expertos en redes sociales, emprendedores, artistas, profesionales creativos\u2026<\/b><span style=\"font-weight: 400;\"> y cualquier individuo que desee utilizar su plataforma en l\u00ednea para inspirar, educar o entretener a otros.<\/span><\/p>\n<p style=\"text-align: justify;\"><span style=\"font-weight: 400;\">Si deseas vivir de las redes sociales y triunfar en este nuevo modelo de negocio, esta master class para ser influencer es para t\u00ed.<\/span><\/p>\n<p style=\"text-align: justify;\"><span style=\"font-weight: 400;\">Pero eso no es todo, \u00a1este taller de estilismo y moda tambi\u00e9n<\/span><b> va dirigido a todas aquellas personas que busquen un plan diferente para reunirse con amigas<\/b><span style=\"font-weight: 400;\">! \u00bfQu\u00e9 tal organizarlo para un cumplea\u00f1os, una reuni\u00f3n de amigas o incluso una despedida de soltera? \u00a1Imagina la diversi\u00f3n mientras aprend\u00e9is sobre estilismo y moda juntas!<\/span><\/p>\n<h2 style=\"text-align: justify;\"><b>Grupos peque\u00f1os y atenci\u00f3n personalizada.<\/b><\/h2>\n<p style=\"text-align: justify;\"><span style=\"font-weight: 400;\">En nuestra master class para ser influencer optamos por la calidad sobre la cantidad. Nos encanta contar con <\/span><b>grupos peque\u00f1os para garantizar que cada participante reciba la m\u00e1xima atenci\u00f3n y pueda aprovechar al m\u00e1ximo la experiencia.\u00a0Se requiere un m\u00ednimo de 10 personas.<\/b><\/p>\n<p style=\"text-align: justify;\"><b>Con un n\u00famero limitado de plazas disponibles, te aseguramos una atenci\u00f3n personalizada y exclusiva. <\/b><span style=\"font-weight: 400;\">Nuestro equipo estar\u00e1 encantado de responder todas tus inquietudes y compartir todos los trucos y secretos que necesitas saber.<\/span><\/p>\n<h2 style=\"text-align: justify;\"><b>\u00bfQu\u00e9 est\u00e1 inclu\u00edda en la master class para ser influencer?<\/b><\/h2>\n<ul style=\"text-align: justify;\">\n<li style=\"font-weight: 400;\"><span style=\"font-weight: 400;\">Estrategias de crecimiento de seguidores: Aprender <\/span><b>t\u00e9cnicas para aumentar la audiencia <\/b><span style=\"font-weight: 400;\">y la participaci\u00f3n en las redes sociales, incluyendo consejos para optimizar perfiles y contenido.<\/span><\/li>\n<li style=\"font-weight: 400;\"><span style=\"font-weight: 400;\">Creaci\u00f3n de contenido: Consejos y <\/span><b>mejores pr\u00e1cticas para generar contenido<\/b><span style=\"font-weight: 400;\"> de calidad y atractivo que resuene con la audiencia objetivo.<\/span><\/li>\n<li style=\"font-weight: 400;\"><b>Monetizaci\u00f3n<\/b><span style=\"font-weight: 400;\">: Exploraci\u00f3n de diferentes formas de monetizaci\u00f3n en las redes sociales, como colaboraciones con marcas, marketing de afiliaci\u00f3n, creaci\u00f3n de productos o servicios propios, entre otros.<\/span><\/li>\n<li style=\"font-weight: 400;\"><span style=\"font-weight: 400;\">Branding personal:<\/span><b> Desarrollo de una identidad<\/b><span style=\"font-weight: 400;\"> de marca coherente y aut\u00e9ntica que refleje los valores y la personalidad del influencer.<\/span><\/li>\n<li style=\"font-weight: 400;\"><span style=\"font-weight: 400;\">Colaboraciones y networking: Estrategias para establecer relaciones con otras personas influyentes, marcas y empresas para <\/span><b>colaboraciones y oportunidades de crecimiento.<\/b><\/li>\n<li style=\"font-weight: 400;\"><span style=\"font-weight: 400;\">Gesti\u00f3n de la comunidad: Aprender c\u00f3mo interactuar y comprometerse con la audiencia de manera efectiva, gestionar comentarios y<\/span><b> crear una comunidad s\u00f3lida en l\u00ednea.<\/b><\/li>\n<li style=\"font-weight: 400;\"><span style=\"font-weight: 400;\">Anal\u00edtica y seguimiento de resultados: Uso de herramientas anal\u00edticas para <\/span><b>medir el rendimiento del contenido<\/b><span style=\"font-weight: 400;\"> y ajustar estrategias seg\u00fan sea necesario.<\/span><\/li>\n<li style=\"font-weight: 400;\"><span style=\"font-weight: 400;\">Aspectos legales y \u00e9ticos: Conocimiento de las leyes y regulaciones relevantes para los influencers, as\u00ed como <\/span><b>pr\u00e1cticas \u00e9ticas en la creaci\u00f3n de contenido y colaboraciones.<\/b><\/li>\n<li style=\"font-weight: 400;\"><span style=\"font-weight: 400;\">Todo de la mano de una influencer profesional<\/span><\/li>\n<li style=\"font-weight: 400;\"><span style=\"font-weight: 400;\">Copa de cava\u00a0<\/span><\/li>\n<li style=\"font-weight: 400;\"><span style=\"font-weight: 400;\">Foto de recuerdo<\/span><\/li>\n<li style=\"font-weight: 400;\"><span style=\"font-weight: 400;\">Diploma<\/span><\/li>\n<\/ul>\n<h2 style=\"text-align: justify;\"><b>Duraci\u00f3n y ubicaci\u00f3n<\/b><\/h2>\n<p style=\"text-align: justify;\"><span style=\"font-weight: 400;\">La emocionante master class para ser influencer <\/span><b>tiene una duraci\u00f3n aproximada de 2 horas y media,<\/b><span style=\"font-weight: 400;\"> \u00a1el tiempo necesario para sumergirte en el maravilloso mundo de las redes sociales y salir un mont\u00f3n de tips para ser una de ellas!<\/span><\/p>\n<p style=\"text-align: justify;\"><span style=\"font-weight: 400;\">Y en cuanto a la ubicaci\u00f3n, \u00bfd\u00f3nde podr\u00eda ser este emocionante encuentro si no es en la vibrante ciudad de Madrid? Es el lugar perfecto para una tarde de diversi\u00f3n en la capital.<\/span><\/p>\n<p style=\"text-align: justify;\"><span style=\"font-weight: 400;\">Nos encontrar\u00e1s <\/span><b>en nuestras acogedoras oficinas en Las Rozas de Madrid, espec\u00edficamente en la calle de Teruel n\u00famero 3. <\/b><span style=\"font-weight: 400;\">Es un lugar de f\u00e1cil acceso, a 5 minutos de\u00a0 la parada de Renfe y a 2 minutos de\u00a0 las paradas de buses 622 y 621.<\/span><\/p>\n<h2 style=\"text-align: justify;\"><b>\u00a1Celebramos el fin de la master class para ser influencer!<\/b><\/h2>\n<p style=\"text-align: justify;\"><span style=\"font-weight: 400;\">\u00a1Qu\u00e9 mejor manera de terminar nuestro emocionante master class para ser influencer que con una celebraci\u00f3n para recordar!<\/span><\/p>\n<p style=\"text-align: justify;\"><span style=\"font-weight: 400;\">Una vez que hemos concluido nuestra maravillosa sesi\u00f3n, es hora de brindar y compartir nuestras experiencias, por ello <\/span><b>abriremos y brindaremos con una botella de cava. <\/b><span style=\"font-weight: 400;\">\u00a1Es la forma perfecta de celebrar el \u00e9xito de la master class y todos los aprendizajes compartidos!<\/span><\/p>\n<p style=\"text-align: justify;\"><span style=\"font-weight: 400;\">Durante este momento especial, nos encanta compartir ideas, comentarios y reflexiones sobre lo que hemos aprendido juntas.\u00a0<\/span><\/p>\n<p style=\"text-align: justify;\"><span style=\"font-weight: 400;\">Y no nos olvidamos del momento m\u00e1s emocionante: <\/span><b>la entrega de diplomas.<\/b><span style=\"font-weight: 400;\"> Es el reconocimiento por toda la dedicaci\u00f3n que has puesto.\u00a0<\/span><\/p>\n<h2 style=\"text-align: justify;\"><b>Lo que debes tener en cuenta para tu master class para ser influencer:<\/b><\/h2>\n<ul style=\"text-align: justify;\">\n<li style=\"list-style-type: none;\">\n<ul>\n<li style=\"font-weight: 400;\"><span style=\"font-weight: 400;\">Reflexiona sobre tus propios objetivos como influencer. \u00bfQu\u00e9 esperas lograr al tomar esta master class? Tener claridad sobre tus metas te ayudar\u00e1 a aprovechar al m\u00e1ximo la experiencia.<\/span><\/li>\n<li style=\"font-weight: 400;\"><span style=\"font-weight: 400;\">Se recomienda estar 5 minutos antes del horario establecido.<\/span><\/li>\n<li style=\"font-weight: 400;\"><span style=\"font-weight: 400;\">Para formalizar la reserva de la master class para ser influencer se ha de abonar una se\u00f1al previa. El restante se abona el mismo d\u00eda de la actividad.<\/span><\/li>\n<li style=\"font-weight: 400;\"><b>Si la ocasi\u00f3n es un cumplea\u00f1os, despedida de soltera, o reencuentro de amigas, el taller podr\u00eda combinarse con paseo en limusina, sesi\u00f3n de fotos, reserva en un restaurante, etc. \u00a1Consultanos!<\/b><\/li>\n<\/ul>\n<\/li>\n<\/ul>\n<h2 style=\"text-align: justify;\"><b>\u00a1Reserva ya tu plaza!<\/b><\/h2>\n<p style=\"text-align: justify;\"><span style=\"font-weight: 400;\">\u00a1Son limitadas! As\u00ed que, marca ya la fecha en tu calendario, prepara todas tus dudas y \u00fanete a nosotros en esta master class para ser influencer y vivir una experiencia inolvidable.<\/span><\/p>\n<p style=\"text-align: justify;\"><b>Y si quieres m\u00e1s informaci\u00f3n:\u00a0<\/b><\/p>\n<p style=\"text-align: justify;\"><span style=\"font-weight: 400;\">Llama o escribe:\u00a0\u00a0<\/span><\/p>\n<p style=\"text-align: justify;\"><span style=\"font-weight: 400;\">Tel. +34 722 29 15 43 <\/span><\/p>\n<p style=\"text-align: justify;\"><span style=\"font-weight: 400;\">Email: <\/span><a href=\"mailto:info@perfectvenue.es\"><span style=\"font-weight: 400;\">info@perfectvenue.es<\/span><\/a><\/p>\n<p style=\"text-align: justify;\"><span style=\"font-weight: 400;\">Si adem\u00e1s de ser<\/span><span style=\"font-weight: 400;\"> amante de la <a href=\"https:\/\/perfectvenue.es\/product\/taller-de-estilismo-y-moda\/\">moda y del estilismo no te pierdas este taller<\/a><\/span><span style=\"font-weight: 400;\">, y tambi\u00e9n lo eres de la fotograf\u00eda, no te puedes perder este <\/span><span style=\"font-weight: 400;\">taller en el que aprender\u00e1s las mejores poses.<\/span><\/p>\n<p><\/p>","protected":false},"excerpt":{"rendered":"<p><span style=\"font-weight: 400;\">De la mano de una influencer, con esta master class para ser influencer aprender\u00e1s c\u00f3mo sacar el m\u00e1ximo partido a tus redes, descubrir\u00e1s todas las tendencias, qu\u00e9 tipo de contenido subir para arrasar, c\u00f3mo monetizar tus publicaciones, c\u00f3mo ganar seguidores, c\u00f3mo editar fotos y hasta cu\u00e1l es el mejor momento para subir tus fotos, \u00a1entre muchas otras cosas!<\/span><\/p>\n","protected":false},"featured_media":41855,"comment_status":"closed","ping_status":"closed","template":"","meta":[],"class_list":["post-41854","product","type-product","status-publish","has-post-thumbnail","hentry","product_cat-courses-and-workshops-in-madrid","product_tag-influencer","product_tag-masterclass","product_tag-ser-influencer","product_tag-taller-influencer","product_tag-a--"],"_links":{"self":[{"href":"https:\/\/perfectvenue.es\/es\/wp-json\/wp\/v2\/product\/41854","targetHints":{"allow":["GET"]}}],"collection":[{"href":"https:\/\/perfectvenue.es\/es\/wp-json\/wp\/v2\/product"}],"about":[{"href":"https:\/\/perfectvenue.es\/es\/wp-json\/wp\/v2\/types\/product"}],"replies":[{"embeddable":true,"href":"https:\/\/perfectvenue.es\/es\/wp-json\/wp\/v2\/comments?post=41854"}],"wp:featuredmedia":[{"embeddable":true,"href":"https:\/\/perfectvenue.es\/es\/wp-json\/wp\/v2\/media\/41855"}],"wp:attachment":[{"href":"https:\/\/perfectvenue.es\/es\/wp-json\/wp\/v2\/media?parent=41854"}],"curies":[{"name":"wp","href":"https:\/\/api.w.org\/{rel}","templated":true}]}}