{"id":41848,"date":"2025-01-28T11:58:09","date_gmt":"2025-01-28T08:58:09","guid":{"rendered":"http:\/\/perfectvenue.es\/?post_type=product&#038;p=41848"},"modified":"2026-03-05T17:13:06","modified_gmt":"2026-03-05T14:13:06","slug":"taller-de-pintura-y-vino","status":"publish","type":"product","link":"https:\/\/perfectvenue.es\/es\/product\/taller-de-pintura-y-vino\/","title":{"rendered":"Taller de pintura y vino: haz tus propias creaciones con un pincel en una mano y una copa de vino en la otra"},"content":{"rendered":"<p><\/p>\n<p style=\"text-align: justify;\"><span style=\"font-weight: 400;\">\u00a1Sum\u00e9rgete en una experiencia \u00fanica de arte y diversi\u00f3n con nuestro taller de pintura y vino!<\/span><\/p>\n<p style=\"text-align: justify;\"><span style=\"font-weight: 400;\">\u00bfQu\u00e9 mejor manera de liberar tu creatividad que con un pincel en una mano y una copa de vino en la otra? En nuestro taller, te ofrecemos <\/span><b>la oportunidad de explorar tu lado art\u00edstico mientras disfrutas de una deliciosa copa de vino y te sumerges en un ambiente relajado y acogedor.<\/b><\/p>\n<p style=\"text-align: justify;\"><span style=\"font-weight: 400;\">No importa si eres un experto en arte o si nunca antes has cogido un pincel, nuestro taller est\u00e1 dise\u00f1ado para que todos puedan disfrutar y aprender. <\/span><b>Un experto en pintura te guiar\u00e1 paso a paso a trav\u00e9s de la creaci\u00f3n de tu propia obra maestra, proporcion\u00e1ndote consejos y t\u00e9cnicas para que tu creatividad florezca.<\/b><\/p>\n<p style=\"text-align: justify;\"><span style=\"font-weight: 400;\">Adem\u00e1s de pintar, tambi\u00e9n tendr\u00e1s la oportunidad de socializar y conocer a otras personas apasionadas por el arte mientras compartes an\u00e9cdotas y risas en un ambiente festivo y amigable.<\/span><\/p>\n<p style=\"text-align: justify;\"><span style=\"font-weight: 400;\">Y este taller no solo es una oportunidad para aprender, \u00a1sino tambi\u00e9n para disfrutar junto a tus familiares o amigos!<\/span><b> Un planazo perfecto pasar un tiempo de calidad en una reuni\u00f3n con amigas, un cumplea\u00f1os, una despedida de soltera, etc. Cualquier excusa es buena para beber vino, reunirse y aprender cosas nuevas.<\/b><\/p>\n<p style=\"text-align: justify;\"><span style=\"font-weight: 400;\">\u00a1Prep\u00e1rate para pintar el lienzo de tus sue\u00f1os mientras brindas por la vida!<\/span><\/p>\n<h2 style=\"text-align: justify;\"><b>\u00bfA qui\u00e9n va dirigido el taller de pintura y vino?<\/b><\/h2>\n<p style=\"text-align: justify;\"><span style=\"font-weight: 400;\">Este emocionante taller de pintura y vino est\u00e1 dise\u00f1ado<\/span> <span style=\"font-weight: 400;\">para cualquier persona que est\u00e9 interesada en explorar su creatividad de una manera divertida y relajada. No se requiere experiencia previa en pintura, por lo que es <\/span><b>perfecto tanto para principiantes como para aquellos que ya tienen experiencia en arte.\u00a0<\/b><\/p>\n<p style=\"text-align: justify;\"><span style=\"font-weight: 400;\">Este taller es <\/span><b>ideal para amantes del arte, aficionados al vino, personas que quieren probar algo nuevo en su tiempo libre as\u00ed como para amigos, parejas, grupos familiares o compa\u00f1eros de trabajo que buscan una experiencia diferente, \u00fanica y memorable para compartir juntos<\/b><span style=\"font-weight: 400;\">. \u00a1Imagina la diversi\u00f3n mientras aprend\u00e9is a pintar y brind\u00e1is con un buen vino!<\/span><\/p>\n<p style=\"text-align: justify;\"><span style=\"font-weight: 400;\">En resumen, el taller de pintura y vino est\u00e1 abierto a cualquier persona que desee pasar una velada divertida y creativa mientras disfruta de una experiencia \u00fanica de arte y vino.<\/span><\/p>\n<h2 style=\"text-align: justify;\"><b>Grupos peque\u00f1os y atenci\u00f3n personalizada<\/b><\/h2>\n<p style=\"text-align: justify;\"><span style=\"font-weight: 400;\">En nuestro taller de pintura y vino optamos por la calidad sobre la cantidad. Nos encanta contar con <\/span><b>grupos peque\u00f1os para garantizar que cada participante reciba la m\u00e1xima atenci\u00f3n y pueda aprovechar al m\u00e1ximo la experiencia. Se requiere un m\u00ednimo de 10 personas.<\/b><\/p>\n<p style=\"text-align: justify;\"><b>Con un n\u00famero limitado de plazas disponibles, te aseguramos una atenci\u00f3n personalizada y exclusiva. <\/b><span style=\"font-weight: 400;\">Nuestro equipo estar\u00e1 encantado de responder todas tus inquietudes y compartir todos los trucos, t\u00e9cnicas y secretos que necesitas saber.<\/span><\/p>\n<h2 style=\"text-align: justify;\"><b>\u00bfQu\u00e9 est\u00e1 inclu\u00eddo en el taller de pintura y vino?<\/b><\/h2>\n<ul style=\"text-align: justify;\">\n<li style=\"font-weight: 400;\"><span style=\"font-weight: 400;\">Todo el equipo necesario para que puedas crear tu obra maestra, incluyendo lienzos, pinturas acr\u00edlicas, pinceles, paletas y m\u00e1s.<\/span><\/li>\n<li style=\"font-weight: 400;\"><span style=\"font-weight: 400;\">Un artista profesional que te guiar\u00e1 paso a paso a trav\u00e9s del proceso de creaci\u00f3n. Desde la selecci\u00f3n de colores hasta la aplicaci\u00f3n de t\u00e9cnicas de pintura, recibir\u00e1s consejos y orientaci\u00f3n personalizada para ayudarte a desarrollar tu creatividad.<\/span><\/li>\n<li style=\"font-weight: 400;\"><span style=\"font-weight: 400;\">Copas de vinos, desde tintos robustos hasta blancos refrescantes.<\/span><\/li>\n<li style=\"font-weight: 400;\"><span style=\"font-weight: 400;\">El resultado de tu creaci\u00f3n te lo llevar\u00e1s a casa tras el taller<\/span><\/li>\n<li style=\"font-weight: 400;\"><span style=\"font-weight: 400;\">Foto de recuerdo<\/span><\/li>\n<\/ul>\n<h2 style=\"text-align: justify;\"><b>Duraci\u00f3n y ubicaci\u00f3n<\/b><\/h2>\n<p style=\"text-align: justify;\"><span style=\"font-weight: 400;\">El emocionante taller de pintura y vino <\/span><b>tiene una duraci\u00f3n aproximada de 2 horas y media,<\/b><span style=\"font-weight: 400;\"> \u00a1el tiempo necesario para sumergirte en el maravilloso mundo de la pintura y salir con tu propio cuadro y unos cuantos vinos encima!<\/span><\/p>\n<p style=\"text-align: justify;\"><span style=\"font-weight: 400;\">Y en cuanto a la ubicaci\u00f3n, \u00bfd\u00f3nde podr\u00eda ser este emocionante encuentro si no es en la vibrante ciudad de Madrid? Es el lugar perfecto para una tarde de diversi\u00f3n en la capital.<\/span><\/p>\n<p style=\"text-align: justify;\"><span style=\"font-weight: 400;\">Nos encontrar\u00e1s <\/span><b>en nuestras acogedoras oficinas en Las Rozas de Madrid, espec\u00edficamente en la calle de Teruel n\u00famero 3. <\/b><span style=\"font-weight: 400;\">Es un lugar de f\u00e1cil acceso, a 5 minutos de\u00a0 la parada de Renfe y a 2 minutos de\u00a0 las paradas de buses 622 y 621.<\/span><\/p>\n<h2 style=\"text-align: justify;\"><b>\u00a1Celebramos el fin del taller de pintura y vino!<\/b><\/h2>\n<p style=\"text-align: justify;\"><span style=\"font-weight: 400;\">\u00a1Qu\u00e9 mejor manera de terminar nuestro emocionante taller de pintura y vino que con una celebraci\u00f3n para recordar!<\/span><\/p>\n<p style=\"text-align: justify;\"><span style=\"font-weight: 400;\">Una vez que hemos concluido nuestra maravillosa sesi\u00f3n, <\/span><b>es hora de brindar y compartir nuestras experiencias con la \u00faltima copa de vino.<\/b><span style=\"font-weight: 400;\"> \u00a1Es la forma perfecta de celebrar el \u00e9xito del curso y todos los aprendizajes compartidos!<\/span><\/p>\n<p style=\"text-align: justify;\"><span style=\"font-weight: 400;\">Durante este momento especial, nos encanta compartir ideas, comentarios y reflexiones sobre lo que hemos aprendido juntos.\u00a0<\/span><\/p>\n<p style=\"text-align: justify;\"><span style=\"font-weight: 400;\">Y no nos olvidamos del momento m\u00e1s emocionante: <\/span><b>la entrega de diplomas.<\/b><span style=\"font-weight: 400;\"> Es el reconocimiento por toda la dedicaci\u00f3n que has puesto en este taller.\u00a0<\/span><\/p>\n<h2 style=\"text-align: justify;\"><b>Lo que debes tener en cuenta para taller de pintura y vino:<\/b><\/h2>\n<ul style=\"text-align: justify;\">\n<li style=\"list-style-type: none;\">\n<ul>\n<li style=\"font-weight: 400;\"><span style=\"font-weight: 400;\">Se recomienda estar 5 minutos antes del horario establecido.<\/span><\/li>\n<li style=\"font-weight: 400;\"><span style=\"font-weight: 400;\">Para formalizar la reserva del taller de pintura y vino se ha de abonar una se\u00f1al previa. El restante se abona el mismo d\u00eda de la actividad.<\/span><\/li>\n<li style=\"font-weight: 400;\"><b>Si la ocasi\u00f3n es un cumplea\u00f1os o un reencuentro de amigas o familiares, el taller podr\u00eda combinarse con una sesi\u00f3n de fotos, reserva en un restaurante, etc. \u00a1Consultanos!<\/b><\/li>\n<li style=\"font-weight: 400;\"><span style=\"font-weight: 400;\">Si vas a participar en la degustaci\u00f3n de vinos, recuerda beber con responsabilidad. No conduzcas si has consumido alcohol y aseg\u00farate de tener un plan de transporte seguro para regresar a casa.<\/span><\/li>\n<\/ul>\n<\/li>\n<\/ul>\n<h2 style=\"text-align: justify;\"><b>\u00a1Reserva ya tu plaza!<\/b><\/h2>\n<p style=\"text-align: justify;\"><span style=\"font-weight: 400;\">\u00a1Son limitadas! As\u00ed que, marca ya la fecha en tu calendario y \u00fanete a nosotros para una experiencia inolvidable.<\/span><\/p>\n<p style=\"text-align: justify;\"><b>Y si quieres m\u00e1s informaci\u00f3n:\u00a0<\/b><\/p>\n<p style=\"text-align: justify;\"><span style=\"font-weight: 400;\">Llama o escribe:\u00a0\u00a0<\/span><\/p>\n<p style=\"text-align: justify;\"><span style=\"font-weight: 400;\">Tel. +34 722 29 15 43 <\/span><\/p>\n<p style=\"text-align: justify;\"><span style=\"font-weight: 400;\">Email: <\/span><a href=\"mailto:info@perfectvenue.es\"><span style=\"font-weight: 400;\">info@perfectvenue.es<\/span><\/a><\/p>\n<p style=\"text-align: justify;\"><span style=\"font-weight: 400;\">\u00a1Y no te pierdas nuestro <\/span><span style=\"font-weight: 400;\"><a href=\"http:\/\/perfectvenue.es\/product\/taller-de-pintura-sobre-porcelana\/\">taller de pintura sobre porcelana<\/a> para aprender las t\u00e9cnicas para darle una nueva vida a tu vajilla y a tus piezas decorativas<\/span><span style=\"font-weight: 400;\"> \u00a1Otra experiencia \u00fanica!<\/span><\/p>\n<p><\/p>","protected":false},"excerpt":{"rendered":"<p><span style=\"font-weight: 400;\">Este taller de pintura y vino es perfecto para explorar tu lado art\u00edstico mientras disfrutas de una deliciosa copa de vino y te sumerges en un ambiente relajado y acogedor. No importa si eres un experto en arte o si nunca antes has cogido un pincel, nuestro taller est\u00e1 dise\u00f1ado para que todos puedan disfrutar y aprender.<\/span><\/p>\n","protected":false},"featured_media":41850,"comment_status":"closed","ping_status":"closed","template":"","meta":[],"class_list":["post-41848","product","type-product","status-publish","has-post-thumbnail","hentry","product_cat-courses-and-workshops-in-madrid","product_tag-taller-con-vino","product_tag-taller-de-pintura","product_tag-taller-de-pintura-y-vino"],"_links":{"self":[{"href":"https:\/\/perfectvenue.es\/es\/wp-json\/wp\/v2\/product\/41848","targetHints":{"allow":["GET"]}}],"collection":[{"href":"https:\/\/perfectvenue.es\/es\/wp-json\/wp\/v2\/product"}],"about":[{"href":"https:\/\/perfectvenue.es\/es\/wp-json\/wp\/v2\/types\/product"}],"replies":[{"embeddable":true,"href":"https:\/\/perfectvenue.es\/es\/wp-json\/wp\/v2\/comments?post=41848"}],"wp:featuredmedia":[{"embeddable":true,"href":"https:\/\/perfectvenue.es\/es\/wp-json\/wp\/v2\/media\/41850"}],"wp:attachment":[{"href":"https:\/\/perfectvenue.es\/es\/wp-json\/wp\/v2\/media?parent=41848"}],"curies":[{"name":"wp","href":"https:\/\/api.w.org\/{rel}","templated":true}]}}